{"id":30296,"date":"2019-09-11T15:18:23","date_gmt":"2019-09-11T14:18:10","guid":{"rendered":"https:\/\/www.argonandco.com\/planning-model-and-organisation\/"},"modified":"2025-11-17T12:47:50","modified_gmt":"2025-11-17T12:47:50","slug":"modelle-zur-lieferkettenplanung","status":"publish","type":"page","link":"https:\/\/www.argonandco.com\/de\/leistungen\/supply-chain-planung\/modelle-zur-lieferkettenplanung\/","title":{"rendered":"Modelle zur Lieferkettenplanung"},"content":{"rendered":"<h2><b>Einf\u00fchrung und Herausforderungen<\/b><\/h2>\n<p><span class=\"intro\">Ein klar definiertes Modell zur Lieferkettenplanung (Organisation, Zust\u00e4ndigkeiten f\u00fcr Lagerbest\u00e4nde, Kosten oder Prozesse, interne Dienstleistungsvertr\u00e4ge usw.) mit eindeutigen Regeln und Indikatoren ist unerl\u00e4sslich, bevor ein Unternehmen eine Leistungsverbesserung in Betracht ziehen kann.<\/span><\/p>\n<p>Bei der Definition des Modells geht es darum, die Aufteilung der Rollen und Verantwortlichkeiten zwischen der Planung und anderen Unternehmensbereichen (Fertigung, Marketing, Handel, Finanzen und Entwicklung) festzulegen. Dabei ist es auch wichtig, die Kooperationsmodelle mit anderen internen oder externen Faktoren wie gegenseitigen Verpflichtungen, Schl\u00fcsselprozessen und Leistungsindikatoren zu ber\u00fccksichtigen.<\/p>\n<p>Unserer Ansicht nach h\u00e4ngt die Gestaltung eines geeigneten Planungsmodells von zwei Faktoren ab:<\/p>\n<ol>\n<li>Der jeweilige Grad der Komplexit\u00e4t des Angebots oder die \u201eindustrielle\u201c Komplexit\u00e4t<\/li>\n<li>Der kommerzielle Entwicklungsstand<\/li>\n<\/ol>\n<p>Die Positionierung des Unternehmens auf diesen beiden Achsen bestimmt das oder die am besten geeigneten Governance-Modelle zur L\u00f6sung von Planungs-Trade-offs.<\/p>\n<p>Diese Planungsmodelle k\u00f6nnen auf alle wichtigen Glieder der globalen Lieferkette des Unternehmens angewendet werden: Lieferanten und Lieferantenbeziehungen, Herstellung von Halbfertigprodukten, Herstellung von Fertigprodukten und Vertrieb der Produkte an die verschiedenen Ebenen des Vertriebsnetzes.<\/p>\n<h2><b>Wie wir helfen k\u00f6nnen\u00a0<\/b><\/h2>\n<p class=\"p1\">Wir unterst\u00fctzen unsere Kunden bei der Anpassung ihres Planungsmodells und ihrer Organisation:<\/p>\n<ul>\n<li>Organisationsdiagnose (Rollen, Verantwortlichkeiten, Schl\u00fcsselindikatoren, Kooperationsmodelle)<\/li>\n<li>Definition des Zielplanungsmodells auf der Grundlage der Ambitionen der Gesch\u00e4ftsleitung und des spezifischen Kontexts des Unternehmens. Dies kann auch die Gestaltung und Abstimmung der Stakeholder beschleunigen<\/li>\n<li>Gestaltung des Planungsprozesses und der Kooperationsvereinbarungen auf der Grundlage des Governance-Modells und der Best Practices f\u00fcr jeden Prozess<\/li>\n<li>Auswahl und Implementierung der angestrebten IT-L\u00f6sungen auf der Grundlage unserer Kenntnisse und unserer Expertise in den relevanten Systemen<\/li>\n<li>Gestaltung der Planungsorganisation einschlie\u00dflich Standort(en), Teamgr\u00f6\u00dfe und Plan zur Kompetenzentwicklung<\/li>\n<li>Transformation der Lieferkettenplanung mit Unterst\u00fctzung bei der Umsetzung der angestrebten Organisations- und Kooperationsstruktur<\/li>\n<\/ul>\n<div id=\"gtx-trans\" style=\"position: absolute; left: 402px; top: 759.375px;\">\n<div class=\"gtx-trans-icon\"><\/div>\n<\/div>\n","protected":false},"excerpt":{"rendered":"<p>Einf\u00fchrung und Herausforderungen Ein klar definiertes Modell zur Lieferkettenplanung (Organisation, Zust\u00e4ndigkeiten f\u00fcr Lagerbest\u00e4nde, Kosten oder Prozesse, interne Dienstleistungsvertr\u00e4ge usw.) mit eindeutigen Regeln und Indikatoren ist unerl\u00e4sslich, bevor ein Unternehmen eine Leistungsverbesserung in Betracht ziehen kann. Bei der Definition des Modells geht es darum, die Aufteilung der Rollen und Verantwortlichkeiten zwischen der Planung und anderen Unternehmensbereichen [&hellip;]<\/p>\n","protected":false},"author":1,"featured_media":0,"parent":30411,"menu_order":0,"comment_status":"closed","ping_status":"closed","template":"","meta":{"_acf_changed":false,"footnotes":""},"class_list":["post-30296","page","type-page","status-publish","hentry"],"acf":[],"yoast_head":"<!-- This site is optimized with the Yoast SEO plugin v27.4 - https:\/\/yoast.com\/product\/yoast-seo-wordpress\/ -->\n<title>Modelle zur Lieferkettenplanung - Argon &amp; Co<\/title>\n<meta name=\"robots\" content=\"index, follow, max-snippet:-1, max-image-preview:large, max-video-preview:-1\" \/>\n<link rel=\"canonical\" href=\"https:\/\/www.argonandco.com\/de\/leistungen\/supply-chain-planung\/modelle-zur-lieferkettenplanung\/\" \/>\n<meta property=\"og:locale\" content=\"de_DE\" \/>\n<meta property=\"og:type\" content=\"article\" \/>\n<meta property=\"og:title\" content=\"Modelle zur Lieferkettenplanung - Argon &amp; Co\" \/>\n<meta property=\"og:description\" content=\"Einf\u00fchrung und Herausforderungen Ein klar definiertes Modell zur Lieferkettenplanung (Organisation, Zust\u00e4ndigkeiten f\u00fcr Lagerbest\u00e4nde, Kosten oder Prozesse, interne Dienstleistungsvertr\u00e4ge usw.) mit eindeutigen Regeln und Indikatoren ist unerl\u00e4sslich, bevor ein Unternehmen eine Leistungsverbesserung in Betracht ziehen kann. Bei der Definition des Modells geht es darum, die Aufteilung der Rollen und Verantwortlichkeiten zwischen der Planung und anderen Unternehmensbereichen [&hellip;]\" \/>\n<meta property=\"og:url\" content=\"https:\/\/www.argonandco.com\/de\/leistungen\/supply-chain-planung\/modelle-zur-lieferkettenplanung\/\" \/>\n<meta property=\"og:site_name\" content=\"Argon &amp; Co\" \/>\n<meta property=\"article:modified_time\" content=\"2025-11-17T12:47:50+00:00\" \/>\n<meta name=\"twitter:card\" content=\"summary_large_image\" \/>\n<meta name=\"twitter:label1\" content=\"Gesch\u00e4tzte Lesezeit\" \/>\n\t<meta name=\"twitter:data1\" content=\"2 Minuten\" \/>\n<script type=\"application\/ld+json\" class=\"yoast-schema-graph\">{\"@context\":\"https:\\\/\\\/schema.org\",\"@graph\":[{\"@type\":\"WebPage\",\"@id\":\"https:\\\/\\\/www.argonandco.com\\\/de\\\/leistungen\\\/supply-chain-planung\\\/modelle-zur-lieferkettenplanung\\\/\",\"url\":\"https:\\\/\\\/www.argonandco.com\\\/de\\\/leistungen\\\/supply-chain-planung\\\/modelle-zur-lieferkettenplanung\\\/\",\"name\":\"Modelle zur Lieferkettenplanung - Argon &amp; Co\",\"isPartOf\":{\"@id\":\"https:\\\/\\\/www.argonandco.com\\\/de\\\/#website\"},\"datePublished\":\"2019-09-11T14:18:10+00:00\",\"dateModified\":\"2025-11-17T12:47:50+00:00\",\"breadcrumb\":{\"@id\":\"https:\\\/\\\/www.argonandco.com\\\/de\\\/leistungen\\\/supply-chain-planung\\\/modelle-zur-lieferkettenplanung\\\/#breadcrumb\"},\"inLanguage\":\"de\",\"potentialAction\":[{\"@type\":\"ReadAction\",\"target\":[\"https:\\\/\\\/www.argonandco.com\\\/de\\\/leistungen\\\/supply-chain-planung\\\/modelle-zur-lieferkettenplanung\\\/\"]}]},{\"@type\":\"BreadcrumbList\",\"@id\":\"https:\\\/\\\/www.argonandco.com\\\/de\\\/leistungen\\\/supply-chain-planung\\\/modelle-zur-lieferkettenplanung\\\/#breadcrumb\",\"itemListElement\":[{\"@type\":\"ListItem\",\"position\":1,\"name\":\"Home\",\"item\":\"https:\\\/\\\/www.argonandco.com\\\/de\\\/\"},{\"@type\":\"ListItem\",\"position\":2,\"name\":\"Leistungen\",\"item\":\"https:\\\/\\\/www.argonandco.com\\\/de\\\/leistungen\\\/\"},{\"@type\":\"ListItem\",\"position\":3,\"name\":\"Supply Chain Planung\",\"item\":\"https:\\\/\\\/www.argonandco.com\\\/de\\\/leistungen\\\/supply-chain-planung\\\/\"},{\"@type\":\"ListItem\",\"position\":4,\"name\":\"Modelle zur Lieferkettenplanung\"}]},{\"@type\":\"WebSite\",\"@id\":\"https:\\\/\\\/www.argonandco.com\\\/de\\\/#website\",\"url\":\"https:\\\/\\\/www.argonandco.com\\\/de\\\/\",\"name\":\"Argon &amp; Co\",\"description\":\"We help clients achieve their strategic and operational objectives, working together to transform their businesses and generate real change.\",\"potentialAction\":[{\"@type\":\"SearchAction\",\"target\":{\"@type\":\"EntryPoint\",\"urlTemplate\":\"https:\\\/\\\/www.argonandco.com\\\/de\\\/?s={search_term_string}\"},\"query-input\":{\"@type\":\"PropertyValueSpecification\",\"valueRequired\":true,\"valueName\":\"search_term_string\"}}],\"inLanguage\":\"de\"}]}<\/script>\n<!-- \/ Yoast SEO plugin. -->","yoast_head_json":{"title":"Modelle zur Lieferkettenplanung - Argon &amp; Co","robots":{"index":"index","follow":"follow","max-snippet":"max-snippet:-1","max-image-preview":"max-image-preview:large","max-video-preview":"max-video-preview:-1"},"canonical":"https:\/\/www.argonandco.com\/de\/leistungen\/supply-chain-planung\/modelle-zur-lieferkettenplanung\/","og_locale":"de_DE","og_type":"article","og_title":"Modelle zur Lieferkettenplanung - Argon &amp; Co","og_description":"Einf\u00fchrung und Herausforderungen Ein klar definiertes Modell zur Lieferkettenplanung (Organisation, Zust\u00e4ndigkeiten f\u00fcr Lagerbest\u00e4nde, Kosten oder Prozesse, interne Dienstleistungsvertr\u00e4ge usw.) mit eindeutigen Regeln und Indikatoren ist unerl\u00e4sslich, bevor ein Unternehmen eine Leistungsverbesserung in Betracht ziehen kann. Bei der Definition des Modells geht es darum, die Aufteilung der Rollen und Verantwortlichkeiten zwischen der Planung und anderen Unternehmensbereichen [&hellip;]","og_url":"https:\/\/www.argonandco.com\/de\/leistungen\/supply-chain-planung\/modelle-zur-lieferkettenplanung\/","og_site_name":"Argon &amp; Co","article_modified_time":"2025-11-17T12:47:50+00:00","twitter_card":"summary_large_image","twitter_misc":{"Gesch\u00e4tzte Lesezeit":"2 Minuten"},"schema":{"@context":"https:\/\/schema.org","@graph":[{"@type":"WebPage","@id":"https:\/\/www.argonandco.com\/de\/leistungen\/supply-chain-planung\/modelle-zur-lieferkettenplanung\/","url":"https:\/\/www.argonandco.com\/de\/leistungen\/supply-chain-planung\/modelle-zur-lieferkettenplanung\/","name":"Modelle zur Lieferkettenplanung - Argon &amp; Co","isPartOf":{"@id":"https:\/\/www.argonandco.com\/de\/#website"},"datePublished":"2019-09-11T14:18:10+00:00","dateModified":"2025-11-17T12:47:50+00:00","breadcrumb":{"@id":"https:\/\/www.argonandco.com\/de\/leistungen\/supply-chain-planung\/modelle-zur-lieferkettenplanung\/#breadcrumb"},"inLanguage":"de","potentialAction":[{"@type":"ReadAction","target":["https:\/\/www.argonandco.com\/de\/leistungen\/supply-chain-planung\/modelle-zur-lieferkettenplanung\/"]}]},{"@type":"BreadcrumbList","@id":"https:\/\/www.argonandco.com\/de\/leistungen\/supply-chain-planung\/modelle-zur-lieferkettenplanung\/#breadcrumb","itemListElement":[{"@type":"ListItem","position":1,"name":"Home","item":"https:\/\/www.argonandco.com\/de\/"},{"@type":"ListItem","position":2,"name":"Leistungen","item":"https:\/\/www.argonandco.com\/de\/leistungen\/"},{"@type":"ListItem","position":3,"name":"Supply Chain Planung","item":"https:\/\/www.argonandco.com\/de\/leistungen\/supply-chain-planung\/"},{"@type":"ListItem","position":4,"name":"Modelle zur Lieferkettenplanung"}]},{"@type":"WebSite","@id":"https:\/\/www.argonandco.com\/de\/#website","url":"https:\/\/www.argonandco.com\/de\/","name":"Argon &amp; Co","description":"We help clients achieve their strategic and operational objectives, working together to transform their businesses and generate real change.","potentialAction":[{"@type":"SearchAction","target":{"@type":"EntryPoint","urlTemplate":"https:\/\/www.argonandco.com\/de\/?s={search_term_string}"},"query-input":{"@type":"PropertyValueSpecification","valueRequired":true,"valueName":"search_term_string"}}],"inLanguage":"de"}]}},"_links":{"self":[{"href":"https:\/\/www.argonandco.com\/de\/wp-json\/wp\/v2\/pages\/30296","targetHints":{"allow":["GET"]}}],"collection":[{"href":"https:\/\/www.argonandco.com\/de\/wp-json\/wp\/v2\/pages"}],"about":[{"href":"https:\/\/www.argonandco.com\/de\/wp-json\/wp\/v2\/types\/page"}],"author":[{"embeddable":true,"href":"https:\/\/www.argonandco.com\/de\/wp-json\/wp\/v2\/users\/1"}],"replies":[{"embeddable":true,"href":"https:\/\/www.argonandco.com\/de\/wp-json\/wp\/v2\/comments?post=30296"}],"version-history":[{"count":0,"href":"https:\/\/www.argonandco.com\/de\/wp-json\/wp\/v2\/pages\/30296\/revisions"}],"up":[{"embeddable":true,"href":"https:\/\/www.argonandco.com\/de\/wp-json\/wp\/v2\/pages\/30411"}],"wp:attachment":[{"href":"https:\/\/www.argonandco.com\/de\/wp-json\/wp\/v2\/media?parent=30296"}],"curies":[{"name":"wp","href":"https:\/\/api.w.org\/{rel}","templated":true}]}}