{"id":30294,"date":"2019-09-11T15:18:23","date_gmt":"2019-09-11T14:18:23","guid":{"rendered":"https:\/\/www.argonandco.com\/forecasting-and-demand-management\/"},"modified":"2025-11-20T11:34:32","modified_gmt":"2025-11-20T11:34:32","slug":"forecasting-und-bedarfsmanagement","status":"publish","type":"page","link":"https:\/\/www.argonandco.com\/de\/leistungen\/supply-chain-planung\/forecasting-und-bedarfsmanagement\/","title":{"rendered":"Forecasting und Bedarfsmanagement"},"content":{"rendered":"<h2><b>Einf\u00fchrung und Herausforderungen<\/b><\/h2>\n<p>Das Nachfragemanagement ist der erste Schritt zur Sicherung der Betriebsleistung durch die Strukturierung und Zuverl\u00e4ssigkeit des Eingangssignals, das f\u00fcr vorgelagerte (Entwicklung, Einkauf, Beschaffung, Produktion) und nachgelagerte (Bestandsmanagement, Vertrieb, Auftragsmanagement) Vorg\u00e4nge verwendet wird.<\/p>\n<p>In einem zuf\u00e4lligen Umfeld (W\u00e4hrungsschwankungen, wirtschaftliche Instabilit\u00e4t, unsicheres geopolitisches Umfeld) muss ein kontrollierter Bedarfsmanagementprozess flexibel genug sein, um neue Herausforderungen zu bew\u00e4ltigen: schnelle Marktentwicklungen, Entwicklung ma\u00dfgeschneiderter Produkte, beschleunigte Markteinf\u00fchrungen, systematischer Einsatz von Werbeaktionen und das Wachstum neuer Vertriebskan\u00e4le.<\/p>\n<p>Das Nachfragemanagement basiert auf der Implementierung von Prognoseentwicklungs- und -austauschprozessen mit allen wichtigen internen Stakeholdern (Lieferkette, Marketing, Finanzen, Vertrieb, Regionen und Tochtergesellschaften usw.) und gegebenenfalls externen Stakeholdern (Lieferanten, Distributoren, Kunden), wobei alle relevanten Abteilungen und Einheiten einbezogen werden.<\/p>\n<p>Der Einsatz von Prognosetools ist unerl\u00e4sslich, um eine statistische Prognose auf der Grundlage historischer Verkaufsdaten (Verkaufszahlen und Absatzzahlen) zu erstellen, die Korrelation zwischen verschiedenen Faktoren (mithilfe fortschrittlicher Analysealgorithmen) zu ermitteln und die Nachfrage unter Ber\u00fccksichtigung verschiedener Aspekte (geografisch, zeitlich und produktbezogen) zu berechnen, um die Entscheidungsfindung zu erleichtern.<\/p>\n<p>Dazu sind die richtigen Kompetenzen, Organisationsstrukturen und Prozesse (sowohl auf zentraler Ebene als auch in den Regionen\/Tochtergesellschaften) unerl\u00e4sslich.<\/p>\n<h2><b>Wie wir helfen k\u00f6nnen<\/b><\/h2>\n<p><span style=\"font-weight: 400;\">Wir unterst\u00fctzen Sie bei:<\/span><\/p>\n<ul>\n<li>Bewertung der aktuellen Leistungsf\u00e4higkeit von Prognose- und Nachfragemanagementprozessen im Vergleich zu Best Practices der Branche<\/li>\n<li>Implementierung von Warnmeldungen, Leistungsindikatoren und Dashboards f\u00fcr das Nachfragemanagement<\/li>\n<li>Sch\u00e4tzung der Kosten f\u00fcr die \u00c4nderung von Prozessen, Organisationen und Tools (\u201eCase for Change\u201c)<\/li>\n<li>Neugestaltung bestehender Prozesse und Entwicklung von Kooperationsmodellen mit internen und externen Beteiligten<\/li>\n<li>Kl\u00e4rung der Zielorganisation in Bezug auf Kompetenzen, Gr\u00f6\u00dfe, Struktur (zentral, regional und lokal; nach Produktlinie oder Markt)<\/li>\n<li>Entwicklung der am besten geeigneten Modelle (durch Anwendung von Data Science bei der Auswahl des besten Netzes und der besten Parameter f\u00fcr statistische Prognosen), um die Nachfrage nach Produkttyp (Katalog, POS, One-Shot) und Lebenszyklusphase (Einf\u00fchrung, Reife, Ende der Lebensdauer) zu bedienen<\/li>\n<li>Auswahl und Implementierung von Prognosetools (Erstellung von Spezifikationen, Verwaltung von Ausschreibungen, Bereitstellungsstrategie, Implementierungsunterst\u00fctzung, Projektmanagement und Risikomanagement)<\/li>\n<li>Implementierung des Verbesserungsplans (Schulungen, Modellkonfiguration usw.) und Change Management (Entwicklung von Kultur, Verhaltensweisen, Kompetenzen, Kommunikation usw.)<\/li>\n<\/ul>\n<div id=\"gtx-trans\" style=\"position: absolute; left: 409px; top: 676.375px;\">\n<div class=\"gtx-trans-icon\"><\/div>\n<\/div>\n","protected":false},"excerpt":{"rendered":"<p>Einf\u00fchrung und Herausforderungen Das Nachfragemanagement ist der erste Schritt zur Sicherung der Betriebsleistung durch die Strukturierung und Zuverl\u00e4ssigkeit des Eingangssignals, das f\u00fcr vorgelagerte (Entwicklung, Einkauf, Beschaffung, Produktion) und nachgelagerte (Bestandsmanagement, Vertrieb, Auftragsmanagement) Vorg\u00e4nge verwendet wird. In einem zuf\u00e4lligen Umfeld (W\u00e4hrungsschwankungen, wirtschaftliche Instabilit\u00e4t, unsicheres geopolitisches Umfeld) muss ein kontrollierter Bedarfsmanagementprozess flexibel genug sein, um neue Herausforderungen [&hellip;]<\/p>\n","protected":false},"author":1,"featured_media":0,"parent":30411,"menu_order":3,"comment_status":"closed","ping_status":"closed","template":"","meta":{"_acf_changed":false,"footnotes":""},"class_list":["post-30294","page","type-page","status-publish","hentry"],"acf":[],"yoast_head":"<!-- This site is optimized with the Yoast SEO plugin v27.4 - https:\/\/yoast.com\/product\/yoast-seo-wordpress\/ -->\n<title>Forecasting und Bedarfsmanagement | Argon &amp; Co<\/title>\n<meta name=\"description\" content=\"Argon &amp; Co supports Forecasting and Demand Management solutions that enhance accuracy, align supply with demand, and drive smarter planning decisions.\" \/>\n<meta name=\"robots\" content=\"index, follow, max-snippet:-1, max-image-preview:large, max-video-preview:-1\" \/>\n<link rel=\"canonical\" href=\"https:\/\/www.argonandco.com\/de\/leistungen\/supply-chain-planung\/forecasting-und-bedarfsmanagement\/\" \/>\n<meta property=\"og:locale\" content=\"de_DE\" \/>\n<meta property=\"og:type\" content=\"article\" \/>\n<meta property=\"og:title\" content=\"Forecasting und Bedarfsmanagement | Argon &amp; Co\" \/>\n<meta property=\"og:description\" content=\"Argon &amp; Co supports Forecasting and Demand Management solutions that enhance accuracy, align supply with demand, and drive smarter planning decisions.\" \/>\n<meta property=\"og:url\" content=\"https:\/\/www.argonandco.com\/de\/leistungen\/supply-chain-planung\/forecasting-und-bedarfsmanagement\/\" \/>\n<meta property=\"og:site_name\" content=\"Argon &amp; Co\" \/>\n<meta property=\"article:modified_time\" content=\"2025-11-20T11:34:32+00:00\" \/>\n<meta name=\"twitter:card\" content=\"summary_large_image\" \/>\n<meta name=\"twitter:label1\" content=\"Gesch\u00e4tzte Lesezeit\" \/>\n\t<meta name=\"twitter:data1\" content=\"2 Minuten\" \/>\n<script type=\"application\/ld+json\" class=\"yoast-schema-graph\">{\"@context\":\"https:\\\/\\\/schema.org\",\"@graph\":[{\"@type\":\"WebPage\",\"@id\":\"https:\\\/\\\/www.argonandco.com\\\/de\\\/leistungen\\\/supply-chain-planung\\\/forecasting-und-bedarfsmanagement\\\/\",\"url\":\"https:\\\/\\\/www.argonandco.com\\\/de\\\/leistungen\\\/supply-chain-planung\\\/forecasting-und-bedarfsmanagement\\\/\",\"name\":\"Forecasting und Bedarfsmanagement | Argon &amp; Co\",\"isPartOf\":{\"@id\":\"https:\\\/\\\/www.argonandco.com\\\/de\\\/#website\"},\"datePublished\":\"2019-09-11T14:18:23+00:00\",\"dateModified\":\"2025-11-20T11:34:32+00:00\",\"description\":\"Argon & Co supports Forecasting and Demand Management solutions that enhance accuracy, align supply with demand, and drive smarter planning decisions.\",\"breadcrumb\":{\"@id\":\"https:\\\/\\\/www.argonandco.com\\\/de\\\/leistungen\\\/supply-chain-planung\\\/forecasting-und-bedarfsmanagement\\\/#breadcrumb\"},\"inLanguage\":\"de\",\"potentialAction\":[{\"@type\":\"ReadAction\",\"target\":[\"https:\\\/\\\/www.argonandco.com\\\/de\\\/leistungen\\\/supply-chain-planung\\\/forecasting-und-bedarfsmanagement\\\/\"]}]},{\"@type\":\"BreadcrumbList\",\"@id\":\"https:\\\/\\\/www.argonandco.com\\\/de\\\/leistungen\\\/supply-chain-planung\\\/forecasting-und-bedarfsmanagement\\\/#breadcrumb\",\"itemListElement\":[{\"@type\":\"ListItem\",\"position\":1,\"name\":\"Home\",\"item\":\"https:\\\/\\\/www.argonandco.com\\\/de\\\/\"},{\"@type\":\"ListItem\",\"position\":2,\"name\":\"Leistungen\",\"item\":\"https:\\\/\\\/www.argonandco.com\\\/de\\\/leistungen\\\/\"},{\"@type\":\"ListItem\",\"position\":3,\"name\":\"Supply Chain Planung\",\"item\":\"https:\\\/\\\/www.argonandco.com\\\/de\\\/leistungen\\\/supply-chain-planung\\\/\"},{\"@type\":\"ListItem\",\"position\":4,\"name\":\"Forecasting und Bedarfsmanagement\"}]},{\"@type\":\"WebSite\",\"@id\":\"https:\\\/\\\/www.argonandco.com\\\/de\\\/#website\",\"url\":\"https:\\\/\\\/www.argonandco.com\\\/de\\\/\",\"name\":\"Argon &amp; Co\",\"description\":\"We help clients achieve their strategic and operational objectives, working together to transform their businesses and generate real change.\",\"potentialAction\":[{\"@type\":\"SearchAction\",\"target\":{\"@type\":\"EntryPoint\",\"urlTemplate\":\"https:\\\/\\\/www.argonandco.com\\\/de\\\/?s={search_term_string}\"},\"query-input\":{\"@type\":\"PropertyValueSpecification\",\"valueRequired\":true,\"valueName\":\"search_term_string\"}}],\"inLanguage\":\"de\"}]}<\/script>\n<!-- \/ Yoast SEO plugin. -->","yoast_head_json":{"title":"Forecasting und Bedarfsmanagement | Argon &amp; Co","description":"Argon & Co supports Forecasting and Demand Management solutions that enhance accuracy, align supply with demand, and drive smarter planning decisions.","robots":{"index":"index","follow":"follow","max-snippet":"max-snippet:-1","max-image-preview":"max-image-preview:large","max-video-preview":"max-video-preview:-1"},"canonical":"https:\/\/www.argonandco.com\/de\/leistungen\/supply-chain-planung\/forecasting-und-bedarfsmanagement\/","og_locale":"de_DE","og_type":"article","og_title":"Forecasting und Bedarfsmanagement | Argon &amp; Co","og_description":"Argon & Co supports Forecasting and Demand Management solutions that enhance accuracy, align supply with demand, and drive smarter planning decisions.","og_url":"https:\/\/www.argonandco.com\/de\/leistungen\/supply-chain-planung\/forecasting-und-bedarfsmanagement\/","og_site_name":"Argon &amp; Co","article_modified_time":"2025-11-20T11:34:32+00:00","twitter_card":"summary_large_image","twitter_misc":{"Gesch\u00e4tzte Lesezeit":"2 Minuten"},"schema":{"@context":"https:\/\/schema.org","@graph":[{"@type":"WebPage","@id":"https:\/\/www.argonandco.com\/de\/leistungen\/supply-chain-planung\/forecasting-und-bedarfsmanagement\/","url":"https:\/\/www.argonandco.com\/de\/leistungen\/supply-chain-planung\/forecasting-und-bedarfsmanagement\/","name":"Forecasting und Bedarfsmanagement | Argon &amp; Co","isPartOf":{"@id":"https:\/\/www.argonandco.com\/de\/#website"},"datePublished":"2019-09-11T14:18:23+00:00","dateModified":"2025-11-20T11:34:32+00:00","description":"Argon & Co supports Forecasting and Demand Management solutions that enhance accuracy, align supply with demand, and drive smarter planning decisions.","breadcrumb":{"@id":"https:\/\/www.argonandco.com\/de\/leistungen\/supply-chain-planung\/forecasting-und-bedarfsmanagement\/#breadcrumb"},"inLanguage":"de","potentialAction":[{"@type":"ReadAction","target":["https:\/\/www.argonandco.com\/de\/leistungen\/supply-chain-planung\/forecasting-und-bedarfsmanagement\/"]}]},{"@type":"BreadcrumbList","@id":"https:\/\/www.argonandco.com\/de\/leistungen\/supply-chain-planung\/forecasting-und-bedarfsmanagement\/#breadcrumb","itemListElement":[{"@type":"ListItem","position":1,"name":"Home","item":"https:\/\/www.argonandco.com\/de\/"},{"@type":"ListItem","position":2,"name":"Leistungen","item":"https:\/\/www.argonandco.com\/de\/leistungen\/"},{"@type":"ListItem","position":3,"name":"Supply Chain Planung","item":"https:\/\/www.argonandco.com\/de\/leistungen\/supply-chain-planung\/"},{"@type":"ListItem","position":4,"name":"Forecasting und Bedarfsmanagement"}]},{"@type":"WebSite","@id":"https:\/\/www.argonandco.com\/de\/#website","url":"https:\/\/www.argonandco.com\/de\/","name":"Argon &amp; Co","description":"We help clients achieve their strategic and operational objectives, working together to transform their businesses and generate real change.","potentialAction":[{"@type":"SearchAction","target":{"@type":"EntryPoint","urlTemplate":"https:\/\/www.argonandco.com\/de\/?s={search_term_string}"},"query-input":{"@type":"PropertyValueSpecification","valueRequired":true,"valueName":"search_term_string"}}],"inLanguage":"de"}]}},"_links":{"self":[{"href":"https:\/\/www.argonandco.com\/de\/wp-json\/wp\/v2\/pages\/30294","targetHints":{"allow":["GET"]}}],"collection":[{"href":"https:\/\/www.argonandco.com\/de\/wp-json\/wp\/v2\/pages"}],"about":[{"href":"https:\/\/www.argonandco.com\/de\/wp-json\/wp\/v2\/types\/page"}],"author":[{"embeddable":true,"href":"https:\/\/www.argonandco.com\/de\/wp-json\/wp\/v2\/users\/1"}],"replies":[{"embeddable":true,"href":"https:\/\/www.argonandco.com\/de\/wp-json\/wp\/v2\/comments?post=30294"}],"version-history":[{"count":0,"href":"https:\/\/www.argonandco.com\/de\/wp-json\/wp\/v2\/pages\/30294\/revisions"}],"up":[{"embeddable":true,"href":"https:\/\/www.argonandco.com\/de\/wp-json\/wp\/v2\/pages\/30411"}],"wp:attachment":[{"href":"https:\/\/www.argonandco.com\/de\/wp-json\/wp\/v2\/media?parent=30294"}],"curies":[{"name":"wp","href":"https:\/\/api.w.org\/{rel}","templated":true}]}}