{"id":30289,"date":"2019-09-11T15:20:23","date_gmt":"2019-09-11T14:20:25","guid":{"rendered":"https:\/\/www.argonandco.com\/procurement-organisation\/"},"modified":"2025-11-19T13:06:18","modified_gmt":"2025-11-19T13:06:18","slug":"einkaufsorganisation","status":"publish","type":"page","link":"https:\/\/www.argonandco.com\/de\/leistungen\/einkauf\/einkaufsorganisation\/","title":{"rendered":"Procurement Organisation"},"content":{"rendered":"<h2><b>Einf\u00fchrung und Herausforderungen<\/b><\/h2>\n<p>In den letzten 20 Jahren haben sich Beschaffungsorganisationen unter dem Gesichtspunkt der Kosteneinsparungen und Synergien st\u00e4ndig ver\u00e4ndert. Trotz zahlreicher Umstrukturierungen in der Vergangenheit erfordert die Verbesserung der Effizienz der Beschaffungsfunktion nach wie vor eine bessere Schnittstelle zum Rest des Unternehmens. Dar\u00fcber hinaus m\u00fcssen die globale\/lokale Verbindung neu definiert, funktions\u00fcbergreifende Ma\u00dfnahmen gef\u00f6rdert und die \u201einterne Einkaufserfahrung\u201c verbessert werden, insbesondere durch die Digitalisierung von Prozessen und die Neugestaltung des Leistungsangebots der Funktion.<\/p>\n<p>Schlie\u00dflich muss sich die Beschaffungsorganisation auch an die Ver\u00e4nderungen im Unternehmen anpassen: Fusionen, \u00dcbernahmen, das sich wandelnde Verbraucherverhalten, \u00c4nderungen des Gesch\u00e4ftsmodells und das Aufkommen wettbewerbsf\u00e4higer Niedrigpreisangebote.<\/p>\n<h2><b>Wie wir helfen k\u00f6nnen\u00a0<\/b><\/h2>\n<p>Argon &amp; Co unterst\u00fctzt Kunden bei der Bewertung der Reife ihrer Beschaffungsorganisation und der Implementierung effizienter Beschaffungsorganisationen (agil und mit Wertsch\u00f6pfung zu niedrigsten Kosten). Wir verf\u00fcgen \u00fcber eine umfangreiche Datenbank mit Benchmarks, die es uns erm\u00f6glicht, die Effizienz und Effektivit\u00e4t von Beschaffungsstrukturen schnell zu verbessern. Zu den zu ber\u00fccksichtigenden Fragen geh\u00f6ren:<\/p>\n<ul>\n<li>Welches Organisationsmodell, welcher Grad an Zentralisierung?<\/li>\n<li>Wie sieht die Governance der Funktion aus, wie sind die Wechselwirkungen mit dem Rest der Organisation?<\/li>\n<li>Wie gro\u00df sollte das Team sein?<\/li>\n<li>Wie l\u00e4sst sich der geschaffene Wert messen?<\/li>\n<li>Wie k\u00f6nnen Teams in Bezug auf ihre Kompetenzen gest\u00e4rkt werden?<\/li>\n<li>Welche Prozesse sollten eingef\u00fchrt werden \u2013 Source-to-Contract, Procure-to-Pay, Vertragsmanagement, Lieferantenleistungsmanagement?<\/li>\n<li>Welche digitalen Einkaufstools sollten implementiert werden, wie hoch ist der ROI?<\/li>\n<li>Wie schnell k\u00f6nnen wir uns ver\u00e4ndern?<\/li>\n<\/ul>\n<div id=\"gtx-trans\" style=\"position: absolute; left: 401px; top: 459.375px;\">\n<div class=\"gtx-trans-icon\"><\/div>\n<\/div>\n","protected":false},"excerpt":{"rendered":"<p>Einf\u00fchrung und Herausforderungen In den letzten 20 Jahren haben sich Beschaffungsorganisationen unter dem Gesichtspunkt der Kosteneinsparungen und Synergien st\u00e4ndig ver\u00e4ndert. Trotz zahlreicher Umstrukturierungen in der Vergangenheit erfordert die Verbesserung der Effizienz der Beschaffungsfunktion nach wie vor eine bessere Schnittstelle zum Rest des Unternehmens. Dar\u00fcber hinaus m\u00fcssen die globale\/lokale Verbindung neu definiert, funktions\u00fcbergreifende Ma\u00dfnahmen gef\u00f6rdert und [&hellip;]<\/p>\n","protected":false},"author":1,"featured_media":0,"parent":30413,"menu_order":9,"comment_status":"closed","ping_status":"closed","template":"","meta":{"_acf_changed":false,"footnotes":""},"class_list":["post-30289","page","type-page","status-publish","hentry"],"acf":[],"yoast_head":"<!-- This site is optimized with the Yoast SEO plugin v27.4 - https:\/\/yoast.com\/product\/yoast-seo-wordpress\/ -->\n<title>Procurement Organisation - Argon &amp; Co<\/title>\n<meta name=\"robots\" content=\"index, follow, max-snippet:-1, max-image-preview:large, max-video-preview:-1\" \/>\n<link rel=\"canonical\" href=\"https:\/\/www.argonandco.com\/de\/leistungen\/einkauf\/einkaufsorganisation\/\" \/>\n<meta property=\"og:locale\" content=\"de_DE\" \/>\n<meta property=\"og:type\" content=\"article\" \/>\n<meta property=\"og:title\" content=\"Procurement Organisation - Argon &amp; Co\" \/>\n<meta property=\"og:description\" content=\"Einf\u00fchrung und Herausforderungen In den letzten 20 Jahren haben sich Beschaffungsorganisationen unter dem Gesichtspunkt der Kosteneinsparungen und Synergien st\u00e4ndig ver\u00e4ndert. Trotz zahlreicher Umstrukturierungen in der Vergangenheit erfordert die Verbesserung der Effizienz der Beschaffungsfunktion nach wie vor eine bessere Schnittstelle zum Rest des Unternehmens. Dar\u00fcber hinaus m\u00fcssen die globale\/lokale Verbindung neu definiert, funktions\u00fcbergreifende Ma\u00dfnahmen gef\u00f6rdert und [&hellip;]\" \/>\n<meta property=\"og:url\" content=\"https:\/\/www.argonandco.com\/de\/leistungen\/einkauf\/einkaufsorganisation\/\" \/>\n<meta property=\"og:site_name\" content=\"Argon &amp; Co\" \/>\n<meta property=\"article:modified_time\" content=\"2025-11-19T13:06:18+00:00\" \/>\n<meta name=\"twitter:card\" content=\"summary_large_image\" \/>\n<meta name=\"twitter:label1\" content=\"Gesch\u00e4tzte Lesezeit\" \/>\n\t<meta name=\"twitter:data1\" content=\"1 Minute\" \/>\n<script type=\"application\/ld+json\" class=\"yoast-schema-graph\">{\"@context\":\"https:\\\/\\\/schema.org\",\"@graph\":[{\"@type\":\"WebPage\",\"@id\":\"https:\\\/\\\/www.argonandco.com\\\/de\\\/leistungen\\\/einkauf\\\/einkaufsorganisation\\\/\",\"url\":\"https:\\\/\\\/www.argonandco.com\\\/de\\\/leistungen\\\/einkauf\\\/einkaufsorganisation\\\/\",\"name\":\"Procurement Organisation - Argon &amp; Co\",\"isPartOf\":{\"@id\":\"https:\\\/\\\/www.argonandco.com\\\/de\\\/#website\"},\"datePublished\":\"2019-09-11T14:20:25+00:00\",\"dateModified\":\"2025-11-19T13:06:18+00:00\",\"breadcrumb\":{\"@id\":\"https:\\\/\\\/www.argonandco.com\\\/de\\\/leistungen\\\/einkauf\\\/einkaufsorganisation\\\/#breadcrumb\"},\"inLanguage\":\"de\",\"potentialAction\":[{\"@type\":\"ReadAction\",\"target\":[\"https:\\\/\\\/www.argonandco.com\\\/de\\\/leistungen\\\/einkauf\\\/einkaufsorganisation\\\/\"]}]},{\"@type\":\"BreadcrumbList\",\"@id\":\"https:\\\/\\\/www.argonandco.com\\\/de\\\/leistungen\\\/einkauf\\\/einkaufsorganisation\\\/#breadcrumb\",\"itemListElement\":[{\"@type\":\"ListItem\",\"position\":1,\"name\":\"Home\",\"item\":\"https:\\\/\\\/www.argonandco.com\\\/de\\\/\"},{\"@type\":\"ListItem\",\"position\":2,\"name\":\"Leistungen\",\"item\":\"https:\\\/\\\/www.argonandco.com\\\/de\\\/leistungen\\\/\"},{\"@type\":\"ListItem\",\"position\":3,\"name\":\"Einkauf\",\"item\":\"https:\\\/\\\/www.argonandco.com\\\/de\\\/leistungen\\\/einkauf\\\/\"},{\"@type\":\"ListItem\",\"position\":4,\"name\":\"Procurement Organisation\"}]},{\"@type\":\"WebSite\",\"@id\":\"https:\\\/\\\/www.argonandco.com\\\/de\\\/#website\",\"url\":\"https:\\\/\\\/www.argonandco.com\\\/de\\\/\",\"name\":\"Argon &amp; Co\",\"description\":\"We help clients achieve their strategic and operational objectives, working together to transform their businesses and generate real change.\",\"potentialAction\":[{\"@type\":\"SearchAction\",\"target\":{\"@type\":\"EntryPoint\",\"urlTemplate\":\"https:\\\/\\\/www.argonandco.com\\\/de\\\/?s={search_term_string}\"},\"query-input\":{\"@type\":\"PropertyValueSpecification\",\"valueRequired\":true,\"valueName\":\"search_term_string\"}}],\"inLanguage\":\"de\"}]}<\/script>\n<!-- \/ Yoast SEO plugin. -->","yoast_head_json":{"title":"Procurement Organisation - Argon &amp; Co","robots":{"index":"index","follow":"follow","max-snippet":"max-snippet:-1","max-image-preview":"max-image-preview:large","max-video-preview":"max-video-preview:-1"},"canonical":"https:\/\/www.argonandco.com\/de\/leistungen\/einkauf\/einkaufsorganisation\/","og_locale":"de_DE","og_type":"article","og_title":"Procurement Organisation - Argon &amp; Co","og_description":"Einf\u00fchrung und Herausforderungen In den letzten 20 Jahren haben sich Beschaffungsorganisationen unter dem Gesichtspunkt der Kosteneinsparungen und Synergien st\u00e4ndig ver\u00e4ndert. Trotz zahlreicher Umstrukturierungen in der Vergangenheit erfordert die Verbesserung der Effizienz der Beschaffungsfunktion nach wie vor eine bessere Schnittstelle zum Rest des Unternehmens. Dar\u00fcber hinaus m\u00fcssen die globale\/lokale Verbindung neu definiert, funktions\u00fcbergreifende Ma\u00dfnahmen gef\u00f6rdert und [&hellip;]","og_url":"https:\/\/www.argonandco.com\/de\/leistungen\/einkauf\/einkaufsorganisation\/","og_site_name":"Argon &amp; Co","article_modified_time":"2025-11-19T13:06:18+00:00","twitter_card":"summary_large_image","twitter_misc":{"Gesch\u00e4tzte Lesezeit":"1 Minute"},"schema":{"@context":"https:\/\/schema.org","@graph":[{"@type":"WebPage","@id":"https:\/\/www.argonandco.com\/de\/leistungen\/einkauf\/einkaufsorganisation\/","url":"https:\/\/www.argonandco.com\/de\/leistungen\/einkauf\/einkaufsorganisation\/","name":"Procurement Organisation - Argon &amp; Co","isPartOf":{"@id":"https:\/\/www.argonandco.com\/de\/#website"},"datePublished":"2019-09-11T14:20:25+00:00","dateModified":"2025-11-19T13:06:18+00:00","breadcrumb":{"@id":"https:\/\/www.argonandco.com\/de\/leistungen\/einkauf\/einkaufsorganisation\/#breadcrumb"},"inLanguage":"de","potentialAction":[{"@type":"ReadAction","target":["https:\/\/www.argonandco.com\/de\/leistungen\/einkauf\/einkaufsorganisation\/"]}]},{"@type":"BreadcrumbList","@id":"https:\/\/www.argonandco.com\/de\/leistungen\/einkauf\/einkaufsorganisation\/#breadcrumb","itemListElement":[{"@type":"ListItem","position":1,"name":"Home","item":"https:\/\/www.argonandco.com\/de\/"},{"@type":"ListItem","position":2,"name":"Leistungen","item":"https:\/\/www.argonandco.com\/de\/leistungen\/"},{"@type":"ListItem","position":3,"name":"Einkauf","item":"https:\/\/www.argonandco.com\/de\/leistungen\/einkauf\/"},{"@type":"ListItem","position":4,"name":"Procurement Organisation"}]},{"@type":"WebSite","@id":"https:\/\/www.argonandco.com\/de\/#website","url":"https:\/\/www.argonandco.com\/de\/","name":"Argon &amp; Co","description":"We help clients achieve their strategic and operational objectives, working together to transform their businesses and generate real change.","potentialAction":[{"@type":"SearchAction","target":{"@type":"EntryPoint","urlTemplate":"https:\/\/www.argonandco.com\/de\/?s={search_term_string}"},"query-input":{"@type":"PropertyValueSpecification","valueRequired":true,"valueName":"search_term_string"}}],"inLanguage":"de"}]}},"_links":{"self":[{"href":"https:\/\/www.argonandco.com\/de\/wp-json\/wp\/v2\/pages\/30289","targetHints":{"allow":["GET"]}}],"collection":[{"href":"https:\/\/www.argonandco.com\/de\/wp-json\/wp\/v2\/pages"}],"about":[{"href":"https:\/\/www.argonandco.com\/de\/wp-json\/wp\/v2\/types\/page"}],"author":[{"embeddable":true,"href":"https:\/\/www.argonandco.com\/de\/wp-json\/wp\/v2\/users\/1"}],"replies":[{"embeddable":true,"href":"https:\/\/www.argonandco.com\/de\/wp-json\/wp\/v2\/comments?post=30289"}],"version-history":[{"count":0,"href":"https:\/\/www.argonandco.com\/de\/wp-json\/wp\/v2\/pages\/30289\/revisions"}],"up":[{"embeddable":true,"href":"https:\/\/www.argonandco.com\/de\/wp-json\/wp\/v2\/pages\/30413"}],"wp:attachment":[{"href":"https:\/\/www.argonandco.com\/de\/wp-json\/wp\/v2\/media?parent=30289"}],"curies":[{"name":"wp","href":"https:\/\/api.w.org\/{rel}","templated":true}]}}