{"id":30288,"date":"2019-09-11T15:20:23","date_gmt":"2019-09-11T14:20:25","guid":{"rendered":"https:\/\/www.argonandco.com\/supplier-relationship-management\/"},"modified":"2025-11-17T12:45:37","modified_gmt":"2025-11-17T12:45:37","slug":"lieferantenbeziehungsmanagement","status":"publish","type":"page","link":"https:\/\/www.argonandco.com\/de\/leistungen\/einkauf\/lieferantenbeziehungsmanagement\/","title":{"rendered":"Lieferantenbeziehungsmanagement"},"content":{"rendered":"<h2><b>Einf\u00fchrung und Herausforderungen<\/b><\/h2>\n<p>Eine 360\u00b0-Sicht auf Lieferanten ist eine Grundvoraussetzung, die f\u00fcr Beschaffungsorganisationen nach wie vor eine gro\u00dfe Herausforderung darstellt. Der Einsatz digitaler Technologien erm\u00f6glicht es, die Zusammenarbeit sowohl bei administrativen Aktualisierungen als auch bei Innovations- oder Co-Entwicklungsplattformen zu beschleunigen.<\/p>\n<p>Beschaffungsabteilungen arbeiten bereits an vielen Aspekten der Lieferantenbeziehung, und zwar \u00fcber den gesamten Kooperationszyklus hinweg, nicht nur in der kommerziellen Phase oder bei Rechtsstreitigkeiten. Die Beschaffung muss daran arbeiten, gegebenenfalls einen Pool potenzieller Lieferanten zu pflegen und gleichzeitig die aktuelle Lieferantenbasis hinsichtlich Qualit\u00e4t, Kosten, Zeit, Innovation und Risikomanagement zu bewerten. Die zur Erreichung dieser Ziele erforderlichen Daten sind vielf\u00e4ltig, stammen aus verschiedenen Quellen und m\u00fcssen regelm\u00e4\u00dfig aktualisiert werden, um eine gute Entscheidungsfindung zu erm\u00f6glichen.<\/p>\n<h2><b>Wie wir helfen k\u00f6nnen\u00a0<\/b><\/h2>\n<p>Wir unterst\u00fctzen unsere Kunden in verschiedenen Aspekten der Lieferantenbeziehung:<\/p>\n<ul>\n<li>Implementierung von SRM-Prozessen (Supplier Relationship Management) und -Tools<\/li>\n<li>Einf\u00fchrung eines Design-to-Value-Ansatzes zwischen Auftraggebern und wichtigen Lieferanten<\/li>\n<li>Neugestaltung von Innovations- oder Co-Innovationsans\u00e4tzen mit Lieferanten<\/li>\n<li>Bewertung der digitalen Kontinuit\u00e4t der Informationsfl\u00fcsse zwischen Kunden und Lieferanten<\/li>\n<li>Implementierung von Verfahren zur \u00dcberwachung der Lieferantenleistung (Qualit\u00e4t, Kosten, Zeit usw.)<\/li>\n<li>Bewertung der Reife bestehender Tools und des digitalen SRM-Leistungsplans<\/li>\n<\/ul>\n","protected":false},"excerpt":{"rendered":"<p>Einf\u00fchrung und Herausforderungen Eine 360\u00b0-Sicht auf Lieferanten ist eine Grundvoraussetzung, die f\u00fcr Beschaffungsorganisationen nach wie vor eine gro\u00dfe Herausforderung darstellt. Der Einsatz digitaler Technologien erm\u00f6glicht es, die Zusammenarbeit sowohl bei administrativen Aktualisierungen als auch bei Innovations- oder Co-Entwicklungsplattformen zu beschleunigen. Beschaffungsabteilungen arbeiten bereits an vielen Aspekten der Lieferantenbeziehung, und zwar \u00fcber den gesamten Kooperationszyklus hinweg, [&hellip;]<\/p>\n","protected":false},"author":1,"featured_media":0,"parent":30413,"menu_order":12,"comment_status":"closed","ping_status":"closed","template":"","meta":{"_acf_changed":false,"footnotes":""},"class_list":["post-30288","page","type-page","status-publish","hentry"],"acf":[],"yoast_head":"<!-- This site is optimized with the Yoast SEO plugin v27.4 - https:\/\/yoast.com\/product\/yoast-seo-wordpress\/ -->\n<title>Lieferantenbeziehungsmanagement - Argon &amp; Co<\/title>\n<meta name=\"robots\" content=\"index, follow, max-snippet:-1, max-image-preview:large, max-video-preview:-1\" \/>\n<link rel=\"canonical\" href=\"https:\/\/www.argonandco.com\/de\/leistungen\/einkauf\/lieferantenbeziehungsmanagement\/\" \/>\n<meta property=\"og:locale\" content=\"de_DE\" \/>\n<meta property=\"og:type\" content=\"article\" \/>\n<meta property=\"og:title\" content=\"Lieferantenbeziehungsmanagement - Argon &amp; Co\" \/>\n<meta property=\"og:description\" content=\"Einf\u00fchrung und Herausforderungen Eine 360\u00b0-Sicht auf Lieferanten ist eine Grundvoraussetzung, die f\u00fcr Beschaffungsorganisationen nach wie vor eine gro\u00dfe Herausforderung darstellt. Der Einsatz digitaler Technologien erm\u00f6glicht es, die Zusammenarbeit sowohl bei administrativen Aktualisierungen als auch bei Innovations- oder Co-Entwicklungsplattformen zu beschleunigen. Beschaffungsabteilungen arbeiten bereits an vielen Aspekten der Lieferantenbeziehung, und zwar \u00fcber den gesamten Kooperationszyklus hinweg, [&hellip;]\" \/>\n<meta property=\"og:url\" content=\"https:\/\/www.argonandco.com\/de\/leistungen\/einkauf\/lieferantenbeziehungsmanagement\/\" \/>\n<meta property=\"og:site_name\" content=\"Argon &amp; Co\" \/>\n<meta property=\"article:modified_time\" content=\"2025-11-17T12:45:37+00:00\" \/>\n<meta name=\"twitter:card\" content=\"summary_large_image\" \/>\n<meta name=\"twitter:label1\" content=\"Gesch\u00e4tzte Lesezeit\" \/>\n\t<meta name=\"twitter:data1\" content=\"1 Minute\" \/>\n<script type=\"application\/ld+json\" class=\"yoast-schema-graph\">{\"@context\":\"https:\\\/\\\/schema.org\",\"@graph\":[{\"@type\":\"WebPage\",\"@id\":\"https:\\\/\\\/www.argonandco.com\\\/de\\\/leistungen\\\/einkauf\\\/lieferantenbeziehungsmanagement\\\/\",\"url\":\"https:\\\/\\\/www.argonandco.com\\\/de\\\/leistungen\\\/einkauf\\\/lieferantenbeziehungsmanagement\\\/\",\"name\":\"Lieferantenbeziehungsmanagement - Argon &amp; Co\",\"isPartOf\":{\"@id\":\"https:\\\/\\\/www.argonandco.com\\\/de\\\/#website\"},\"datePublished\":\"2019-09-11T14:20:25+00:00\",\"dateModified\":\"2025-11-17T12:45:37+00:00\",\"breadcrumb\":{\"@id\":\"https:\\\/\\\/www.argonandco.com\\\/de\\\/leistungen\\\/einkauf\\\/lieferantenbeziehungsmanagement\\\/#breadcrumb\"},\"inLanguage\":\"de\",\"potentialAction\":[{\"@type\":\"ReadAction\",\"target\":[\"https:\\\/\\\/www.argonandco.com\\\/de\\\/leistungen\\\/einkauf\\\/lieferantenbeziehungsmanagement\\\/\"]}]},{\"@type\":\"BreadcrumbList\",\"@id\":\"https:\\\/\\\/www.argonandco.com\\\/de\\\/leistungen\\\/einkauf\\\/lieferantenbeziehungsmanagement\\\/#breadcrumb\",\"itemListElement\":[{\"@type\":\"ListItem\",\"position\":1,\"name\":\"Home\",\"item\":\"https:\\\/\\\/www.argonandco.com\\\/de\\\/\"},{\"@type\":\"ListItem\",\"position\":2,\"name\":\"Leistungen\",\"item\":\"https:\\\/\\\/www.argonandco.com\\\/de\\\/leistungen\\\/\"},{\"@type\":\"ListItem\",\"position\":3,\"name\":\"Einkauf\",\"item\":\"https:\\\/\\\/www.argonandco.com\\\/de\\\/leistungen\\\/einkauf\\\/\"},{\"@type\":\"ListItem\",\"position\":4,\"name\":\"Lieferantenbeziehungsmanagement\"}]},{\"@type\":\"WebSite\",\"@id\":\"https:\\\/\\\/www.argonandco.com\\\/de\\\/#website\",\"url\":\"https:\\\/\\\/www.argonandco.com\\\/de\\\/\",\"name\":\"Argon &amp; Co\",\"description\":\"We help clients achieve their strategic and operational objectives, working together to transform their businesses and generate real change.\",\"potentialAction\":[{\"@type\":\"SearchAction\",\"target\":{\"@type\":\"EntryPoint\",\"urlTemplate\":\"https:\\\/\\\/www.argonandco.com\\\/de\\\/?s={search_term_string}\"},\"query-input\":{\"@type\":\"PropertyValueSpecification\",\"valueRequired\":true,\"valueName\":\"search_term_string\"}}],\"inLanguage\":\"de\"}]}<\/script>\n<!-- \/ Yoast SEO plugin. -->","yoast_head_json":{"title":"Lieferantenbeziehungsmanagement - Argon &amp; Co","robots":{"index":"index","follow":"follow","max-snippet":"max-snippet:-1","max-image-preview":"max-image-preview:large","max-video-preview":"max-video-preview:-1"},"canonical":"https:\/\/www.argonandco.com\/de\/leistungen\/einkauf\/lieferantenbeziehungsmanagement\/","og_locale":"de_DE","og_type":"article","og_title":"Lieferantenbeziehungsmanagement - Argon &amp; Co","og_description":"Einf\u00fchrung und Herausforderungen Eine 360\u00b0-Sicht auf Lieferanten ist eine Grundvoraussetzung, die f\u00fcr Beschaffungsorganisationen nach wie vor eine gro\u00dfe Herausforderung darstellt. Der Einsatz digitaler Technologien erm\u00f6glicht es, die Zusammenarbeit sowohl bei administrativen Aktualisierungen als auch bei Innovations- oder Co-Entwicklungsplattformen zu beschleunigen. Beschaffungsabteilungen arbeiten bereits an vielen Aspekten der Lieferantenbeziehung, und zwar \u00fcber den gesamten Kooperationszyklus hinweg, [&hellip;]","og_url":"https:\/\/www.argonandco.com\/de\/leistungen\/einkauf\/lieferantenbeziehungsmanagement\/","og_site_name":"Argon &amp; Co","article_modified_time":"2025-11-17T12:45:37+00:00","twitter_card":"summary_large_image","twitter_misc":{"Gesch\u00e4tzte Lesezeit":"1 Minute"},"schema":{"@context":"https:\/\/schema.org","@graph":[{"@type":"WebPage","@id":"https:\/\/www.argonandco.com\/de\/leistungen\/einkauf\/lieferantenbeziehungsmanagement\/","url":"https:\/\/www.argonandco.com\/de\/leistungen\/einkauf\/lieferantenbeziehungsmanagement\/","name":"Lieferantenbeziehungsmanagement - Argon &amp; Co","isPartOf":{"@id":"https:\/\/www.argonandco.com\/de\/#website"},"datePublished":"2019-09-11T14:20:25+00:00","dateModified":"2025-11-17T12:45:37+00:00","breadcrumb":{"@id":"https:\/\/www.argonandco.com\/de\/leistungen\/einkauf\/lieferantenbeziehungsmanagement\/#breadcrumb"},"inLanguage":"de","potentialAction":[{"@type":"ReadAction","target":["https:\/\/www.argonandco.com\/de\/leistungen\/einkauf\/lieferantenbeziehungsmanagement\/"]}]},{"@type":"BreadcrumbList","@id":"https:\/\/www.argonandco.com\/de\/leistungen\/einkauf\/lieferantenbeziehungsmanagement\/#breadcrumb","itemListElement":[{"@type":"ListItem","position":1,"name":"Home","item":"https:\/\/www.argonandco.com\/de\/"},{"@type":"ListItem","position":2,"name":"Leistungen","item":"https:\/\/www.argonandco.com\/de\/leistungen\/"},{"@type":"ListItem","position":3,"name":"Einkauf","item":"https:\/\/www.argonandco.com\/de\/leistungen\/einkauf\/"},{"@type":"ListItem","position":4,"name":"Lieferantenbeziehungsmanagement"}]},{"@type":"WebSite","@id":"https:\/\/www.argonandco.com\/de\/#website","url":"https:\/\/www.argonandco.com\/de\/","name":"Argon &amp; Co","description":"We help clients achieve their strategic and operational objectives, working together to transform their businesses and generate real change.","potentialAction":[{"@type":"SearchAction","target":{"@type":"EntryPoint","urlTemplate":"https:\/\/www.argonandco.com\/de\/?s={search_term_string}"},"query-input":{"@type":"PropertyValueSpecification","valueRequired":true,"valueName":"search_term_string"}}],"inLanguage":"de"}]}},"_links":{"self":[{"href":"https:\/\/www.argonandco.com\/de\/wp-json\/wp\/v2\/pages\/30288","targetHints":{"allow":["GET"]}}],"collection":[{"href":"https:\/\/www.argonandco.com\/de\/wp-json\/wp\/v2\/pages"}],"about":[{"href":"https:\/\/www.argonandco.com\/de\/wp-json\/wp\/v2\/types\/page"}],"author":[{"embeddable":true,"href":"https:\/\/www.argonandco.com\/de\/wp-json\/wp\/v2\/users\/1"}],"replies":[{"embeddable":true,"href":"https:\/\/www.argonandco.com\/de\/wp-json\/wp\/v2\/comments?post=30288"}],"version-history":[{"count":0,"href":"https:\/\/www.argonandco.com\/de\/wp-json\/wp\/v2\/pages\/30288\/revisions"}],"up":[{"embeddable":true,"href":"https:\/\/www.argonandco.com\/de\/wp-json\/wp\/v2\/pages\/30413"}],"wp:attachment":[{"href":"https:\/\/www.argonandco.com\/de\/wp-json\/wp\/v2\/media?parent=30288"}],"curies":[{"name":"wp","href":"https:\/\/api.w.org\/{rel}","templated":true}]}}