{"id":30287,"date":"2019-09-11T15:20:23","date_gmt":"2019-09-11T14:20:25","guid":{"rendered":"https:\/\/www.argonandco.com\/source-to-pay\/"},"modified":"2025-07-11T13:41:18","modified_gmt":"2025-07-11T12:41:18","slug":"source-to-pay","status":"publish","type":"page","link":"https:\/\/www.argonandco.com\/de\/leistungen\/einkauf\/source-to-pay\/","title":{"rendered":"Source to pay"},"content":{"rendered":"<h2><b>Einf\u00fchrung und Herausforderungen<\/b><\/h2>\n<p>Der Umfang und die Funktionalit\u00e4t digitaler Einkaufstools haben in den letzten Jahren stetig zugenommen; es gibt neue Anbieter, neue Funktionen und neue Dienstleistungen. Aus diesem Grund ist es unerl\u00e4sslich, die Source-to-Pay-Prozesse regelm\u00e4\u00dfig zu \u00fcberpr\u00fcfen.<\/p>\n<p>Wie sollte die Beschaffung von Artikeln der Klasse C gehandhabt werden? Wie kann RPA Eink\u00e4ufern erm\u00f6glichen, sich auf h\u00f6herwertige T\u00e4tigkeiten zu konzentrieren? Wie kann ein Unternehmen robuste Kostenmodelle aufstellen? Wie k\u00f6nnen Eink\u00e4ufer effektiver mit Lieferanten zusammenarbeiten? All diese Fragen erfordern eine Bewertung der M\u00f6glichkeiten, damit das Unternehmen seine Priorit\u00e4ten festlegen kann.<\/p>\n<p>Angesichts der Vielzahl der auf dem Markt verf\u00fcgbaren L\u00f6sungen ist es oft schwierig, die Unterschiede und ihren tats\u00e4chlichen Mehrwert zu verstehen. Um die Auswahl zu erleichtern, m\u00fcssen die Priorit\u00e4ten und der Umfang klar definiert und die Chancen und erforderlichen Investitionen bewertet werden.<\/p>\n<p>Sobald die Priorit\u00e4ten klar identifiziert sind, geht es darum, Zielprozesse zu definieren, das geeignete System auszuw\u00e4hlen, den Integrator zu steuern und die Anwender zu schulen \u2013 und dies v\u00f6llig unabh\u00e4ngig von den Softwareanbietern.<\/p>\n<h2><b>Wie wir helfen k\u00f6nnen<\/b><\/h2>\n<ul>\n<li>Priorisierung des zu behandelnden Funktionsumfangs und der Notwendigkeit, Prozesse und Organisationen anzupassen<\/li>\n<li>Bewertung von Marktl\u00f6sungen, die den ge\u00e4u\u00dferten Anforderungen entsprechen<\/li>\n<li>Unterst\u00fctzung bei der Auswahl der L\u00f6sung anhand der Spezifikation, der Bewertungskriterien und der technischen und wirtschaftlichen Analyse der Systeme<\/li>\n<li>Bewertung der Anforderungen an das \u00c4nderungsmanagement und der Bereitstellungsstrategie<\/li>\n<li>Unterst\u00fctzung bei der Bereitstellung der L\u00f6sung<\/li>\n<\/ul>\n","protected":false},"excerpt":{"rendered":"<p>Einf\u00fchrung und Herausforderungen Der Umfang und die Funktionalit\u00e4t digitaler Einkaufstools haben in den letzten Jahren stetig zugenommen; es gibt neue Anbieter, neue Funktionen und neue Dienstleistungen. Aus diesem Grund ist es unerl\u00e4sslich, die Source-to-Pay-Prozesse regelm\u00e4\u00dfig zu \u00fcberpr\u00fcfen. Wie sollte die Beschaffung von Artikeln der Klasse C gehandhabt werden? Wie kann RPA Eink\u00e4ufern erm\u00f6glichen, sich auf [&hellip;]<\/p>\n","protected":false},"author":1,"featured_media":0,"parent":30413,"menu_order":14,"comment_status":"closed","ping_status":"closed","template":"","meta":{"_acf_changed":false,"footnotes":""},"class_list":["post-30287","page","type-page","status-publish","hentry"],"acf":[],"yoast_head":"<!-- This site is optimized with the Yoast SEO plugin v27.4 - https:\/\/yoast.com\/product\/yoast-seo-wordpress\/ -->\n<title>Source to pay - Argon &amp; Co<\/title>\n<meta name=\"robots\" content=\"index, follow, max-snippet:-1, max-image-preview:large, max-video-preview:-1\" \/>\n<link rel=\"canonical\" href=\"https:\/\/www.argonandco.com\/de\/leistungen\/einkauf\/source-to-pay\/\" \/>\n<meta property=\"og:locale\" content=\"de_DE\" \/>\n<meta property=\"og:type\" content=\"article\" \/>\n<meta property=\"og:title\" content=\"Source to pay - Argon &amp; Co\" \/>\n<meta property=\"og:description\" content=\"Einf\u00fchrung und Herausforderungen Der Umfang und die Funktionalit\u00e4t digitaler Einkaufstools haben in den letzten Jahren stetig zugenommen; es gibt neue Anbieter, neue Funktionen und neue Dienstleistungen. Aus diesem Grund ist es unerl\u00e4sslich, die Source-to-Pay-Prozesse regelm\u00e4\u00dfig zu \u00fcberpr\u00fcfen. Wie sollte die Beschaffung von Artikeln der Klasse C gehandhabt werden? Wie kann RPA Eink\u00e4ufern erm\u00f6glichen, sich auf [&hellip;]\" \/>\n<meta property=\"og:url\" content=\"https:\/\/www.argonandco.com\/de\/leistungen\/einkauf\/source-to-pay\/\" \/>\n<meta property=\"og:site_name\" content=\"Argon &amp; Co\" \/>\n<meta property=\"article:modified_time\" content=\"2025-07-11T12:41:18+00:00\" \/>\n<meta name=\"twitter:card\" content=\"summary_large_image\" \/>\n<meta name=\"twitter:label1\" content=\"Gesch\u00e4tzte Lesezeit\" \/>\n\t<meta name=\"twitter:data1\" content=\"1 Minute\" \/>\n<script type=\"application\/ld+json\" class=\"yoast-schema-graph\">{\"@context\":\"https:\\\/\\\/schema.org\",\"@graph\":[{\"@type\":\"WebPage\",\"@id\":\"https:\\\/\\\/www.argonandco.com\\\/de\\\/leistungen\\\/einkauf\\\/source-to-pay\\\/\",\"url\":\"https:\\\/\\\/www.argonandco.com\\\/de\\\/leistungen\\\/einkauf\\\/source-to-pay\\\/\",\"name\":\"Source to pay - Argon &amp; Co\",\"isPartOf\":{\"@id\":\"https:\\\/\\\/www.argonandco.com\\\/de\\\/#website\"},\"datePublished\":\"2019-09-11T14:20:25+00:00\",\"dateModified\":\"2025-07-11T12:41:18+00:00\",\"breadcrumb\":{\"@id\":\"https:\\\/\\\/www.argonandco.com\\\/de\\\/leistungen\\\/einkauf\\\/source-to-pay\\\/#breadcrumb\"},\"inLanguage\":\"de\",\"potentialAction\":[{\"@type\":\"ReadAction\",\"target\":[\"https:\\\/\\\/www.argonandco.com\\\/de\\\/leistungen\\\/einkauf\\\/source-to-pay\\\/\"]}]},{\"@type\":\"BreadcrumbList\",\"@id\":\"https:\\\/\\\/www.argonandco.com\\\/de\\\/leistungen\\\/einkauf\\\/source-to-pay\\\/#breadcrumb\",\"itemListElement\":[{\"@type\":\"ListItem\",\"position\":1,\"name\":\"Home\",\"item\":\"https:\\\/\\\/www.argonandco.com\\\/de\\\/\"},{\"@type\":\"ListItem\",\"position\":2,\"name\":\"Leistungen\",\"item\":\"https:\\\/\\\/www.argonandco.com\\\/de\\\/leistungen\\\/\"},{\"@type\":\"ListItem\",\"position\":3,\"name\":\"Einkauf\",\"item\":\"https:\\\/\\\/www.argonandco.com\\\/de\\\/leistungen\\\/einkauf\\\/\"},{\"@type\":\"ListItem\",\"position\":4,\"name\":\"Source to pay\"}]},{\"@type\":\"WebSite\",\"@id\":\"https:\\\/\\\/www.argonandco.com\\\/de\\\/#website\",\"url\":\"https:\\\/\\\/www.argonandco.com\\\/de\\\/\",\"name\":\"Argon &amp; Co\",\"description\":\"We help clients achieve their strategic and operational objectives, working together to transform their businesses and generate real change.\",\"potentialAction\":[{\"@type\":\"SearchAction\",\"target\":{\"@type\":\"EntryPoint\",\"urlTemplate\":\"https:\\\/\\\/www.argonandco.com\\\/de\\\/?s={search_term_string}\"},\"query-input\":{\"@type\":\"PropertyValueSpecification\",\"valueRequired\":true,\"valueName\":\"search_term_string\"}}],\"inLanguage\":\"de\"}]}<\/script>\n<!-- \/ Yoast SEO plugin. -->","yoast_head_json":{"title":"Source to pay - Argon &amp; Co","robots":{"index":"index","follow":"follow","max-snippet":"max-snippet:-1","max-image-preview":"max-image-preview:large","max-video-preview":"max-video-preview:-1"},"canonical":"https:\/\/www.argonandco.com\/de\/leistungen\/einkauf\/source-to-pay\/","og_locale":"de_DE","og_type":"article","og_title":"Source to pay - Argon &amp; Co","og_description":"Einf\u00fchrung und Herausforderungen Der Umfang und die Funktionalit\u00e4t digitaler Einkaufstools haben in den letzten Jahren stetig zugenommen; es gibt neue Anbieter, neue Funktionen und neue Dienstleistungen. Aus diesem Grund ist es unerl\u00e4sslich, die Source-to-Pay-Prozesse regelm\u00e4\u00dfig zu \u00fcberpr\u00fcfen. Wie sollte die Beschaffung von Artikeln der Klasse C gehandhabt werden? Wie kann RPA Eink\u00e4ufern erm\u00f6glichen, sich auf [&hellip;]","og_url":"https:\/\/www.argonandco.com\/de\/leistungen\/einkauf\/source-to-pay\/","og_site_name":"Argon &amp; Co","article_modified_time":"2025-07-11T12:41:18+00:00","twitter_card":"summary_large_image","twitter_misc":{"Gesch\u00e4tzte Lesezeit":"1 Minute"},"schema":{"@context":"https:\/\/schema.org","@graph":[{"@type":"WebPage","@id":"https:\/\/www.argonandco.com\/de\/leistungen\/einkauf\/source-to-pay\/","url":"https:\/\/www.argonandco.com\/de\/leistungen\/einkauf\/source-to-pay\/","name":"Source to pay - Argon &amp; Co","isPartOf":{"@id":"https:\/\/www.argonandco.com\/de\/#website"},"datePublished":"2019-09-11T14:20:25+00:00","dateModified":"2025-07-11T12:41:18+00:00","breadcrumb":{"@id":"https:\/\/www.argonandco.com\/de\/leistungen\/einkauf\/source-to-pay\/#breadcrumb"},"inLanguage":"de","potentialAction":[{"@type":"ReadAction","target":["https:\/\/www.argonandco.com\/de\/leistungen\/einkauf\/source-to-pay\/"]}]},{"@type":"BreadcrumbList","@id":"https:\/\/www.argonandco.com\/de\/leistungen\/einkauf\/source-to-pay\/#breadcrumb","itemListElement":[{"@type":"ListItem","position":1,"name":"Home","item":"https:\/\/www.argonandco.com\/de\/"},{"@type":"ListItem","position":2,"name":"Leistungen","item":"https:\/\/www.argonandco.com\/de\/leistungen\/"},{"@type":"ListItem","position":3,"name":"Einkauf","item":"https:\/\/www.argonandco.com\/de\/leistungen\/einkauf\/"},{"@type":"ListItem","position":4,"name":"Source to pay"}]},{"@type":"WebSite","@id":"https:\/\/www.argonandco.com\/de\/#website","url":"https:\/\/www.argonandco.com\/de\/","name":"Argon &amp; Co","description":"We help clients achieve their strategic and operational objectives, working together to transform their businesses and generate real change.","potentialAction":[{"@type":"SearchAction","target":{"@type":"EntryPoint","urlTemplate":"https:\/\/www.argonandco.com\/de\/?s={search_term_string}"},"query-input":{"@type":"PropertyValueSpecification","valueRequired":true,"valueName":"search_term_string"}}],"inLanguage":"de"}]}},"_links":{"self":[{"href":"https:\/\/www.argonandco.com\/de\/wp-json\/wp\/v2\/pages\/30287","targetHints":{"allow":["GET"]}}],"collection":[{"href":"https:\/\/www.argonandco.com\/de\/wp-json\/wp\/v2\/pages"}],"about":[{"href":"https:\/\/www.argonandco.com\/de\/wp-json\/wp\/v2\/types\/page"}],"author":[{"embeddable":true,"href":"https:\/\/www.argonandco.com\/de\/wp-json\/wp\/v2\/users\/1"}],"replies":[{"embeddable":true,"href":"https:\/\/www.argonandco.com\/de\/wp-json\/wp\/v2\/comments?post=30287"}],"version-history":[{"count":0,"href":"https:\/\/www.argonandco.com\/de\/wp-json\/wp\/v2\/pages\/30287\/revisions"}],"up":[{"embeddable":true,"href":"https:\/\/www.argonandco.com\/de\/wp-json\/wp\/v2\/pages\/30413"}],"wp:attachment":[{"href":"https:\/\/www.argonandco.com\/de\/wp-json\/wp\/v2\/media?parent=30287"}],"curies":[{"name":"wp","href":"https:\/\/api.w.org\/{rel}","templated":true}]}}