{"id":30286,"date":"2019-09-11T15:20:23","date_gmt":"2019-09-11T14:20:25","guid":{"rendered":"https:\/\/www.argonandco.com\/digital-procurement\/"},"modified":"2025-11-17T12:46:32","modified_gmt":"2025-11-17T12:46:32","slug":"digitale-beschaffung","status":"publish","type":"page","link":"https:\/\/www.argonandco.com\/de\/leistungen\/einkauf\/digitale-beschaffung\/","title":{"rendered":"Digitale Beschaffung"},"content":{"rendered":"<h2><b>Einf\u00fchrung und Herausforderungen<\/b><\/h2>\n<p>Der Einsatz digitaler L\u00f6sungen stellt die Definition des Werts der Beschaffungsfunktion sowie der Dienstleistungen, die sie innerhalb ihrer eigenen Abteilung, f\u00fcr interne Kunden und f\u00fcr Lieferanten erbringt, infrage. Beschaffungsteams stehen vor vielen Ver\u00e4nderungen: Entscheidungszyklen werden k\u00fcrzer, die Gesch\u00e4ftsmodelle der Partner werden komplexer, B2C-Anwendungen werden zur Norm und einige Technologien wie maschinelles Lernen oder RPA werden mittlerweile in den innovativsten Unternehmen in gro\u00dfem Umfang eingesetzt. Der erste Schritt ist oft die Einf\u00fchrung traditioneller Source-to-Pay-Tools, aber die Beschaffungsfunktion muss schnell dar\u00fcber hinausgehen, um ihre Rolle innerhalb des Unternehmens zu behaupten.<\/p>\n<p>Die digitale Beschaffung ist Teil der Revolution im Einkauf. Das Category Management wird intelligenter, das Lieferantenleistungsmanagement wird zunehmend proaktiv, die Transaktionen im Einkaufsprozess werden automatisiert und die Informationskontinuit\u00e4t zwischen dem Unternehmen und seinen Lieferanten wird zu einer strategischen Leistungsfrage. Schlie\u00dflich m\u00fcssen Marktpl\u00e4tze in den Alltag der Spezifizierer integriert werden, indem die Rolle des Eink\u00e4ufers in dieser dreiseitigen Beziehung neu definiert wird.<\/p>\n<h2><b>Wie wir helfen k\u00f6nnen<\/b><\/h2>\n<p>Wir unterst\u00fctzen unsere Kunden in allen Bereichen der digitalen Beschaffung:<\/p>\n<ul>\n<li>Diagnose der digitalen Reife der Funktion mit besonderem Fokus auf den Einsatz von Tools, aber auch auf die Einf\u00fchrung des Konzepts, des Prozesses und der Lieferanten, die eine deutliche Leistungssteigerung bewirken w\u00fcrden<\/li>\n<li>Digital Discovery-Seminar zur Unterst\u00fctzung der Funktion bei der Planung und Erstellung ihrer 4.0-Roadmap \u00fcber die g\u00e4ngigen Tools des Beschaffungswesens hinaus<\/li>\n<li>Neugestaltung des Beschaffungsdienstleistungsangebots<\/li>\n<li>Implementierung der digitalen Kontinuit\u00e4t mit Lieferanten<\/li>\n<li>Unterst\u00fctzung bei der Implementierung innovativer L\u00f6sungen (Marktplatz, Chatbot, RPA, Analytik usw.)<\/li>\n<\/ul>\n","protected":false},"excerpt":{"rendered":"<p>Einf\u00fchrung und Herausforderungen Der Einsatz digitaler L\u00f6sungen stellt die Definition des Werts der Beschaffungsfunktion sowie der Dienstleistungen, die sie innerhalb ihrer eigenen Abteilung, f\u00fcr interne Kunden und f\u00fcr Lieferanten erbringt, infrage. Beschaffungsteams stehen vor vielen Ver\u00e4nderungen: Entscheidungszyklen werden k\u00fcrzer, die Gesch\u00e4ftsmodelle der Partner werden komplexer, B2C-Anwendungen werden zur Norm und einige Technologien wie maschinelles Lernen [&hellip;]<\/p>\n","protected":false},"author":1,"featured_media":0,"parent":30413,"menu_order":15,"comment_status":"closed","ping_status":"closed","template":"","meta":{"_acf_changed":false,"footnotes":""},"class_list":["post-30286","page","type-page","status-publish","hentry"],"acf":[],"yoast_head":"<!-- This site is optimized with the Yoast SEO plugin v27.4 - https:\/\/yoast.com\/product\/yoast-seo-wordpress\/ -->\n<title>Digitale Beschaffung - Argon &amp; Co<\/title>\n<meta name=\"robots\" content=\"index, follow, max-snippet:-1, max-image-preview:large, max-video-preview:-1\" \/>\n<link rel=\"canonical\" href=\"https:\/\/www.argonandco.com\/de\/leistungen\/einkauf\/digitale-beschaffung\/\" \/>\n<meta property=\"og:locale\" content=\"de_DE\" \/>\n<meta property=\"og:type\" content=\"article\" \/>\n<meta property=\"og:title\" content=\"Digitale Beschaffung - Argon &amp; Co\" \/>\n<meta property=\"og:description\" content=\"Einf\u00fchrung und Herausforderungen Der Einsatz digitaler L\u00f6sungen stellt die Definition des Werts der Beschaffungsfunktion sowie der Dienstleistungen, die sie innerhalb ihrer eigenen Abteilung, f\u00fcr interne Kunden und f\u00fcr Lieferanten erbringt, infrage. Beschaffungsteams stehen vor vielen Ver\u00e4nderungen: Entscheidungszyklen werden k\u00fcrzer, die Gesch\u00e4ftsmodelle der Partner werden komplexer, B2C-Anwendungen werden zur Norm und einige Technologien wie maschinelles Lernen [&hellip;]\" \/>\n<meta property=\"og:url\" content=\"https:\/\/www.argonandco.com\/de\/leistungen\/einkauf\/digitale-beschaffung\/\" \/>\n<meta property=\"og:site_name\" content=\"Argon &amp; Co\" \/>\n<meta property=\"article:modified_time\" content=\"2025-11-17T12:46:32+00:00\" \/>\n<meta name=\"twitter:card\" content=\"summary_large_image\" \/>\n<meta name=\"twitter:label1\" content=\"Gesch\u00e4tzte Lesezeit\" \/>\n\t<meta name=\"twitter:data1\" content=\"1 Minute\" \/>\n<script type=\"application\/ld+json\" class=\"yoast-schema-graph\">{\"@context\":\"https:\\\/\\\/schema.org\",\"@graph\":[{\"@type\":\"WebPage\",\"@id\":\"https:\\\/\\\/www.argonandco.com\\\/de\\\/leistungen\\\/einkauf\\\/digitale-beschaffung\\\/\",\"url\":\"https:\\\/\\\/www.argonandco.com\\\/de\\\/leistungen\\\/einkauf\\\/digitale-beschaffung\\\/\",\"name\":\"Digitale Beschaffung - Argon &amp; Co\",\"isPartOf\":{\"@id\":\"https:\\\/\\\/www.argonandco.com\\\/de\\\/#website\"},\"datePublished\":\"2019-09-11T14:20:25+00:00\",\"dateModified\":\"2025-11-17T12:46:32+00:00\",\"breadcrumb\":{\"@id\":\"https:\\\/\\\/www.argonandco.com\\\/de\\\/leistungen\\\/einkauf\\\/digitale-beschaffung\\\/#breadcrumb\"},\"inLanguage\":\"de\",\"potentialAction\":[{\"@type\":\"ReadAction\",\"target\":[\"https:\\\/\\\/www.argonandco.com\\\/de\\\/leistungen\\\/einkauf\\\/digitale-beschaffung\\\/\"]}]},{\"@type\":\"BreadcrumbList\",\"@id\":\"https:\\\/\\\/www.argonandco.com\\\/de\\\/leistungen\\\/einkauf\\\/digitale-beschaffung\\\/#breadcrumb\",\"itemListElement\":[{\"@type\":\"ListItem\",\"position\":1,\"name\":\"Home\",\"item\":\"https:\\\/\\\/www.argonandco.com\\\/de\\\/\"},{\"@type\":\"ListItem\",\"position\":2,\"name\":\"Leistungen\",\"item\":\"https:\\\/\\\/www.argonandco.com\\\/de\\\/leistungen\\\/\"},{\"@type\":\"ListItem\",\"position\":3,\"name\":\"Einkauf\",\"item\":\"https:\\\/\\\/www.argonandco.com\\\/de\\\/leistungen\\\/einkauf\\\/\"},{\"@type\":\"ListItem\",\"position\":4,\"name\":\"Digitale Beschaffung\"}]},{\"@type\":\"WebSite\",\"@id\":\"https:\\\/\\\/www.argonandco.com\\\/de\\\/#website\",\"url\":\"https:\\\/\\\/www.argonandco.com\\\/de\\\/\",\"name\":\"Argon &amp; Co\",\"description\":\"We help clients achieve their strategic and operational objectives, working together to transform their businesses and generate real change.\",\"potentialAction\":[{\"@type\":\"SearchAction\",\"target\":{\"@type\":\"EntryPoint\",\"urlTemplate\":\"https:\\\/\\\/www.argonandco.com\\\/de\\\/?s={search_term_string}\"},\"query-input\":{\"@type\":\"PropertyValueSpecification\",\"valueRequired\":true,\"valueName\":\"search_term_string\"}}],\"inLanguage\":\"de\"}]}<\/script>\n<!-- \/ Yoast SEO plugin. -->","yoast_head_json":{"title":"Digitale Beschaffung - Argon &amp; Co","robots":{"index":"index","follow":"follow","max-snippet":"max-snippet:-1","max-image-preview":"max-image-preview:large","max-video-preview":"max-video-preview:-1"},"canonical":"https:\/\/www.argonandco.com\/de\/leistungen\/einkauf\/digitale-beschaffung\/","og_locale":"de_DE","og_type":"article","og_title":"Digitale Beschaffung - Argon &amp; Co","og_description":"Einf\u00fchrung und Herausforderungen Der Einsatz digitaler L\u00f6sungen stellt die Definition des Werts der Beschaffungsfunktion sowie der Dienstleistungen, die sie innerhalb ihrer eigenen Abteilung, f\u00fcr interne Kunden und f\u00fcr Lieferanten erbringt, infrage. Beschaffungsteams stehen vor vielen Ver\u00e4nderungen: Entscheidungszyklen werden k\u00fcrzer, die Gesch\u00e4ftsmodelle der Partner werden komplexer, B2C-Anwendungen werden zur Norm und einige Technologien wie maschinelles Lernen [&hellip;]","og_url":"https:\/\/www.argonandco.com\/de\/leistungen\/einkauf\/digitale-beschaffung\/","og_site_name":"Argon &amp; Co","article_modified_time":"2025-11-17T12:46:32+00:00","twitter_card":"summary_large_image","twitter_misc":{"Gesch\u00e4tzte Lesezeit":"1 Minute"},"schema":{"@context":"https:\/\/schema.org","@graph":[{"@type":"WebPage","@id":"https:\/\/www.argonandco.com\/de\/leistungen\/einkauf\/digitale-beschaffung\/","url":"https:\/\/www.argonandco.com\/de\/leistungen\/einkauf\/digitale-beschaffung\/","name":"Digitale Beschaffung - Argon &amp; Co","isPartOf":{"@id":"https:\/\/www.argonandco.com\/de\/#website"},"datePublished":"2019-09-11T14:20:25+00:00","dateModified":"2025-11-17T12:46:32+00:00","breadcrumb":{"@id":"https:\/\/www.argonandco.com\/de\/leistungen\/einkauf\/digitale-beschaffung\/#breadcrumb"},"inLanguage":"de","potentialAction":[{"@type":"ReadAction","target":["https:\/\/www.argonandco.com\/de\/leistungen\/einkauf\/digitale-beschaffung\/"]}]},{"@type":"BreadcrumbList","@id":"https:\/\/www.argonandco.com\/de\/leistungen\/einkauf\/digitale-beschaffung\/#breadcrumb","itemListElement":[{"@type":"ListItem","position":1,"name":"Home","item":"https:\/\/www.argonandco.com\/de\/"},{"@type":"ListItem","position":2,"name":"Leistungen","item":"https:\/\/www.argonandco.com\/de\/leistungen\/"},{"@type":"ListItem","position":3,"name":"Einkauf","item":"https:\/\/www.argonandco.com\/de\/leistungen\/einkauf\/"},{"@type":"ListItem","position":4,"name":"Digitale Beschaffung"}]},{"@type":"WebSite","@id":"https:\/\/www.argonandco.com\/de\/#website","url":"https:\/\/www.argonandco.com\/de\/","name":"Argon &amp; Co","description":"We help clients achieve their strategic and operational objectives, working together to transform their businesses and generate real change.","potentialAction":[{"@type":"SearchAction","target":{"@type":"EntryPoint","urlTemplate":"https:\/\/www.argonandco.com\/de\/?s={search_term_string}"},"query-input":{"@type":"PropertyValueSpecification","valueRequired":true,"valueName":"search_term_string"}}],"inLanguage":"de"}]}},"_links":{"self":[{"href":"https:\/\/www.argonandco.com\/de\/wp-json\/wp\/v2\/pages\/30286","targetHints":{"allow":["GET"]}}],"collection":[{"href":"https:\/\/www.argonandco.com\/de\/wp-json\/wp\/v2\/pages"}],"about":[{"href":"https:\/\/www.argonandco.com\/de\/wp-json\/wp\/v2\/types\/page"}],"author":[{"embeddable":true,"href":"https:\/\/www.argonandco.com\/de\/wp-json\/wp\/v2\/users\/1"}],"replies":[{"embeddable":true,"href":"https:\/\/www.argonandco.com\/de\/wp-json\/wp\/v2\/comments?post=30286"}],"version-history":[{"count":0,"href":"https:\/\/www.argonandco.com\/de\/wp-json\/wp\/v2\/pages\/30286\/revisions"}],"up":[{"embeddable":true,"href":"https:\/\/www.argonandco.com\/de\/wp-json\/wp\/v2\/pages\/30413"}],"wp:attachment":[{"href":"https:\/\/www.argonandco.com\/de\/wp-json\/wp\/v2\/media?parent=30286"}],"curies":[{"name":"wp","href":"https:\/\/api.w.org\/{rel}","templated":true}]}}