{"id":30285,"date":"2019-09-11T15:20:25","date_gmt":"2019-09-11T14:20:25","guid":{"rendered":"https:\/\/www.argonandco.com\/procurement-vision-and-strategy\/"},"modified":"2025-11-17T12:42:44","modified_gmt":"2025-11-17T12:42:44","slug":"beschaffungsvision-und-strategie","status":"publish","type":"page","link":"https:\/\/www.argonandco.com\/de\/leistungen\/einkauf\/beschaffungsvision-und-strategie\/","title":{"rendered":"Beschaffungsvision und -strategie"},"content":{"rendered":"<h2><b>Einf\u00fchrung und Herausforderungen<\/b><\/h2>\n<p>Die Strategie der Beschaffungsfunktion muss in erster Linie darauf ausgerichtet sein, die Unternehmensstrategie zu unterst\u00fctzen. Daher besteht die Hauptaufgabe von Beschaffungsleitern oder Chief Procurement Officers darin, einen strategischen Plan zu entwickeln und umzusetzen, der mit dem Gesch\u00e4ftsplan des Unternehmens im Einklang steht und zu dessen Umsetzung beitr\u00e4gt. Dieser strategische Plan basiert auf einer Vision, den damit verbundenen Zielen und allen Ressourcen, die zur Umsetzung der Strategie erforderlich sind. Er muss auch klar das Leistungsangebot der Beschaffungsfunktion gegen\u00fcber ihren internen Kunden und ihren Lieferanten darlegen.<\/p>\n<p>Eine Beschaffungsstrategie zeichnet sich in der Regel durch ein formelles Dokument aus, das eine Zielsetzung mit Dreijahreszielen, die wichtigsten Herausforderungen zur Erreichung dieser Ziele, die strategischen Transformationsbereiche in Form eines Fahrplans und die damit verbundenen Auswirkungen auf die Organisation, die Schl\u00fcsselkompetenzen, die Prozesse und die digitalen Tools beschreibt. Diese Strategie muss von den wichtigsten internen Kunden, den Mitgliedern des Managementkomitees, validiert werden.<\/p>\n<p>Auf operativer Ebene wird diese Beschaffungsstrategie letztlich einen wichtigen Beitrag zu den spezifischen Richtlinien f\u00fcr die einzelnen verwalteten Rohstoffe oder Kategorien leisten.<\/p>\n<h2><b>Wie wir helfen k\u00f6nnen<\/b><\/h2>\n<p>Argon &amp; Co unterst\u00fctzt Einkaufsleiter gro\u00dfer Fertigungs- oder Dienstleistungskonzerne dabei, ihre Strategie in unterschiedlichen Kontexten zu entwickeln oder zu \u00fcberdenken:<\/p>\n<ul>\n<li>Neugestaltung der Beschaffungsstrategie der Gruppe im Kontext eines Marktabschwungs<\/li>\n<li>Erstellung einer konzernweiten Beschaffungsstrategie bei der Einrichtung der Beschaffungsfunktion des Unternehmens<\/li>\n<li>\u00dcberpr\u00fcfung der Beschaffungsstrategie nach einer Fusion<\/li>\n<li>Begleitung der ersten 100 Tage eines CPO<\/li>\n<\/ul>\n","protected":false},"excerpt":{"rendered":"<p>Einf\u00fchrung und Herausforderungen Die Strategie der Beschaffungsfunktion muss in erster Linie darauf ausgerichtet sein, die Unternehmensstrategie zu unterst\u00fctzen. Daher besteht die Hauptaufgabe von Beschaffungsleitern oder Chief Procurement Officers darin, einen strategischen Plan zu entwickeln und umzusetzen, der mit dem Gesch\u00e4ftsplan des Unternehmens im Einklang steht und zu dessen Umsetzung beitr\u00e4gt. Dieser strategische Plan basiert auf [&hellip;]<\/p>\n","protected":false},"author":1,"featured_media":0,"parent":30413,"menu_order":0,"comment_status":"closed","ping_status":"closed","template":"","meta":{"_acf_changed":false,"footnotes":""},"class_list":["post-30285","page","type-page","status-publish","hentry"],"acf":[],"yoast_head":"<!-- This site is optimized with the Yoast SEO plugin v27.5 - https:\/\/yoast.com\/product\/yoast-seo-wordpress\/ -->\n<title>Beschaffungsvision und -strategie - Argon &amp; Co<\/title>\n<meta name=\"robots\" content=\"index, follow, max-snippet:-1, max-image-preview:large, max-video-preview:-1\" \/>\n<link rel=\"canonical\" href=\"https:\/\/www.argonandco.com\/de\/leistungen\/einkauf\/beschaffungsvision-und-strategie\/\" \/>\n<meta property=\"og:locale\" content=\"de_DE\" \/>\n<meta property=\"og:type\" content=\"article\" \/>\n<meta property=\"og:title\" content=\"Beschaffungsvision und -strategie - Argon &amp; Co\" \/>\n<meta property=\"og:description\" content=\"Einf\u00fchrung und Herausforderungen Die Strategie der Beschaffungsfunktion muss in erster Linie darauf ausgerichtet sein, die Unternehmensstrategie zu unterst\u00fctzen. Daher besteht die Hauptaufgabe von Beschaffungsleitern oder Chief Procurement Officers darin, einen strategischen Plan zu entwickeln und umzusetzen, der mit dem Gesch\u00e4ftsplan des Unternehmens im Einklang steht und zu dessen Umsetzung beitr\u00e4gt. Dieser strategische Plan basiert auf [&hellip;]\" \/>\n<meta property=\"og:url\" content=\"https:\/\/www.argonandco.com\/de\/leistungen\/einkauf\/beschaffungsvision-und-strategie\/\" \/>\n<meta property=\"og:site_name\" content=\"Argon &amp; Co\" \/>\n<meta property=\"article:modified_time\" content=\"2025-11-17T12:42:44+00:00\" \/>\n<meta name=\"twitter:card\" content=\"summary_large_image\" \/>\n<meta name=\"twitter:label1\" content=\"Gesch\u00e4tzte Lesezeit\" \/>\n\t<meta name=\"twitter:data1\" content=\"1 Minute\" \/>\n<script type=\"application\/ld+json\" class=\"yoast-schema-graph\">{\"@context\":\"https:\\\/\\\/schema.org\",\"@graph\":[{\"@type\":\"WebPage\",\"@id\":\"https:\\\/\\\/www.argonandco.com\\\/de\\\/leistungen\\\/einkauf\\\/beschaffungsvision-und-strategie\\\/\",\"url\":\"https:\\\/\\\/www.argonandco.com\\\/de\\\/leistungen\\\/einkauf\\\/beschaffungsvision-und-strategie\\\/\",\"name\":\"Beschaffungsvision und -strategie - Argon &amp; Co\",\"isPartOf\":{\"@id\":\"https:\\\/\\\/www.argonandco.com\\\/de\\\/#website\"},\"datePublished\":\"2019-09-11T14:20:25+00:00\",\"dateModified\":\"2025-11-17T12:42:44+00:00\",\"breadcrumb\":{\"@id\":\"https:\\\/\\\/www.argonandco.com\\\/de\\\/leistungen\\\/einkauf\\\/beschaffungsvision-und-strategie\\\/#breadcrumb\"},\"inLanguage\":\"de\",\"potentialAction\":[{\"@type\":\"ReadAction\",\"target\":[\"https:\\\/\\\/www.argonandco.com\\\/de\\\/leistungen\\\/einkauf\\\/beschaffungsvision-und-strategie\\\/\"]}]},{\"@type\":\"BreadcrumbList\",\"@id\":\"https:\\\/\\\/www.argonandco.com\\\/de\\\/leistungen\\\/einkauf\\\/beschaffungsvision-und-strategie\\\/#breadcrumb\",\"itemListElement\":[{\"@type\":\"ListItem\",\"position\":1,\"name\":\"Home\",\"item\":\"https:\\\/\\\/www.argonandco.com\\\/de\\\/\"},{\"@type\":\"ListItem\",\"position\":2,\"name\":\"Leistungen\",\"item\":\"https:\\\/\\\/www.argonandco.com\\\/de\\\/leistungen\\\/\"},{\"@type\":\"ListItem\",\"position\":3,\"name\":\"Einkauf\",\"item\":\"https:\\\/\\\/www.argonandco.com\\\/de\\\/leistungen\\\/einkauf\\\/\"},{\"@type\":\"ListItem\",\"position\":4,\"name\":\"Beschaffungsvision und -strategie\"}]},{\"@type\":\"WebSite\",\"@id\":\"https:\\\/\\\/www.argonandco.com\\\/de\\\/#website\",\"url\":\"https:\\\/\\\/www.argonandco.com\\\/de\\\/\",\"name\":\"Argon &amp; Co\",\"description\":\"We help clients achieve their strategic and operational objectives, working together to transform their businesses and generate real change.\",\"potentialAction\":[{\"@type\":\"SearchAction\",\"target\":{\"@type\":\"EntryPoint\",\"urlTemplate\":\"https:\\\/\\\/www.argonandco.com\\\/de\\\/?s={search_term_string}\"},\"query-input\":{\"@type\":\"PropertyValueSpecification\",\"valueRequired\":true,\"valueName\":\"search_term_string\"}}],\"inLanguage\":\"de\"}]}<\/script>\n<!-- \/ Yoast SEO plugin. -->","yoast_head_json":{"title":"Beschaffungsvision und -strategie - Argon &amp; Co","robots":{"index":"index","follow":"follow","max-snippet":"max-snippet:-1","max-image-preview":"max-image-preview:large","max-video-preview":"max-video-preview:-1"},"canonical":"https:\/\/www.argonandco.com\/de\/leistungen\/einkauf\/beschaffungsvision-und-strategie\/","og_locale":"de_DE","og_type":"article","og_title":"Beschaffungsvision und -strategie - Argon &amp; Co","og_description":"Einf\u00fchrung und Herausforderungen Die Strategie der Beschaffungsfunktion muss in erster Linie darauf ausgerichtet sein, die Unternehmensstrategie zu unterst\u00fctzen. Daher besteht die Hauptaufgabe von Beschaffungsleitern oder Chief Procurement Officers darin, einen strategischen Plan zu entwickeln und umzusetzen, der mit dem Gesch\u00e4ftsplan des Unternehmens im Einklang steht und zu dessen Umsetzung beitr\u00e4gt. Dieser strategische Plan basiert auf [&hellip;]","og_url":"https:\/\/www.argonandco.com\/de\/leistungen\/einkauf\/beschaffungsvision-und-strategie\/","og_site_name":"Argon &amp; Co","article_modified_time":"2025-11-17T12:42:44+00:00","twitter_card":"summary_large_image","twitter_misc":{"Gesch\u00e4tzte Lesezeit":"1 Minute"},"schema":{"@context":"https:\/\/schema.org","@graph":[{"@type":"WebPage","@id":"https:\/\/www.argonandco.com\/de\/leistungen\/einkauf\/beschaffungsvision-und-strategie\/","url":"https:\/\/www.argonandco.com\/de\/leistungen\/einkauf\/beschaffungsvision-und-strategie\/","name":"Beschaffungsvision und -strategie - Argon &amp; Co","isPartOf":{"@id":"https:\/\/www.argonandco.com\/de\/#website"},"datePublished":"2019-09-11T14:20:25+00:00","dateModified":"2025-11-17T12:42:44+00:00","breadcrumb":{"@id":"https:\/\/www.argonandco.com\/de\/leistungen\/einkauf\/beschaffungsvision-und-strategie\/#breadcrumb"},"inLanguage":"de","potentialAction":[{"@type":"ReadAction","target":["https:\/\/www.argonandco.com\/de\/leistungen\/einkauf\/beschaffungsvision-und-strategie\/"]}]},{"@type":"BreadcrumbList","@id":"https:\/\/www.argonandco.com\/de\/leistungen\/einkauf\/beschaffungsvision-und-strategie\/#breadcrumb","itemListElement":[{"@type":"ListItem","position":1,"name":"Home","item":"https:\/\/www.argonandco.com\/de\/"},{"@type":"ListItem","position":2,"name":"Leistungen","item":"https:\/\/www.argonandco.com\/de\/leistungen\/"},{"@type":"ListItem","position":3,"name":"Einkauf","item":"https:\/\/www.argonandco.com\/de\/leistungen\/einkauf\/"},{"@type":"ListItem","position":4,"name":"Beschaffungsvision und -strategie"}]},{"@type":"WebSite","@id":"https:\/\/www.argonandco.com\/de\/#website","url":"https:\/\/www.argonandco.com\/de\/","name":"Argon &amp; Co","description":"We help clients achieve their strategic and operational objectives, working together to transform their businesses and generate real change.","potentialAction":[{"@type":"SearchAction","target":{"@type":"EntryPoint","urlTemplate":"https:\/\/www.argonandco.com\/de\/?s={search_term_string}"},"query-input":{"@type":"PropertyValueSpecification","valueRequired":true,"valueName":"search_term_string"}}],"inLanguage":"de"}]}},"_links":{"self":[{"href":"https:\/\/www.argonandco.com\/de\/wp-json\/wp\/v2\/pages\/30285","targetHints":{"allow":["GET"]}}],"collection":[{"href":"https:\/\/www.argonandco.com\/de\/wp-json\/wp\/v2\/pages"}],"about":[{"href":"https:\/\/www.argonandco.com\/de\/wp-json\/wp\/v2\/types\/page"}],"author":[{"embeddable":true,"href":"https:\/\/www.argonandco.com\/de\/wp-json\/wp\/v2\/users\/1"}],"replies":[{"embeddable":true,"href":"https:\/\/www.argonandco.com\/de\/wp-json\/wp\/v2\/comments?post=30285"}],"version-history":[{"count":0,"href":"https:\/\/www.argonandco.com\/de\/wp-json\/wp\/v2\/pages\/30285\/revisions"}],"up":[{"embeddable":true,"href":"https:\/\/www.argonandco.com\/de\/wp-json\/wp\/v2\/pages\/30413"}],"wp:attachment":[{"href":"https:\/\/www.argonandco.com\/de\/wp-json\/wp\/v2\/media?parent=30285"}],"curies":[{"name":"wp","href":"https:\/\/api.w.org\/{rel}","templated":true}]}}