{"id":30284,"date":"2019-09-11T15:20:25","date_gmt":"2019-09-11T14:20:25","guid":{"rendered":"https:\/\/www.argonandco.com\/category-management\/"},"modified":"2025-07-11T13:25:42","modified_gmt":"2025-07-11T12:25:42","slug":"category-management","status":"publish","type":"page","link":"https:\/\/www.argonandco.com\/de\/leistungen\/einkauf\/category-management\/","title":{"rendered":"Category management"},"content":{"rendered":"<h2><b>Einf\u00fchrung und Herausforderungen<\/b><\/h2>\n<p>Das Category Management ist die operative Umsetzung der Beschaffungsstrategie eines Unternehmens. Es umfasst den gesamten Lebenszyklus der Lieferantenbeziehung: von der Identifizierung und Qualifizierung bis zum Ausscheiden aus dem Lieferantenpool. Das Category Management bewegt sich st\u00e4ndig zwischen hochoperativen T\u00e4tigkeiten wie dem Ausschreibungsmanagement und der Lieferantenbewertung und eher strategischen Aktivit\u00e4ten wie der Bildung von Lieferantenpools und dem strategischen Partnermanagement. Eink\u00e4ufer m\u00fcssen zudem mit widerspr\u00fcchlichen Anforderungen der Gesch\u00e4ftsleitung jonglieren: von der Erzielung immer h\u00f6herer Einsparungen \u00fcber die Risikokontrolle (insbesondere bei Lieferantenwechseln) und der Identifizierung von Lieferanteninnovationen bis hin zu einer ausreichenden Agilit\u00e4t, um sich an neue Gesch\u00e4ftsmodelle des Unternehmens anzupassen. Die Vereinbarkeit von kurz- und langfristigen Anforderungen ist eine zentrale Herausforderung.<\/p>\n<p>Um diesen Ver\u00e4nderungen zu begegnen, muss das Category Management agiler werden, sich auf immer genauere und dynamischere Daten st\u00fctzen, Funktionen wie Qualit\u00e4t und Beschaffung fr\u00fchestm\u00f6glich einbeziehen und eine effektivere Kommunikation sowohl intern als auch mit den Lieferanten anstreben.<\/p>\n<p>Schlie\u00dflich ver\u00e4ndern die neuen Beschaffungskan\u00e4le, die unter anderem durch Marktpl\u00e4tze vorangetrieben werden, das Konzept des Category Managements selbst und zwingen Eink\u00e4ufer dazu, ihre DNA zu \u00e4ndern, um diese neuen Einkaufsmethoden voll auszusch\u00f6pfen.<\/p>\n<h2><b>Wie wir helfen k\u00f6nnen\u00a0<\/b><\/h2>\n<p>Wir unterst\u00fctzen unsere Kunden in verschiedenen Bereichen des Category Managements:<\/p>\n<ul>\n<li>Bewertung der Reife des Category Managements eines Unternehmens<\/li>\n<li>Implementierung von Category-Management-Prozessen und -Tools (direkt, indirekt)<\/li>\n<li>Entwicklung von IT-Zielen f\u00fcr ein effektives Category Management<\/li>\n<li>Definition von Roadmaps und Umsetzung der Category-Strategie und -Pl\u00e4ne<\/li>\n<li>Neugestaltung der internen Kooperationsmethoden und -rituale<\/li>\n<\/ul>\n","protected":false},"excerpt":{"rendered":"<p>Einf\u00fchrung und Herausforderungen Das Category Management ist die operative Umsetzung der Beschaffungsstrategie eines Unternehmens. Es umfasst den gesamten Lebenszyklus der Lieferantenbeziehung: von der Identifizierung und Qualifizierung bis zum Ausscheiden aus dem Lieferantenpool. Das Category Management bewegt sich st\u00e4ndig zwischen hochoperativen T\u00e4tigkeiten wie dem Ausschreibungsmanagement und der Lieferantenbewertung und eher strategischen Aktivit\u00e4ten wie der Bildung von [&hellip;]<\/p>\n","protected":false},"author":1,"featured_media":0,"parent":30413,"menu_order":7,"comment_status":"closed","ping_status":"closed","template":"","meta":{"_acf_changed":false,"footnotes":""},"class_list":["post-30284","page","type-page","status-publish","hentry"],"acf":[],"yoast_head":"<!-- This site is optimized with the Yoast SEO plugin v27.5 - https:\/\/yoast.com\/product\/yoast-seo-wordpress\/ -->\n<title>Category management - Argon &amp; Co<\/title>\n<meta name=\"robots\" content=\"index, follow, max-snippet:-1, max-image-preview:large, max-video-preview:-1\" \/>\n<link rel=\"canonical\" href=\"https:\/\/www.argonandco.com\/de\/leistungen\/einkauf\/category-management\/\" \/>\n<meta property=\"og:locale\" content=\"de_DE\" \/>\n<meta property=\"og:type\" content=\"article\" \/>\n<meta property=\"og:title\" content=\"Category management - Argon &amp; Co\" \/>\n<meta property=\"og:description\" content=\"Einf\u00fchrung und Herausforderungen Das Category Management ist die operative Umsetzung der Beschaffungsstrategie eines Unternehmens. Es umfasst den gesamten Lebenszyklus der Lieferantenbeziehung: von der Identifizierung und Qualifizierung bis zum Ausscheiden aus dem Lieferantenpool. Das Category Management bewegt sich st\u00e4ndig zwischen hochoperativen T\u00e4tigkeiten wie dem Ausschreibungsmanagement und der Lieferantenbewertung und eher strategischen Aktivit\u00e4ten wie der Bildung von [&hellip;]\" \/>\n<meta property=\"og:url\" content=\"https:\/\/www.argonandco.com\/de\/leistungen\/einkauf\/category-management\/\" \/>\n<meta property=\"og:site_name\" content=\"Argon &amp; Co\" \/>\n<meta property=\"article:modified_time\" content=\"2025-07-11T12:25:42+00:00\" \/>\n<meta name=\"twitter:card\" content=\"summary_large_image\" \/>\n<meta name=\"twitter:label1\" content=\"Gesch\u00e4tzte Lesezeit\" \/>\n\t<meta name=\"twitter:data1\" content=\"1 Minute\" \/>\n<script type=\"application\/ld+json\" class=\"yoast-schema-graph\">{\"@context\":\"https:\\\/\\\/schema.org\",\"@graph\":[{\"@type\":\"WebPage\",\"@id\":\"https:\\\/\\\/www.argonandco.com\\\/de\\\/leistungen\\\/einkauf\\\/category-management\\\/\",\"url\":\"https:\\\/\\\/www.argonandco.com\\\/de\\\/leistungen\\\/einkauf\\\/category-management\\\/\",\"name\":\"Category management - Argon &amp; Co\",\"isPartOf\":{\"@id\":\"https:\\\/\\\/www.argonandco.com\\\/de\\\/#website\"},\"datePublished\":\"2019-09-11T14:20:25+00:00\",\"dateModified\":\"2025-07-11T12:25:42+00:00\",\"breadcrumb\":{\"@id\":\"https:\\\/\\\/www.argonandco.com\\\/de\\\/leistungen\\\/einkauf\\\/category-management\\\/#breadcrumb\"},\"inLanguage\":\"de\",\"potentialAction\":[{\"@type\":\"ReadAction\",\"target\":[\"https:\\\/\\\/www.argonandco.com\\\/de\\\/leistungen\\\/einkauf\\\/category-management\\\/\"]}]},{\"@type\":\"BreadcrumbList\",\"@id\":\"https:\\\/\\\/www.argonandco.com\\\/de\\\/leistungen\\\/einkauf\\\/category-management\\\/#breadcrumb\",\"itemListElement\":[{\"@type\":\"ListItem\",\"position\":1,\"name\":\"Home\",\"item\":\"https:\\\/\\\/www.argonandco.com\\\/de\\\/\"},{\"@type\":\"ListItem\",\"position\":2,\"name\":\"Leistungen\",\"item\":\"https:\\\/\\\/www.argonandco.com\\\/de\\\/leistungen\\\/\"},{\"@type\":\"ListItem\",\"position\":3,\"name\":\"Einkauf\",\"item\":\"https:\\\/\\\/www.argonandco.com\\\/de\\\/leistungen\\\/einkauf\\\/\"},{\"@type\":\"ListItem\",\"position\":4,\"name\":\"Category management\"}]},{\"@type\":\"WebSite\",\"@id\":\"https:\\\/\\\/www.argonandco.com\\\/de\\\/#website\",\"url\":\"https:\\\/\\\/www.argonandco.com\\\/de\\\/\",\"name\":\"Argon &amp; Co\",\"description\":\"We help clients achieve their strategic and operational objectives, working together to transform their businesses and generate real change.\",\"potentialAction\":[{\"@type\":\"SearchAction\",\"target\":{\"@type\":\"EntryPoint\",\"urlTemplate\":\"https:\\\/\\\/www.argonandco.com\\\/de\\\/?s={search_term_string}\"},\"query-input\":{\"@type\":\"PropertyValueSpecification\",\"valueRequired\":true,\"valueName\":\"search_term_string\"}}],\"inLanguage\":\"de\"}]}<\/script>\n<!-- \/ Yoast SEO plugin. -->","yoast_head_json":{"title":"Category management - Argon &amp; Co","robots":{"index":"index","follow":"follow","max-snippet":"max-snippet:-1","max-image-preview":"max-image-preview:large","max-video-preview":"max-video-preview:-1"},"canonical":"https:\/\/www.argonandco.com\/de\/leistungen\/einkauf\/category-management\/","og_locale":"de_DE","og_type":"article","og_title":"Category management - Argon &amp; Co","og_description":"Einf\u00fchrung und Herausforderungen Das Category Management ist die operative Umsetzung der Beschaffungsstrategie eines Unternehmens. Es umfasst den gesamten Lebenszyklus der Lieferantenbeziehung: von der Identifizierung und Qualifizierung bis zum Ausscheiden aus dem Lieferantenpool. Das Category Management bewegt sich st\u00e4ndig zwischen hochoperativen T\u00e4tigkeiten wie dem Ausschreibungsmanagement und der Lieferantenbewertung und eher strategischen Aktivit\u00e4ten wie der Bildung von [&hellip;]","og_url":"https:\/\/www.argonandco.com\/de\/leistungen\/einkauf\/category-management\/","og_site_name":"Argon &amp; Co","article_modified_time":"2025-07-11T12:25:42+00:00","twitter_card":"summary_large_image","twitter_misc":{"Gesch\u00e4tzte Lesezeit":"1 Minute"},"schema":{"@context":"https:\/\/schema.org","@graph":[{"@type":"WebPage","@id":"https:\/\/www.argonandco.com\/de\/leistungen\/einkauf\/category-management\/","url":"https:\/\/www.argonandco.com\/de\/leistungen\/einkauf\/category-management\/","name":"Category management - Argon &amp; Co","isPartOf":{"@id":"https:\/\/www.argonandco.com\/de\/#website"},"datePublished":"2019-09-11T14:20:25+00:00","dateModified":"2025-07-11T12:25:42+00:00","breadcrumb":{"@id":"https:\/\/www.argonandco.com\/de\/leistungen\/einkauf\/category-management\/#breadcrumb"},"inLanguage":"de","potentialAction":[{"@type":"ReadAction","target":["https:\/\/www.argonandco.com\/de\/leistungen\/einkauf\/category-management\/"]}]},{"@type":"BreadcrumbList","@id":"https:\/\/www.argonandco.com\/de\/leistungen\/einkauf\/category-management\/#breadcrumb","itemListElement":[{"@type":"ListItem","position":1,"name":"Home","item":"https:\/\/www.argonandco.com\/de\/"},{"@type":"ListItem","position":2,"name":"Leistungen","item":"https:\/\/www.argonandco.com\/de\/leistungen\/"},{"@type":"ListItem","position":3,"name":"Einkauf","item":"https:\/\/www.argonandco.com\/de\/leistungen\/einkauf\/"},{"@type":"ListItem","position":4,"name":"Category management"}]},{"@type":"WebSite","@id":"https:\/\/www.argonandco.com\/de\/#website","url":"https:\/\/www.argonandco.com\/de\/","name":"Argon &amp; Co","description":"We help clients achieve their strategic and operational objectives, working together to transform their businesses and generate real change.","potentialAction":[{"@type":"SearchAction","target":{"@type":"EntryPoint","urlTemplate":"https:\/\/www.argonandco.com\/de\/?s={search_term_string}"},"query-input":{"@type":"PropertyValueSpecification","valueRequired":true,"valueName":"search_term_string"}}],"inLanguage":"de"}]}},"_links":{"self":[{"href":"https:\/\/www.argonandco.com\/de\/wp-json\/wp\/v2\/pages\/30284","targetHints":{"allow":["GET"]}}],"collection":[{"href":"https:\/\/www.argonandco.com\/de\/wp-json\/wp\/v2\/pages"}],"about":[{"href":"https:\/\/www.argonandco.com\/de\/wp-json\/wp\/v2\/types\/page"}],"author":[{"embeddable":true,"href":"https:\/\/www.argonandco.com\/de\/wp-json\/wp\/v2\/users\/1"}],"replies":[{"embeddable":true,"href":"https:\/\/www.argonandco.com\/de\/wp-json\/wp\/v2\/comments?post=30284"}],"version-history":[{"count":0,"href":"https:\/\/www.argonandco.com\/de\/wp-json\/wp\/v2\/pages\/30284\/revisions"}],"up":[{"embeddable":true,"href":"https:\/\/www.argonandco.com\/de\/wp-json\/wp\/v2\/pages\/30413"}],"wp:attachment":[{"href":"https:\/\/www.argonandco.com\/de\/wp-json\/wp\/v2\/media?parent=30284"}],"curies":[{"name":"wp","href":"https:\/\/api.w.org\/{rel}","templated":true}]}}