{"id":30282,"date":"2019-09-11T15:20:25","date_gmt":"2019-09-11T14:20:25","guid":{"rendered":"https:\/\/www.argonandco.com\/supplier-innovation\/"},"modified":"2025-11-17T12:46:00","modified_gmt":"2025-11-17T12:46:00","slug":"lieferanten-innovation","status":"publish","type":"page","link":"https:\/\/www.argonandco.com\/de\/leistungen\/einkauf\/lieferanten-innovation\/","title":{"rendered":"Lieferanten Innovation"},"content":{"rendered":"<h2><b>Einf\u00fchrung und Herausforderungen<\/b><\/h2>\n<p>Der Beitrag der Lieferanten zur Wertsch\u00f6pfung wird f\u00fcr Unternehmen immer wichtiger. Das bedeutet, Innovationen zu identifizieren, die in Kombination mit dem Produkt- und Dienstleistungsangebot den Wettbewerbsvorteil st\u00e4rken. Es geht auch darum, sich auf zuverl\u00e4ssige Partner zu st\u00fctzen, die aktiv zum Fortschritt des Unternehmens beitragen.<\/p>\n<p>Die Identifizierung des richtigen Lieferanten, der zu einem f\u00fchrenden Partner werden kann, ist eine Herausforderung, die in der Panel-Strategie sorgf\u00e4ltig abgewogen werden muss. Die Attraktivit\u00e4t des Unternehmens wird entscheidend, um die besten Start-ups anzuziehen und langj\u00e4hrige Partner zu binden.<\/p>\n<p>Die Integration von Lieferanten in die vorgelagerten Phasen der Forschung und Entwicklung sowie der Produktentwicklung ist von entscheidender Bedeutung. Es m\u00fcssen Risiken eingegangen und ausreichende Ressourcen investiert werden. Die Zusammenarbeit beschr\u00e4nkt sich nicht nur auf rein vertragliche Aspekte, sondern umfasst auch die Governance und das Management der Teams.<\/p>\n<p>Schlie\u00dflich muss von Beginn der Partnerschaft an auch \u00fcber die Aufteilung von Gewinnen und Investitionen nachgedacht werden, da sonst die Gefahr besteht, dass die Partnerschaft zerbricht und alle bisherigen Anstrengungen zunichte gemacht werden.<\/p>\n<h2><b>Wie wir helfen k\u00f6nnen\u00a0<\/b><\/h2>\n<ul>\n<li>Identifizierung von Bereichen, in denen externe Zusammenarbeit entscheidend ist<\/li>\n<li>Identifizierung von Panel-Lieferanten durch Bewertung des Machtverh\u00e4ltnisses und der Beschaffungsstrategien f\u00fcr Lieferantenpanels<\/li>\n<li>Einrichtung multidisziplin\u00e4rer Kunden-Lieferanten-Teams innerhalb von Projekten mit angemessener Governance und klaren, gemeinsam festgelegten Rollen und Verantwortlichkeiten<\/li>\n<li>Einbindung von Lieferanten in die vorgelagerten Phasen der Forschung und Entwicklung sowie der Produktentwicklung innerhalb eines sicheren vertraglichen Rahmens<\/li>\n<li>Implementierung von Best Practices f\u00fcr die \u00dcberwachung und das Management der QCD-Leistung und -Risiken<\/li>\n<\/ul>\n","protected":false},"excerpt":{"rendered":"<p>Einf\u00fchrung und Herausforderungen Der Beitrag der Lieferanten zur Wertsch\u00f6pfung wird f\u00fcr Unternehmen immer wichtiger. Das bedeutet, Innovationen zu identifizieren, die in Kombination mit dem Produkt- und Dienstleistungsangebot den Wettbewerbsvorteil st\u00e4rken. Es geht auch darum, sich auf zuverl\u00e4ssige Partner zu st\u00fctzen, die aktiv zum Fortschritt des Unternehmens beitragen. Die Identifizierung des richtigen Lieferanten, der zu einem [&hellip;]<\/p>\n","protected":false},"author":1,"featured_media":0,"parent":30413,"menu_order":13,"comment_status":"closed","ping_status":"closed","template":"","meta":{"_acf_changed":false,"footnotes":""},"class_list":["post-30282","page","type-page","status-publish","hentry"],"acf":[],"yoast_head":"<!-- This site is optimized with the Yoast SEO plugin v27.4 - https:\/\/yoast.com\/product\/yoast-seo-wordpress\/ -->\n<title>Lieferanten Innovation - Argon &amp; Co<\/title>\n<meta name=\"robots\" content=\"index, follow, max-snippet:-1, max-image-preview:large, max-video-preview:-1\" \/>\n<link rel=\"canonical\" href=\"https:\/\/www.argonandco.com\/de\/leistungen\/einkauf\/lieferanten-innovation\/\" \/>\n<meta property=\"og:locale\" content=\"de_DE\" \/>\n<meta property=\"og:type\" content=\"article\" \/>\n<meta property=\"og:title\" content=\"Lieferanten Innovation - Argon &amp; Co\" \/>\n<meta property=\"og:description\" content=\"Einf\u00fchrung und Herausforderungen Der Beitrag der Lieferanten zur Wertsch\u00f6pfung wird f\u00fcr Unternehmen immer wichtiger. Das bedeutet, Innovationen zu identifizieren, die in Kombination mit dem Produkt- und Dienstleistungsangebot den Wettbewerbsvorteil st\u00e4rken. Es geht auch darum, sich auf zuverl\u00e4ssige Partner zu st\u00fctzen, die aktiv zum Fortschritt des Unternehmens beitragen. Die Identifizierung des richtigen Lieferanten, der zu einem [&hellip;]\" \/>\n<meta property=\"og:url\" content=\"https:\/\/www.argonandco.com\/de\/leistungen\/einkauf\/lieferanten-innovation\/\" \/>\n<meta property=\"og:site_name\" content=\"Argon &amp; Co\" \/>\n<meta property=\"article:modified_time\" content=\"2025-11-17T12:46:00+00:00\" \/>\n<meta name=\"twitter:card\" content=\"summary_large_image\" \/>\n<meta name=\"twitter:label1\" content=\"Gesch\u00e4tzte Lesezeit\" \/>\n\t<meta name=\"twitter:data1\" content=\"1 Minute\" \/>\n<script type=\"application\/ld+json\" class=\"yoast-schema-graph\">{\"@context\":\"https:\\\/\\\/schema.org\",\"@graph\":[{\"@type\":\"WebPage\",\"@id\":\"https:\\\/\\\/www.argonandco.com\\\/de\\\/leistungen\\\/einkauf\\\/lieferanten-innovation\\\/\",\"url\":\"https:\\\/\\\/www.argonandco.com\\\/de\\\/leistungen\\\/einkauf\\\/lieferanten-innovation\\\/\",\"name\":\"Lieferanten Innovation - Argon &amp; Co\",\"isPartOf\":{\"@id\":\"https:\\\/\\\/www.argonandco.com\\\/de\\\/#website\"},\"datePublished\":\"2019-09-11T14:20:25+00:00\",\"dateModified\":\"2025-11-17T12:46:00+00:00\",\"breadcrumb\":{\"@id\":\"https:\\\/\\\/www.argonandco.com\\\/de\\\/leistungen\\\/einkauf\\\/lieferanten-innovation\\\/#breadcrumb\"},\"inLanguage\":\"de\",\"potentialAction\":[{\"@type\":\"ReadAction\",\"target\":[\"https:\\\/\\\/www.argonandco.com\\\/de\\\/leistungen\\\/einkauf\\\/lieferanten-innovation\\\/\"]}]},{\"@type\":\"BreadcrumbList\",\"@id\":\"https:\\\/\\\/www.argonandco.com\\\/de\\\/leistungen\\\/einkauf\\\/lieferanten-innovation\\\/#breadcrumb\",\"itemListElement\":[{\"@type\":\"ListItem\",\"position\":1,\"name\":\"Home\",\"item\":\"https:\\\/\\\/www.argonandco.com\\\/de\\\/\"},{\"@type\":\"ListItem\",\"position\":2,\"name\":\"Leistungen\",\"item\":\"https:\\\/\\\/www.argonandco.com\\\/de\\\/leistungen\\\/\"},{\"@type\":\"ListItem\",\"position\":3,\"name\":\"Einkauf\",\"item\":\"https:\\\/\\\/www.argonandco.com\\\/de\\\/leistungen\\\/einkauf\\\/\"},{\"@type\":\"ListItem\",\"position\":4,\"name\":\"Lieferanten Innovation\"}]},{\"@type\":\"WebSite\",\"@id\":\"https:\\\/\\\/www.argonandco.com\\\/de\\\/#website\",\"url\":\"https:\\\/\\\/www.argonandco.com\\\/de\\\/\",\"name\":\"Argon &amp; Co\",\"description\":\"We help clients achieve their strategic and operational objectives, working together to transform their businesses and generate real change.\",\"potentialAction\":[{\"@type\":\"SearchAction\",\"target\":{\"@type\":\"EntryPoint\",\"urlTemplate\":\"https:\\\/\\\/www.argonandco.com\\\/de\\\/?s={search_term_string}\"},\"query-input\":{\"@type\":\"PropertyValueSpecification\",\"valueRequired\":true,\"valueName\":\"search_term_string\"}}],\"inLanguage\":\"de\"}]}<\/script>\n<!-- \/ Yoast SEO plugin. -->","yoast_head_json":{"title":"Lieferanten Innovation - Argon &amp; Co","robots":{"index":"index","follow":"follow","max-snippet":"max-snippet:-1","max-image-preview":"max-image-preview:large","max-video-preview":"max-video-preview:-1"},"canonical":"https:\/\/www.argonandco.com\/de\/leistungen\/einkauf\/lieferanten-innovation\/","og_locale":"de_DE","og_type":"article","og_title":"Lieferanten Innovation - Argon &amp; Co","og_description":"Einf\u00fchrung und Herausforderungen Der Beitrag der Lieferanten zur Wertsch\u00f6pfung wird f\u00fcr Unternehmen immer wichtiger. Das bedeutet, Innovationen zu identifizieren, die in Kombination mit dem Produkt- und Dienstleistungsangebot den Wettbewerbsvorteil st\u00e4rken. Es geht auch darum, sich auf zuverl\u00e4ssige Partner zu st\u00fctzen, die aktiv zum Fortschritt des Unternehmens beitragen. Die Identifizierung des richtigen Lieferanten, der zu einem [&hellip;]","og_url":"https:\/\/www.argonandco.com\/de\/leistungen\/einkauf\/lieferanten-innovation\/","og_site_name":"Argon &amp; Co","article_modified_time":"2025-11-17T12:46:00+00:00","twitter_card":"summary_large_image","twitter_misc":{"Gesch\u00e4tzte Lesezeit":"1 Minute"},"schema":{"@context":"https:\/\/schema.org","@graph":[{"@type":"WebPage","@id":"https:\/\/www.argonandco.com\/de\/leistungen\/einkauf\/lieferanten-innovation\/","url":"https:\/\/www.argonandco.com\/de\/leistungen\/einkauf\/lieferanten-innovation\/","name":"Lieferanten Innovation - Argon &amp; Co","isPartOf":{"@id":"https:\/\/www.argonandco.com\/de\/#website"},"datePublished":"2019-09-11T14:20:25+00:00","dateModified":"2025-11-17T12:46:00+00:00","breadcrumb":{"@id":"https:\/\/www.argonandco.com\/de\/leistungen\/einkauf\/lieferanten-innovation\/#breadcrumb"},"inLanguage":"de","potentialAction":[{"@type":"ReadAction","target":["https:\/\/www.argonandco.com\/de\/leistungen\/einkauf\/lieferanten-innovation\/"]}]},{"@type":"BreadcrumbList","@id":"https:\/\/www.argonandco.com\/de\/leistungen\/einkauf\/lieferanten-innovation\/#breadcrumb","itemListElement":[{"@type":"ListItem","position":1,"name":"Home","item":"https:\/\/www.argonandco.com\/de\/"},{"@type":"ListItem","position":2,"name":"Leistungen","item":"https:\/\/www.argonandco.com\/de\/leistungen\/"},{"@type":"ListItem","position":3,"name":"Einkauf","item":"https:\/\/www.argonandco.com\/de\/leistungen\/einkauf\/"},{"@type":"ListItem","position":4,"name":"Lieferanten Innovation"}]},{"@type":"WebSite","@id":"https:\/\/www.argonandco.com\/de\/#website","url":"https:\/\/www.argonandco.com\/de\/","name":"Argon &amp; Co","description":"We help clients achieve their strategic and operational objectives, working together to transform their businesses and generate real change.","potentialAction":[{"@type":"SearchAction","target":{"@type":"EntryPoint","urlTemplate":"https:\/\/www.argonandco.com\/de\/?s={search_term_string}"},"query-input":{"@type":"PropertyValueSpecification","valueRequired":true,"valueName":"search_term_string"}}],"inLanguage":"de"}]}},"_links":{"self":[{"href":"https:\/\/www.argonandco.com\/de\/wp-json\/wp\/v2\/pages\/30282","targetHints":{"allow":["GET"]}}],"collection":[{"href":"https:\/\/www.argonandco.com\/de\/wp-json\/wp\/v2\/pages"}],"about":[{"href":"https:\/\/www.argonandco.com\/de\/wp-json\/wp\/v2\/types\/page"}],"author":[{"embeddable":true,"href":"https:\/\/www.argonandco.com\/de\/wp-json\/wp\/v2\/users\/1"}],"replies":[{"embeddable":true,"href":"https:\/\/www.argonandco.com\/de\/wp-json\/wp\/v2\/comments?post=30282"}],"version-history":[{"count":0,"href":"https:\/\/www.argonandco.com\/de\/wp-json\/wp\/v2\/pages\/30282\/revisions"}],"up":[{"embeddable":true,"href":"https:\/\/www.argonandco.com\/de\/wp-json\/wp\/v2\/pages\/30413"}],"wp:attachment":[{"href":"https:\/\/www.argonandco.com\/de\/wp-json\/wp\/v2\/media?parent=30282"}],"curies":[{"name":"wp","href":"https:\/\/api.w.org\/{rel}","templated":true}]}}