{"id":30278,"date":"2019-09-11T15:21:23","date_gmt":"2019-09-11T14:21:17","guid":{"rendered":"https:\/\/www.argonandco.com\/portfolio-management\/"},"modified":"2025-11-17T12:38:56","modified_gmt":"2025-11-17T12:38:56","slug":"portfoliomanagement","status":"publish","type":"page","link":"https:\/\/www.argonandco.com\/de\/leistungen\/neue-produkte\/portfoliomanagement\/","title":{"rendered":"Portfoliomanagement"},"content":{"rendered":"<h2><b>Einf\u00fchrung und Herausforderungen<\/b><\/h2>\n<p>In den letzten zehn Jahren sind die Produktportfolios sowohl in der Forschungs- und Entwicklungsphase als auch im Dienstleistungsbereich erheblich gewachsen. Dies ist h\u00e4ufig auf die Notwendigkeit zur\u00fcckzuf\u00fchren, sich von Wettbewerbern abzuheben oder sich an vielf\u00e4ltige Kundenbed\u00fcrfnisse anzupassen, ohne dabei Produkte am Ende ihres Lebenszyklus aus dem Sortiment zu nehmen; die Angst, einen Kunden zu verlieren, ist allgegenw\u00e4rtig. Die Vervielfachung der Finanzierungsquellen f\u00fcr diese Projekte, die Einf\u00fchrung von Verbundforschung und die Beschleunigung technologischer Durchbr\u00fcche sind weitere Treiber dieses Wachstums.<\/p>\n<p>F\u00fcr ein Unternehmen ist es daher unerl\u00e4sslich, sein Portfolio an F&amp;E-Projekten zu verwalten und zu optimieren, um Kosten zu senken, interne Ressourcen auf die rentabelsten Produkte oder Technologien f\u00fcr die Zukunft zu konzentrieren, Entwicklungsrisiken durch eine Leader\/Follower-Strategie auszugleichen und die Wirkung der Produkte auf den Kunden zu verst\u00e4rken, indem die Produktpalette und der wahrgenommene Wert klar kommuniziert werden.<\/p>\n<p>Initiativen zur Straffung oder Verwaltung des F&amp;E-Projektportfolios und des Produktportfolios machen bis zu 20 % der wirtschaftlichen Herausforderungen von Kostensenkungspl\u00e4nen aus.<\/p>\n<h2><b>Wie wir helfen k\u00f6nnen<\/b><\/h2>\n<p>Argon &amp; Co unterst\u00fctzt seine Kunden in f\u00fcnf Hauptbereichen<\/p>\n<ul>\n<li>\u00dcberpr\u00fcfung des Produkt- und Dienstleistungsangebots, dessen Segmentierung und Analyse der Gesamtkosten der Komplexit\u00e4t<\/li>\n<li>Untersuchung des F&amp;E-Portfolios, dessen \u00dcbereinstimmung mit den technologischen Roadmaps, dessen Finanzierung und Analyse der damit verbundenen Risiken<\/li>\n<li>Straffung und Reduzierung der Komplexit\u00e4t des Produktportfolios auf der Grundlage validierter Szenarien und Chancen<\/li>\n<li>Permanente Implementierung eines Managementsystems f\u00fcr das F&amp;E-Projektportfolio oder Produktportfolio und \u00dcberwachung dessen Leistung<\/li>\n<li>Implementierung digitaler Roadmaps zur Verwaltung von Portfolios<\/li>\n<\/ul>\n","protected":false},"excerpt":{"rendered":"<p>Einf\u00fchrung und Herausforderungen In den letzten zehn Jahren sind die Produktportfolios sowohl in der Forschungs- und Entwicklungsphase als auch im Dienstleistungsbereich erheblich gewachsen. Dies ist h\u00e4ufig auf die Notwendigkeit zur\u00fcckzuf\u00fchren, sich von Wettbewerbern abzuheben oder sich an vielf\u00e4ltige Kundenbed\u00fcrfnisse anzupassen, ohne dabei Produkte am Ende ihres Lebenszyklus aus dem Sortiment zu nehmen; die Angst, einen [&hellip;]<\/p>\n","protected":false},"author":1,"featured_media":0,"parent":30414,"menu_order":8,"comment_status":"closed","ping_status":"closed","template":"","meta":{"_acf_changed":false,"footnotes":""},"class_list":["post-30278","page","type-page","status-publish","hentry"],"acf":[],"yoast_head":"<!-- This site is optimized with the Yoast SEO plugin v27.3 - https:\/\/yoast.com\/product\/yoast-seo-wordpress\/ -->\n<title>Portfoliomanagement - Argon &amp; Co<\/title>\n<meta name=\"robots\" content=\"index, follow, max-snippet:-1, max-image-preview:large, max-video-preview:-1\" \/>\n<link rel=\"canonical\" href=\"https:\/\/www.argonandco.com\/de\/leistungen\/neue-produkte\/portfoliomanagement\/\" \/>\n<meta property=\"og:locale\" content=\"de_DE\" \/>\n<meta property=\"og:type\" content=\"article\" \/>\n<meta property=\"og:title\" content=\"Portfoliomanagement - Argon &amp; Co\" \/>\n<meta property=\"og:description\" content=\"Einf\u00fchrung und Herausforderungen In den letzten zehn Jahren sind die Produktportfolios sowohl in der Forschungs- und Entwicklungsphase als auch im Dienstleistungsbereich erheblich gewachsen. Dies ist h\u00e4ufig auf die Notwendigkeit zur\u00fcckzuf\u00fchren, sich von Wettbewerbern abzuheben oder sich an vielf\u00e4ltige Kundenbed\u00fcrfnisse anzupassen, ohne dabei Produkte am Ende ihres Lebenszyklus aus dem Sortiment zu nehmen; die Angst, einen [&hellip;]\" \/>\n<meta property=\"og:url\" content=\"https:\/\/www.argonandco.com\/de\/leistungen\/neue-produkte\/portfoliomanagement\/\" \/>\n<meta property=\"og:site_name\" content=\"Argon &amp; Co\" \/>\n<meta property=\"article:modified_time\" content=\"2025-11-17T12:38:56+00:00\" \/>\n<meta name=\"twitter:card\" content=\"summary_large_image\" \/>\n<meta name=\"twitter:label1\" content=\"Gesch\u00e4tzte Lesezeit\" \/>\n\t<meta name=\"twitter:data1\" content=\"1 Minute\" \/>\n<script type=\"application\/ld+json\" class=\"yoast-schema-graph\">{\"@context\":\"https:\\\/\\\/schema.org\",\"@graph\":[{\"@type\":\"WebPage\",\"@id\":\"https:\\\/\\\/www.argonandco.com\\\/de\\\/leistungen\\\/neue-produkte\\\/portfoliomanagement\\\/\",\"url\":\"https:\\\/\\\/www.argonandco.com\\\/de\\\/leistungen\\\/neue-produkte\\\/portfoliomanagement\\\/\",\"name\":\"Portfoliomanagement - Argon &amp; Co\",\"isPartOf\":{\"@id\":\"https:\\\/\\\/www.argonandco.com\\\/de\\\/#website\"},\"datePublished\":\"2019-09-11T14:21:17+00:00\",\"dateModified\":\"2025-11-17T12:38:56+00:00\",\"breadcrumb\":{\"@id\":\"https:\\\/\\\/www.argonandco.com\\\/de\\\/leistungen\\\/neue-produkte\\\/portfoliomanagement\\\/#breadcrumb\"},\"inLanguage\":\"de\",\"potentialAction\":[{\"@type\":\"ReadAction\",\"target\":[\"https:\\\/\\\/www.argonandco.com\\\/de\\\/leistungen\\\/neue-produkte\\\/portfoliomanagement\\\/\"]}]},{\"@type\":\"BreadcrumbList\",\"@id\":\"https:\\\/\\\/www.argonandco.com\\\/de\\\/leistungen\\\/neue-produkte\\\/portfoliomanagement\\\/#breadcrumb\",\"itemListElement\":[{\"@type\":\"ListItem\",\"position\":1,\"name\":\"Home\",\"item\":\"https:\\\/\\\/www.argonandco.com\\\/de\\\/\"},{\"@type\":\"ListItem\",\"position\":2,\"name\":\"Leistungen\",\"item\":\"https:\\\/\\\/www.argonandco.com\\\/de\\\/leistungen\\\/\"},{\"@type\":\"ListItem\",\"position\":3,\"name\":\"Neue Produkte\",\"item\":\"https:\\\/\\\/www.argonandco.com\\\/de\\\/leistungen\\\/neue-produkte\\\/\"},{\"@type\":\"ListItem\",\"position\":4,\"name\":\"Portfoliomanagement\"}]},{\"@type\":\"WebSite\",\"@id\":\"https:\\\/\\\/www.argonandco.com\\\/de\\\/#website\",\"url\":\"https:\\\/\\\/www.argonandco.com\\\/de\\\/\",\"name\":\"Argon &amp; Co\",\"description\":\"We help clients achieve their strategic and operational objectives, working together to transform their businesses and generate real change.\",\"potentialAction\":[{\"@type\":\"SearchAction\",\"target\":{\"@type\":\"EntryPoint\",\"urlTemplate\":\"https:\\\/\\\/www.argonandco.com\\\/de\\\/?s={search_term_string}\"},\"query-input\":{\"@type\":\"PropertyValueSpecification\",\"valueRequired\":true,\"valueName\":\"search_term_string\"}}],\"inLanguage\":\"de\"}]}<\/script>\n<!-- \/ Yoast SEO plugin. -->","yoast_head_json":{"title":"Portfoliomanagement - Argon &amp; Co","robots":{"index":"index","follow":"follow","max-snippet":"max-snippet:-1","max-image-preview":"max-image-preview:large","max-video-preview":"max-video-preview:-1"},"canonical":"https:\/\/www.argonandco.com\/de\/leistungen\/neue-produkte\/portfoliomanagement\/","og_locale":"de_DE","og_type":"article","og_title":"Portfoliomanagement - Argon &amp; Co","og_description":"Einf\u00fchrung und Herausforderungen In den letzten zehn Jahren sind die Produktportfolios sowohl in der Forschungs- und Entwicklungsphase als auch im Dienstleistungsbereich erheblich gewachsen. Dies ist h\u00e4ufig auf die Notwendigkeit zur\u00fcckzuf\u00fchren, sich von Wettbewerbern abzuheben oder sich an vielf\u00e4ltige Kundenbed\u00fcrfnisse anzupassen, ohne dabei Produkte am Ende ihres Lebenszyklus aus dem Sortiment zu nehmen; die Angst, einen [&hellip;]","og_url":"https:\/\/www.argonandco.com\/de\/leistungen\/neue-produkte\/portfoliomanagement\/","og_site_name":"Argon &amp; Co","article_modified_time":"2025-11-17T12:38:56+00:00","twitter_card":"summary_large_image","twitter_misc":{"Gesch\u00e4tzte Lesezeit":"1 Minute"},"schema":{"@context":"https:\/\/schema.org","@graph":[{"@type":"WebPage","@id":"https:\/\/www.argonandco.com\/de\/leistungen\/neue-produkte\/portfoliomanagement\/","url":"https:\/\/www.argonandco.com\/de\/leistungen\/neue-produkte\/portfoliomanagement\/","name":"Portfoliomanagement - Argon &amp; Co","isPartOf":{"@id":"https:\/\/www.argonandco.com\/de\/#website"},"datePublished":"2019-09-11T14:21:17+00:00","dateModified":"2025-11-17T12:38:56+00:00","breadcrumb":{"@id":"https:\/\/www.argonandco.com\/de\/leistungen\/neue-produkte\/portfoliomanagement\/#breadcrumb"},"inLanguage":"de","potentialAction":[{"@type":"ReadAction","target":["https:\/\/www.argonandco.com\/de\/leistungen\/neue-produkte\/portfoliomanagement\/"]}]},{"@type":"BreadcrumbList","@id":"https:\/\/www.argonandco.com\/de\/leistungen\/neue-produkte\/portfoliomanagement\/#breadcrumb","itemListElement":[{"@type":"ListItem","position":1,"name":"Home","item":"https:\/\/www.argonandco.com\/de\/"},{"@type":"ListItem","position":2,"name":"Leistungen","item":"https:\/\/www.argonandco.com\/de\/leistungen\/"},{"@type":"ListItem","position":3,"name":"Neue Produkte","item":"https:\/\/www.argonandco.com\/de\/leistungen\/neue-produkte\/"},{"@type":"ListItem","position":4,"name":"Portfoliomanagement"}]},{"@type":"WebSite","@id":"https:\/\/www.argonandco.com\/de\/#website","url":"https:\/\/www.argonandco.com\/de\/","name":"Argon &amp; Co","description":"We help clients achieve their strategic and operational objectives, working together to transform their businesses and generate real change.","potentialAction":[{"@type":"SearchAction","target":{"@type":"EntryPoint","urlTemplate":"https:\/\/www.argonandco.com\/de\/?s={search_term_string}"},"query-input":{"@type":"PropertyValueSpecification","valueRequired":true,"valueName":"search_term_string"}}],"inLanguage":"de"}]}},"_links":{"self":[{"href":"https:\/\/www.argonandco.com\/de\/wp-json\/wp\/v2\/pages\/30278","targetHints":{"allow":["GET"]}}],"collection":[{"href":"https:\/\/www.argonandco.com\/de\/wp-json\/wp\/v2\/pages"}],"about":[{"href":"https:\/\/www.argonandco.com\/de\/wp-json\/wp\/v2\/types\/page"}],"author":[{"embeddable":true,"href":"https:\/\/www.argonandco.com\/de\/wp-json\/wp\/v2\/users\/1"}],"replies":[{"embeddable":true,"href":"https:\/\/www.argonandco.com\/de\/wp-json\/wp\/v2\/comments?post=30278"}],"version-history":[{"count":0,"href":"https:\/\/www.argonandco.com\/de\/wp-json\/wp\/v2\/pages\/30278\/revisions"}],"up":[{"embeddable":true,"href":"https:\/\/www.argonandco.com\/de\/wp-json\/wp\/v2\/pages\/30414"}],"wp:attachment":[{"href":"https:\/\/www.argonandco.com\/de\/wp-json\/wp\/v2\/media?parent=30278"}],"curies":[{"name":"wp","href":"https:\/\/api.w.org\/{rel}","templated":true}]}}