{"id":30277,"date":"2019-09-11T15:22:07","date_gmt":"2019-09-11T14:22:07","guid":{"rendered":"https:\/\/www.argonandco.com\/competitiveness\/"},"modified":"2025-11-17T12:24:48","modified_gmt":"2025-11-17T12:24:48","slug":"wettbewerbsfaehigkeit","status":"publish","type":"page","link":"https:\/\/www.argonandco.com\/de\/leistungen\/operations-strategy\/wettbewerbsfaehigkeit\/","title":{"rendered":"Wettbewerbsf\u00e4higkeit"},"content":{"rendered":"<h2><b>Einf\u00fchrung und Herausforderungen<\/b><\/h2>\n<p><span class=\"intro\" style=\"font-weight: 400;\">In einem Umfeld volatiler M\u00e4rkte und st\u00e4ndiger Spannungen ist die Verbesserung der betrieblichen Effizienz f\u00fcr Unternehmen von gro\u00dfer Bedeutung. Um jedoch einen deutlichen Leistungssprung zu erzielen, muss die gesamte Wertsch\u00f6pfungskette ber\u00fccksichtigt werden \u2013 genau darum geht es bei Wettbewerbspl\u00e4nen. Ein Wettbewerbsplan ist ein hervorragendes Managementinstrument, da er den Fokus unabh\u00e4ngig von der Situation des Unternehmens auf dasselbe Ziel lenkt.<\/span><\/p>\n<p><span style=\"font-weight: 400;\">Die Einf\u00fchrung eines Wettbewerbsplans bedeutet, dass alle operativen Hebel gleichzeitig bet\u00e4tigt werden m\u00fcssen. Die Kostenoptimierung wird durch Beitr\u00e4ge aller Unternehmensfunktionen erreicht, von der Forschung und Entwicklung bis hin zur nachgelagerten Logistik. Ein Wettbewerbsplan, der nur Prozesse und Kosten ber\u00fccksichtigt, ohne den Faktor Mensch zu ber\u00fccksichtigen, w\u00e4re jedoch zum Scheitern verurteilt. Aus diesem Grund muss das Change Management so fr\u00fch wie m\u00f6glich in den Prozess integriert werden.<\/span><\/p>\n<p><span style=\"font-weight: 400;\">Zehn goldene Regeln sind f\u00fcr den Erfolg eines Plans erforderlich: (1) Ausrichtung der Unternehmensleitung auf ein klares und gemeinsames Ziel, (2) Bereitstellung der Mittel f\u00fcr den Erfolg durch Zuweisung von Ressourcen f\u00fcr das Projekt, (3) Fokussierung des Projekts auf die Erreichung der Ziele, (4) Ber\u00fccksichtigung der Kundenbed\u00fcrfnisse, (5) Maximierung des Umfangs der zu aktivierenden Hebel, (6) Eine funktions\u00fcbergreifende Vision haben, (7) Verhaltensweisen \u00e4ndern, (8) Die sozialen Auswirkungen messen, (9) Den Aufwand \u00fcber die Zeit hinweg steuern und schlie\u00dflich (10) Das Ende des Plans steuern.<\/span><\/p>\n<h2><b>Wie wir helfen k\u00f6nnen<\/b><\/h2>\n<p><span style=\"font-weight: 400;\">Wir unterst\u00fctzen unsere Kunden in der &#8222;Diagnosephase&#8220;<\/span><\/p>\n<ul>\n<li>Identifizierung und Validierung der zu aktivierenden Hebel<\/li>\n<li>F\u00f6rderung der Ausrichtung der Mitarbeiter auf Prozesse und Zielrollen sowie -verantwortlichkeiten<\/li>\n<li>Festlegung ehrgeiziger Ziele<\/li>\n<li>Definition des Aktionsplan zur Erreichung der Ziele<\/li>\n<\/ul>\n<p>In den Implementierungsphasen unterst\u00fctzen wir Sie in technischen und personellen Belangen:<\/p>\n<ul>\n<li>Wir geben Impulse und treiben das Programm voran<\/li>\n<li>Leitung des Transformationsprogramms und Tracking der Ertr\u00e4ge mithilfe eines Systems zur Erfassung der Vorteile, um sicherzustellen, dass es ergebnisorientiert ist<\/li>\n<li>Bereitstellung erforderlichen Fachwissens f\u00fcr operative Fragen<\/li>\n<li>Umsetzung von Ma\u00dfnahmen, die zum Gesch\u00e4ftsziel und zur Erzielung von Gewinnen f\u00fchren<\/li>\n<li>Unterst\u00fctzung der Mitarbeiter bei der Transformation<\/li>\n<\/ul>\n","protected":false},"excerpt":{"rendered":"<p>Einf\u00fchrung und Herausforderungen In einem Umfeld volatiler M\u00e4rkte und st\u00e4ndiger Spannungen ist die Verbesserung der betrieblichen Effizienz f\u00fcr Unternehmen von gro\u00dfer Bedeutung. Um jedoch einen deutlichen Leistungssprung zu erzielen, muss die gesamte Wertsch\u00f6pfungskette ber\u00fccksichtigt werden \u2013 genau darum geht es bei Wettbewerbspl\u00e4nen. Ein Wettbewerbsplan ist ein hervorragendes Managementinstrument, da er den Fokus unabh\u00e4ngig von der [&hellip;]<\/p>\n","protected":false},"author":1,"featured_media":0,"parent":30416,"menu_order":8,"comment_status":"closed","ping_status":"closed","template":"","meta":{"_acf_changed":false,"footnotes":""},"class_list":["post-30277","page","type-page","status-publish","hentry"],"acf":[],"yoast_head":"<!-- This site is optimized with the Yoast SEO plugin v27.4 - https:\/\/yoast.com\/product\/yoast-seo-wordpress\/ -->\n<title>Wettbewerbsf\u00e4higkeit - Argon &amp; Co<\/title>\n<meta name=\"robots\" content=\"index, follow, max-snippet:-1, max-image-preview:large, max-video-preview:-1\" \/>\n<link rel=\"canonical\" href=\"https:\/\/www.argonandco.com\/de\/leistungen\/operations-strategy\/wettbewerbsfaehigkeit\/\" \/>\n<meta property=\"og:locale\" content=\"de_DE\" \/>\n<meta property=\"og:type\" content=\"article\" \/>\n<meta property=\"og:title\" content=\"Wettbewerbsf\u00e4higkeit - Argon &amp; Co\" \/>\n<meta property=\"og:description\" content=\"Einf\u00fchrung und Herausforderungen In einem Umfeld volatiler M\u00e4rkte und st\u00e4ndiger Spannungen ist die Verbesserung der betrieblichen Effizienz f\u00fcr Unternehmen von gro\u00dfer Bedeutung. Um jedoch einen deutlichen Leistungssprung zu erzielen, muss die gesamte Wertsch\u00f6pfungskette ber\u00fccksichtigt werden \u2013 genau darum geht es bei Wettbewerbspl\u00e4nen. Ein Wettbewerbsplan ist ein hervorragendes Managementinstrument, da er den Fokus unabh\u00e4ngig von der [&hellip;]\" \/>\n<meta property=\"og:url\" content=\"https:\/\/www.argonandco.com\/de\/leistungen\/operations-strategy\/wettbewerbsfaehigkeit\/\" \/>\n<meta property=\"og:site_name\" content=\"Argon &amp; Co\" \/>\n<meta property=\"article:modified_time\" content=\"2025-11-17T12:24:48+00:00\" \/>\n<meta name=\"twitter:card\" content=\"summary_large_image\" \/>\n<meta name=\"twitter:label1\" content=\"Gesch\u00e4tzte Lesezeit\" \/>\n\t<meta name=\"twitter:data1\" content=\"2 Minuten\" \/>\n<script type=\"application\/ld+json\" class=\"yoast-schema-graph\">{\"@context\":\"https:\\\/\\\/schema.org\",\"@graph\":[{\"@type\":\"WebPage\",\"@id\":\"https:\\\/\\\/www.argonandco.com\\\/de\\\/leistungen\\\/operations-strategy\\\/wettbewerbsfaehigkeit\\\/\",\"url\":\"https:\\\/\\\/www.argonandco.com\\\/de\\\/leistungen\\\/operations-strategy\\\/wettbewerbsfaehigkeit\\\/\",\"name\":\"Wettbewerbsf\u00e4higkeit - Argon &amp; Co\",\"isPartOf\":{\"@id\":\"https:\\\/\\\/www.argonandco.com\\\/de\\\/#website\"},\"datePublished\":\"2019-09-11T14:22:07+00:00\",\"dateModified\":\"2025-11-17T12:24:48+00:00\",\"breadcrumb\":{\"@id\":\"https:\\\/\\\/www.argonandco.com\\\/de\\\/leistungen\\\/operations-strategy\\\/wettbewerbsfaehigkeit\\\/#breadcrumb\"},\"inLanguage\":\"de\",\"potentialAction\":[{\"@type\":\"ReadAction\",\"target\":[\"https:\\\/\\\/www.argonandco.com\\\/de\\\/leistungen\\\/operations-strategy\\\/wettbewerbsfaehigkeit\\\/\"]}]},{\"@type\":\"BreadcrumbList\",\"@id\":\"https:\\\/\\\/www.argonandco.com\\\/de\\\/leistungen\\\/operations-strategy\\\/wettbewerbsfaehigkeit\\\/#breadcrumb\",\"itemListElement\":[{\"@type\":\"ListItem\",\"position\":1,\"name\":\"Home\",\"item\":\"https:\\\/\\\/www.argonandco.com\\\/de\\\/\"},{\"@type\":\"ListItem\",\"position\":2,\"name\":\"Leistungen\",\"item\":\"https:\\\/\\\/www.argonandco.com\\\/de\\\/leistungen\\\/\"},{\"@type\":\"ListItem\",\"position\":3,\"name\":\"Operations strategy\",\"item\":\"https:\\\/\\\/www.argonandco.com\\\/de\\\/leistungen\\\/operations-strategy\\\/\"},{\"@type\":\"ListItem\",\"position\":4,\"name\":\"Wettbewerbsf\u00e4higkeit\"}]},{\"@type\":\"WebSite\",\"@id\":\"https:\\\/\\\/www.argonandco.com\\\/de\\\/#website\",\"url\":\"https:\\\/\\\/www.argonandco.com\\\/de\\\/\",\"name\":\"Argon &amp; Co\",\"description\":\"We help clients achieve their strategic and operational objectives, working together to transform their businesses and generate real change.\",\"potentialAction\":[{\"@type\":\"SearchAction\",\"target\":{\"@type\":\"EntryPoint\",\"urlTemplate\":\"https:\\\/\\\/www.argonandco.com\\\/de\\\/?s={search_term_string}\"},\"query-input\":{\"@type\":\"PropertyValueSpecification\",\"valueRequired\":true,\"valueName\":\"search_term_string\"}}],\"inLanguage\":\"de\"}]}<\/script>\n<!-- \/ Yoast SEO plugin. -->","yoast_head_json":{"title":"Wettbewerbsf\u00e4higkeit - Argon &amp; Co","robots":{"index":"index","follow":"follow","max-snippet":"max-snippet:-1","max-image-preview":"max-image-preview:large","max-video-preview":"max-video-preview:-1"},"canonical":"https:\/\/www.argonandco.com\/de\/leistungen\/operations-strategy\/wettbewerbsfaehigkeit\/","og_locale":"de_DE","og_type":"article","og_title":"Wettbewerbsf\u00e4higkeit - Argon &amp; Co","og_description":"Einf\u00fchrung und Herausforderungen In einem Umfeld volatiler M\u00e4rkte und st\u00e4ndiger Spannungen ist die Verbesserung der betrieblichen Effizienz f\u00fcr Unternehmen von gro\u00dfer Bedeutung. Um jedoch einen deutlichen Leistungssprung zu erzielen, muss die gesamte Wertsch\u00f6pfungskette ber\u00fccksichtigt werden \u2013 genau darum geht es bei Wettbewerbspl\u00e4nen. Ein Wettbewerbsplan ist ein hervorragendes Managementinstrument, da er den Fokus unabh\u00e4ngig von der [&hellip;]","og_url":"https:\/\/www.argonandco.com\/de\/leistungen\/operations-strategy\/wettbewerbsfaehigkeit\/","og_site_name":"Argon &amp; Co","article_modified_time":"2025-11-17T12:24:48+00:00","twitter_card":"summary_large_image","twitter_misc":{"Gesch\u00e4tzte Lesezeit":"2 Minuten"},"schema":{"@context":"https:\/\/schema.org","@graph":[{"@type":"WebPage","@id":"https:\/\/www.argonandco.com\/de\/leistungen\/operations-strategy\/wettbewerbsfaehigkeit\/","url":"https:\/\/www.argonandco.com\/de\/leistungen\/operations-strategy\/wettbewerbsfaehigkeit\/","name":"Wettbewerbsf\u00e4higkeit - Argon &amp; Co","isPartOf":{"@id":"https:\/\/www.argonandco.com\/de\/#website"},"datePublished":"2019-09-11T14:22:07+00:00","dateModified":"2025-11-17T12:24:48+00:00","breadcrumb":{"@id":"https:\/\/www.argonandco.com\/de\/leistungen\/operations-strategy\/wettbewerbsfaehigkeit\/#breadcrumb"},"inLanguage":"de","potentialAction":[{"@type":"ReadAction","target":["https:\/\/www.argonandco.com\/de\/leistungen\/operations-strategy\/wettbewerbsfaehigkeit\/"]}]},{"@type":"BreadcrumbList","@id":"https:\/\/www.argonandco.com\/de\/leistungen\/operations-strategy\/wettbewerbsfaehigkeit\/#breadcrumb","itemListElement":[{"@type":"ListItem","position":1,"name":"Home","item":"https:\/\/www.argonandco.com\/de\/"},{"@type":"ListItem","position":2,"name":"Leistungen","item":"https:\/\/www.argonandco.com\/de\/leistungen\/"},{"@type":"ListItem","position":3,"name":"Operations strategy","item":"https:\/\/www.argonandco.com\/de\/leistungen\/operations-strategy\/"},{"@type":"ListItem","position":4,"name":"Wettbewerbsf\u00e4higkeit"}]},{"@type":"WebSite","@id":"https:\/\/www.argonandco.com\/de\/#website","url":"https:\/\/www.argonandco.com\/de\/","name":"Argon &amp; Co","description":"We help clients achieve their strategic and operational objectives, working together to transform their businesses and generate real change.","potentialAction":[{"@type":"SearchAction","target":{"@type":"EntryPoint","urlTemplate":"https:\/\/www.argonandco.com\/de\/?s={search_term_string}"},"query-input":{"@type":"PropertyValueSpecification","valueRequired":true,"valueName":"search_term_string"}}],"inLanguage":"de"}]}},"_links":{"self":[{"href":"https:\/\/www.argonandco.com\/de\/wp-json\/wp\/v2\/pages\/30277","targetHints":{"allow":["GET"]}}],"collection":[{"href":"https:\/\/www.argonandco.com\/de\/wp-json\/wp\/v2\/pages"}],"about":[{"href":"https:\/\/www.argonandco.com\/de\/wp-json\/wp\/v2\/types\/page"}],"author":[{"embeddable":true,"href":"https:\/\/www.argonandco.com\/de\/wp-json\/wp\/v2\/users\/1"}],"replies":[{"embeddable":true,"href":"https:\/\/www.argonandco.com\/de\/wp-json\/wp\/v2\/comments?post=30277"}],"version-history":[{"count":0,"href":"https:\/\/www.argonandco.com\/de\/wp-json\/wp\/v2\/pages\/30277\/revisions"}],"up":[{"embeddable":true,"href":"https:\/\/www.argonandco.com\/de\/wp-json\/wp\/v2\/pages\/30416"}],"wp:attachment":[{"href":"https:\/\/www.argonandco.com\/de\/wp-json\/wp\/v2\/media?parent=30277"}],"curies":[{"name":"wp","href":"https:\/\/api.w.org\/{rel}","templated":true}]}}