{"id":30276,"date":"2019-09-11T15:22:23","date_gmt":"2019-09-11T14:22:07","guid":{"rendered":"https:\/\/www.argonandco.com\/operating-model\/"},"modified":"2025-11-18T16:12:24","modified_gmt":"2025-11-18T16:12:24","slug":"operating-model","status":"publish","type":"page","link":"https:\/\/www.argonandco.com\/de\/leistungen\/operations-strategy\/operating-model\/","title":{"rendered":"&#8222;Agile Operating Model&#8220; Beratung"},"content":{"rendered":"<h2><b>Einf\u00fchrung und Herausforderungen<\/b><\/h2>\n<p><span class=\"intro\" style=\"font-weight: 400;\">Wenn Unternehmen \u00fcber ihr Betriebsmodell nachdenken, tauchen viele Fragen auf. Ist unser bestehendes Betriebsmodell zweckm\u00e4\u00dfig? Was ist sein Umfang? Wer sollte an der \u00dcberpr\u00fcfung und Gestaltung beteiligt sein? Wie detailliert muss diese sein? Wo fangen wir an?<\/span><\/p>\n<p><span class=\"intro--medium\">Viele Unternehmen stehen vor der Herausforderung, dass sie zwar wissen, dass ihr Betriebsmodell \u00fcberarbeitet werden muss, aber angesichts des schieren Umfangs dieser Aufgabe oft \u00fcberfordert sind. Oft gibt es Widerstand gegen Ver\u00e4nderungen, da die Menschen nur sehen k\u00f6nnen, wie die Dinge heute gemacht werden. Es kann eine Abneigung gegen Risiken bestehen, da der Druck besteht, den Umsatz und die kurzfristige finanzielle Performance zu sichern, und oft wird die Komplexit\u00e4t der Aufgabe untersch\u00e4tzt.<\/span><\/p>\n<p><span class=\"intro--medium\">Ein Betriebsmodell zerlegt eine Organisation in ihre Bestandteile und hilft den Menschen zu verstehen, wie alles zusammenpasst. In der Regel wird es in Bereiche wie Lieferkettenplanung, Fertigung, Vertrieb, Kundenservice, Order-to-Cash, Vertrieb und Marketing unterteilt. Es sollte Prozesse, Organisation, Systeme und Technologie, Mitarbeiter und F\u00e4higkeiten, Arbeitsweisen und Governance umfassen.<\/span><\/p>\n<p><span class=\"intro--medium\">Es ist wichtig zu erkennen, dass die Transformation systematisch erfolgen muss. Oft geht es darum, Klarheit \u00fcber den Endzustand zu schaffen und Ver\u00e4nderungen auf nachhaltige Weise zu priorisieren und zu verankern.<\/span><\/p>\n<h2><b>Wie wir helfen k\u00f6nnen<\/b><\/h2>\n<p>Wir arbeiten mit Kunden in verschiedenen Phasen ihrer Reise zusammen, je nach ihren Bed\u00fcrfnissen, und bieten folgende Unterst\u00fctzung:<\/p>\n<ul>\n<li>Ein klarer Rahmen zur Bewertung, Gestaltung und Verankerung eines neuen Betriebsmodells<\/li>\n<li>Klarheit zwischen der Gesch\u00e4fts- oder Unternehmensstrategie und dem Betriebsmodell. Identifizierung und Ausrichtung auf klare Betriebsgrunds\u00e4tze<\/li>\n<li>Eine klare Aussage zu den zuk\u00fcnftigen Gesch\u00e4ftsanforderungen \u00fcber den relevanten Zeitraum (in der Regel 3\u201310 Jahre)<\/li>\n<li>Analyse der St\u00e4rken und Schw\u00e4chen einer Organisation unter Hervorhebung bestehender Kernkompetenzen und L\u00fccken. Wir verwenden unseren scprime\u00ae-Bewertungsansatz, um eine schnelle Bewertung zu erm\u00f6glichen<\/li>\n<li>Erstellung des Zielbetriebsmodells<\/li>\n<li>Schulung und Einbindung von Stakeholdern auf allen Ebenen, um Akzeptanz und Abstimmung sicherzustellen<\/li>\n<li>Entwicklung eines Business Case, einschlie\u00dflich einer Nutzenanalyse und einer Analyse der Ver\u00e4nderungskosten, wobei realistische Renditen in Abh\u00e4ngigkeit von den Umsetzungsoptionen aufgezeigt werden<\/li>\n<li>Umsetzung des vereinbarten Transformationsprogramms, einschlie\u00dflich zentralem Programmmanagement und Erreichung der vereinbarten Meilensteine<\/li>\n<li>Bereitstellung der Governance-Struktur, um eine kontinuierliche \u00dcberpr\u00fcfung und Weiterentwicklung des Betriebsmodells zu erm\u00f6glichen; der Markt ist ein Umfeld, das von kontinuierlichen Ver\u00e4nderungen gepr\u00e4gt ist, und Unternehmen m\u00fcssen die F\u00e4higkeit zur entsprechenden Anpassung verankern<\/li>\n<\/ul>\n<p>Die Einf\u00fchrung eines neuen Betriebsmodells sollte nicht zu stark vereinfacht werden. Der Ansatz muss kundenorientiert und technologiegest\u00fctzt sein, den Status quo hinterfragen und die richtige F\u00fchrung und die richtigen F\u00e4higkeiten innerhalb des Unternehmens voraussetzen, damit er sich durchsetzen kann. Wir halten unseren Kunden einen Spiegel vor, damit sie auf Anhieb erfolgreich sind.<\/p>\n","protected":false},"excerpt":{"rendered":"<p>Einf\u00fchrung und Herausforderungen Wenn Unternehmen \u00fcber ihr Betriebsmodell nachdenken, tauchen viele Fragen auf. Ist unser bestehendes Betriebsmodell zweckm\u00e4\u00dfig? Was ist sein Umfang? Wer sollte an der \u00dcberpr\u00fcfung und Gestaltung beteiligt sein? Wie detailliert muss diese sein? Wo fangen wir an? Viele Unternehmen stehen vor der Herausforderung, dass sie zwar wissen, dass ihr Betriebsmodell \u00fcberarbeitet werden [&hellip;]<\/p>\n","protected":false},"author":1,"featured_media":0,"parent":30416,"menu_order":0,"comment_status":"closed","ping_status":"closed","template":"","meta":{"_acf_changed":false,"footnotes":""},"class_list":["post-30276","page","type-page","status-publish","hentry"],"acf":[],"yoast_head":"<!-- This site is optimized with the Yoast SEO plugin v27.4 - https:\/\/yoast.com\/product\/yoast-seo-wordpress\/ -->\n<title>&quot;Agile Operating Model&quot; Beratung - Argon &amp; Co<\/title>\n<meta name=\"robots\" content=\"index, follow, max-snippet:-1, max-image-preview:large, max-video-preview:-1\" \/>\n<link rel=\"canonical\" href=\"https:\/\/www.argonandco.com\/de\/leistungen\/operations-strategy\/operating-model\/\" \/>\n<meta property=\"og:locale\" content=\"de_DE\" \/>\n<meta property=\"og:type\" content=\"article\" \/>\n<meta property=\"og:title\" content=\"&quot;Agile Operating Model&quot; Beratung - Argon &amp; Co\" \/>\n<meta property=\"og:description\" content=\"Einf\u00fchrung und Herausforderungen Wenn Unternehmen \u00fcber ihr Betriebsmodell nachdenken, tauchen viele Fragen auf. Ist unser bestehendes Betriebsmodell zweckm\u00e4\u00dfig? Was ist sein Umfang? Wer sollte an der \u00dcberpr\u00fcfung und Gestaltung beteiligt sein? Wie detailliert muss diese sein? Wo fangen wir an? Viele Unternehmen stehen vor der Herausforderung, dass sie zwar wissen, dass ihr Betriebsmodell \u00fcberarbeitet werden [&hellip;]\" \/>\n<meta property=\"og:url\" content=\"https:\/\/www.argonandco.com\/de\/leistungen\/operations-strategy\/operating-model\/\" \/>\n<meta property=\"og:site_name\" content=\"Argon &amp; Co\" \/>\n<meta property=\"article:modified_time\" content=\"2025-11-18T16:12:24+00:00\" \/>\n<meta name=\"twitter:card\" content=\"summary_large_image\" \/>\n<meta name=\"twitter:label1\" content=\"Gesch\u00e4tzte Lesezeit\" \/>\n\t<meta name=\"twitter:data1\" content=\"2 Minuten\" \/>\n<script type=\"application\/ld+json\" class=\"yoast-schema-graph\">{\"@context\":\"https:\\\/\\\/schema.org\",\"@graph\":[{\"@type\":\"WebPage\",\"@id\":\"https:\\\/\\\/www.argonandco.com\\\/de\\\/leistungen\\\/operations-strategy\\\/operating-model\\\/\",\"url\":\"https:\\\/\\\/www.argonandco.com\\\/de\\\/leistungen\\\/operations-strategy\\\/operating-model\\\/\",\"name\":\"\\\"Agile Operating Model\\\" Beratung - Argon &amp; Co\",\"isPartOf\":{\"@id\":\"https:\\\/\\\/www.argonandco.com\\\/de\\\/#website\"},\"datePublished\":\"2019-09-11T14:22:07+00:00\",\"dateModified\":\"2025-11-18T16:12:24+00:00\",\"breadcrumb\":{\"@id\":\"https:\\\/\\\/www.argonandco.com\\\/de\\\/leistungen\\\/operations-strategy\\\/operating-model\\\/#breadcrumb\"},\"inLanguage\":\"de\",\"potentialAction\":[{\"@type\":\"ReadAction\",\"target\":[\"https:\\\/\\\/www.argonandco.com\\\/de\\\/leistungen\\\/operations-strategy\\\/operating-model\\\/\"]}]},{\"@type\":\"BreadcrumbList\",\"@id\":\"https:\\\/\\\/www.argonandco.com\\\/de\\\/leistungen\\\/operations-strategy\\\/operating-model\\\/#breadcrumb\",\"itemListElement\":[{\"@type\":\"ListItem\",\"position\":1,\"name\":\"Home\",\"item\":\"https:\\\/\\\/www.argonandco.com\\\/de\\\/\"},{\"@type\":\"ListItem\",\"position\":2,\"name\":\"Leistungen\",\"item\":\"https:\\\/\\\/www.argonandco.com\\\/de\\\/leistungen\\\/\"},{\"@type\":\"ListItem\",\"position\":3,\"name\":\"Operations strategy\",\"item\":\"https:\\\/\\\/www.argonandco.com\\\/de\\\/leistungen\\\/operations-strategy\\\/\"},{\"@type\":\"ListItem\",\"position\":4,\"name\":\"&#8220;Agile Operating Model&#8221; Beratung\"}]},{\"@type\":\"WebSite\",\"@id\":\"https:\\\/\\\/www.argonandco.com\\\/de\\\/#website\",\"url\":\"https:\\\/\\\/www.argonandco.com\\\/de\\\/\",\"name\":\"Argon &amp; Co\",\"description\":\"We help clients achieve their strategic and operational objectives, working together to transform their businesses and generate real change.\",\"potentialAction\":[{\"@type\":\"SearchAction\",\"target\":{\"@type\":\"EntryPoint\",\"urlTemplate\":\"https:\\\/\\\/www.argonandco.com\\\/de\\\/?s={search_term_string}\"},\"query-input\":{\"@type\":\"PropertyValueSpecification\",\"valueRequired\":true,\"valueName\":\"search_term_string\"}}],\"inLanguage\":\"de\"}]}<\/script>\n<!-- \/ Yoast SEO plugin. -->","yoast_head_json":{"title":"\"Agile Operating Model\" Beratung - Argon &amp; Co","robots":{"index":"index","follow":"follow","max-snippet":"max-snippet:-1","max-image-preview":"max-image-preview:large","max-video-preview":"max-video-preview:-1"},"canonical":"https:\/\/www.argonandco.com\/de\/leistungen\/operations-strategy\/operating-model\/","og_locale":"de_DE","og_type":"article","og_title":"\"Agile Operating Model\" Beratung - Argon &amp; Co","og_description":"Einf\u00fchrung und Herausforderungen Wenn Unternehmen \u00fcber ihr Betriebsmodell nachdenken, tauchen viele Fragen auf. Ist unser bestehendes Betriebsmodell zweckm\u00e4\u00dfig? Was ist sein Umfang? Wer sollte an der \u00dcberpr\u00fcfung und Gestaltung beteiligt sein? Wie detailliert muss diese sein? Wo fangen wir an? Viele Unternehmen stehen vor der Herausforderung, dass sie zwar wissen, dass ihr Betriebsmodell \u00fcberarbeitet werden [&hellip;]","og_url":"https:\/\/www.argonandco.com\/de\/leistungen\/operations-strategy\/operating-model\/","og_site_name":"Argon &amp; Co","article_modified_time":"2025-11-18T16:12:24+00:00","twitter_card":"summary_large_image","twitter_misc":{"Gesch\u00e4tzte Lesezeit":"2 Minuten"},"schema":{"@context":"https:\/\/schema.org","@graph":[{"@type":"WebPage","@id":"https:\/\/www.argonandco.com\/de\/leistungen\/operations-strategy\/operating-model\/","url":"https:\/\/www.argonandco.com\/de\/leistungen\/operations-strategy\/operating-model\/","name":"\"Agile Operating Model\" Beratung - Argon &amp; Co","isPartOf":{"@id":"https:\/\/www.argonandco.com\/de\/#website"},"datePublished":"2019-09-11T14:22:07+00:00","dateModified":"2025-11-18T16:12:24+00:00","breadcrumb":{"@id":"https:\/\/www.argonandco.com\/de\/leistungen\/operations-strategy\/operating-model\/#breadcrumb"},"inLanguage":"de","potentialAction":[{"@type":"ReadAction","target":["https:\/\/www.argonandco.com\/de\/leistungen\/operations-strategy\/operating-model\/"]}]},{"@type":"BreadcrumbList","@id":"https:\/\/www.argonandco.com\/de\/leistungen\/operations-strategy\/operating-model\/#breadcrumb","itemListElement":[{"@type":"ListItem","position":1,"name":"Home","item":"https:\/\/www.argonandco.com\/de\/"},{"@type":"ListItem","position":2,"name":"Leistungen","item":"https:\/\/www.argonandco.com\/de\/leistungen\/"},{"@type":"ListItem","position":3,"name":"Operations strategy","item":"https:\/\/www.argonandco.com\/de\/leistungen\/operations-strategy\/"},{"@type":"ListItem","position":4,"name":"&#8220;Agile Operating Model&#8221; Beratung"}]},{"@type":"WebSite","@id":"https:\/\/www.argonandco.com\/de\/#website","url":"https:\/\/www.argonandco.com\/de\/","name":"Argon &amp; Co","description":"We help clients achieve their strategic and operational objectives, working together to transform their businesses and generate real change.","potentialAction":[{"@type":"SearchAction","target":{"@type":"EntryPoint","urlTemplate":"https:\/\/www.argonandco.com\/de\/?s={search_term_string}"},"query-input":{"@type":"PropertyValueSpecification","valueRequired":true,"valueName":"search_term_string"}}],"inLanguage":"de"}]}},"_links":{"self":[{"href":"https:\/\/www.argonandco.com\/de\/wp-json\/wp\/v2\/pages\/30276","targetHints":{"allow":["GET"]}}],"collection":[{"href":"https:\/\/www.argonandco.com\/de\/wp-json\/wp\/v2\/pages"}],"about":[{"href":"https:\/\/www.argonandco.com\/de\/wp-json\/wp\/v2\/types\/page"}],"author":[{"embeddable":true,"href":"https:\/\/www.argonandco.com\/de\/wp-json\/wp\/v2\/users\/1"}],"replies":[{"embeddable":true,"href":"https:\/\/www.argonandco.com\/de\/wp-json\/wp\/v2\/comments?post=30276"}],"version-history":[{"count":0,"href":"https:\/\/www.argonandco.com\/de\/wp-json\/wp\/v2\/pages\/30276\/revisions"}],"up":[{"embeddable":true,"href":"https:\/\/www.argonandco.com\/de\/wp-json\/wp\/v2\/pages\/30416"}],"wp:attachment":[{"href":"https:\/\/www.argonandco.com\/de\/wp-json\/wp\/v2\/media?parent=30276"}],"curies":[{"name":"wp","href":"https:\/\/api.w.org\/{rel}","templated":true}]}}