{"id":30275,"date":"2019-09-11T15:22:23","date_gmt":"2019-09-11T14:22:07","guid":{"rendered":"https:\/\/www.argonandco.com\/organisation-and-people\/"},"modified":"2025-11-17T12:24:25","modified_gmt":"2025-11-17T12:24:25","slug":"organisationsgestaltung-und-change-consultancy","status":"publish","type":"page","link":"https:\/\/www.argonandco.com\/de\/leistungen\/operations-strategy\/organisationsgestaltung-und-change-consultancy\/","title":{"rendered":"Organisationsgestaltung und Change Consultancy"},"content":{"rendered":"<h2><b>Einf\u00fchrung und Herausforderungen<\/b><\/h2>\n<p><span class=\"intro\" style=\"font-weight: 400;\">Unternehmen wissen, dass Menschen und F\u00e4higkeiten entscheidend f\u00fcr ihren Erfolg sind, doch viele schaffen es nicht, klare Strategien zu entwickeln, um ihre Mitarbeiter zu halten, weiterzubilden, zu motivieren und weiterzuentwickeln, damit sie den Anforderungen des Unternehmens gerecht werden.<\/span><\/p>\n<p><span style=\"font-weight: 400;\">F\u00fcr die meisten Unternehmen, die sich in einer Transformationsphase befinden, stehen die F\u00e4higkeiten ihrer Mitarbeiter im Mittelpunkt der Herausforderungen. Oftmals werden f\u00fcr wichtige Projektfunktionen sachkundige und erfahrene Teammitglieder ben\u00f6tigt, wodurch L\u00fccken in den laufenden Gesch\u00e4ftsabl\u00e4ufen entstehen. Unternehmen k\u00f6nnen w\u00e4hrend eines Ver\u00e4nderungsprozesses externe Fachkr\u00e4fte hinzuziehen, doch muss der Wissenstransfer dennoch gesteuert werden, um eine nachhaltige Ver\u00e4nderung zu gew\u00e4hrleisten. Die richtige Balance kann dar\u00fcber entscheiden, ob eine Ver\u00e4nderung von Dauer ist oder scheitert.<\/span><\/p>\n<p><span style=\"font-weight: 400;\">Eine h\u00e4ufige Ursache f\u00fcr schlechte Leistungen sind falsch ausgerichtete pers\u00f6nliche Kennzahlen und Anreize. Unternehmen m\u00fcssen ganzheitlich betrachten, wie sie ihre Mitarbeiter bewerten und motivieren, sie so behandeln, wie es die Unternehmensstrategie vorsieht, und sie zu den Leistungen motivieren, die das Betriebsmodell erfordert.<\/span><\/p>\n<p><span style=\"font-weight: 400;\">Eine starke Organisationsstruktur und ein Fahrplan f\u00fcr die Entwicklung der Mitarbeiterf\u00e4higkeiten sind f\u00fcr Unternehmen unerl\u00e4sslich, um ihre strategischen Ziele zu erreichen.\u00a0<\/span><\/p>\n<h2><b>Wie wir helfen k\u00f6nnen<\/b><\/h2>\n<p><span style=\"font-weight: 400;\">Wir \u00fcberpr\u00fcfen, konzipieren und implementieren organisatorische Ver\u00e4nderungen, bauen Teams oder sogar ganze Unternehmensstrukturen auf oder optimieren diese und unterst\u00fctzen unsere Kunden dabei, die F\u00e4higkeiten ihrer Mitarbeiter auszubauen. Dazu verf\u00fcgen wir \u00fcber ein Rahmenwerk zur Bewertung der vorhandenen Kompetenzen Ihrer Mitarbeiter und ein Programm, das F\u00fchrungskr\u00e4ften dabei hilft, Verbesserungspl\u00e4ne zur Schlie\u00dfung identifizierter L\u00fccken zu erstellen.<\/span><\/p>\n<p><span style=\"font-weight: 400;\">Wir bieten folgende Unterst\u00fctzung:<\/span><\/p>\n<ul>\n<li>Bereitstellung eines klaren Rahmens zur Bewertung, Gestaltung und Verankerung einer neuen Organisationsstruktur<\/li>\n<li>Identifizierung der Kernkompetenzen, in die ein Unternehmen investieren sollte, abgestimmt auf die Gesch\u00e4fts- und Betriebsstrategie. Dazu geh\u00f6ren Einblicke in Best Practices in sich entwickelnden Bereichen wie digitale F\u00e4higkeiten<\/li>\n<li>Erstellung eines Zielorganisationsentwurfs<\/li>\n<li>Entwicklung klarer Rollen und Verantwortlichkeiten. Dazu geh\u00f6ren Definitionen, erforderliche F\u00e4higkeiten, wichtige Schnittstellen und Kennzahlen<\/li>\n<li>Personaleinsch\u00e4tzungen. Wir verwenden unser scprime\u00ae-Kompetenzmodell, um eine schnelle Einsch\u00e4tzung der bestehenden Teammitglieder vorzunehmen, einen klaren Bericht \u00fcber die aktuellen Kompetenzen und L\u00fccken zu erstellen und gemeinsam mit den Teams Ma\u00dfnahmen zur Schlie\u00dfung der L\u00fccken zu entwickeln<\/li>\n<li>Einsch\u00e4tzung der Anzahl der Mitarbeiter pro Rolle, in der Regel abh\u00e4ngig vom Umfang und der Komplexit\u00e4t der Rollen<\/li>\n<li>Schulung und Einbindung der Stakeholder auf allen Ebenen, um Akzeptanz und Abstimmung sicherzustellen<\/li>\n<li>Schulungs- und Weiterbildungsstrategie und deren Umsetzung zur Unterst\u00fctzung von Transformationsprogrammen<\/li>\n<\/ul>\n<p><span style=\"font-weight: 400;\">Die Entwicklung der richtigen Kompetenzen der Mitarbeiter in einem Unternehmen ist oft ein schrittweiser und kontinuierlicher Prozess. Dieser muss sorgf\u00e4ltig gesteuert werden und die Ver\u00e4nderungsgeschichte des Unternehmens ber\u00fccksichtigen. Es gibt keine Standardl\u00f6sung, da jedes Unternehmen unterschiedliche Ziele verfolgt und von einer anderen Ausgangslage ausgeht.<\/span><\/p>\n","protected":false},"excerpt":{"rendered":"<p>Einf\u00fchrung und Herausforderungen Unternehmen wissen, dass Menschen und F\u00e4higkeiten entscheidend f\u00fcr ihren Erfolg sind, doch viele schaffen es nicht, klare Strategien zu entwickeln, um ihre Mitarbeiter zu halten, weiterzubilden, zu motivieren und weiterzuentwickeln, damit sie den Anforderungen des Unternehmens gerecht werden. F\u00fcr die meisten Unternehmen, die sich in einer Transformationsphase befinden, stehen die F\u00e4higkeiten ihrer [&hellip;]<\/p>\n","protected":false},"author":1,"featured_media":0,"parent":30416,"menu_order":7,"comment_status":"closed","ping_status":"closed","template":"","meta":{"_acf_changed":false,"footnotes":""},"class_list":["post-30275","page","type-page","status-publish","hentry"],"acf":[],"yoast_head":"<!-- This site is optimized with the Yoast SEO plugin v27.4 - https:\/\/yoast.com\/product\/yoast-seo-wordpress\/ -->\n<title>Organisationsgestaltung und Change Consultancy - Argon &amp; Co<\/title>\n<meta name=\"robots\" content=\"index, follow, max-snippet:-1, max-image-preview:large, max-video-preview:-1\" \/>\n<link rel=\"canonical\" href=\"https:\/\/www.argonandco.com\/de\/leistungen\/operations-strategy\/organisationsgestaltung-und-change-consultancy\/\" \/>\n<meta property=\"og:locale\" content=\"de_DE\" \/>\n<meta property=\"og:type\" content=\"article\" \/>\n<meta property=\"og:title\" content=\"Organisationsgestaltung und Change Consultancy - Argon &amp; Co\" \/>\n<meta property=\"og:description\" content=\"Einf\u00fchrung und Herausforderungen Unternehmen wissen, dass Menschen und F\u00e4higkeiten entscheidend f\u00fcr ihren Erfolg sind, doch viele schaffen es nicht, klare Strategien zu entwickeln, um ihre Mitarbeiter zu halten, weiterzubilden, zu motivieren und weiterzuentwickeln, damit sie den Anforderungen des Unternehmens gerecht werden. F\u00fcr die meisten Unternehmen, die sich in einer Transformationsphase befinden, stehen die F\u00e4higkeiten ihrer [&hellip;]\" \/>\n<meta property=\"og:url\" content=\"https:\/\/www.argonandco.com\/de\/leistungen\/operations-strategy\/organisationsgestaltung-und-change-consultancy\/\" \/>\n<meta property=\"og:site_name\" content=\"Argon &amp; Co\" \/>\n<meta property=\"article:modified_time\" content=\"2025-11-17T12:24:25+00:00\" \/>\n<meta name=\"twitter:card\" content=\"summary_large_image\" \/>\n<meta name=\"twitter:label1\" content=\"Gesch\u00e4tzte Lesezeit\" \/>\n\t<meta name=\"twitter:data1\" content=\"2 Minuten\" \/>\n<script type=\"application\/ld+json\" class=\"yoast-schema-graph\">{\"@context\":\"https:\\\/\\\/schema.org\",\"@graph\":[{\"@type\":\"WebPage\",\"@id\":\"https:\\\/\\\/www.argonandco.com\\\/de\\\/leistungen\\\/operations-strategy\\\/organisationsgestaltung-und-change-consultancy\\\/\",\"url\":\"https:\\\/\\\/www.argonandco.com\\\/de\\\/leistungen\\\/operations-strategy\\\/organisationsgestaltung-und-change-consultancy\\\/\",\"name\":\"Organisationsgestaltung und Change Consultancy - Argon &amp; Co\",\"isPartOf\":{\"@id\":\"https:\\\/\\\/www.argonandco.com\\\/de\\\/#website\"},\"datePublished\":\"2019-09-11T14:22:07+00:00\",\"dateModified\":\"2025-11-17T12:24:25+00:00\",\"breadcrumb\":{\"@id\":\"https:\\\/\\\/www.argonandco.com\\\/de\\\/leistungen\\\/operations-strategy\\\/organisationsgestaltung-und-change-consultancy\\\/#breadcrumb\"},\"inLanguage\":\"de\",\"potentialAction\":[{\"@type\":\"ReadAction\",\"target\":[\"https:\\\/\\\/www.argonandco.com\\\/de\\\/leistungen\\\/operations-strategy\\\/organisationsgestaltung-und-change-consultancy\\\/\"]}]},{\"@type\":\"BreadcrumbList\",\"@id\":\"https:\\\/\\\/www.argonandco.com\\\/de\\\/leistungen\\\/operations-strategy\\\/organisationsgestaltung-und-change-consultancy\\\/#breadcrumb\",\"itemListElement\":[{\"@type\":\"ListItem\",\"position\":1,\"name\":\"Home\",\"item\":\"https:\\\/\\\/www.argonandco.com\\\/de\\\/\"},{\"@type\":\"ListItem\",\"position\":2,\"name\":\"Leistungen\",\"item\":\"https:\\\/\\\/www.argonandco.com\\\/de\\\/leistungen\\\/\"},{\"@type\":\"ListItem\",\"position\":3,\"name\":\"Operations strategy\",\"item\":\"https:\\\/\\\/www.argonandco.com\\\/de\\\/leistungen\\\/operations-strategy\\\/\"},{\"@type\":\"ListItem\",\"position\":4,\"name\":\"Organisationsgestaltung und Change Consultancy\"}]},{\"@type\":\"WebSite\",\"@id\":\"https:\\\/\\\/www.argonandco.com\\\/de\\\/#website\",\"url\":\"https:\\\/\\\/www.argonandco.com\\\/de\\\/\",\"name\":\"Argon &amp; Co\",\"description\":\"We help clients achieve their strategic and operational objectives, working together to transform their businesses and generate real change.\",\"potentialAction\":[{\"@type\":\"SearchAction\",\"target\":{\"@type\":\"EntryPoint\",\"urlTemplate\":\"https:\\\/\\\/www.argonandco.com\\\/de\\\/?s={search_term_string}\"},\"query-input\":{\"@type\":\"PropertyValueSpecification\",\"valueRequired\":true,\"valueName\":\"search_term_string\"}}],\"inLanguage\":\"de\"}]}<\/script>\n<!-- \/ Yoast SEO plugin. -->","yoast_head_json":{"title":"Organisationsgestaltung und Change Consultancy - Argon &amp; Co","robots":{"index":"index","follow":"follow","max-snippet":"max-snippet:-1","max-image-preview":"max-image-preview:large","max-video-preview":"max-video-preview:-1"},"canonical":"https:\/\/www.argonandco.com\/de\/leistungen\/operations-strategy\/organisationsgestaltung-und-change-consultancy\/","og_locale":"de_DE","og_type":"article","og_title":"Organisationsgestaltung und Change Consultancy - Argon &amp; Co","og_description":"Einf\u00fchrung und Herausforderungen Unternehmen wissen, dass Menschen und F\u00e4higkeiten entscheidend f\u00fcr ihren Erfolg sind, doch viele schaffen es nicht, klare Strategien zu entwickeln, um ihre Mitarbeiter zu halten, weiterzubilden, zu motivieren und weiterzuentwickeln, damit sie den Anforderungen des Unternehmens gerecht werden. F\u00fcr die meisten Unternehmen, die sich in einer Transformationsphase befinden, stehen die F\u00e4higkeiten ihrer [&hellip;]","og_url":"https:\/\/www.argonandco.com\/de\/leistungen\/operations-strategy\/organisationsgestaltung-und-change-consultancy\/","og_site_name":"Argon &amp; Co","article_modified_time":"2025-11-17T12:24:25+00:00","twitter_card":"summary_large_image","twitter_misc":{"Gesch\u00e4tzte Lesezeit":"2 Minuten"},"schema":{"@context":"https:\/\/schema.org","@graph":[{"@type":"WebPage","@id":"https:\/\/www.argonandco.com\/de\/leistungen\/operations-strategy\/organisationsgestaltung-und-change-consultancy\/","url":"https:\/\/www.argonandco.com\/de\/leistungen\/operations-strategy\/organisationsgestaltung-und-change-consultancy\/","name":"Organisationsgestaltung und Change Consultancy - Argon &amp; Co","isPartOf":{"@id":"https:\/\/www.argonandco.com\/de\/#website"},"datePublished":"2019-09-11T14:22:07+00:00","dateModified":"2025-11-17T12:24:25+00:00","breadcrumb":{"@id":"https:\/\/www.argonandco.com\/de\/leistungen\/operations-strategy\/organisationsgestaltung-und-change-consultancy\/#breadcrumb"},"inLanguage":"de","potentialAction":[{"@type":"ReadAction","target":["https:\/\/www.argonandco.com\/de\/leistungen\/operations-strategy\/organisationsgestaltung-und-change-consultancy\/"]}]},{"@type":"BreadcrumbList","@id":"https:\/\/www.argonandco.com\/de\/leistungen\/operations-strategy\/organisationsgestaltung-und-change-consultancy\/#breadcrumb","itemListElement":[{"@type":"ListItem","position":1,"name":"Home","item":"https:\/\/www.argonandco.com\/de\/"},{"@type":"ListItem","position":2,"name":"Leistungen","item":"https:\/\/www.argonandco.com\/de\/leistungen\/"},{"@type":"ListItem","position":3,"name":"Operations strategy","item":"https:\/\/www.argonandco.com\/de\/leistungen\/operations-strategy\/"},{"@type":"ListItem","position":4,"name":"Organisationsgestaltung und Change Consultancy"}]},{"@type":"WebSite","@id":"https:\/\/www.argonandco.com\/de\/#website","url":"https:\/\/www.argonandco.com\/de\/","name":"Argon &amp; Co","description":"We help clients achieve their strategic and operational objectives, working together to transform their businesses and generate real change.","potentialAction":[{"@type":"SearchAction","target":{"@type":"EntryPoint","urlTemplate":"https:\/\/www.argonandco.com\/de\/?s={search_term_string}"},"query-input":{"@type":"PropertyValueSpecification","valueRequired":true,"valueName":"search_term_string"}}],"inLanguage":"de"}]}},"_links":{"self":[{"href":"https:\/\/www.argonandco.com\/de\/wp-json\/wp\/v2\/pages\/30275","targetHints":{"allow":["GET"]}}],"collection":[{"href":"https:\/\/www.argonandco.com\/de\/wp-json\/wp\/v2\/pages"}],"about":[{"href":"https:\/\/www.argonandco.com\/de\/wp-json\/wp\/v2\/types\/page"}],"author":[{"embeddable":true,"href":"https:\/\/www.argonandco.com\/de\/wp-json\/wp\/v2\/users\/1"}],"replies":[{"embeddable":true,"href":"https:\/\/www.argonandco.com\/de\/wp-json\/wp\/v2\/comments?post=30275"}],"version-history":[{"count":0,"href":"https:\/\/www.argonandco.com\/de\/wp-json\/wp\/v2\/pages\/30275\/revisions"}],"up":[{"embeddable":true,"href":"https:\/\/www.argonandco.com\/de\/wp-json\/wp\/v2\/pages\/30416"}],"wp:attachment":[{"href":"https:\/\/www.argonandco.com\/de\/wp-json\/wp\/v2\/media?parent=30275"}],"curies":[{"name":"wp","href":"https:\/\/api.w.org\/{rel}","templated":true}]}}