{"id":30239,"date":"2020-01-14T17:20:09","date_gmt":"2020-01-14T17:20:09","guid":{"rendered":"https:\/\/www.argonandco.com\/privacy-policy\/"},"modified":"2025-07-29T17:22:09","modified_gmt":"2025-07-29T16:22:09","slug":"privacy-policy","status":"publish","type":"page","link":"https:\/\/www.argonandco.com\/de\/privacy-policy\/","title":{"rendered":"Datenschutzerkl\u00e4rung"},"content":{"rendered":"<h2>Rechtliches<\/h2>\n<p>Argon &amp; Co ist der Handelsname von Argon Consulting S.A.S., einem in Frankreich unter der Firmennummer 398 742 593 \u2013 RCS Nanterre eingetragenem Unternehmen. Sitz der Gesellschaft: Argon Consulting, 122 rue Edouard Vaillant, 92300 Levallois-Perret, Frankreich<\/p>\n<h2>Datenschutz<\/h2>\n<p>Argon &amp; Co nimmt den Schutz Ihrer Daten sehr ernst und verpflichtet sich gem\u00e4\u00df dem Datenschutzgesetz von 2018 und den Datenschutz-Grundverordnungen, den Schutz Ihrer Daten und Ihrer Privatsph\u00e4re zu gew\u00e4hrleisten. Sollten wir Sie um die Angabe bestimmter Informationen bitten, anhand derer Sie bei der Interaktion mit uns identifiziert werden k\u00f6nnen, k\u00f6nnen Sie sicher sein, dass diese nur in \u00dcbereinstimmung mit dieser Datenschutzerkl\u00e4rung verwendet werden. Argon &amp; Co ist der Datenverantwortliche (in dieser Erkl\u00e4rung als \u201ewir\u201d oder \u201euns\u201d bezeichnet) f\u00fcr Daten, die wir \u00fcber unsere Website erfassen, wenn Sie eine Anfrage stellen, Teil unseres Alumni-Netzwerks sind oder sich bei uns bewerben m\u00f6chten. Wir sind Datenverarbeiter f\u00fcr die Daten, die wir in unseren Beziehungen zu unseren Kunden verwenden. Obwohl diese Daten haupts\u00e4chlich f\u00fcr gesch\u00e4ftliche Zwecke und zur Verarbeitung verwendet werden, sind wir uns bewusst, dass wir dennoch personenbezogene Daten der Mitarbeiter oder Gesch\u00e4ftskontakte jedes Kunden verwenden werden. Wir k\u00f6nnen diese Erkl\u00e4rung von Zeit zu Zeit durch Aktualisierung dieser Seite \u00e4ndern. Sie sollten diese Seite regelm\u00e4\u00dfig \u00fcberpr\u00fcfen, um sicherzustellen, dass Sie mit den \u00c4nderungen einverstanden sind. Diese Erkl\u00e4rung wurde zuletzt am 22. August aktualisiert.<\/p>\n<p>&nbsp;<\/p>\n<h2>Datenerfassung<\/h2>\n<p><span class=\"intro\">Personenbezogene Daten<\/span><\/p>\n<p>Argon &amp; Co bietet Dienstleistungen im Bereich Betriebsstrategie und Transformation an. Um Ihnen diese Dienstleistungen anbieten zu k\u00f6nnen, erfassen wir m\u00f6glicherweise personenbezogene Daten, die wir erhalten, wenn Sie sich:<\/p>\n<ul>\n<li>Registrieren oder unsere Dienstleistungen nachfragen<\/li>\n<li>Einen Bericht herunterladen<\/li>\n<li>In unsere Mailingliste eintragen<\/li>\n<li>An einer unserer Alumni-Veranstaltungen teilnehmen oder uns darauf ansprechen<\/li>\n<li>Bei Argon &amp; Co bewerben<\/li>\n<li>Unsere Website nutzen oder uns kontaktieren<\/li>\n<\/ul>\n<p>Die Daten, die wir von Ihnen erfassen k\u00f6nnen, umfassen:<\/p>\n<ul>\n<li>Ihre pers\u00f6nlichen Daten, darunter Ihre E-Mail-Adresse, Telefonnummer, Firma, Berufsbezeichnung und Branche<\/li>\n<li>Ihre Anmeldedaten f\u00fcr Ihr Konto, wie beispielsweise Ihr Benutzername und das von Ihnen gew\u00e4hlte Passwort<\/li>\n<li>Informationen \u00fcber Ihr Surfverhalten auf unserer Website<\/li>\n<li>Informationen \u00fcber alle Ger\u00e4te, die Sie f\u00fcr den Zugriff auf unsere Website verwendet haben (einschlie\u00dflich Hersteller, Modell und Betriebssystem, IP-Adresse, Adresse der Website, von der aus Sie sich verbunden haben, Browsertyp und Mobilger\u00e4tekennungen usw.)<\/li>\n<li>HTTP-Protokollelemente (Ihre Serveradresse und Top-Level-Domainname (z. B. .com, .gov usw.), Datum und Uhrzeit des Besuchs usw.)<\/li>\n<li>Suchbegriffe<\/li>\n<\/ul>\n<p><span class=\"intro\">Warum wir personenbezogene Daten erheben<\/span><\/p>\n<p>Die von uns verwendeten Daten werden direkt von Ihnen erhoben und zu folgenden Zwecken erfasst:<\/p>\n<ul>\n<li>Erf\u00fcllung unserer vertraglichen Leistungen Ihnen gegen\u00fcber<\/li>\n<li>Um Ihnen die von Ihnen angeforderten Dienstleistungen zu erbringen<\/li>\n<li>F\u00fcr unsere berechtigten Interessen, Sie auf Bereiche aufmerksam zu machen, die f\u00fcr Sie von Interesse sein k\u00f6nnten, oder Sie \u00fcber andere angebotene Produkte und Dienstleistungen zu informieren<\/li>\n<li>Um Ihnen Aktualisierungen zukommen zu lassen, wenn Sie sich f\u00fcr unseren Newsletter angemeldet haben<\/li>\n<li>Erf\u00fcllung unserer gesetzlichen und regulatorischen Verpflichtungen als Arbeitgeber<\/li>\n<li>Zum Schutz und zur Betreuung unserer Mitarbeiter und G\u00e4ste<\/li>\n<li>Zur Verwaltung unserer Website und unserer Systeme<\/li>\n<li>F\u00fcr Forschung und Entwicklung<\/li>\n<\/ul>\n<p>F\u00fcr unsere Webnutzer erheben wir Daten ausschlie\u00dflich zu statistischen Zwecken (z. B. zur Messung der Nutzung\/Leistung der Website), au\u00dfer im Falle einer Sicherheitsverletzung, wenn sie zur R\u00fcckverfolgung der Verletzung verwendet werden k\u00f6nnten. Keine aus Weblogs gesammelten Informationen werden an Dritte weitergegeben oder verkauft.<\/p>\n<p>Alle personenbezogenen Daten, die Sie uns zur Verf\u00fcgung stellen, werden ausschlie\u00dflich f\u00fcr den zum Zeitpunkt der Erfassung angegebenen Zweck verwendet. Diese Daten werden nicht an Dritte weitergegeben, es sei denn, Sie haben dem zugestimmt oder dies ist gem\u00e4\u00df dem Datenschutzgesetz und den Datenschutzgrundverordnungen zul\u00e4ssig.<\/p>\n<p><span class=\"intro\">Wie lange wir Ihre personenbezogenen Daten aufbewahren<\/span><\/p>\n<p>Wir speichern Ihre personenbezogenen Daten. Dies geschieht, um Ihnen einen hochwertigen und konsistenten Service bieten zu k\u00f6nnen. Wir speichern Ihre personenbezogenen Daten stets in \u00dcbereinstimmung mit den gesetzlichen Bestimmungen und bewahren sie nicht l\u00e4nger als erforderlich auf.<\/p>\n<h2>Datensicherheit<\/h2>\n<p><span class=\"intro\">Sicherer Schutz Ihrer Daten<\/span><\/p>\n<p>Wir verpflichten uns, Ihre personenbezogenen Daten zu sch\u00fctzen und vor unberechtigtem oder versehentlichem Zugriff, Verwendung, Weitergabe oder Zerst\u00f6rung sowie vor Verlust zu sichern.<\/p>\n<p>Um unbefugten Zugriff oder unbefugte Offenlegung zu verhindern, haben wir geeignete physische, elektronische und verwaltungstechnische Verfahren zum Schutz und zur Sicherung der von uns online und in Papierform erfassten Daten eingerichtet und gew\u00e4hren nur Mitarbeitern, die Zugriff ben\u00f6tigen, Zugriff auf Ihre Daten.<\/p>\n<p>Wir verwenden iThemes Security, um die Daten auf unserer Website zu sch\u00fctzen. iThemes erfasst die IP-Adresse der Besucher, die Benutzer-ID der angemeldeten Benutzer und den Benutzernamen von Anmeldeversuchen, um b\u00f6swillige Aktivit\u00e4ten zu \u00fcberpr\u00fcfen und die Website vor bestimmten Arten von Angriffen zu sch\u00fctzen. Beispiele f\u00fcr Bedingungen, unter denen eine Protokollierung erfolgt, sind Anmeldeversuche, Abmeldeanfragen, Anfragen nach verd\u00e4chtigen URLs, \u00c4nderungen am Inhalt der Website und Passwortaktualisierungen. Diese Informationen werden 30 Tage lang gespeichert.<\/p>\n<p>Diese Website wird auf potenzielle Malware und Schwachstellen \u00fcberpr\u00fcft und ist Teil eines Netzwerks von Websites, die vor verteilten Brute-Force-Angriffen sch\u00fctzen. Um diesen Schutz zu erm\u00f6glichen, wird die IP-Adresse von Besuchern, die versuchen, sich auf der Website anzumelden, an einen von iThemes.com bereitgestellten Dienst weitergegeben. Einzelheiten zur Datenschutzerkl\u00e4rung finden Sie unter iT<br \/>\nWir verpflichten uns, Ihre personenbezogenen Daten zu sch\u00fctzen und vor unberechtigtem oder versehentlichem Zugriff, Verwendung, Weitergabe oder Zerst\u00f6rung sowie vor Verlust zu sichern.<br \/>\nUm unbefugten Zugriff oder unbefugte Offenlegung zu verhindern, haben wir geeignete physische, elektronische und verwaltungstechnische Verfahren zum Schutz und zur Sicherung der von uns online und in Papierform erfassten Daten eingerichtet und gew\u00e4hren nur Mitarbeitern, die Zugriff ben\u00f6tigen, Zugriff auf Ihre Daten.<\/p>\n<p>Wir verwenden iThemes Security, um die Daten auf unserer Website zu sch\u00fctzen. iThemes erfasst die IP-Adresse der Besucher, die Benutzer-ID der angemeldeten Benutzer und den Benutzernamen von Anmeldeversuchen, um b\u00f6swillige Aktivit\u00e4ten zu \u00fcberpr\u00fcfen und die Website vor bestimmten Arten von Angriffen zu sch\u00fctzen. Beispiele f\u00fcr Bedingungen, unter denen eine Protokollierung erfolgt, sind Anmeldeversuche, Abmeldeanfragen, Anfragen nach verd\u00e4chtigen URLs, \u00c4nderungen am Inhalt der Website und Passwortaktualisierungen. Diese Informationen werden 30 Tage lang gespeichert.<\/p>\n<p>Diese Website wird auf potenzielle Malware und Schwachstellen \u00fcberpr\u00fcft und ist Teil eines Netzwerks von Websites, die vor verteilten Brute-Force-Angriffen sch\u00fctzen. Um diesen Schutz zu erm\u00f6glichen, wird die IP-Adresse von Besuchern, die versuchen, sich auf der Website anzumelden, an einen von iThemes.com bereitgestellten Dienst weitergegeben. Einzelheiten zur Datenschutzerkl\u00e4rung finden Sie in der Datenschutzerkl\u00e4rung von iThemes.<\/p>\n<p><span class=\"intro\">Internationale Daten\u00fcbertragungen<\/span><\/p>\n<p>Im Rahmen unserer normalen Gesch\u00e4ftst\u00e4tigkeit geben wir keine Daten au\u00dferhalb des EWR weiter, es sei denn, dies ist innerhalb unserer eigenen Konzerngesellschaften erforderlich und dient ausschlie\u00dflich dem Zweck, Ihnen unsere Dienstleistungen zu erbringen.<\/p>\n<p>Personenbezogene Daten k\u00f6nnen im Rahmen der Angebotsabgabe f\u00fcr neue Auftr\u00e4ge in L\u00e4nder au\u00dferhalb des EWR \u00fcbertragen werden (z. B. Lebensl\u00e4ufe von Mitarbeitern, Visa- oder Passdaten als Nachweis der Arbeitserlaubnis in einem Land).Alle Daten, die au\u00dferhalb des EWR \u00fcbertragen werden, werden m\u00f6glicherweise in L\u00e4ndern verarbeitet, die gem\u00e4\u00df den Datenschutzgesetzen nicht als sichere Gebiete gelten.<\/p>\n<p>Argon &amp; Co wird diese \u00dcbertragungen daher nur an Unternehmen vornehmen, die unsere Gesch\u00e4ftsbedingungen akzeptiert haben, in denen ihre Datenschutzverantwortlichkeiten dokumentiert sind und bei denen wir angemessene Schutzvorkehrungen und Sicherheitsma\u00dfnahmen f\u00fcr gegeben halten oder bei denen wir Ihre Zustimmung haben.<\/p>\n<h2>Cookies<\/h2>\n<p><span class=\"intro\">Definition und Verwendungszweck<\/span><\/p>\n<p>Cookies sind kleine Datendateien, mit denen eine Website verschiedene Daten auf Ihrem Desktop-Computer, Laptop oder Mobilger\u00e4t sammeln und speichern kann. Cookies enthalten Informationen, die f\u00fcr Ihren Webbrowser einzigartig sind und es der Website erm\u00f6glichen, sich Ihre Auswahl und Pr\u00e4ferenzen w\u00e4hrend Ihres Besuchs zu merken. Sie enthalten jedoch keine personenbezogenen Daten, mit denen Sie identifiziert werden k\u00f6nnen.<\/p>\n<p>Cookies helfen uns dabei, wichtige Funktionen auf unserer Website bereitzustellen, und wir verwenden sie, um Ihr Kundenerlebnis zu verbessern. Cookies helfen unserer Website dabei, Ihr Ger\u00e4t zu erkennen und kleine Informationen \u00fcber Ihren Besuch zu speichern, wie beispielsweise Ihre Pr\u00e4ferenzen, Einstellungen und die Art und Weise, wie Sie die Website nutzen. Diese Informationen werden dann verwendet, um die Interaktion mit unserer Website zu personalisieren und zu verbessern.<\/p>\n<p><span class=\"intro\">Wie wir Cookies verwenden<\/span><\/p>\n<p>Wir verwenden Cookies f\u00fcr folgende Zwecke:<\/p>\n<ul>\n<li>Forschung und Entwicklung: Cookies helfen uns dabei, zu verstehen, wie unsere Website genutzt wird. Diese Cookies werden f\u00fcr die Verwaltung der Website verwendet und umfassen die Erfassung der Besucherzahlen und andere Webanalysen. Cookies erm\u00f6glichen es uns, die Funktionsweise unserer Website zu verbessern, damit wir Ihr Erlebnis personalisieren k\u00f6nnen.<\/li>\n<li>Messung der Wirksamkeit unserer Marketingkommunikation: Wir verwenden Cookies, um die Wirksamkeit unserer Marketingkommunikation zu messen, indem wir beispielsweise erfahren, ob Sie eine von uns gesendete Marketing-E-Mail ge\u00f6ffnet haben.<\/li>\n<\/ul>\n<p><span class=\"intro\">Google Analytics und Cookies<\/span><\/p>\n<p>Google Analytics ist ein Webanalysedienst der Google Inc., der Cookies verwendet, um die Nutzung dieser Website durch die Nutzer zu analysieren. Die durch den Cookie erzeugten Informationen \u00fcber Ihre Nutzung dieser Website (wie Ihre IP-Adresse, die besuchte URL, das Datum und die Uhrzeit des Seitenaufrufs) werden an Google \u00fcbertragen und auf Servern in den Vereinigten Staaten gespeichert. Google wird diese Informationen benutzen, um Ihre Nutzung der Website auszuwerten, um Reports \u00fcber die Websiteaktivit\u00e4ten f\u00fcr die Websitebetreiber zusammenzustellen und um weitere mit der Websitenutzung und der Internetnutzung verbundene Dienstleistungen zu erbringen. Auch wird Google diese Informationen gegebenenfalls an Dritte \u00fcbertragen, sofern dies gesetzlich vorgeschrieben oder soweit Dritte diese Daten im Auftrag von Google verarbeiten. Unsere Google Analytics-Daten werden alle 26 Monate gel\u00f6scht.<\/p>\n<p>Weitere Informationen zu den Datenschutzbestimmungen von Google in Bezug auf Google Analytics finden Sie unter <a href=\"http:\/\/www.google.com\/analytics\/learn\/privacy.html\">http:\/\/www.google.com\/analytics\/learn\/privacy.html<\/a><\/p>\n<p>Sie k\u00f6nnen Google Analytics deaktivieren, indem Sie <a href=\"https:\/\/tools.google.com\/dlpage\/gaoptout?hl+en=GB\">https:\/\/tools.google.com\/dlpage\/gaoptout?hl+en=GB<\/a><\/p>\n<p><span class=\"intro\">So verwalten Sie Ihre Cookies<\/span><\/p>\n<p>Sie k\u00f6nnen die Speicherung von Cookies auf Ihrem Computer durch entsprechende Einstellungen in Ihrem Webbrowser verhindern oder einschr\u00e4nken. Dies kann jedoch zu Einschr\u00e4nkungen der Funktionalit\u00e4t der Website f\u00fchren. Weitere Informationen zum Verwalten von Cookies finden Sie auf den Websites \u201e<a href=\"https:\/\/allaboutcookies.org\/\" target=\"_blank\" rel=\"noopener\">All About Cookies<\/a>\u201c und \u201e<a href=\"https:\/\/www.youronlinechoices.com\/uk\/\">Your Online Choices<\/a>\u201c.<\/p>\n<h2>Weitergabe Ihrer Daten an Dritte<\/h2>\n<p>Der Zugriff auf Ihre personenbezogenen Daten ist nur dann zul\u00e4ssig, wenn dies gesetzlich vorgeschrieben ist oder zur Erf\u00fcllung unserer Dienstleistungsverpflichtungen erforderlich ist. Wir verkaufen Ihre personenbezogenen Daten nicht an Dritte und geben sie auch nicht an Dritte weiter.<\/p>\n<p>F\u00fcr unsere allgemeinen Datenverarbeitungsaktivit\u00e4ten verwenden wir die folgenden Mittel, um die von uns angebotenen Dienste zu verwalten und zu \u00fcberwachen:<\/p>\n<ul>\n<li>Externer IT-Support, um sicherzustellen, dass unsere IT- und Sicherheitsma\u00dfnahmen ausreichend robust sind, um Ihre Daten zu sch\u00fctzen<\/li>\n<li>F\u00fcr die Datenbankverwaltung unserer Kundendienstleistungen<\/li>\n<li>F\u00fcr die Verwaltung und \u00dcberwachung unserer Mitarbeiterdaten<\/li>\n<li>F\u00fcr die Lohnabrechnung und Finanzbuchhaltung<\/li>\n<li>Um uns bei der Weitergabe von Informationen und der Verwaltung der Dienstleistungen zu unterst\u00fctzen, wenn Sie sich in unsere Mailingliste eintragen<\/li>\n<li>F\u00fcr die Bereitstellung von Video\u00fcberwachung<\/li>\n<\/ul>\n<h2>Allgemeines<\/h2>\n<p><span class=\"intro\">Links zu anderen Websites<\/span><\/p>\n<p>Wir stellen Ihnen manchmal Links zu anderen Websites zur Verf\u00fcgung, aber diese Websites unterliegen nicht unserer Kontrolle. Daher haften wir Ihnen gegen\u00fcber nicht f\u00fcr Probleme, die im Zusammenhang mit der Verwendung Ihrer Daten, den Inhalten der Website oder den Ihnen von diesen Websites angebotenen Dienstleistungen entstehen. Wir empfehlen Ihnen, die Datenschutzrichtlinien und Nutzungsbedingungen jeder Website zu konsultieren, um zu erfahren, wie die einzelnen Anbieter Ihre Daten verarbeiten.<\/p>\n<p><span class=\"intro\">Zugriff auf gesammelte Informationen<\/span><\/p>\n<p>Es ist wichtig, dass die personenbezogenen Daten, die wir \u00fcber Sie gespeichert haben, korrekt und aktuell sind. Wenn Sie der Meinung sind, dass die von uns \u00fcber Sie gespeicherten Daten unrichtig oder unvollst\u00e4ndig sind, schreiben Sie uns bitte so schnell wie m\u00f6glich per Post oder E-Mail. Wir werden alle unrichtigen Daten umgehend korrigieren.<\/p>\n<p>Unter bestimmten Umst\u00e4nden haben Sie gem\u00e4\u00df der EU-Datenschutz-Grundverordnung 2016\/679 (DSGVO) Rechte in Bezug auf Ihre personenbezogenen Daten. Sie haben m\u00f6glicherweise das Recht:<\/p>\n<ul>\n<li>Zugriff auf die \u00fcber Sie gespeicherten Daten; Ihr Recht auf Zugriff kann gem\u00e4\u00df den Datenschutzgesetzen ausge\u00fcbt werden<\/li>\n<li>Widerspruch gegen die Verarbeitung Ihrer personenbezogenen Daten oder Aufforderung zur Einschr\u00e4nkung der Verarbeitung f\u00fcr einen der in dieser Richtlinie genannten Zwecke, jederzeit<\/li>\n<li>Aufforderung zur kostenlosen Aktualisierung und Berichtigung veralteter oder unrichtiger personenbezogener Daten, die wir \u00fcber Sie gespeichert haben<\/li>\n<li>Aufforderung zur L\u00f6schung Ihrer personenbezogenen Daten (unter bestimmten Umst\u00e4nden). Wir werden uns bem\u00fchen, solchen Anfragen nachzukommen, jedoch unterliegen diese bestimmten Einschr\u00e4nkungen, wie z. B. gesetzlichen Anforderungen<\/li>\n<li>Beantragen Sie die \u00dcbertragung Ihrer personenbezogenen Daten (unter bestimmten Umst\u00e4nden)<\/li>\n<\/ul>\n<p>Wenn Sie eines der oben genannten Rechte aus\u00fcben oder die in dieser Richtlinie aufgef\u00fchrten Angaben \u00fcberpr\u00fcfen, korrigieren oder beanstanden m\u00f6chten, wenden Sie sich bitte an den folgenden Ansprechpartner f\u00fcr den Schutz personenbezogener Daten:<\/p>\n<ul>\n<li>Anruf: +33 1 55 46 13 00<\/li>\n<li>Email: dpo@argonandco.com<\/li>\n<li>Postadresse: Argon &amp; Co, 122 rue Edouard Vaillant, 92300 Levallois-Perret, France<\/li>\n<\/ul>\n<p>Sie haben au\u00dferdem jederzeit das Recht, eine Beschwerde bei der Nationalen Kommission f\u00fcr Informatik und Freiheiten (CNIL), der Aufsichtsbeh\u00f6rde f\u00fcr Datenschutzfragen (www.cnil.fr), einzureichen. Wir w\u00fcrden uns jedoch freuen, wenn Sie uns Ihre Bedenken zun\u00e4chst mitteilen w\u00fcrden, bevor Sie sich an die CNIL wenden. Bitte <a href=\"https:\/\/www.argonandco.com\/de\/contact-us\/\">kontaktieren Sie uns<\/a> daher zun\u00e4chst.<\/p>\n<p><span class=\"intro\">\u00c4nderungen unserer Datenschutzerkl\u00e4rung<\/span><\/p>\n<p>Wir k\u00f6nnen unsere Datenschutzerkl\u00e4rung von Zeit zu Zeit \u00e4ndern. Alle \u00c4nderungen werden auf unserer Website ver\u00f6ffentlicht, die jederzeit abgerufen werden kann.<\/p>\n","protected":false},"excerpt":{"rendered":"<p>Rechtliches Argon &amp; Co ist der Handelsname von Argon Consulting S.A.S., einem in Frankreich unter der Firmennummer 398 742 593 \u2013 RCS Nanterre eingetragenem Unternehmen. Sitz der Gesellschaft: Argon Consulting, 122 rue Edouard Vaillant, 92300 Levallois-Perret, Frankreich Datenschutz Argon &amp; Co nimmt den Schutz Ihrer Daten sehr ernst und verpflichtet sich gem\u00e4\u00df dem Datenschutzgesetz von [&hellip;]<\/p>\n","protected":false},"author":1,"featured_media":0,"parent":0,"menu_order":21,"comment_status":"closed","ping_status":"closed","template":"","meta":{"_acf_changed":false,"footnotes":""},"class_list":["post-30239","page","type-page","status-publish","hentry"],"acf":[],"yoast_head":"<!-- This site is optimized with the Yoast SEO plugin v27.5 - https:\/\/yoast.com\/product\/yoast-seo-wordpress\/ -->\n<title>Datenschutzerkl\u00e4rung - Argon &amp; Co<\/title>\n<meta name=\"robots\" content=\"index, follow, max-snippet:-1, max-image-preview:large, max-video-preview:-1\" \/>\n<link rel=\"canonical\" href=\"https:\/\/www.argonandco.com\/de\/privacy-policy\/\" \/>\n<meta property=\"og:locale\" content=\"de_DE\" \/>\n<meta property=\"og:type\" content=\"article\" \/>\n<meta property=\"og:title\" content=\"Datenschutzerkl\u00e4rung - Argon &amp; Co\" \/>\n<meta property=\"og:description\" content=\"Rechtliches Argon &amp; Co ist der Handelsname von Argon Consulting S.A.S., einem in Frankreich unter der Firmennummer 398 742 593 \u2013 RCS Nanterre eingetragenem Unternehmen. Sitz der Gesellschaft: Argon Consulting, 122 rue Edouard Vaillant, 92300 Levallois-Perret, Frankreich Datenschutz Argon &amp; Co nimmt den Schutz Ihrer Daten sehr ernst und verpflichtet sich gem\u00e4\u00df dem Datenschutzgesetz von [&hellip;]\" \/>\n<meta property=\"og:url\" content=\"https:\/\/www.argonandco.com\/de\/privacy-policy\/\" \/>\n<meta property=\"og:site_name\" content=\"Argon &amp; Co\" \/>\n<meta property=\"article:modified_time\" content=\"2025-07-29T16:22:09+00:00\" \/>\n<meta name=\"twitter:card\" content=\"summary_large_image\" \/>\n<meta name=\"twitter:label1\" content=\"Gesch\u00e4tzte Lesezeit\" \/>\n\t<meta name=\"twitter:data1\" content=\"11 Minuten\" \/>\n<script type=\"application\/ld+json\" class=\"yoast-schema-graph\">{\"@context\":\"https:\\\/\\\/schema.org\",\"@graph\":[{\"@type\":\"WebPage\",\"@id\":\"https:\\\/\\\/www.argonandco.com\\\/de\\\/privacy-policy\\\/\",\"url\":\"https:\\\/\\\/www.argonandco.com\\\/de\\\/privacy-policy\\\/\",\"name\":\"Datenschutzerkl\u00e4rung - Argon &amp; Co\",\"isPartOf\":{\"@id\":\"https:\\\/\\\/www.argonandco.com\\\/de\\\/#website\"},\"datePublished\":\"2020-01-14T17:20:09+00:00\",\"dateModified\":\"2025-07-29T16:22:09+00:00\",\"breadcrumb\":{\"@id\":\"https:\\\/\\\/www.argonandco.com\\\/de\\\/privacy-policy\\\/#breadcrumb\"},\"inLanguage\":\"de\",\"potentialAction\":[{\"@type\":\"ReadAction\",\"target\":[\"https:\\\/\\\/www.argonandco.com\\\/de\\\/privacy-policy\\\/\"]}]},{\"@type\":\"BreadcrumbList\",\"@id\":\"https:\\\/\\\/www.argonandco.com\\\/de\\\/privacy-policy\\\/#breadcrumb\",\"itemListElement\":[{\"@type\":\"ListItem\",\"position\":1,\"name\":\"Home\",\"item\":\"https:\\\/\\\/www.argonandco.com\\\/de\\\/\"},{\"@type\":\"ListItem\",\"position\":2,\"name\":\"Datenschutzerkl\u00e4rung\"}]},{\"@type\":\"WebSite\",\"@id\":\"https:\\\/\\\/www.argonandco.com\\\/de\\\/#website\",\"url\":\"https:\\\/\\\/www.argonandco.com\\\/de\\\/\",\"name\":\"Argon &amp; Co\",\"description\":\"We help clients achieve their strategic and operational objectives, working together to transform their businesses and generate real change.\",\"potentialAction\":[{\"@type\":\"SearchAction\",\"target\":{\"@type\":\"EntryPoint\",\"urlTemplate\":\"https:\\\/\\\/www.argonandco.com\\\/de\\\/?s={search_term_string}\"},\"query-input\":{\"@type\":\"PropertyValueSpecification\",\"valueRequired\":true,\"valueName\":\"search_term_string\"}}],\"inLanguage\":\"de\"}]}<\/script>\n<!-- \/ Yoast SEO plugin. -->","yoast_head_json":{"title":"Datenschutzerkl\u00e4rung - Argon &amp; Co","robots":{"index":"index","follow":"follow","max-snippet":"max-snippet:-1","max-image-preview":"max-image-preview:large","max-video-preview":"max-video-preview:-1"},"canonical":"https:\/\/www.argonandco.com\/de\/privacy-policy\/","og_locale":"de_DE","og_type":"article","og_title":"Datenschutzerkl\u00e4rung - Argon &amp; Co","og_description":"Rechtliches Argon &amp; Co ist der Handelsname von Argon Consulting S.A.S., einem in Frankreich unter der Firmennummer 398 742 593 \u2013 RCS Nanterre eingetragenem Unternehmen. Sitz der Gesellschaft: Argon Consulting, 122 rue Edouard Vaillant, 92300 Levallois-Perret, Frankreich Datenschutz Argon &amp; Co nimmt den Schutz Ihrer Daten sehr ernst und verpflichtet sich gem\u00e4\u00df dem Datenschutzgesetz von [&hellip;]","og_url":"https:\/\/www.argonandco.com\/de\/privacy-policy\/","og_site_name":"Argon &amp; Co","article_modified_time":"2025-07-29T16:22:09+00:00","twitter_card":"summary_large_image","twitter_misc":{"Gesch\u00e4tzte Lesezeit":"11 Minuten"},"schema":{"@context":"https:\/\/schema.org","@graph":[{"@type":"WebPage","@id":"https:\/\/www.argonandco.com\/de\/privacy-policy\/","url":"https:\/\/www.argonandco.com\/de\/privacy-policy\/","name":"Datenschutzerkl\u00e4rung - Argon &amp; Co","isPartOf":{"@id":"https:\/\/www.argonandco.com\/de\/#website"},"datePublished":"2020-01-14T17:20:09+00:00","dateModified":"2025-07-29T16:22:09+00:00","breadcrumb":{"@id":"https:\/\/www.argonandco.com\/de\/privacy-policy\/#breadcrumb"},"inLanguage":"de","potentialAction":[{"@type":"ReadAction","target":["https:\/\/www.argonandco.com\/de\/privacy-policy\/"]}]},{"@type":"BreadcrumbList","@id":"https:\/\/www.argonandco.com\/de\/privacy-policy\/#breadcrumb","itemListElement":[{"@type":"ListItem","position":1,"name":"Home","item":"https:\/\/www.argonandco.com\/de\/"},{"@type":"ListItem","position":2,"name":"Datenschutzerkl\u00e4rung"}]},{"@type":"WebSite","@id":"https:\/\/www.argonandco.com\/de\/#website","url":"https:\/\/www.argonandco.com\/de\/","name":"Argon &amp; Co","description":"We help clients achieve their strategic and operational objectives, working together to transform their businesses and generate real change.","potentialAction":[{"@type":"SearchAction","target":{"@type":"EntryPoint","urlTemplate":"https:\/\/www.argonandco.com\/de\/?s={search_term_string}"},"query-input":{"@type":"PropertyValueSpecification","valueRequired":true,"valueName":"search_term_string"}}],"inLanguage":"de"}]}},"_links":{"self":[{"href":"https:\/\/www.argonandco.com\/de\/wp-json\/wp\/v2\/pages\/30239","targetHints":{"allow":["GET"]}}],"collection":[{"href":"https:\/\/www.argonandco.com\/de\/wp-json\/wp\/v2\/pages"}],"about":[{"href":"https:\/\/www.argonandco.com\/de\/wp-json\/wp\/v2\/types\/page"}],"author":[{"embeddable":true,"href":"https:\/\/www.argonandco.com\/de\/wp-json\/wp\/v2\/users\/1"}],"replies":[{"embeddable":true,"href":"https:\/\/www.argonandco.com\/de\/wp-json\/wp\/v2\/comments?post=30239"}],"version-history":[{"count":0,"href":"https:\/\/www.argonandco.com\/de\/wp-json\/wp\/v2\/pages\/30239\/revisions"}],"wp:attachment":[{"href":"https:\/\/www.argonandco.com\/de\/wp-json\/wp\/v2\/media?parent=30239"}],"curies":[{"name":"wp","href":"https:\/\/api.w.org\/{rel}","templated":true}]}}