{"id":30228,"date":"2020-06-29T10:03:02","date_gmt":"2020-06-29T09:03:02","guid":{"rendered":"https:\/\/www.argonandco.com\/sustainable-manufacturing\/"},"modified":"2025-11-17T12:19:56","modified_gmt":"2025-11-17T12:19:56","slug":"nachhaltige-fertigung","status":"publish","type":"page","link":"https:\/\/www.argonandco.com\/de\/leistungen\/nachhaltigkeit\/nachhaltige-fertigung\/","title":{"rendered":"Nachhaltige Fertigung"},"content":{"rendered":"<h2><b>Einf\u00fchrung und Herausforderungen<\/b><\/h2>\n<p><span class=\"intro\">Die Fertigung ist ein wichtiger Bereich f\u00fcr die Reduzierung von Umweltbelastungen, da hier nat\u00fcrliche Ressourcen wie Energie, die nur zu einem relativ geringen Teil aus erneuerbaren Quellen stammt, Wasser und Emissionen verbraucht werden.<\/span><\/p>\n<p>Das Streben nach effizienten und effektiven Fertigungsprozessen hat sich sowohl f\u00fcr traditionelle kommerzielle Ziele als auch f\u00fcr Umweltziele als erfolgreich erwiesen, beispielsweise durch die Einhaltung von Vorschriften wie Emissionssteuern, die Einf\u00fchrung schlanker Techniken oder die Reduzierung von Rohstoff- und Energieverschwendung.<\/p>\n<p>Die Umsetzung strategischer Nachhaltigkeitspl\u00e4ne kann jedoch mit traditionellen Modellen und Kennzahlen in Konflikt geraten, da Hersteller einem zunehmenden Druck durch globale Herausforderungen wie Ressourcenknappheit und Lieferantenbeschr\u00e4nkungen, Schwankungen und Unsicherheiten bei den Energiekosten und anderen unvermeidbaren Kosten, potenziell enormen Investitionen f\u00fcr Modernisierungen und staatliche Vorschriften ausgesetzt sind.<\/p>\n<p>Umweltfreundliche Grundlagen und radikal neue Ans\u00e4tze \u2013 wie die Betonung der Wiederverwendbarkeit und der Kreislaufwirtschaft \u2013 sind unerl\u00e4sslich, um Wettbewerbsvorteile zu erhalten und den \u00dcbergang zu einem nachhaltigeren Modell zu gew\u00e4hrleisten, das die Langlebigkeit von Werkzeugen und Ressourcen garantiert und letztlich die Rentabilit\u00e4t \u00fcber einen l\u00e4ngeren Zeitraum aufrechterh\u00e4lt.<\/p>\n<p>Kurz gesagt: Unternehmen m\u00fcssen kurzfristige operative Optimierungen mit mittelfristigen strukturellen Ver\u00e4nderungen kombinieren, um langfristig signifikante Vorteile zu erzielen.<\/p>\n<h2><b>Wie wir helfen k\u00f6nnen<\/b><\/h2>\n<p class=\"p1\">Argon &amp; Co unterst\u00fctzt seine Kunden in vier Hauptbereichen:<\/p>\n<ul>\n<li>\u00d6kologische Fertigung: Verbesserung der Effizienz von Fertigungsprozessen, Produktionswerkzeugen und Geb\u00e4uden durch gezielte Investitionen, einschlie\u00dflich der Nutzung unserer scprime\u00ae-Methodik und unseres Stable Ops\u2122-Ansatzes<\/li>\n<li>Operative Exzellenz: Entwicklung \u00f6kologischer Best-Practice-Verfahren in den Bereichen Produktion, Wartung und Abfallmanagement. Unterst\u00fctzung dieser Ma\u00dfnahmen durch fortschrittliche digitale Managementl\u00f6sungen und ein integriertes Managementsystem (IDEX), um weitere Ziele zu erreichen<\/li>\n<li>Nachhaltiger Fu\u00dfabdruck: Ber\u00fccksichtigung der \u00f6kologischen und sozialen Auswirkungen in Ihrem Industriemodell und Ihrer Strategie, um ein wettbewerbsf\u00e4higes, wirtschaftliches und nachhaltiges Ziel zu definieren<\/li>\n<li>Industrielle \u00d6kologie: Identifizierung und Umsetzung von Synergien mit dem umgebenden professionellen und individuellen \u00d6kosystem zur R\u00fcckgewinnung von W\u00e4rme, Abf\u00e4llen oder Nebenprodukten (Wiederverwendung oder Recycling) im Sinne einer Kreislaufwirtschaft<\/li>\n<\/ul>\n","protected":false},"excerpt":{"rendered":"<p>Einf\u00fchrung und Herausforderungen Die Fertigung ist ein wichtiger Bereich f\u00fcr die Reduzierung von Umweltbelastungen, da hier nat\u00fcrliche Ressourcen wie Energie, die nur zu einem relativ geringen Teil aus erneuerbaren Quellen stammt, Wasser und Emissionen verbraucht werden. Das Streben nach effizienten und effektiven Fertigungsprozessen hat sich sowohl f\u00fcr traditionelle kommerzielle Ziele als auch f\u00fcr Umweltziele als [&hellip;]<\/p>\n","protected":false},"author":1,"featured_media":0,"parent":30234,"menu_order":8,"comment_status":"closed","ping_status":"closed","template":"","meta":{"_acf_changed":false,"footnotes":""},"class_list":["post-30228","page","type-page","status-publish","hentry"],"acf":[],"yoast_head":"<!-- This site is optimized with the Yoast SEO plugin v27.4 - https:\/\/yoast.com\/product\/yoast-seo-wordpress\/ -->\n<title>Nachhaltige Fertigung - Argon &amp; Co<\/title>\n<meta name=\"robots\" content=\"index, follow, max-snippet:-1, max-image-preview:large, max-video-preview:-1\" \/>\n<link rel=\"canonical\" href=\"https:\/\/www.argonandco.com\/de\/leistungen\/nachhaltigkeit\/nachhaltige-fertigung\/\" \/>\n<meta property=\"og:locale\" content=\"de_DE\" \/>\n<meta property=\"og:type\" content=\"article\" \/>\n<meta property=\"og:title\" content=\"Nachhaltige Fertigung - Argon &amp; Co\" \/>\n<meta property=\"og:description\" content=\"Einf\u00fchrung und Herausforderungen Die Fertigung ist ein wichtiger Bereich f\u00fcr die Reduzierung von Umweltbelastungen, da hier nat\u00fcrliche Ressourcen wie Energie, die nur zu einem relativ geringen Teil aus erneuerbaren Quellen stammt, Wasser und Emissionen verbraucht werden. Das Streben nach effizienten und effektiven Fertigungsprozessen hat sich sowohl f\u00fcr traditionelle kommerzielle Ziele als auch f\u00fcr Umweltziele als [&hellip;]\" \/>\n<meta property=\"og:url\" content=\"https:\/\/www.argonandco.com\/de\/leistungen\/nachhaltigkeit\/nachhaltige-fertigung\/\" \/>\n<meta property=\"og:site_name\" content=\"Argon &amp; Co\" \/>\n<meta property=\"article:modified_time\" content=\"2025-11-17T12:19:56+00:00\" \/>\n<meta name=\"twitter:card\" content=\"summary_large_image\" \/>\n<meta name=\"twitter:label1\" content=\"Gesch\u00e4tzte Lesezeit\" \/>\n\t<meta name=\"twitter:data1\" content=\"2 Minuten\" \/>\n<script type=\"application\/ld+json\" class=\"yoast-schema-graph\">{\"@context\":\"https:\\\/\\\/schema.org\",\"@graph\":[{\"@type\":\"WebPage\",\"@id\":\"https:\\\/\\\/www.argonandco.com\\\/de\\\/leistungen\\\/nachhaltigkeit\\\/nachhaltige-fertigung\\\/\",\"url\":\"https:\\\/\\\/www.argonandco.com\\\/de\\\/leistungen\\\/nachhaltigkeit\\\/nachhaltige-fertigung\\\/\",\"name\":\"Nachhaltige Fertigung - Argon &amp; Co\",\"isPartOf\":{\"@id\":\"https:\\\/\\\/www.argonandco.com\\\/de\\\/#website\"},\"datePublished\":\"2020-06-29T09:03:02+00:00\",\"dateModified\":\"2025-11-17T12:19:56+00:00\",\"breadcrumb\":{\"@id\":\"https:\\\/\\\/www.argonandco.com\\\/de\\\/leistungen\\\/nachhaltigkeit\\\/nachhaltige-fertigung\\\/#breadcrumb\"},\"inLanguage\":\"de\",\"potentialAction\":[{\"@type\":\"ReadAction\",\"target\":[\"https:\\\/\\\/www.argonandco.com\\\/de\\\/leistungen\\\/nachhaltigkeit\\\/nachhaltige-fertigung\\\/\"]}]},{\"@type\":\"BreadcrumbList\",\"@id\":\"https:\\\/\\\/www.argonandco.com\\\/de\\\/leistungen\\\/nachhaltigkeit\\\/nachhaltige-fertigung\\\/#breadcrumb\",\"itemListElement\":[{\"@type\":\"ListItem\",\"position\":1,\"name\":\"Home\",\"item\":\"https:\\\/\\\/www.argonandco.com\\\/de\\\/\"},{\"@type\":\"ListItem\",\"position\":2,\"name\":\"Leistungen\",\"item\":\"https:\\\/\\\/www.argonandco.com\\\/de\\\/leistungen\\\/\"},{\"@type\":\"ListItem\",\"position\":3,\"name\":\"Nachhaltigkeit\",\"item\":\"https:\\\/\\\/www.argonandco.com\\\/de\\\/leistungen\\\/nachhaltigkeit\\\/\"},{\"@type\":\"ListItem\",\"position\":4,\"name\":\"Nachhaltige Fertigung\"}]},{\"@type\":\"WebSite\",\"@id\":\"https:\\\/\\\/www.argonandco.com\\\/de\\\/#website\",\"url\":\"https:\\\/\\\/www.argonandco.com\\\/de\\\/\",\"name\":\"Argon &amp; Co\",\"description\":\"We help clients achieve their strategic and operational objectives, working together to transform their businesses and generate real change.\",\"potentialAction\":[{\"@type\":\"SearchAction\",\"target\":{\"@type\":\"EntryPoint\",\"urlTemplate\":\"https:\\\/\\\/www.argonandco.com\\\/de\\\/?s={search_term_string}\"},\"query-input\":{\"@type\":\"PropertyValueSpecification\",\"valueRequired\":true,\"valueName\":\"search_term_string\"}}],\"inLanguage\":\"de\"}]}<\/script>\n<!-- \/ Yoast SEO plugin. -->","yoast_head_json":{"title":"Nachhaltige Fertigung - Argon &amp; Co","robots":{"index":"index","follow":"follow","max-snippet":"max-snippet:-1","max-image-preview":"max-image-preview:large","max-video-preview":"max-video-preview:-1"},"canonical":"https:\/\/www.argonandco.com\/de\/leistungen\/nachhaltigkeit\/nachhaltige-fertigung\/","og_locale":"de_DE","og_type":"article","og_title":"Nachhaltige Fertigung - Argon &amp; Co","og_description":"Einf\u00fchrung und Herausforderungen Die Fertigung ist ein wichtiger Bereich f\u00fcr die Reduzierung von Umweltbelastungen, da hier nat\u00fcrliche Ressourcen wie Energie, die nur zu einem relativ geringen Teil aus erneuerbaren Quellen stammt, Wasser und Emissionen verbraucht werden. Das Streben nach effizienten und effektiven Fertigungsprozessen hat sich sowohl f\u00fcr traditionelle kommerzielle Ziele als auch f\u00fcr Umweltziele als [&hellip;]","og_url":"https:\/\/www.argonandco.com\/de\/leistungen\/nachhaltigkeit\/nachhaltige-fertigung\/","og_site_name":"Argon &amp; Co","article_modified_time":"2025-11-17T12:19:56+00:00","twitter_card":"summary_large_image","twitter_misc":{"Gesch\u00e4tzte Lesezeit":"2 Minuten"},"schema":{"@context":"https:\/\/schema.org","@graph":[{"@type":"WebPage","@id":"https:\/\/www.argonandco.com\/de\/leistungen\/nachhaltigkeit\/nachhaltige-fertigung\/","url":"https:\/\/www.argonandco.com\/de\/leistungen\/nachhaltigkeit\/nachhaltige-fertigung\/","name":"Nachhaltige Fertigung - Argon &amp; Co","isPartOf":{"@id":"https:\/\/www.argonandco.com\/de\/#website"},"datePublished":"2020-06-29T09:03:02+00:00","dateModified":"2025-11-17T12:19:56+00:00","breadcrumb":{"@id":"https:\/\/www.argonandco.com\/de\/leistungen\/nachhaltigkeit\/nachhaltige-fertigung\/#breadcrumb"},"inLanguage":"de","potentialAction":[{"@type":"ReadAction","target":["https:\/\/www.argonandco.com\/de\/leistungen\/nachhaltigkeit\/nachhaltige-fertigung\/"]}]},{"@type":"BreadcrumbList","@id":"https:\/\/www.argonandco.com\/de\/leistungen\/nachhaltigkeit\/nachhaltige-fertigung\/#breadcrumb","itemListElement":[{"@type":"ListItem","position":1,"name":"Home","item":"https:\/\/www.argonandco.com\/de\/"},{"@type":"ListItem","position":2,"name":"Leistungen","item":"https:\/\/www.argonandco.com\/de\/leistungen\/"},{"@type":"ListItem","position":3,"name":"Nachhaltigkeit","item":"https:\/\/www.argonandco.com\/de\/leistungen\/nachhaltigkeit\/"},{"@type":"ListItem","position":4,"name":"Nachhaltige Fertigung"}]},{"@type":"WebSite","@id":"https:\/\/www.argonandco.com\/de\/#website","url":"https:\/\/www.argonandco.com\/de\/","name":"Argon &amp; Co","description":"We help clients achieve their strategic and operational objectives, working together to transform their businesses and generate real change.","potentialAction":[{"@type":"SearchAction","target":{"@type":"EntryPoint","urlTemplate":"https:\/\/www.argonandco.com\/de\/?s={search_term_string}"},"query-input":{"@type":"PropertyValueSpecification","valueRequired":true,"valueName":"search_term_string"}}],"inLanguage":"de"}]}},"_links":{"self":[{"href":"https:\/\/www.argonandco.com\/de\/wp-json\/wp\/v2\/pages\/30228","targetHints":{"allow":["GET"]}}],"collection":[{"href":"https:\/\/www.argonandco.com\/de\/wp-json\/wp\/v2\/pages"}],"about":[{"href":"https:\/\/www.argonandco.com\/de\/wp-json\/wp\/v2\/types\/page"}],"author":[{"embeddable":true,"href":"https:\/\/www.argonandco.com\/de\/wp-json\/wp\/v2\/users\/1"}],"replies":[{"embeddable":true,"href":"https:\/\/www.argonandco.com\/de\/wp-json\/wp\/v2\/comments?post=30228"}],"version-history":[{"count":0,"href":"https:\/\/www.argonandco.com\/de\/wp-json\/wp\/v2\/pages\/30228\/revisions"}],"up":[{"embeddable":true,"href":"https:\/\/www.argonandco.com\/de\/wp-json\/wp\/v2\/pages\/30234"}],"wp:attachment":[{"href":"https:\/\/www.argonandco.com\/de\/wp-json\/wp\/v2\/media?parent=30228"}],"curies":[{"name":"wp","href":"https:\/\/api.w.org\/{rel}","templated":true}]}}