{"id":30226,"date":"2020-06-29T10:03:08","date_gmt":"2020-06-29T09:03:08","guid":{"rendered":"https:\/\/www.argonandco.com\/sustainable-finance\/"},"modified":"2025-11-17T12:21:27","modified_gmt":"2025-11-17T12:21:27","slug":"nachhaltige-finanzwirtschaft","status":"publish","type":"page","link":"https:\/\/www.argonandco.com\/de\/leistungen\/nachhaltigkeit\/nachhaltige-finanzwirtschaft\/","title":{"rendered":"Nachhaltige Finanzwirtschaft"},"content":{"rendered":"<h2><b>Einf\u00fchrung und Herausforderungen<\/b><\/h2>\n<p><span class=\"intro\">Lange Zeit haben Unternehmen nachhaltige Entwicklung in erster Linie als Aufgabe der CSR-Beauftragten (Corporate Social Responsibility) betrachtet. Das Thema hat jedoch an Bedeutung gewonnen und ist nun auch in anderen Bereichen des Unternehmens, insbesondere im Finanzbereich, zu einem Schwerpunkt geworden.<\/span><\/p>\n<p>Tats\u00e4chlich verlangen staatliche Regulierungsrahmen mehr Berichterstattung \u00fcber Umweltauswirkungen, und auch Investoren stellen immer h\u00f6here Anforderungen an die Performance. Sie wollen KPIs und Belege daf\u00fcr sehen, dass diese Themen ernst genommen werden und konkrete Fortschritte erzielt werden. Vor allem aber ist die \u00f6kologische Transformation f\u00fcr viele Unternehmen zu einer strategischen Frage geworden, bei der es darum geht, neue Angebote f\u00fcr Kunden zu entwickeln, um deren neuen Erwartungen gerecht zu werden, die Unternehmensabl\u00e4ufe umzugestalten und die Verpflichtungen eines verantwortungsbewussten Arbeitgebers zu erf\u00fcllen.<\/p>\n<p>In diesem Zusammenhang spielt der Chief Financial Officer (CFO) eine Schl\u00fcsselrolle bei der Zusammenf\u00fchrung der<br \/>\nNachhaltigkeitsagenda und der allgemeinen Gesch\u00e4ftsstrategie und -f\u00fchrung, beispielsweise indem er das Unternehmen im Managementdialog sowie in Investitionsentscheidungsprozessen herausfordert. Nat\u00fcrlich d\u00fcrfen wir nicht versuchen, einen direkten Zusammenhang zwischen Instrumenten zur Wirkungsmessung und der Finanzberichterstattung herzustellen, da letztere in erster Linie den Grunds\u00e4tzen der Rechnungslegung folgt. Der CFO muss jedoch die notwendigen Strukturen, Instrumente und Berichtswesen bereitstellen, um die Nachhaltigkeitsstrategie und -leistung des Unternehmens zu steuern. Die Frage ist, welche Indikatoren zu ber\u00fccksichtigen sind und wie sie gemessen werden sollten.<\/p>\n<h2><b>Wie wir helfen k\u00f6nnen<\/b><\/h2>\n<p>Argon &amp; Co mobilisiert Experten aus dem operativen Bereich sowie aus dem Finanzwesen, um unsere Kunden bei der Aktualisierung ihres Managementrahmens und ihres Investitionsprozesses durch die Integration und Bewertung von Umwelt- und Sozialinformationen zu unterst\u00fctzen.<\/p>\n<p><strong>Integration von Nachhaltigkeitsaspekten in den internen Managementdialog<\/strong><\/p>\n<ul>\n<li>Zusammenarbeit mit dem operativen Bereich zur Quantifizierung und Analyse der Umweltauswirkungen entlang der<\/li>\n<li>gesamten Wertsch\u00f6pfungskette des Unternehmens, um Verbesserungsma\u00dfnahmen zu identifizieren, die umgesetzt werden m\u00fcssen<\/li>\n<li>Definition geeigneter neuer KPIs und deren Berechnungsweise entsprechend den<\/li>\n<li>Nachhaltigkeitsherausforderungen und Aktionspl\u00e4nen des Unternehmens<\/li>\n<li>Unterst\u00fctzung bei der Integration dieser KPIs in das CFO-Dashboard und in die Managementroutinen des Unternehmens<\/li>\n<\/ul>\n<p><strong>Anpassung des Investitionsentscheidungsprozesses<\/strong><\/p>\n<ul>\n<li>Zusammenarbeit mit dem operativen Bereich zur Identifizierung und Bewertung von Investitionsm\u00f6glichkeiten und -risiken nach einer Umweltvertr\u00e4glichkeitspr\u00fcfung<\/li>\n<li>Integration von Nachhaltigkeitskriterien in Investitionsentscheidungen durch Modellierung und Absch\u00e4tzung der Umweltauswirkungen einer Entscheidung \u00fcber zuk\u00fcnftige Investitionsprojekte<\/li>\n<\/ul>\n<p><strong>Unterst\u00fctzung bei der Berichterstattung f\u00fcr die Finanzwelt<\/strong><\/p>\n<ul>\n<li>Unterst\u00fctzung beim Aufbau einer nichtfinanziellen Berichterstattung f\u00fcr Investoren, Banken und andere externe Partner im Rahmen ihrer Anforderungen<\/li>\n<\/ul>\n","protected":false},"excerpt":{"rendered":"<p>Einf\u00fchrung und Herausforderungen Lange Zeit haben Unternehmen nachhaltige Entwicklung in erster Linie als Aufgabe der CSR-Beauftragten (Corporate Social Responsibility) betrachtet. Das Thema hat jedoch an Bedeutung gewonnen und ist nun auch in anderen Bereichen des Unternehmens, insbesondere im Finanzbereich, zu einem Schwerpunkt geworden. Tats\u00e4chlich verlangen staatliche Regulierungsrahmen mehr Berichterstattung \u00fcber Umweltauswirkungen, und auch Investoren stellen [&hellip;]<\/p>\n","protected":false},"author":1,"featured_media":0,"parent":30234,"menu_order":10,"comment_status":"closed","ping_status":"closed","template":"","meta":{"_acf_changed":false,"footnotes":""},"class_list":["post-30226","page","type-page","status-publish","hentry"],"acf":[],"yoast_head":"<!-- This site is optimized with the Yoast SEO plugin v27.4 - https:\/\/yoast.com\/product\/yoast-seo-wordpress\/ -->\n<title>Nachhaltige Finanzwirtschaft - Argon &amp; Co<\/title>\n<meta name=\"robots\" content=\"index, follow, max-snippet:-1, max-image-preview:large, max-video-preview:-1\" \/>\n<link rel=\"canonical\" href=\"https:\/\/www.argonandco.com\/de\/leistungen\/nachhaltigkeit\/nachhaltige-finanzwirtschaft\/\" \/>\n<meta property=\"og:locale\" content=\"de_DE\" \/>\n<meta property=\"og:type\" content=\"article\" \/>\n<meta property=\"og:title\" content=\"Nachhaltige Finanzwirtschaft - Argon &amp; Co\" \/>\n<meta property=\"og:description\" content=\"Einf\u00fchrung und Herausforderungen Lange Zeit haben Unternehmen nachhaltige Entwicklung in erster Linie als Aufgabe der CSR-Beauftragten (Corporate Social Responsibility) betrachtet. Das Thema hat jedoch an Bedeutung gewonnen und ist nun auch in anderen Bereichen des Unternehmens, insbesondere im Finanzbereich, zu einem Schwerpunkt geworden. Tats\u00e4chlich verlangen staatliche Regulierungsrahmen mehr Berichterstattung \u00fcber Umweltauswirkungen, und auch Investoren stellen [&hellip;]\" \/>\n<meta property=\"og:url\" content=\"https:\/\/www.argonandco.com\/de\/leistungen\/nachhaltigkeit\/nachhaltige-finanzwirtschaft\/\" \/>\n<meta property=\"og:site_name\" content=\"Argon &amp; Co\" \/>\n<meta property=\"article:modified_time\" content=\"2025-11-17T12:21:27+00:00\" \/>\n<meta name=\"twitter:card\" content=\"summary_large_image\" \/>\n<meta name=\"twitter:label1\" content=\"Gesch\u00e4tzte Lesezeit\" \/>\n\t<meta name=\"twitter:data1\" content=\"2 Minuten\" \/>\n<script type=\"application\/ld+json\" class=\"yoast-schema-graph\">{\"@context\":\"https:\\\/\\\/schema.org\",\"@graph\":[{\"@type\":\"WebPage\",\"@id\":\"https:\\\/\\\/www.argonandco.com\\\/de\\\/leistungen\\\/nachhaltigkeit\\\/nachhaltige-finanzwirtschaft\\\/\",\"url\":\"https:\\\/\\\/www.argonandco.com\\\/de\\\/leistungen\\\/nachhaltigkeit\\\/nachhaltige-finanzwirtschaft\\\/\",\"name\":\"Nachhaltige Finanzwirtschaft - Argon &amp; Co\",\"isPartOf\":{\"@id\":\"https:\\\/\\\/www.argonandco.com\\\/de\\\/#website\"},\"datePublished\":\"2020-06-29T09:03:08+00:00\",\"dateModified\":\"2025-11-17T12:21:27+00:00\",\"breadcrumb\":{\"@id\":\"https:\\\/\\\/www.argonandco.com\\\/de\\\/leistungen\\\/nachhaltigkeit\\\/nachhaltige-finanzwirtschaft\\\/#breadcrumb\"},\"inLanguage\":\"de\",\"potentialAction\":[{\"@type\":\"ReadAction\",\"target\":[\"https:\\\/\\\/www.argonandco.com\\\/de\\\/leistungen\\\/nachhaltigkeit\\\/nachhaltige-finanzwirtschaft\\\/\"]}]},{\"@type\":\"BreadcrumbList\",\"@id\":\"https:\\\/\\\/www.argonandco.com\\\/de\\\/leistungen\\\/nachhaltigkeit\\\/nachhaltige-finanzwirtschaft\\\/#breadcrumb\",\"itemListElement\":[{\"@type\":\"ListItem\",\"position\":1,\"name\":\"Home\",\"item\":\"https:\\\/\\\/www.argonandco.com\\\/de\\\/\"},{\"@type\":\"ListItem\",\"position\":2,\"name\":\"Leistungen\",\"item\":\"https:\\\/\\\/www.argonandco.com\\\/de\\\/leistungen\\\/\"},{\"@type\":\"ListItem\",\"position\":3,\"name\":\"Nachhaltigkeit\",\"item\":\"https:\\\/\\\/www.argonandco.com\\\/de\\\/leistungen\\\/nachhaltigkeit\\\/\"},{\"@type\":\"ListItem\",\"position\":4,\"name\":\"Nachhaltige Finanzwirtschaft\"}]},{\"@type\":\"WebSite\",\"@id\":\"https:\\\/\\\/www.argonandco.com\\\/de\\\/#website\",\"url\":\"https:\\\/\\\/www.argonandco.com\\\/de\\\/\",\"name\":\"Argon &amp; Co\",\"description\":\"We help clients achieve their strategic and operational objectives, working together to transform their businesses and generate real change.\",\"potentialAction\":[{\"@type\":\"SearchAction\",\"target\":{\"@type\":\"EntryPoint\",\"urlTemplate\":\"https:\\\/\\\/www.argonandco.com\\\/de\\\/?s={search_term_string}\"},\"query-input\":{\"@type\":\"PropertyValueSpecification\",\"valueRequired\":true,\"valueName\":\"search_term_string\"}}],\"inLanguage\":\"de\"}]}<\/script>\n<!-- \/ Yoast SEO plugin. -->","yoast_head_json":{"title":"Nachhaltige Finanzwirtschaft - Argon &amp; Co","robots":{"index":"index","follow":"follow","max-snippet":"max-snippet:-1","max-image-preview":"max-image-preview:large","max-video-preview":"max-video-preview:-1"},"canonical":"https:\/\/www.argonandco.com\/de\/leistungen\/nachhaltigkeit\/nachhaltige-finanzwirtschaft\/","og_locale":"de_DE","og_type":"article","og_title":"Nachhaltige Finanzwirtschaft - Argon &amp; Co","og_description":"Einf\u00fchrung und Herausforderungen Lange Zeit haben Unternehmen nachhaltige Entwicklung in erster Linie als Aufgabe der CSR-Beauftragten (Corporate Social Responsibility) betrachtet. Das Thema hat jedoch an Bedeutung gewonnen und ist nun auch in anderen Bereichen des Unternehmens, insbesondere im Finanzbereich, zu einem Schwerpunkt geworden. Tats\u00e4chlich verlangen staatliche Regulierungsrahmen mehr Berichterstattung \u00fcber Umweltauswirkungen, und auch Investoren stellen [&hellip;]","og_url":"https:\/\/www.argonandco.com\/de\/leistungen\/nachhaltigkeit\/nachhaltige-finanzwirtschaft\/","og_site_name":"Argon &amp; Co","article_modified_time":"2025-11-17T12:21:27+00:00","twitter_card":"summary_large_image","twitter_misc":{"Gesch\u00e4tzte Lesezeit":"2 Minuten"},"schema":{"@context":"https:\/\/schema.org","@graph":[{"@type":"WebPage","@id":"https:\/\/www.argonandco.com\/de\/leistungen\/nachhaltigkeit\/nachhaltige-finanzwirtschaft\/","url":"https:\/\/www.argonandco.com\/de\/leistungen\/nachhaltigkeit\/nachhaltige-finanzwirtschaft\/","name":"Nachhaltige Finanzwirtschaft - Argon &amp; Co","isPartOf":{"@id":"https:\/\/www.argonandco.com\/de\/#website"},"datePublished":"2020-06-29T09:03:08+00:00","dateModified":"2025-11-17T12:21:27+00:00","breadcrumb":{"@id":"https:\/\/www.argonandco.com\/de\/leistungen\/nachhaltigkeit\/nachhaltige-finanzwirtschaft\/#breadcrumb"},"inLanguage":"de","potentialAction":[{"@type":"ReadAction","target":["https:\/\/www.argonandco.com\/de\/leistungen\/nachhaltigkeit\/nachhaltige-finanzwirtschaft\/"]}]},{"@type":"BreadcrumbList","@id":"https:\/\/www.argonandco.com\/de\/leistungen\/nachhaltigkeit\/nachhaltige-finanzwirtschaft\/#breadcrumb","itemListElement":[{"@type":"ListItem","position":1,"name":"Home","item":"https:\/\/www.argonandco.com\/de\/"},{"@type":"ListItem","position":2,"name":"Leistungen","item":"https:\/\/www.argonandco.com\/de\/leistungen\/"},{"@type":"ListItem","position":3,"name":"Nachhaltigkeit","item":"https:\/\/www.argonandco.com\/de\/leistungen\/nachhaltigkeit\/"},{"@type":"ListItem","position":4,"name":"Nachhaltige Finanzwirtschaft"}]},{"@type":"WebSite","@id":"https:\/\/www.argonandco.com\/de\/#website","url":"https:\/\/www.argonandco.com\/de\/","name":"Argon &amp; Co","description":"We help clients achieve their strategic and operational objectives, working together to transform their businesses and generate real change.","potentialAction":[{"@type":"SearchAction","target":{"@type":"EntryPoint","urlTemplate":"https:\/\/www.argonandco.com\/de\/?s={search_term_string}"},"query-input":{"@type":"PropertyValueSpecification","valueRequired":true,"valueName":"search_term_string"}}],"inLanguage":"de"}]}},"_links":{"self":[{"href":"https:\/\/www.argonandco.com\/de\/wp-json\/wp\/v2\/pages\/30226","targetHints":{"allow":["GET"]}}],"collection":[{"href":"https:\/\/www.argonandco.com\/de\/wp-json\/wp\/v2\/pages"}],"about":[{"href":"https:\/\/www.argonandco.com\/de\/wp-json\/wp\/v2\/types\/page"}],"author":[{"embeddable":true,"href":"https:\/\/www.argonandco.com\/de\/wp-json\/wp\/v2\/users\/1"}],"replies":[{"embeddable":true,"href":"https:\/\/www.argonandco.com\/de\/wp-json\/wp\/v2\/comments?post=30226"}],"version-history":[{"count":0,"href":"https:\/\/www.argonandco.com\/de\/wp-json\/wp\/v2\/pages\/30226\/revisions"}],"up":[{"embeddable":true,"href":"https:\/\/www.argonandco.com\/de\/wp-json\/wp\/v2\/pages\/30234"}],"wp:attachment":[{"href":"https:\/\/www.argonandco.com\/de\/wp-json\/wp\/v2\/media?parent=30226"}],"curies":[{"name":"wp","href":"https:\/\/api.w.org\/{rel}","templated":true}]}}