{"id":30224,"date":"2021-09-02T16:04:47","date_gmt":"2021-09-02T15:04:47","guid":{"rendered":"https:\/\/www.argonandco.com\/operational-performance\/"},"modified":"2026-03-04T15:20:32","modified_gmt":"2026-03-04T15:20:32","slug":"operational-performance","status":"publish","type":"page","link":"https:\/\/www.argonandco.com\/de\/leistungen\/operational-performance\/","title":{"rendered":"Operational Performance"},"content":{"rendered":"<h2>Operational Performance<\/h2>\n<p>Das vorrangige Ziel jedes produzierenden Unternehmens ist es, seine operative Leistung so zu steuern, dass die Produktion die Erwartungen und Anforderungen des Unternehmens und der Kunden erf\u00fcllt oder \u00fcbertrifft. Dies ist die Grundlage f\u00fcr die Rentabilit\u00e4t, f\u00fcr Investitionsentscheidungen, f\u00fcr zuk\u00fcnftiges Wachstum und f\u00fcr die Erzielung von Renditen f\u00fcr die Aktion\u00e4re. Es ist der Kern der Fertigung.<\/p>\n<p>Die Fertigungslandschaft ist \u00e4u\u00dferst komplex und entwickelt sich rasant weiter. Um in diesem wettbewerbsintensiven und dynamischen Marktumfeld erfolgreich zu sein, m\u00fcssen Unternehmen agiler denn je werden. Die optimale Kombination von Mitarbeitern, Anlagen, Materialien, Prozessen und Technologien ist dabei von entscheidender Bedeutung.<\/p>\n<h2>Operative Leistungsfaktoren<\/h2>\n<p>Um zu verstehen, was erforderlich ist, um eine konstant erfolgreiche operative Leistung in der Fertigung zu erzielen, k\u00f6nnen Methoden eingesetzt werden, um:<\/p>\n<ul>\n<li>Bewerten Sie den aktuellen Ist-Zustand<\/li>\n<li>Kl\u00e4ren Sie den zuk\u00fcnftigen Soll-Zustand<\/li>\n<li>Erstellen Sie einen Transformationsfahrplan<\/li>\n<li>Identifizieren und diagnostizieren Sie die Herausforderungen und Verbesserungsm\u00f6glichkeiten, die dabei zu bew\u00e4ltigen sind<\/li>\n<\/ul>\n<h2>Transformation operativer Leistung<\/h2>\n<p>Datengest\u00fctzte analytische Ans\u00e4tze gew\u00e4hrleisten objektive Entscheidungen w\u00e4hrend des gesamten Transformationsprozesses. Diese k\u00f6nnen zur Optimierung von Anlagen, Materialien und Prozessleistungen eingesetzt werden, wobei der Fokus auf den Menschen und den Change-Management-Prozess liegt, um den Nutzen zu maximieren und zu beschleunigen, Risiken zu minimieren und sicherzustellen, dass Verbesserungen konsequent erreicht und aufrechterhalten werden.<\/p>\n<h2>Unterst\u00fctzung bei operativen Leistungsherausforderungen<\/h2>\n<p>Unser Team aus Experten f\u00fcr Betriebsberatung geht komplexen Problemen auf den Grund und konzentriert sich darauf, greifbare Ergebnisse f\u00fcr unsere Kunden zu erzielen. In der Men\u00fcleiste auf dieser Seite finden Sie weitere Informationen zu einer Auswahl der Herausforderungen im Bereich der betrieblichen Leistungsf\u00e4higkeit, mit denen wir uns regelm\u00e4\u00dfig befassen.<\/p>\n<p>Wir kombinieren technisches Fachwissen, operative Erfahrung, Gesch\u00e4ftskenntnisse und gesunden Menschenverstand, um unseren Kunden bei der L\u00f6sung operativer Leistungsprobleme zu helfen und nachhaltige Ergebnisse zu erzielen. Unser positiver, flexibler und pers\u00f6nlicher Ansatz, der bei Bedarf auch Herausforderungen mit einbezieht, sorgt f\u00fcr Akzeptanz auf allen Ebenen des Unternehmens unserer Kunden und f\u00fcr positive Ergebnisse. <a href=\"https:\/\/www.argonandco.com\/de\/ueber-uns\/\" target=\"_blank\" rel=\"noopener\">Erfahren Sie hier mehr \u00fcber uns. <\/a><\/p>\n","protected":false},"excerpt":{"rendered":"<p>Operational Performance Das vorrangige Ziel jedes produzierenden Unternehmens ist es, seine operative Leistung so zu steuern, dass die Produktion die Erwartungen und Anforderungen des Unternehmens und der Kunden erf\u00fcllt oder \u00fcbertrifft. Dies ist die Grundlage f\u00fcr die Rentabilit\u00e4t, f\u00fcr Investitionsentscheidungen, f\u00fcr zuk\u00fcnftiges Wachstum und f\u00fcr die Erzielung von Renditen f\u00fcr die Aktion\u00e4re. Es ist der [&hellip;]<\/p>\n","protected":false},"author":1,"featured_media":0,"parent":30418,"menu_order":6,"comment_status":"closed","ping_status":"closed","template":"","meta":{"_acf_changed":false,"footnotes":""},"class_list":["post-30224","page","type-page","status-publish","hentry"],"acf":[],"yoast_head":"<!-- This site is optimized with the Yoast SEO plugin v27.3 - https:\/\/yoast.com\/product\/yoast-seo-wordpress\/ -->\n<title>Operational Performance | Argon &amp; Co<\/title>\n<meta name=\"description\" content=\"Argon &amp; Co provide expert operational performance consulting services: Meets or exceed corporate &amp; customer expectations &amp; needs. Learn more.\" \/>\n<meta name=\"robots\" content=\"index, follow, max-snippet:-1, max-image-preview:large, max-video-preview:-1\" \/>\n<link rel=\"canonical\" href=\"https:\/\/www.argonandco.com\/de\/leistungen\/operational-performance\/\" \/>\n<meta property=\"og:locale\" content=\"de_DE\" \/>\n<meta property=\"og:type\" content=\"article\" \/>\n<meta property=\"og:title\" content=\"Operational Performance | Argon &amp; Co\" \/>\n<meta property=\"og:description\" content=\"Argon &amp; Co provide expert operational performance consulting services: Meets or exceed corporate &amp; customer expectations &amp; needs. Learn more.\" \/>\n<meta property=\"og:url\" content=\"https:\/\/www.argonandco.com\/de\/leistungen\/operational-performance\/\" \/>\n<meta property=\"og:site_name\" content=\"Argon &amp; Co\" \/>\n<meta property=\"article:modified_time\" content=\"2026-03-04T15:20:32+00:00\" \/>\n<meta name=\"twitter:card\" content=\"summary_large_image\" \/>\n<meta name=\"twitter:label1\" content=\"Gesch\u00e4tzte Lesezeit\" \/>\n\t<meta name=\"twitter:data1\" content=\"1 Minute\" \/>\n<script type=\"application\/ld+json\" class=\"yoast-schema-graph\">{\"@context\":\"https:\\\/\\\/schema.org\",\"@graph\":[{\"@type\":\"WebPage\",\"@id\":\"https:\\\/\\\/www.argonandco.com\\\/de\\\/leistungen\\\/operational-performance\\\/\",\"url\":\"https:\\\/\\\/www.argonandco.com\\\/de\\\/leistungen\\\/operational-performance\\\/\",\"name\":\"Operational Performance | Argon &amp; Co\",\"isPartOf\":{\"@id\":\"https:\\\/\\\/www.argonandco.com\\\/de\\\/#website\"},\"datePublished\":\"2021-09-02T15:04:47+00:00\",\"dateModified\":\"2026-03-04T15:20:32+00:00\",\"description\":\"Argon & Co provide expert operational performance consulting services: Meets or exceed corporate & customer expectations & needs. Learn more.\",\"breadcrumb\":{\"@id\":\"https:\\\/\\\/www.argonandco.com\\\/de\\\/leistungen\\\/operational-performance\\\/#breadcrumb\"},\"inLanguage\":\"de\",\"potentialAction\":[{\"@type\":\"ReadAction\",\"target\":[\"https:\\\/\\\/www.argonandco.com\\\/de\\\/leistungen\\\/operational-performance\\\/\"]}]},{\"@type\":\"BreadcrumbList\",\"@id\":\"https:\\\/\\\/www.argonandco.com\\\/de\\\/leistungen\\\/operational-performance\\\/#breadcrumb\",\"itemListElement\":[{\"@type\":\"ListItem\",\"position\":1,\"name\":\"Home\",\"item\":\"https:\\\/\\\/www.argonandco.com\\\/de\\\/\"},{\"@type\":\"ListItem\",\"position\":2,\"name\":\"Leistungen\",\"item\":\"https:\\\/\\\/www.argonandco.com\\\/de\\\/leistungen\\\/\"},{\"@type\":\"ListItem\",\"position\":3,\"name\":\"Operational Performance\"}]},{\"@type\":\"WebSite\",\"@id\":\"https:\\\/\\\/www.argonandco.com\\\/de\\\/#website\",\"url\":\"https:\\\/\\\/www.argonandco.com\\\/de\\\/\",\"name\":\"Argon &amp; Co\",\"description\":\"We help clients achieve their strategic and operational objectives, working together to transform their businesses and generate real change.\",\"potentialAction\":[{\"@type\":\"SearchAction\",\"target\":{\"@type\":\"EntryPoint\",\"urlTemplate\":\"https:\\\/\\\/www.argonandco.com\\\/de\\\/?s={search_term_string}\"},\"query-input\":{\"@type\":\"PropertyValueSpecification\",\"valueRequired\":true,\"valueName\":\"search_term_string\"}}],\"inLanguage\":\"de\"}]}<\/script>\n<!-- \/ Yoast SEO plugin. -->","yoast_head_json":{"title":"Operational Performance | Argon &amp; Co","description":"Argon & Co provide expert operational performance consulting services: Meets or exceed corporate & customer expectations & needs. Learn more.","robots":{"index":"index","follow":"follow","max-snippet":"max-snippet:-1","max-image-preview":"max-image-preview:large","max-video-preview":"max-video-preview:-1"},"canonical":"https:\/\/www.argonandco.com\/de\/leistungen\/operational-performance\/","og_locale":"de_DE","og_type":"article","og_title":"Operational Performance | Argon &amp; Co","og_description":"Argon & Co provide expert operational performance consulting services: Meets or exceed corporate & customer expectations & needs. Learn more.","og_url":"https:\/\/www.argonandco.com\/de\/leistungen\/operational-performance\/","og_site_name":"Argon &amp; Co","article_modified_time":"2026-03-04T15:20:32+00:00","twitter_card":"summary_large_image","twitter_misc":{"Gesch\u00e4tzte Lesezeit":"1 Minute"},"schema":{"@context":"https:\/\/schema.org","@graph":[{"@type":"WebPage","@id":"https:\/\/www.argonandco.com\/de\/leistungen\/operational-performance\/","url":"https:\/\/www.argonandco.com\/de\/leistungen\/operational-performance\/","name":"Operational Performance | Argon &amp; Co","isPartOf":{"@id":"https:\/\/www.argonandco.com\/de\/#website"},"datePublished":"2021-09-02T15:04:47+00:00","dateModified":"2026-03-04T15:20:32+00:00","description":"Argon & Co provide expert operational performance consulting services: Meets or exceed corporate & customer expectations & needs. Learn more.","breadcrumb":{"@id":"https:\/\/www.argonandco.com\/de\/leistungen\/operational-performance\/#breadcrumb"},"inLanguage":"de","potentialAction":[{"@type":"ReadAction","target":["https:\/\/www.argonandco.com\/de\/leistungen\/operational-performance\/"]}]},{"@type":"BreadcrumbList","@id":"https:\/\/www.argonandco.com\/de\/leistungen\/operational-performance\/#breadcrumb","itemListElement":[{"@type":"ListItem","position":1,"name":"Home","item":"https:\/\/www.argonandco.com\/de\/"},{"@type":"ListItem","position":2,"name":"Leistungen","item":"https:\/\/www.argonandco.com\/de\/leistungen\/"},{"@type":"ListItem","position":3,"name":"Operational Performance"}]},{"@type":"WebSite","@id":"https:\/\/www.argonandco.com\/de\/#website","url":"https:\/\/www.argonandco.com\/de\/","name":"Argon &amp; Co","description":"We help clients achieve their strategic and operational objectives, working together to transform their businesses and generate real change.","potentialAction":[{"@type":"SearchAction","target":{"@type":"EntryPoint","urlTemplate":"https:\/\/www.argonandco.com\/de\/?s={search_term_string}"},"query-input":{"@type":"PropertyValueSpecification","valueRequired":true,"valueName":"search_term_string"}}],"inLanguage":"de"}]}},"_links":{"self":[{"href":"https:\/\/www.argonandco.com\/de\/wp-json\/wp\/v2\/pages\/30224","targetHints":{"allow":["GET"]}}],"collection":[{"href":"https:\/\/www.argonandco.com\/de\/wp-json\/wp\/v2\/pages"}],"about":[{"href":"https:\/\/www.argonandco.com\/de\/wp-json\/wp\/v2\/types\/page"}],"author":[{"embeddable":true,"href":"https:\/\/www.argonandco.com\/de\/wp-json\/wp\/v2\/users\/1"}],"replies":[{"embeddable":true,"href":"https:\/\/www.argonandco.com\/de\/wp-json\/wp\/v2\/comments?post=30224"}],"version-history":[{"count":0,"href":"https:\/\/www.argonandco.com\/de\/wp-json\/wp\/v2\/pages\/30224\/revisions"}],"up":[{"embeddable":true,"href":"https:\/\/www.argonandco.com\/de\/wp-json\/wp\/v2\/pages\/30418"}],"wp:attachment":[{"href":"https:\/\/www.argonandco.com\/de\/wp-json\/wp\/v2\/media?parent=30224"}],"curies":[{"name":"wp","href":"https:\/\/api.w.org\/{rel}","templated":true}]}}