{"id":30223,"date":"2021-09-03T11:36:27","date_gmt":"2021-09-03T10:36:27","guid":{"rendered":"https:\/\/www.argonandco.com\/integrated-daily-execution-idex\/"},"modified":"2025-07-11T13:00:25","modified_gmt":"2025-07-11T12:00:25","slug":"integrated-daily-execution-idex","status":"publish","type":"page","link":"https:\/\/www.argonandco.com\/de\/leistungen\/operational-performance\/integrated-daily-execution-idex\/","title":{"rendered":"Integrated daily execution (IDEX)"},"content":{"rendered":"<h2><b>Einf\u00fchrung und Herausforderungen<\/b><\/h2>\n<p class=\"p2\">Viele Unternehmen haben Schwierigkeiten, Initiativen zur Verbesserung der betrieblichen Leistung erfolgreich umzusetzen, und noch weniger sind in der Lage, die erzielten Vorteile langfristig zu sichern. Das Fehlen eines koh\u00e4renten und disziplinierten Leistungsmanagementsystems ist ein gemeinsames Merkmal gescheiterter Initiativen. Um diesem Problem zu begegnen, hat Argon &amp; Co IDEX entwickelt.<\/p>\n<p class=\"p2\">IDEX ist ein praktischer und funktions\u00fcbergreifender Leistungsmanagementprozess mit \u00dcberpr\u00fcfungen, Zielen und Kennzahlen, der zur Leistungsbewertung, zur Entscheidung \u00fcber und zur Planung von Verbesserungsma\u00dfnahmen sowie zur \u00dcberwachung der Umsetzung auf allen Ebenen einer Organisation eingesetzt wird. Er f\u00f6rdert eine Mentalit\u00e4t der kontinuierlichen Verbesserung und tr\u00e4gt zur Nachhaltigkeit bei.<\/p>\n<h2><b>Wie wir helfen k\u00f6nnen<\/b><\/h2>\n<p>Jeder Kernprozess in einem Unternehmen erfordert ein Betriebssystem und ein Leistungsmanagementsystem, um sicherzustellen, dass er die Erwartungen und Ziele konsequent erf\u00fcllt. IDEX bietet einen ganzheitlichen Prozess zur Unternehmenssteuerung, der auf datenbasierten Entscheidungen und Handlungsorientierung basiert.<\/p>\n<p>Durch mehr Strenge und Konsistenz im t\u00e4glichen Ablauf werden immer mehr Aktivit\u00e4ten gem\u00e4\u00df festgelegten Verfahren und Priorit\u00e4ten kontrolliert. Das Leistungsmanagementsystem ist f\u00fcr alle Beteiligten (einschlie\u00dflich der F\u00fchrungskr\u00e4fte) einsehbar und f\u00f6rdert so die Verantwortung jedes Einzelnen und des Teams f\u00fcr vereinbarte Ma\u00dfnahmen.<\/p>\n<p>Wir arbeiten mit unseren Kunden zusammen, um die Prozesse im Umfang klarer zu gestalten, die richtigen Prozesskennzahlen zu identifizieren und zu messen und uns auf die richtigen Verhaltensweisen und Kompetenzen zu konzentrieren (und diese zu w\u00fcrdigen). Die Beteiligung der F\u00fchrungskr\u00e4fte an IDEX ist nicht nur ein wichtiger Beitrag, sondern zeigt auch die Unterst\u00fctzung des Teams, st\u00e4rkt das Engagement f\u00fcr Ver\u00e4nderungen durch eine erh\u00f6hte Sichtbarkeit der F\u00fchrungskr\u00e4fte und f\u00f6rdert positive Verhaltensweisen.<\/p>\n<p>IDEX wurde bereits in Tausenden von Projekten bei Hunderten von Kunden implementiert und wird von den Kunden als wichtiger Faktor f\u00fcr Folgendes angesehen:<\/p>\n<ul>\n<li>Schnellere Amortisation und h\u00f6here Sicherheit der Vorteile<\/li>\n<li>30\u201340 % Steigerung der Arbeitsproduktivit\u00e4t<\/li>\n<li>Erhebliche Einsparungen bei der Wartung<\/li>\n<\/ul>\n","protected":false},"excerpt":{"rendered":"<p>Einf\u00fchrung und Herausforderungen Viele Unternehmen haben Schwierigkeiten, Initiativen zur Verbesserung der betrieblichen Leistung erfolgreich umzusetzen, und noch weniger sind in der Lage, die erzielten Vorteile langfristig zu sichern. Das Fehlen eines koh\u00e4renten und disziplinierten Leistungsmanagementsystems ist ein gemeinsames Merkmal gescheiterter Initiativen. Um diesem Problem zu begegnen, hat Argon &amp; Co IDEX entwickelt. IDEX ist ein [&hellip;]<\/p>\n","protected":false},"author":1,"featured_media":0,"parent":30224,"menu_order":3,"comment_status":"closed","ping_status":"closed","template":"","meta":{"_acf_changed":false,"footnotes":""},"class_list":["post-30223","page","type-page","status-publish","hentry"],"acf":[],"yoast_head":"<!-- This site is optimized with the Yoast SEO plugin v27.4 - https:\/\/yoast.com\/product\/yoast-seo-wordpress\/ -->\n<title>Integrated daily execution (IDEX) - Argon &amp; Co<\/title>\n<meta name=\"robots\" content=\"index, follow, max-snippet:-1, max-image-preview:large, max-video-preview:-1\" \/>\n<link rel=\"canonical\" href=\"https:\/\/www.argonandco.com\/de\/leistungen\/operational-performance\/integrated-daily-execution-idex\/\" \/>\n<meta property=\"og:locale\" content=\"de_DE\" \/>\n<meta property=\"og:type\" content=\"article\" \/>\n<meta property=\"og:title\" content=\"Integrated daily execution (IDEX) - Argon &amp; Co\" \/>\n<meta property=\"og:description\" content=\"Einf\u00fchrung und Herausforderungen Viele Unternehmen haben Schwierigkeiten, Initiativen zur Verbesserung der betrieblichen Leistung erfolgreich umzusetzen, und noch weniger sind in der Lage, die erzielten Vorteile langfristig zu sichern. Das Fehlen eines koh\u00e4renten und disziplinierten Leistungsmanagementsystems ist ein gemeinsames Merkmal gescheiterter Initiativen. Um diesem Problem zu begegnen, hat Argon &amp; Co IDEX entwickelt. IDEX ist ein [&hellip;]\" \/>\n<meta property=\"og:url\" content=\"https:\/\/www.argonandco.com\/de\/leistungen\/operational-performance\/integrated-daily-execution-idex\/\" \/>\n<meta property=\"og:site_name\" content=\"Argon &amp; Co\" \/>\n<meta property=\"article:modified_time\" content=\"2025-07-11T12:00:25+00:00\" \/>\n<meta name=\"twitter:card\" content=\"summary_large_image\" \/>\n<meta name=\"twitter:label1\" content=\"Gesch\u00e4tzte Lesezeit\" \/>\n\t<meta name=\"twitter:data1\" content=\"2 Minuten\" \/>\n<script type=\"application\/ld+json\" class=\"yoast-schema-graph\">{\"@context\":\"https:\\\/\\\/schema.org\",\"@graph\":[{\"@type\":\"WebPage\",\"@id\":\"https:\\\/\\\/www.argonandco.com\\\/de\\\/leistungen\\\/operational-performance\\\/integrated-daily-execution-idex\\\/\",\"url\":\"https:\\\/\\\/www.argonandco.com\\\/de\\\/leistungen\\\/operational-performance\\\/integrated-daily-execution-idex\\\/\",\"name\":\"Integrated daily execution (IDEX) - Argon &amp; Co\",\"isPartOf\":{\"@id\":\"https:\\\/\\\/www.argonandco.com\\\/de\\\/#website\"},\"datePublished\":\"2021-09-03T10:36:27+00:00\",\"dateModified\":\"2025-07-11T12:00:25+00:00\",\"breadcrumb\":{\"@id\":\"https:\\\/\\\/www.argonandco.com\\\/de\\\/leistungen\\\/operational-performance\\\/integrated-daily-execution-idex\\\/#breadcrumb\"},\"inLanguage\":\"de\",\"potentialAction\":[{\"@type\":\"ReadAction\",\"target\":[\"https:\\\/\\\/www.argonandco.com\\\/de\\\/leistungen\\\/operational-performance\\\/integrated-daily-execution-idex\\\/\"]}]},{\"@type\":\"BreadcrumbList\",\"@id\":\"https:\\\/\\\/www.argonandco.com\\\/de\\\/leistungen\\\/operational-performance\\\/integrated-daily-execution-idex\\\/#breadcrumb\",\"itemListElement\":[{\"@type\":\"ListItem\",\"position\":1,\"name\":\"Home\",\"item\":\"https:\\\/\\\/www.argonandco.com\\\/de\\\/\"},{\"@type\":\"ListItem\",\"position\":2,\"name\":\"Leistungen\",\"item\":\"https:\\\/\\\/www.argonandco.com\\\/de\\\/leistungen\\\/\"},{\"@type\":\"ListItem\",\"position\":3,\"name\":\"Operational Performance\",\"item\":\"https:\\\/\\\/www.argonandco.com\\\/de\\\/leistungen\\\/operational-performance\\\/\"},{\"@type\":\"ListItem\",\"position\":4,\"name\":\"Integrated daily execution (IDEX)\"}]},{\"@type\":\"WebSite\",\"@id\":\"https:\\\/\\\/www.argonandco.com\\\/de\\\/#website\",\"url\":\"https:\\\/\\\/www.argonandco.com\\\/de\\\/\",\"name\":\"Argon &amp; Co\",\"description\":\"We help clients achieve their strategic and operational objectives, working together to transform their businesses and generate real change.\",\"potentialAction\":[{\"@type\":\"SearchAction\",\"target\":{\"@type\":\"EntryPoint\",\"urlTemplate\":\"https:\\\/\\\/www.argonandco.com\\\/de\\\/?s={search_term_string}\"},\"query-input\":{\"@type\":\"PropertyValueSpecification\",\"valueRequired\":true,\"valueName\":\"search_term_string\"}}],\"inLanguage\":\"de\"}]}<\/script>\n<!-- \/ Yoast SEO plugin. -->","yoast_head_json":{"title":"Integrated daily execution (IDEX) - Argon &amp; Co","robots":{"index":"index","follow":"follow","max-snippet":"max-snippet:-1","max-image-preview":"max-image-preview:large","max-video-preview":"max-video-preview:-1"},"canonical":"https:\/\/www.argonandco.com\/de\/leistungen\/operational-performance\/integrated-daily-execution-idex\/","og_locale":"de_DE","og_type":"article","og_title":"Integrated daily execution (IDEX) - Argon &amp; Co","og_description":"Einf\u00fchrung und Herausforderungen Viele Unternehmen haben Schwierigkeiten, Initiativen zur Verbesserung der betrieblichen Leistung erfolgreich umzusetzen, und noch weniger sind in der Lage, die erzielten Vorteile langfristig zu sichern. Das Fehlen eines koh\u00e4renten und disziplinierten Leistungsmanagementsystems ist ein gemeinsames Merkmal gescheiterter Initiativen. Um diesem Problem zu begegnen, hat Argon &amp; Co IDEX entwickelt. IDEX ist ein [&hellip;]","og_url":"https:\/\/www.argonandco.com\/de\/leistungen\/operational-performance\/integrated-daily-execution-idex\/","og_site_name":"Argon &amp; Co","article_modified_time":"2025-07-11T12:00:25+00:00","twitter_card":"summary_large_image","twitter_misc":{"Gesch\u00e4tzte Lesezeit":"2 Minuten"},"schema":{"@context":"https:\/\/schema.org","@graph":[{"@type":"WebPage","@id":"https:\/\/www.argonandco.com\/de\/leistungen\/operational-performance\/integrated-daily-execution-idex\/","url":"https:\/\/www.argonandco.com\/de\/leistungen\/operational-performance\/integrated-daily-execution-idex\/","name":"Integrated daily execution (IDEX) - Argon &amp; Co","isPartOf":{"@id":"https:\/\/www.argonandco.com\/de\/#website"},"datePublished":"2021-09-03T10:36:27+00:00","dateModified":"2025-07-11T12:00:25+00:00","breadcrumb":{"@id":"https:\/\/www.argonandco.com\/de\/leistungen\/operational-performance\/integrated-daily-execution-idex\/#breadcrumb"},"inLanguage":"de","potentialAction":[{"@type":"ReadAction","target":["https:\/\/www.argonandco.com\/de\/leistungen\/operational-performance\/integrated-daily-execution-idex\/"]}]},{"@type":"BreadcrumbList","@id":"https:\/\/www.argonandco.com\/de\/leistungen\/operational-performance\/integrated-daily-execution-idex\/#breadcrumb","itemListElement":[{"@type":"ListItem","position":1,"name":"Home","item":"https:\/\/www.argonandco.com\/de\/"},{"@type":"ListItem","position":2,"name":"Leistungen","item":"https:\/\/www.argonandco.com\/de\/leistungen\/"},{"@type":"ListItem","position":3,"name":"Operational Performance","item":"https:\/\/www.argonandco.com\/de\/leistungen\/operational-performance\/"},{"@type":"ListItem","position":4,"name":"Integrated daily execution (IDEX)"}]},{"@type":"WebSite","@id":"https:\/\/www.argonandco.com\/de\/#website","url":"https:\/\/www.argonandco.com\/de\/","name":"Argon &amp; Co","description":"We help clients achieve their strategic and operational objectives, working together to transform their businesses and generate real change.","potentialAction":[{"@type":"SearchAction","target":{"@type":"EntryPoint","urlTemplate":"https:\/\/www.argonandco.com\/de\/?s={search_term_string}"},"query-input":{"@type":"PropertyValueSpecification","valueRequired":true,"valueName":"search_term_string"}}],"inLanguage":"de"}]}},"_links":{"self":[{"href":"https:\/\/www.argonandco.com\/de\/wp-json\/wp\/v2\/pages\/30223","targetHints":{"allow":["GET"]}}],"collection":[{"href":"https:\/\/www.argonandco.com\/de\/wp-json\/wp\/v2\/pages"}],"about":[{"href":"https:\/\/www.argonandco.com\/de\/wp-json\/wp\/v2\/types\/page"}],"author":[{"embeddable":true,"href":"https:\/\/www.argonandco.com\/de\/wp-json\/wp\/v2\/users\/1"}],"replies":[{"embeddable":true,"href":"https:\/\/www.argonandco.com\/de\/wp-json\/wp\/v2\/comments?post=30223"}],"version-history":[{"count":0,"href":"https:\/\/www.argonandco.com\/de\/wp-json\/wp\/v2\/pages\/30223\/revisions"}],"up":[{"embeddable":true,"href":"https:\/\/www.argonandco.com\/de\/wp-json\/wp\/v2\/pages\/30224"}],"wp:attachment":[{"href":"https:\/\/www.argonandco.com\/de\/wp-json\/wp\/v2\/media?parent=30223"}],"curies":[{"name":"wp","href":"https:\/\/api.w.org\/{rel}","templated":true}]}}