{"id":30222,"date":"2021-09-03T11:38:57","date_gmt":"2021-09-03T10:38:57","guid":{"rendered":"https:\/\/www.argonandco.com\/visible-planning-and-lean-development\/"},"modified":"2025-11-17T12:35:29","modified_gmt":"2025-11-17T12:35:29","slug":"sichtbare-planung-und-schlanke-entwicklung","status":"publish","type":"page","link":"https:\/\/www.argonandco.com\/de\/leistungen\/operational-performance\/sichtbare-planung-und-schlanke-entwicklung\/","title":{"rendered":"Sichtbare Planung und schlanke Entwicklung"},"content":{"rendered":"<h2><b>Einf\u00fchrung und Herausforderungen<\/b><\/h2>\n<p><span class=\"intro\">Viele Unternehmen wenden heute erfolgreich die Prinzipien der \u201eschlanken Produktion\u201c an und erzielen damit erhebliche Vorteile, w\u00e4hrend sie gleichzeitig einen bedeutenden kulturellen Wandel an ihren Produktionsstandorten vorantreiben.<\/span><\/p>\n<p>Im Bereich Innovation und Produktentwicklung bleibt das zus\u00e4tzliche Ertragspotenzial sehr oft ungenutzt. Physische Verluste in der Produktion werden in der Welt der Innovation und Entwicklung, wo ihre Verfolgung und systematische Beseitigung schwieriger erscheinen mag, immateriell. Dar\u00fcber hinaus m\u00fcssen diese Entwicklungsprozesse immer schneller durchgef\u00fchrt werden, um mit verk\u00fcrzten Produktlebenszyklen und dem st\u00e4ndigen Streben nach Nachhaltigkeit Schritt zu halten.<\/p>\n<p>Die Beherrschung agiler Prozesse in Innovation und Entwicklung stellt daher eine bedeutende Chance f\u00fcr Unternehmen dar, die Markteinf\u00fchrungszeit zu verk\u00fcrzen und Kosten, Qualit\u00e4t und Kundenzufriedenheit nachhaltig zu optimieren.<\/p>\n<h2><b>Wie wir helfen k\u00f6nnen<\/b><\/h2>\n<p>Argon &amp; Co unterst\u00fctzt seine Kunden durch die Anwendung der \u201eVisible Planning\u201c-Methodik, um einen kontinuierlichen Verbesserungsprozess in den Innovations- und Produktentwicklungszyklen zu initiieren. Dieser strukturierte Ansatz erm\u00f6glicht unseren Kunden:<\/p>\n<ul>\n<li>Entwicklungs- und Innovationsprozesse definieren<\/li>\n<li>Meilensteine mit besonderem Schwerpunkt auf den Schnittstellen zwischen Gesch\u00e4ftsbereichen und Funktionen festlegen<\/li>\n<li>Verborgene organisatorische und prozessbezogene Verluste aufdecken<\/li>\n<li>Einen Prozess zur Beseitigung dieser Verluste einleiten<\/li>\n<li>Eine Organisation gestalten, die die kontinuierliche Umsetzung dieses Ansatzes erleichtert.<\/li>\n<\/ul>\n<p>Wir unterst\u00fctzen unsere Kunden bei der t\u00e4glichen Umsetzung der \u201eVisible Planning\u201c-Methodik, um:<\/p>\n<ul>\n<li>Vermeiden Sie Verluste w\u00e4hrend des gesamten Innovations- und Entwicklungsprozesses<\/li>\n<li>Verk\u00fcrzen Sie die Markteinf\u00fchrungszeit<\/li>\n<li>Kontrollieren Sie die Entwicklungskosten<\/li>\n<li>Sichern Sie den Produktionsanlauf auf dem erforderlichen Qualit\u00e4tsniveau<\/li>\n<li>Schaffen Sie eine Kultur, die Agilit\u00e4t und funktions\u00fcbergreifende Teamarbeit f\u00f6rdert<\/li>\n<\/ul>\n","protected":false},"excerpt":{"rendered":"<p>Einf\u00fchrung und Herausforderungen Viele Unternehmen wenden heute erfolgreich die Prinzipien der \u201eschlanken Produktion\u201c an und erzielen damit erhebliche Vorteile, w\u00e4hrend sie gleichzeitig einen bedeutenden kulturellen Wandel an ihren Produktionsstandorten vorantreiben. Im Bereich Innovation und Produktentwicklung bleibt das zus\u00e4tzliche Ertragspotenzial sehr oft ungenutzt. Physische Verluste in der Produktion werden in der Welt der Innovation und Entwicklung, [&hellip;]<\/p>\n","protected":false},"author":1,"featured_media":0,"parent":30224,"menu_order":4,"comment_status":"closed","ping_status":"closed","template":"","meta":{"_acf_changed":false,"footnotes":""},"class_list":["post-30222","page","type-page","status-publish","hentry"],"acf":[],"yoast_head":"<!-- This site is optimized with the Yoast SEO plugin v27.4 - https:\/\/yoast.com\/product\/yoast-seo-wordpress\/ -->\n<title>Sichtbare Planung und schlanke Entwicklung - Argon &amp; Co<\/title>\n<meta name=\"robots\" content=\"index, follow, max-snippet:-1, max-image-preview:large, max-video-preview:-1\" \/>\n<link rel=\"canonical\" href=\"https:\/\/www.argonandco.com\/de\/leistungen\/operational-performance\/sichtbare-planung-und-schlanke-entwicklung\/\" \/>\n<meta property=\"og:locale\" content=\"de_DE\" \/>\n<meta property=\"og:type\" content=\"article\" \/>\n<meta property=\"og:title\" content=\"Sichtbare Planung und schlanke Entwicklung - Argon &amp; Co\" \/>\n<meta property=\"og:description\" content=\"Einf\u00fchrung und Herausforderungen Viele Unternehmen wenden heute erfolgreich die Prinzipien der \u201eschlanken Produktion\u201c an und erzielen damit erhebliche Vorteile, w\u00e4hrend sie gleichzeitig einen bedeutenden kulturellen Wandel an ihren Produktionsstandorten vorantreiben. Im Bereich Innovation und Produktentwicklung bleibt das zus\u00e4tzliche Ertragspotenzial sehr oft ungenutzt. Physische Verluste in der Produktion werden in der Welt der Innovation und Entwicklung, [&hellip;]\" \/>\n<meta property=\"og:url\" content=\"https:\/\/www.argonandco.com\/de\/leistungen\/operational-performance\/sichtbare-planung-und-schlanke-entwicklung\/\" \/>\n<meta property=\"og:site_name\" content=\"Argon &amp; Co\" \/>\n<meta property=\"article:modified_time\" content=\"2025-11-17T12:35:29+00:00\" \/>\n<meta name=\"twitter:card\" content=\"summary_large_image\" \/>\n<meta name=\"twitter:label1\" content=\"Gesch\u00e4tzte Lesezeit\" \/>\n\t<meta name=\"twitter:data1\" content=\"2 Minuten\" \/>\n<script type=\"application\/ld+json\" class=\"yoast-schema-graph\">{\"@context\":\"https:\\\/\\\/schema.org\",\"@graph\":[{\"@type\":\"WebPage\",\"@id\":\"https:\\\/\\\/www.argonandco.com\\\/de\\\/leistungen\\\/operational-performance\\\/sichtbare-planung-und-schlanke-entwicklung\\\/\",\"url\":\"https:\\\/\\\/www.argonandco.com\\\/de\\\/leistungen\\\/operational-performance\\\/sichtbare-planung-und-schlanke-entwicklung\\\/\",\"name\":\"Sichtbare Planung und schlanke Entwicklung - Argon &amp; Co\",\"isPartOf\":{\"@id\":\"https:\\\/\\\/www.argonandco.com\\\/de\\\/#website\"},\"datePublished\":\"2021-09-03T10:38:57+00:00\",\"dateModified\":\"2025-11-17T12:35:29+00:00\",\"breadcrumb\":{\"@id\":\"https:\\\/\\\/www.argonandco.com\\\/de\\\/leistungen\\\/operational-performance\\\/sichtbare-planung-und-schlanke-entwicklung\\\/#breadcrumb\"},\"inLanguage\":\"de\",\"potentialAction\":[{\"@type\":\"ReadAction\",\"target\":[\"https:\\\/\\\/www.argonandco.com\\\/de\\\/leistungen\\\/operational-performance\\\/sichtbare-planung-und-schlanke-entwicklung\\\/\"]}]},{\"@type\":\"BreadcrumbList\",\"@id\":\"https:\\\/\\\/www.argonandco.com\\\/de\\\/leistungen\\\/operational-performance\\\/sichtbare-planung-und-schlanke-entwicklung\\\/#breadcrumb\",\"itemListElement\":[{\"@type\":\"ListItem\",\"position\":1,\"name\":\"Home\",\"item\":\"https:\\\/\\\/www.argonandco.com\\\/de\\\/\"},{\"@type\":\"ListItem\",\"position\":2,\"name\":\"Leistungen\",\"item\":\"https:\\\/\\\/www.argonandco.com\\\/de\\\/leistungen\\\/\"},{\"@type\":\"ListItem\",\"position\":3,\"name\":\"Operational Performance\",\"item\":\"https:\\\/\\\/www.argonandco.com\\\/de\\\/leistungen\\\/operational-performance\\\/\"},{\"@type\":\"ListItem\",\"position\":4,\"name\":\"Sichtbare Planung und schlanke Entwicklung\"}]},{\"@type\":\"WebSite\",\"@id\":\"https:\\\/\\\/www.argonandco.com\\\/de\\\/#website\",\"url\":\"https:\\\/\\\/www.argonandco.com\\\/de\\\/\",\"name\":\"Argon &amp; Co\",\"description\":\"We help clients achieve their strategic and operational objectives, working together to transform their businesses and generate real change.\",\"potentialAction\":[{\"@type\":\"SearchAction\",\"target\":{\"@type\":\"EntryPoint\",\"urlTemplate\":\"https:\\\/\\\/www.argonandco.com\\\/de\\\/?s={search_term_string}\"},\"query-input\":{\"@type\":\"PropertyValueSpecification\",\"valueRequired\":true,\"valueName\":\"search_term_string\"}}],\"inLanguage\":\"de\"}]}<\/script>\n<!-- \/ Yoast SEO plugin. -->","yoast_head_json":{"title":"Sichtbare Planung und schlanke Entwicklung - Argon &amp; Co","robots":{"index":"index","follow":"follow","max-snippet":"max-snippet:-1","max-image-preview":"max-image-preview:large","max-video-preview":"max-video-preview:-1"},"canonical":"https:\/\/www.argonandco.com\/de\/leistungen\/operational-performance\/sichtbare-planung-und-schlanke-entwicklung\/","og_locale":"de_DE","og_type":"article","og_title":"Sichtbare Planung und schlanke Entwicklung - Argon &amp; Co","og_description":"Einf\u00fchrung und Herausforderungen Viele Unternehmen wenden heute erfolgreich die Prinzipien der \u201eschlanken Produktion\u201c an und erzielen damit erhebliche Vorteile, w\u00e4hrend sie gleichzeitig einen bedeutenden kulturellen Wandel an ihren Produktionsstandorten vorantreiben. Im Bereich Innovation und Produktentwicklung bleibt das zus\u00e4tzliche Ertragspotenzial sehr oft ungenutzt. Physische Verluste in der Produktion werden in der Welt der Innovation und Entwicklung, [&hellip;]","og_url":"https:\/\/www.argonandco.com\/de\/leistungen\/operational-performance\/sichtbare-planung-und-schlanke-entwicklung\/","og_site_name":"Argon &amp; Co","article_modified_time":"2025-11-17T12:35:29+00:00","twitter_card":"summary_large_image","twitter_misc":{"Gesch\u00e4tzte Lesezeit":"2 Minuten"},"schema":{"@context":"https:\/\/schema.org","@graph":[{"@type":"WebPage","@id":"https:\/\/www.argonandco.com\/de\/leistungen\/operational-performance\/sichtbare-planung-und-schlanke-entwicklung\/","url":"https:\/\/www.argonandco.com\/de\/leistungen\/operational-performance\/sichtbare-planung-und-schlanke-entwicklung\/","name":"Sichtbare Planung und schlanke Entwicklung - Argon &amp; Co","isPartOf":{"@id":"https:\/\/www.argonandco.com\/de\/#website"},"datePublished":"2021-09-03T10:38:57+00:00","dateModified":"2025-11-17T12:35:29+00:00","breadcrumb":{"@id":"https:\/\/www.argonandco.com\/de\/leistungen\/operational-performance\/sichtbare-planung-und-schlanke-entwicklung\/#breadcrumb"},"inLanguage":"de","potentialAction":[{"@type":"ReadAction","target":["https:\/\/www.argonandco.com\/de\/leistungen\/operational-performance\/sichtbare-planung-und-schlanke-entwicklung\/"]}]},{"@type":"BreadcrumbList","@id":"https:\/\/www.argonandco.com\/de\/leistungen\/operational-performance\/sichtbare-planung-und-schlanke-entwicklung\/#breadcrumb","itemListElement":[{"@type":"ListItem","position":1,"name":"Home","item":"https:\/\/www.argonandco.com\/de\/"},{"@type":"ListItem","position":2,"name":"Leistungen","item":"https:\/\/www.argonandco.com\/de\/leistungen\/"},{"@type":"ListItem","position":3,"name":"Operational Performance","item":"https:\/\/www.argonandco.com\/de\/leistungen\/operational-performance\/"},{"@type":"ListItem","position":4,"name":"Sichtbare Planung und schlanke Entwicklung"}]},{"@type":"WebSite","@id":"https:\/\/www.argonandco.com\/de\/#website","url":"https:\/\/www.argonandco.com\/de\/","name":"Argon &amp; Co","description":"We help clients achieve their strategic and operational objectives, working together to transform their businesses and generate real change.","potentialAction":[{"@type":"SearchAction","target":{"@type":"EntryPoint","urlTemplate":"https:\/\/www.argonandco.com\/de\/?s={search_term_string}"},"query-input":{"@type":"PropertyValueSpecification","valueRequired":true,"valueName":"search_term_string"}}],"inLanguage":"de"}]}},"_links":{"self":[{"href":"https:\/\/www.argonandco.com\/de\/wp-json\/wp\/v2\/pages\/30222","targetHints":{"allow":["GET"]}}],"collection":[{"href":"https:\/\/www.argonandco.com\/de\/wp-json\/wp\/v2\/pages"}],"about":[{"href":"https:\/\/www.argonandco.com\/de\/wp-json\/wp\/v2\/types\/page"}],"author":[{"embeddable":true,"href":"https:\/\/www.argonandco.com\/de\/wp-json\/wp\/v2\/users\/1"}],"replies":[{"embeddable":true,"href":"https:\/\/www.argonandco.com\/de\/wp-json\/wp\/v2\/comments?post=30222"}],"version-history":[{"count":0,"href":"https:\/\/www.argonandco.com\/de\/wp-json\/wp\/v2\/pages\/30222\/revisions"}],"up":[{"embeddable":true,"href":"https:\/\/www.argonandco.com\/de\/wp-json\/wp\/v2\/pages\/30224"}],"wp:attachment":[{"href":"https:\/\/www.argonandco.com\/de\/wp-json\/wp\/v2\/media?parent=30222"}],"curies":[{"name":"wp","href":"https:\/\/api.w.org\/{rel}","templated":true}]}}