{"id":30219,"date":"2021-09-09T14:16:06","date_gmt":"2021-09-09T13:16:06","guid":{"rendered":"https:\/\/www.argonandco.com\/increasing-asset-availability-stable-maintenance\/"},"modified":"2025-11-17T13:42:09","modified_gmt":"2025-11-17T13:42:09","slug":"erhoehung-der-asset-verfuegbarkeit-stable-maintenance","status":"publish","type":"page","link":"https:\/\/www.argonandco.com\/de\/leistungen\/service-excellence\/erhoehung-der-asset-verfuegbarkeit-stable-maintenance\/","title":{"rendered":"Erh\u00f6hung der Asset Verf\u00fcgbarkeit (Stable Maintenance)"},"content":{"rendered":"<h2>Einf\u00fchrung und Herausforderungen<\/h2>\n<p><span class=\"intro\">Es ist allgemein bekannt, dass eine Erh\u00f6hung der Verf\u00fcgbarkeit von Produktionsanlagen innerhalb bestehender Prozesse die Produktivit\u00e4t steigert und die finanzielle Leistungsf\u00e4higkeit verbessert. Untersuchungen zeigen, dass die EBITDA von Industrieunternehmen um bis zu 30 % gesteigert werden k\u00f6nnte, wenn sie in der Lage w\u00e4ren, die besten Leistungen der Branche zu erreichen.<\/span><\/p>\n<p>In den n\u00e4chsten 10 Jahren wird fast die H\u00e4lfte aller technischen Anlagen in der Industrie das Ende ihrer Lebensdauer erreichen. Viele Unternehmen planen, ihre bestehenden Anlagen durch Programme zur Verl\u00e4ngerung der Lebensdauer weiter zu nutzen. Im gleichen Zeitraum wird jedoch auch eine bedeutende Gruppe erfahrener Techniker und Bediener in den Ruhestand treten, wodurch wertvolles Wissen, Einblicke und Erfahrungen verloren gehen werden. Diese Aussicht erfordert grundlegende Ver\u00e4nderungen im Anlagenmanagement und in der Instandhaltungspraxis.<\/p>\n<p>Erh\u00f6hte Marktvolatilit\u00e4t, k\u00fcrzere Lieferzeiten und sinkende Lagerbest\u00e4nde erfordern eine h\u00f6here Zuverl\u00e4ssigkeit der Anlagenverf\u00fcgbarkeit. Ohne diese Zuverl\u00e4ssigkeit ger\u00e4t das Unternehmen in Schwierigkeiten, Priorit\u00e4ten verschieben sich und das L\u00f6schen von Br\u00e4nden wird zur Standardvorgehensweise. Eine konsistente Anlagenverf\u00fcgbarkeit erm\u00f6glicht hingegen eine vorhersehbare Produktionsleistung, was wiederum zu einer verbesserten Lieferleistung gegen\u00fcber den Kunden f\u00fchrt.<\/p>\n<h2>Wie wir helfen k\u00f6nnen<\/h2>\n<p>&#8222;Stable Maintenance&#8220; setzt neue End-to-End-Kennzahlen, die Verbesserungsm\u00f6glichkeiten in allen Wartungs- und Produktionsaktivit\u00e4ten aufdecken. Es handelt sich um einen datengest\u00fctzten Ansatz zur objektiven Best\u00e4tigung der tats\u00e4chlichen Leistungsniveaus. Stable Maintenance ist ein Wartungsbetriebssystem, dessen Schwerpunkt auf dem Verst\u00e4ndnis und der Beseitigung von Schwankungen in der Verf\u00fcgbarkeit von Anlagen liegt und das auf derselben Philosophie wie der Stable Ops\u2122-Ansatz von Argon &amp; Co basiert.<\/p>\n<p>Herk\u00f6mmliche Wartungsaktivit\u00e4ten konzentrieren sich in der Regel auf die Auswirkungen von Schwankungen und die Suche nach L\u00f6sungen daf\u00fcr. &#8222;Stable Maintenance&#8220; konzentriert sich auf die Beseitigung der Ursachen von Schwankungen und die Steigerung der Zuverl\u00e4ssigkeit, Konsistenz und Vorhersagbarkeit der Anlagenverf\u00fcgbarkeit. &#8222;Stable Maintenance&#8220; ver\u00e4ndert auch die Arbeitsplatzkultur f\u00fcr die mit Wartungsaktivit\u00e4ten befassten Mitarbeiter positiv und wirkt sich auf die Wartungsstrategie, die Ausf\u00fchrung und die kontinuierliche Verbesserung aus.<\/p>\n<p>Dies f\u00fchrt zu einer produktiveren Anlage mit deutlich verbesserter Anlagenverf\u00fcgbarkeit \u2013 Beispiele f\u00fcr die Vorteile unserer Kunden sind:<\/p>\n<ul>\n<li>Erh\u00f6hung der Anlagenverf\u00fcgbarkeit und positiver EBITDA-Effekt von bis zu 30 %<\/li>\n<li>Bessere Lieferleistung und Verk\u00fcrzung der Vorlaufzeiten<\/li>\n<li>Weniger Feuerwehreins\u00e4tze und kontinuierliche funktions\u00fcbergreifende Verbesserungen zwischen Wartung und Produktion<\/li>\n<li>Neutralisierung der Risiken durch das Ende der Lebensdauer von Anlagen und den Ausscheidungsalter von technischen Mitarbeitern<\/li>\n<li>Plattform mit datengest\u00fctzter Entscheidungsfindung f\u00fcr den \u00dcbergang zu Industrie 4.0<\/li>\n<\/ul>\n<p>Eine stabile Instandhaltung verbessert nachweislich die Kapitalrendite (ROCE).<\/p>\n<div id=\"gtx-trans\" style=\"position: absolute; left: 362px; top: 768.375px;\">\n<div class=\"gtx-trans-icon\"><\/div>\n<\/div>\n","protected":false},"excerpt":{"rendered":"<p>Einf\u00fchrung und Herausforderungen Es ist allgemein bekannt, dass eine Erh\u00f6hung der Verf\u00fcgbarkeit von Produktionsanlagen innerhalb bestehender Prozesse die Produktivit\u00e4t steigert und die finanzielle Leistungsf\u00e4higkeit verbessert. Untersuchungen zeigen, dass die EBITDA von Industrieunternehmen um bis zu 30 % gesteigert werden k\u00f6nnte, wenn sie in der Lage w\u00e4ren, die besten Leistungen der Branche zu erreichen. In den [&hellip;]<\/p>\n","protected":false},"author":1,"featured_media":0,"parent":30392,"menu_order":2,"comment_status":"closed","ping_status":"closed","template":"","meta":{"_acf_changed":false,"footnotes":""},"class_list":["post-30219","page","type-page","status-publish","hentry"],"acf":[],"yoast_head":"<!-- This site is optimized with the Yoast SEO plugin v27.4 - https:\/\/yoast.com\/product\/yoast-seo-wordpress\/ -->\n<title>Erh\u00f6hung der Asset Verf\u00fcgbarkeit (Stable Maintenance) - Argon &amp; Co<\/title>\n<meta name=\"robots\" content=\"index, follow, max-snippet:-1, max-image-preview:large, max-video-preview:-1\" \/>\n<link rel=\"canonical\" href=\"https:\/\/www.argonandco.com\/de\/leistungen\/service-excellence\/erhoehung-der-asset-verfuegbarkeit-stable-maintenance\/\" \/>\n<meta property=\"og:locale\" content=\"de_DE\" \/>\n<meta property=\"og:type\" content=\"article\" \/>\n<meta property=\"og:title\" content=\"Erh\u00f6hung der Asset Verf\u00fcgbarkeit (Stable Maintenance) - Argon &amp; Co\" \/>\n<meta property=\"og:description\" content=\"Einf\u00fchrung und Herausforderungen Es ist allgemein bekannt, dass eine Erh\u00f6hung der Verf\u00fcgbarkeit von Produktionsanlagen innerhalb bestehender Prozesse die Produktivit\u00e4t steigert und die finanzielle Leistungsf\u00e4higkeit verbessert. Untersuchungen zeigen, dass die EBITDA von Industrieunternehmen um bis zu 30 % gesteigert werden k\u00f6nnte, wenn sie in der Lage w\u00e4ren, die besten Leistungen der Branche zu erreichen. In den [&hellip;]\" \/>\n<meta property=\"og:url\" content=\"https:\/\/www.argonandco.com\/de\/leistungen\/service-excellence\/erhoehung-der-asset-verfuegbarkeit-stable-maintenance\/\" \/>\n<meta property=\"og:site_name\" content=\"Argon &amp; Co\" \/>\n<meta property=\"article:modified_time\" content=\"2025-11-17T13:42:09+00:00\" \/>\n<meta name=\"twitter:card\" content=\"summary_large_image\" \/>\n<meta name=\"twitter:label1\" content=\"Gesch\u00e4tzte Lesezeit\" \/>\n\t<meta name=\"twitter:data1\" content=\"2 Minuten\" \/>\n<script type=\"application\/ld+json\" class=\"yoast-schema-graph\">{\"@context\":\"https:\\\/\\\/schema.org\",\"@graph\":[{\"@type\":\"WebPage\",\"@id\":\"https:\\\/\\\/www.argonandco.com\\\/de\\\/leistungen\\\/service-excellence\\\/erhoehung-der-asset-verfuegbarkeit-stable-maintenance\\\/\",\"url\":\"https:\\\/\\\/www.argonandco.com\\\/de\\\/leistungen\\\/service-excellence\\\/erhoehung-der-asset-verfuegbarkeit-stable-maintenance\\\/\",\"name\":\"Erh\u00f6hung der Asset Verf\u00fcgbarkeit (Stable Maintenance) - Argon &amp; Co\",\"isPartOf\":{\"@id\":\"https:\\\/\\\/www.argonandco.com\\\/de\\\/#website\"},\"datePublished\":\"2021-09-09T13:16:06+00:00\",\"dateModified\":\"2025-11-17T13:42:09+00:00\",\"breadcrumb\":{\"@id\":\"https:\\\/\\\/www.argonandco.com\\\/de\\\/leistungen\\\/service-excellence\\\/erhoehung-der-asset-verfuegbarkeit-stable-maintenance\\\/#breadcrumb\"},\"inLanguage\":\"de\",\"potentialAction\":[{\"@type\":\"ReadAction\",\"target\":[\"https:\\\/\\\/www.argonandco.com\\\/de\\\/leistungen\\\/service-excellence\\\/erhoehung-der-asset-verfuegbarkeit-stable-maintenance\\\/\"]}]},{\"@type\":\"BreadcrumbList\",\"@id\":\"https:\\\/\\\/www.argonandco.com\\\/de\\\/leistungen\\\/service-excellence\\\/erhoehung-der-asset-verfuegbarkeit-stable-maintenance\\\/#breadcrumb\",\"itemListElement\":[{\"@type\":\"ListItem\",\"position\":1,\"name\":\"Home\",\"item\":\"https:\\\/\\\/www.argonandco.com\\\/de\\\/\"},{\"@type\":\"ListItem\",\"position\":2,\"name\":\"Leistungen\",\"item\":\"https:\\\/\\\/www.argonandco.com\\\/de\\\/leistungen\\\/\"},{\"@type\":\"ListItem\",\"position\":3,\"name\":\"Service Excellence\",\"item\":\"https:\\\/\\\/www.argonandco.com\\\/de\\\/leistungen\\\/service-excellence\\\/\"},{\"@type\":\"ListItem\",\"position\":4,\"name\":\"Erh\u00f6hung der Asset Verf\u00fcgbarkeit (Stable Maintenance)\"}]},{\"@type\":\"WebSite\",\"@id\":\"https:\\\/\\\/www.argonandco.com\\\/de\\\/#website\",\"url\":\"https:\\\/\\\/www.argonandco.com\\\/de\\\/\",\"name\":\"Argon &amp; Co\",\"description\":\"We help clients achieve their strategic and operational objectives, working together to transform their businesses and generate real change.\",\"potentialAction\":[{\"@type\":\"SearchAction\",\"target\":{\"@type\":\"EntryPoint\",\"urlTemplate\":\"https:\\\/\\\/www.argonandco.com\\\/de\\\/?s={search_term_string}\"},\"query-input\":{\"@type\":\"PropertyValueSpecification\",\"valueRequired\":true,\"valueName\":\"search_term_string\"}}],\"inLanguage\":\"de\"}]}<\/script>\n<!-- \/ Yoast SEO plugin. -->","yoast_head_json":{"title":"Erh\u00f6hung der Asset Verf\u00fcgbarkeit (Stable Maintenance) - Argon &amp; Co","robots":{"index":"index","follow":"follow","max-snippet":"max-snippet:-1","max-image-preview":"max-image-preview:large","max-video-preview":"max-video-preview:-1"},"canonical":"https:\/\/www.argonandco.com\/de\/leistungen\/service-excellence\/erhoehung-der-asset-verfuegbarkeit-stable-maintenance\/","og_locale":"de_DE","og_type":"article","og_title":"Erh\u00f6hung der Asset Verf\u00fcgbarkeit (Stable Maintenance) - Argon &amp; Co","og_description":"Einf\u00fchrung und Herausforderungen Es ist allgemein bekannt, dass eine Erh\u00f6hung der Verf\u00fcgbarkeit von Produktionsanlagen innerhalb bestehender Prozesse die Produktivit\u00e4t steigert und die finanzielle Leistungsf\u00e4higkeit verbessert. Untersuchungen zeigen, dass die EBITDA von Industrieunternehmen um bis zu 30 % gesteigert werden k\u00f6nnte, wenn sie in der Lage w\u00e4ren, die besten Leistungen der Branche zu erreichen. In den [&hellip;]","og_url":"https:\/\/www.argonandco.com\/de\/leistungen\/service-excellence\/erhoehung-der-asset-verfuegbarkeit-stable-maintenance\/","og_site_name":"Argon &amp; Co","article_modified_time":"2025-11-17T13:42:09+00:00","twitter_card":"summary_large_image","twitter_misc":{"Gesch\u00e4tzte Lesezeit":"2 Minuten"},"schema":{"@context":"https:\/\/schema.org","@graph":[{"@type":"WebPage","@id":"https:\/\/www.argonandco.com\/de\/leistungen\/service-excellence\/erhoehung-der-asset-verfuegbarkeit-stable-maintenance\/","url":"https:\/\/www.argonandco.com\/de\/leistungen\/service-excellence\/erhoehung-der-asset-verfuegbarkeit-stable-maintenance\/","name":"Erh\u00f6hung der Asset Verf\u00fcgbarkeit (Stable Maintenance) - Argon &amp; Co","isPartOf":{"@id":"https:\/\/www.argonandco.com\/de\/#website"},"datePublished":"2021-09-09T13:16:06+00:00","dateModified":"2025-11-17T13:42:09+00:00","breadcrumb":{"@id":"https:\/\/www.argonandco.com\/de\/leistungen\/service-excellence\/erhoehung-der-asset-verfuegbarkeit-stable-maintenance\/#breadcrumb"},"inLanguage":"de","potentialAction":[{"@type":"ReadAction","target":["https:\/\/www.argonandco.com\/de\/leistungen\/service-excellence\/erhoehung-der-asset-verfuegbarkeit-stable-maintenance\/"]}]},{"@type":"BreadcrumbList","@id":"https:\/\/www.argonandco.com\/de\/leistungen\/service-excellence\/erhoehung-der-asset-verfuegbarkeit-stable-maintenance\/#breadcrumb","itemListElement":[{"@type":"ListItem","position":1,"name":"Home","item":"https:\/\/www.argonandco.com\/de\/"},{"@type":"ListItem","position":2,"name":"Leistungen","item":"https:\/\/www.argonandco.com\/de\/leistungen\/"},{"@type":"ListItem","position":3,"name":"Service Excellence","item":"https:\/\/www.argonandco.com\/de\/leistungen\/service-excellence\/"},{"@type":"ListItem","position":4,"name":"Erh\u00f6hung der Asset Verf\u00fcgbarkeit (Stable Maintenance)"}]},{"@type":"WebSite","@id":"https:\/\/www.argonandco.com\/de\/#website","url":"https:\/\/www.argonandco.com\/de\/","name":"Argon &amp; Co","description":"We help clients achieve their strategic and operational objectives, working together to transform their businesses and generate real change.","potentialAction":[{"@type":"SearchAction","target":{"@type":"EntryPoint","urlTemplate":"https:\/\/www.argonandco.com\/de\/?s={search_term_string}"},"query-input":{"@type":"PropertyValueSpecification","valueRequired":true,"valueName":"search_term_string"}}],"inLanguage":"de"}]}},"_links":{"self":[{"href":"https:\/\/www.argonandco.com\/de\/wp-json\/wp\/v2\/pages\/30219","targetHints":{"allow":["GET"]}}],"collection":[{"href":"https:\/\/www.argonandco.com\/de\/wp-json\/wp\/v2\/pages"}],"about":[{"href":"https:\/\/www.argonandco.com\/de\/wp-json\/wp\/v2\/types\/page"}],"author":[{"embeddable":true,"href":"https:\/\/www.argonandco.com\/de\/wp-json\/wp\/v2\/users\/1"}],"replies":[{"embeddable":true,"href":"https:\/\/www.argonandco.com\/de\/wp-json\/wp\/v2\/comments?post=30219"}],"version-history":[{"count":0,"href":"https:\/\/www.argonandco.com\/de\/wp-json\/wp\/v2\/pages\/30219\/revisions"}],"up":[{"embeddable":true,"href":"https:\/\/www.argonandco.com\/de\/wp-json\/wp\/v2\/pages\/30392"}],"wp:attachment":[{"href":"https:\/\/www.argonandco.com\/de\/wp-json\/wp\/v2\/media?parent=30219"}],"curies":[{"name":"wp","href":"https:\/\/api.w.org\/{rel}","templated":true}]}}