{"id":30218,"date":"2021-09-09T14:24:53","date_gmt":"2021-09-09T13:24:53","guid":{"rendered":"https:\/\/www.argonandco.com\/process-mining\/"},"modified":"2025-11-20T11:51:52","modified_gmt":"2025-11-20T11:51:52","slug":"prozess-mining","status":"publish","type":"page","link":"https:\/\/www.argonandco.com\/de\/leistungen\/digital-und-it\/prozess-mining\/","title":{"rendered":"Prozess-Mining"},"content":{"rendered":"<h2>Einf\u00fchrung und Herausforderungen<\/h2>\n<p><span class=\"intro\">End-to-End-Gesch\u00e4ftsprozesse wie O2C (Order-to-Cash) und P2P (Purchase-to-Pay) sind zu komplex geworden, um mit herk\u00f6mmlichen Tools und Methoden zur Prozessoptimierung effizient verbessert werden zu k\u00f6nnen. Nicht nur, dass Transaktionsdaten leicht \u201egro\u00df\u201c werden k\u00f6nnen, mit Tausenden oder sogar Millionen von Bestell- oder Rechnungspositionen, die t\u00e4glich verarbeitet werden, sondern der Prozess ist oft funktional und\/oder geografisch verteilt und wird h\u00e4ufig teilweise intern und teilweise ausgelagert abgewickelt. Infolgedessen werden die f\u00fcr die termingerechte Zahlung oder Lieferung einzelner F\u00e4lle kritischen Ma\u00dfnahmen von den Beteiligten im Rahmen ihrer t\u00e4glichen Arbeit m\u00f6glicherweise nicht erkannt.<\/span><\/p>\n<p>Die Process-Mining-Technologie erm\u00f6glicht es, diese unterschiedlichen IT-Systeme wie CRM, ERP und MES, die die digitalen Spuren Ihrer Transaktionsdaten enthalten, miteinander zu verbinden und den Prozess so zu visualisieren, wie er tats\u00e4chlich ausgef\u00fchrt wird. In vielen F\u00e4llen ist es aufgrund der vielen Varianten, die in der Praxis existieren, besonders schwierig, den Ist-Prozess genau abzubilden, und herk\u00f6mmliche Brown-Paper-Sessions versagen in der Regel dabei, dies zu identifizieren. Die Process-Mining-Technologie identifiziert Abweichungen vom Standardprozess, definiert den Soll-Prozess, analysiert, welche Ma\u00dfnahmen zu ergreifen sind und wie diese (manuell oder automatisch) ausgef\u00fchrt werden m\u00fcssen, und verfolgt die Fortschritte bei der Erreichung der Gesch\u00e4ftsziele.<\/p>\n<h2>Wie wir helfen k\u00f6nnen<\/h2>\n<p>Wir helfen unseren Kunden, den Wert ihrer Prozessdaten zu realisieren, indem wir die richtige L\u00f6sung f\u00fcr ihre Gesch\u00e4ftsanforderungen implementieren. Ob es sich um eine einfache Prozessermittlung, eine einmalige Analyse oder die vollst\u00e4ndige Implementierung eines Ausf\u00fchrungsmanagementsystems mit Process Mining als Kernst\u00fcck handelt, wir beraten Sie, welche L\u00f6sung am besten geeignet ist, setzen sie um und schulen vor allem Ihre Mitarbeiter darin, wie sie die Technologie f\u00fcr bessere Gesch\u00e4ftsergebnisse nutzen k\u00f6nnen \u2013 von einem Anwendungsfall bis hin zur Skalierung in Ihrem gesamten Unternehmen.<\/p>\n<p>Implementierungen liefern in der Regel schneller Ergebnisse als herk\u00f6mmliche Methoden \u2013 innerhalb von Wochen statt Monaten \u2013 und es gibt keine offensichtlichen Grenzen f\u00fcr den Einsatz von Process Mining. Anwendungsf\u00e4lle finden sich in verschiedenen Branchen (z. B. Fertigung, Lieferkette, Finanzwesen, Gesundheitswesen) und Prozessen (O2C, P2P, Kreditorenbuchhaltung, Debitorenbuchhaltung, Bestandsverwaltung und viele mehr).<\/p>\n<p>Typische Ergebnisse sind:<\/p>\n<ul>\n<li>H\u00f6heres Engagement durch mehr Prozesstransparenz und mehr Verantwortung f\u00fcr die Verbesserung der Prozessleistung<\/li>\n<li>Funktions\u00fcbergreifende Unterst\u00fctzung f\u00fcr digitale Innovation und datengest\u00fctzte F\u00fchrung<\/li>\n<li>Digitale Prozesskenntnisse und Standardanalysen f\u00fcr eine fehlerfreie und termingerechte Lieferung oder Zahlung vom ersten Tag an<\/li>\n<li>Daten- und prozessbasierte Business Cases, die aufzeigen, wo Verbesserungspotenziale liegen und wie diese genutzt werden k\u00f6nnen<\/li>\n<li>Einfache und nachhaltige kontinuierliche Verbesserung durch geschulte Mitarbeiter, die auch nach der Implementierung weiterhin die Gesch\u00e4ftsentwicklung vorantreiben<\/li>\n<\/ul>\n<div id=\"gtx-trans\" style=\"position: absolute; left: 362px; top: 768.375px;\">\n<div class=\"gtx-trans-icon\"><\/div>\n<\/div>\n","protected":false},"excerpt":{"rendered":"<p>Einf\u00fchrung und Herausforderungen End-to-End-Gesch\u00e4ftsprozesse wie O2C (Order-to-Cash) und P2P (Purchase-to-Pay) sind zu komplex geworden, um mit herk\u00f6mmlichen Tools und Methoden zur Prozessoptimierung effizient verbessert werden zu k\u00f6nnen. Nicht nur, dass Transaktionsdaten leicht \u201egro\u00df\u201c werden k\u00f6nnen, mit Tausenden oder sogar Millionen von Bestell- oder Rechnungspositionen, die t\u00e4glich verarbeitet werden, sondern der Prozess ist oft funktional und\/oder [&hellip;]<\/p>\n","protected":false},"author":1,"featured_media":0,"parent":30402,"menu_order":4,"comment_status":"closed","ping_status":"closed","template":"","meta":{"_acf_changed":false,"footnotes":""},"class_list":["post-30218","page","type-page","status-publish","hentry"],"acf":[],"yoast_head":"<!-- This site is optimized with the Yoast SEO plugin v27.4 - https:\/\/yoast.com\/product\/yoast-seo-wordpress\/ -->\n<title>Prozess-Mining | Argon &amp; Co<\/title>\n<meta name=\"description\" content=\"Argon &amp; Co&#039;s Process mining technology services help connect disparate IT-systems such as CRM, ERP &amp; MES and visualise the process. Learn more.\" \/>\n<meta name=\"robots\" content=\"index, follow, max-snippet:-1, max-image-preview:large, max-video-preview:-1\" \/>\n<link rel=\"canonical\" href=\"https:\/\/www.argonandco.com\/de\/leistungen\/digital-und-it\/prozess-mining\/\" \/>\n<meta property=\"og:locale\" content=\"de_DE\" \/>\n<meta property=\"og:type\" content=\"article\" \/>\n<meta property=\"og:title\" content=\"Prozess-Mining | Argon &amp; Co\" \/>\n<meta property=\"og:description\" content=\"Argon &amp; Co&#039;s Process mining technology services help connect disparate IT-systems such as CRM, ERP &amp; MES and visualise the process. Learn more.\" \/>\n<meta property=\"og:url\" content=\"https:\/\/www.argonandco.com\/de\/leistungen\/digital-und-it\/prozess-mining\/\" \/>\n<meta property=\"og:site_name\" content=\"Argon &amp; Co\" \/>\n<meta property=\"article:modified_time\" content=\"2025-11-20T11:51:52+00:00\" \/>\n<meta name=\"twitter:card\" content=\"summary_large_image\" \/>\n<meta name=\"twitter:label1\" content=\"Gesch\u00e4tzte Lesezeit\" \/>\n\t<meta name=\"twitter:data1\" content=\"2 Minuten\" \/>\n<script type=\"application\/ld+json\" class=\"yoast-schema-graph\">{\"@context\":\"https:\\\/\\\/schema.org\",\"@graph\":[{\"@type\":\"WebPage\",\"@id\":\"https:\\\/\\\/www.argonandco.com\\\/de\\\/leistungen\\\/digital-und-it\\\/prozess-mining\\\/\",\"url\":\"https:\\\/\\\/www.argonandco.com\\\/de\\\/leistungen\\\/digital-und-it\\\/prozess-mining\\\/\",\"name\":\"Prozess-Mining | Argon &amp; Co\",\"isPartOf\":{\"@id\":\"https:\\\/\\\/www.argonandco.com\\\/de\\\/#website\"},\"datePublished\":\"2021-09-09T13:24:53+00:00\",\"dateModified\":\"2025-11-20T11:51:52+00:00\",\"description\":\"Argon & Co's Process mining technology services help connect disparate IT-systems such as CRM, ERP & MES and visualise the process. Learn more.\",\"breadcrumb\":{\"@id\":\"https:\\\/\\\/www.argonandco.com\\\/de\\\/leistungen\\\/digital-und-it\\\/prozess-mining\\\/#breadcrumb\"},\"inLanguage\":\"de\",\"potentialAction\":[{\"@type\":\"ReadAction\",\"target\":[\"https:\\\/\\\/www.argonandco.com\\\/de\\\/leistungen\\\/digital-und-it\\\/prozess-mining\\\/\"]}]},{\"@type\":\"BreadcrumbList\",\"@id\":\"https:\\\/\\\/www.argonandco.com\\\/de\\\/leistungen\\\/digital-und-it\\\/prozess-mining\\\/#breadcrumb\",\"itemListElement\":[{\"@type\":\"ListItem\",\"position\":1,\"name\":\"Home\",\"item\":\"https:\\\/\\\/www.argonandco.com\\\/de\\\/\"},{\"@type\":\"ListItem\",\"position\":2,\"name\":\"Leistungen\",\"item\":\"https:\\\/\\\/www.argonandco.com\\\/de\\\/leistungen\\\/\"},{\"@type\":\"ListItem\",\"position\":3,\"name\":\"Digital und IT\",\"item\":\"https:\\\/\\\/www.argonandco.com\\\/de\\\/leistungen\\\/digital-und-it\\\/\"},{\"@type\":\"ListItem\",\"position\":4,\"name\":\"Prozess-Mining\"}]},{\"@type\":\"WebSite\",\"@id\":\"https:\\\/\\\/www.argonandco.com\\\/de\\\/#website\",\"url\":\"https:\\\/\\\/www.argonandco.com\\\/de\\\/\",\"name\":\"Argon &amp; Co\",\"description\":\"We help clients achieve their strategic and operational objectives, working together to transform their businesses and generate real change.\",\"potentialAction\":[{\"@type\":\"SearchAction\",\"target\":{\"@type\":\"EntryPoint\",\"urlTemplate\":\"https:\\\/\\\/www.argonandco.com\\\/de\\\/?s={search_term_string}\"},\"query-input\":{\"@type\":\"PropertyValueSpecification\",\"valueRequired\":true,\"valueName\":\"search_term_string\"}}],\"inLanguage\":\"de\"}]}<\/script>\n<!-- \/ Yoast SEO plugin. -->","yoast_head_json":{"title":"Prozess-Mining | Argon &amp; Co","description":"Argon & Co's Process mining technology services help connect disparate IT-systems such as CRM, ERP & MES and visualise the process. Learn more.","robots":{"index":"index","follow":"follow","max-snippet":"max-snippet:-1","max-image-preview":"max-image-preview:large","max-video-preview":"max-video-preview:-1"},"canonical":"https:\/\/www.argonandco.com\/de\/leistungen\/digital-und-it\/prozess-mining\/","og_locale":"de_DE","og_type":"article","og_title":"Prozess-Mining | Argon &amp; Co","og_description":"Argon & Co's Process mining technology services help connect disparate IT-systems such as CRM, ERP & MES and visualise the process. Learn more.","og_url":"https:\/\/www.argonandco.com\/de\/leistungen\/digital-und-it\/prozess-mining\/","og_site_name":"Argon &amp; Co","article_modified_time":"2025-11-20T11:51:52+00:00","twitter_card":"summary_large_image","twitter_misc":{"Gesch\u00e4tzte Lesezeit":"2 Minuten"},"schema":{"@context":"https:\/\/schema.org","@graph":[{"@type":"WebPage","@id":"https:\/\/www.argonandco.com\/de\/leistungen\/digital-und-it\/prozess-mining\/","url":"https:\/\/www.argonandco.com\/de\/leistungen\/digital-und-it\/prozess-mining\/","name":"Prozess-Mining | Argon &amp; Co","isPartOf":{"@id":"https:\/\/www.argonandco.com\/de\/#website"},"datePublished":"2021-09-09T13:24:53+00:00","dateModified":"2025-11-20T11:51:52+00:00","description":"Argon & Co's Process mining technology services help connect disparate IT-systems such as CRM, ERP & MES and visualise the process. Learn more.","breadcrumb":{"@id":"https:\/\/www.argonandco.com\/de\/leistungen\/digital-und-it\/prozess-mining\/#breadcrumb"},"inLanguage":"de","potentialAction":[{"@type":"ReadAction","target":["https:\/\/www.argonandco.com\/de\/leistungen\/digital-und-it\/prozess-mining\/"]}]},{"@type":"BreadcrumbList","@id":"https:\/\/www.argonandco.com\/de\/leistungen\/digital-und-it\/prozess-mining\/#breadcrumb","itemListElement":[{"@type":"ListItem","position":1,"name":"Home","item":"https:\/\/www.argonandco.com\/de\/"},{"@type":"ListItem","position":2,"name":"Leistungen","item":"https:\/\/www.argonandco.com\/de\/leistungen\/"},{"@type":"ListItem","position":3,"name":"Digital und IT","item":"https:\/\/www.argonandco.com\/de\/leistungen\/digital-und-it\/"},{"@type":"ListItem","position":4,"name":"Prozess-Mining"}]},{"@type":"WebSite","@id":"https:\/\/www.argonandco.com\/de\/#website","url":"https:\/\/www.argonandco.com\/de\/","name":"Argon &amp; Co","description":"We help clients achieve their strategic and operational objectives, working together to transform their businesses and generate real change.","potentialAction":[{"@type":"SearchAction","target":{"@type":"EntryPoint","urlTemplate":"https:\/\/www.argonandco.com\/de\/?s={search_term_string}"},"query-input":{"@type":"PropertyValueSpecification","valueRequired":true,"valueName":"search_term_string"}}],"inLanguage":"de"}]}},"_links":{"self":[{"href":"https:\/\/www.argonandco.com\/de\/wp-json\/wp\/v2\/pages\/30218","targetHints":{"allow":["GET"]}}],"collection":[{"href":"https:\/\/www.argonandco.com\/de\/wp-json\/wp\/v2\/pages"}],"about":[{"href":"https:\/\/www.argonandco.com\/de\/wp-json\/wp\/v2\/types\/page"}],"author":[{"embeddable":true,"href":"https:\/\/www.argonandco.com\/de\/wp-json\/wp\/v2\/users\/1"}],"replies":[{"embeddable":true,"href":"https:\/\/www.argonandco.com\/de\/wp-json\/wp\/v2\/comments?post=30218"}],"version-history":[{"count":0,"href":"https:\/\/www.argonandco.com\/de\/wp-json\/wp\/v2\/pages\/30218\/revisions"}],"up":[{"embeddable":true,"href":"https:\/\/www.argonandco.com\/de\/wp-json\/wp\/v2\/pages\/30402"}],"wp:attachment":[{"href":"https:\/\/www.argonandco.com\/de\/wp-json\/wp\/v2\/media?parent=30218"}],"curies":[{"name":"wp","href":"https:\/\/api.w.org\/{rel}","templated":true}]}}