{"id":30216,"date":"2021-09-21T10:35:32","date_gmt":"2021-09-21T09:35:32","guid":{"rendered":"https:\/\/www.argonandco.com\/lean-six-sigma-action-training-and-certification\/"},"modified":"2025-11-17T12:35:55","modified_gmt":"2025-11-17T12:35:55","slug":"lean-six-sigma-praxistraining-und-zertifizierung","status":"publish","type":"page","link":"https:\/\/www.argonandco.com\/de\/leistungen\/operational-performance\/lean-six-sigma-praxistraining-und-zertifizierung\/","title":{"rendered":"Lean Six Sigma-Praxistraining und Zertifizierung"},"content":{"rendered":"<h2><b>Einf\u00fchrung und Herausforderungen<\/b><\/h2>\n<p><span class=\"intro\">Um die gesch\u00e4ftlichen Herausforderungen von heute zu meistern, sei es in Bezug auf Service, Kosten, Vorlaufzeiten oder andere Indikatoren, ist ein strukturierter, unternehmensweiter Ansatz erforderlich, der so effektiv wie m\u00f6glich ist. Wenn Mitarbeiter und Projektleiter eine gemeinsame Sprache sprechen und gemeinsame Methoden anwenden, sind Verbesserungen auf allen Ebenen m\u00f6glich. Die meisten Unternehmen haben festgestellt, dass die Kombination aus Lean-Produktionswerkzeugen zur Optimierung der Abl\u00e4ufe und der datenbasierten Stringenz der Six Sigma DMAIC-Methodik (Definieren, Messen, Analysieren, Verbessern, Kontrollieren) nicht nur Jahr f\u00fcr Jahr zu besseren Gesch\u00e4ftsergebnissen f\u00fchrt, sondern auch die notwendigen kulturellen Ver\u00e4nderungen bewirkt, um ihre Organisation besser auf die Herausforderungen des 21. Jahrhunderts und sein sich st\u00e4ndig ver\u00e4nderndes Umfeld auszurichten.<\/span><\/p>\n<p>Die kontinuierlichen Vorteile der Nutzung von Daten zur konsequenten Verfolgung von Abweichungen in Prozessen und zur Identifizierung der tats\u00e4chlichen Ursachen von Problemen sowie das Beharren darauf, diese Verbesserungen durch die Anwendung der Kontrollphase der Projekte dauerhaft zu verankern, sind heute genauso relevant und wirkungsvoll wie in den 1990er Jahren, als General Electric und viele andere Unternehmen diese Tools erstmals auf Unternehmensebene entwickelten und einsetzten.<\/p>\n<h2><b>Wie wir helfen k\u00f6nnen<\/b><\/h2>\n<p>Dank unseres reichen Erbes von General Electric und unserer Ausbildung in den Fabriken von Toyota sind wir perfekt aufgestellt, um Kunden bei der Einf\u00fchrung von Lean Six Sigma-Initiativen zu unterst\u00fctzen, sei es durch gezielte Schulungen oder die vollst\u00e4ndige Umsetzung unternehmensweiter Lean Six Sigma-Programme. Von sehr spezifischen, zweckorientierten Programmen, die sich konsequent auf dringende Priorit\u00e4ten konzentrieren, bis hin zu umfassenderen Programmen, bei denen Lernen und kultureller Wandel im Vordergrund stehen, k\u00f6nnen wir Kunden dabei unterst\u00fctzen, die Implementierungszeit zu verk\u00fcrzen und eine schnelle Umsetzung sicherzustellen.<\/p>\n<p>Unsere Berater und Beraterinnen sind Experten in der Zusammenarbeit mit Teams vor Ort, wodurch unser aktives Training einen wesentlichen Beitrag zum Erfolg leistet. Durch die Ermittlung der erforderlichen Organisationsstruktur zur Unterst\u00fctzung der Transformation sowie durch die Unterst\u00fctzung bei der Entscheidung, welche Personen in Schl\u00fcsselpositionen eingesetzt werden sollen, wird sichergestellt, dass der Wissenstransfer zu den Kunden so schnell und effizient wie m\u00f6glich erfolgt.<\/p>\n<p>Wir verf\u00fcgen \u00fcber langj\u00e4hrige Erfahrung darin, Kunden bei der Einf\u00fchrung, Beschleunigung oder Neubelebung von Lean Six Sigma-Initiativen zu unterst\u00fctzen und sicherzustellen, dass die Programme die geplanten finanziellen und kulturellen Ergebnisse erzielen.<\/p>\n","protected":false},"excerpt":{"rendered":"<p>Einf\u00fchrung und Herausforderungen Um die gesch\u00e4ftlichen Herausforderungen von heute zu meistern, sei es in Bezug auf Service, Kosten, Vorlaufzeiten oder andere Indikatoren, ist ein strukturierter, unternehmensweiter Ansatz erforderlich, der so effektiv wie m\u00f6glich ist. Wenn Mitarbeiter und Projektleiter eine gemeinsame Sprache sprechen und gemeinsame Methoden anwenden, sind Verbesserungen auf allen Ebenen m\u00f6glich. Die meisten Unternehmen [&hellip;]<\/p>\n","protected":false},"author":1,"featured_media":0,"parent":30224,"menu_order":6,"comment_status":"closed","ping_status":"closed","template":"","meta":{"_acf_changed":false,"footnotes":""},"class_list":["post-30216","page","type-page","status-publish","hentry"],"acf":[],"yoast_head":"<!-- This site is optimized with the Yoast SEO plugin v27.4 - https:\/\/yoast.com\/product\/yoast-seo-wordpress\/ -->\n<title>Lean Six Sigma-Praxistraining und Zertifizierung - Argon &amp; Co<\/title>\n<meta name=\"robots\" content=\"index, follow, max-snippet:-1, max-image-preview:large, max-video-preview:-1\" \/>\n<link rel=\"canonical\" href=\"https:\/\/www.argonandco.com\/de\/leistungen\/operational-performance\/lean-six-sigma-praxistraining-und-zertifizierung\/\" \/>\n<meta property=\"og:locale\" content=\"de_DE\" \/>\n<meta property=\"og:type\" content=\"article\" \/>\n<meta property=\"og:title\" content=\"Lean Six Sigma-Praxistraining und Zertifizierung - Argon &amp; Co\" \/>\n<meta property=\"og:description\" content=\"Einf\u00fchrung und Herausforderungen Um die gesch\u00e4ftlichen Herausforderungen von heute zu meistern, sei es in Bezug auf Service, Kosten, Vorlaufzeiten oder andere Indikatoren, ist ein strukturierter, unternehmensweiter Ansatz erforderlich, der so effektiv wie m\u00f6glich ist. Wenn Mitarbeiter und Projektleiter eine gemeinsame Sprache sprechen und gemeinsame Methoden anwenden, sind Verbesserungen auf allen Ebenen m\u00f6glich. Die meisten Unternehmen [&hellip;]\" \/>\n<meta property=\"og:url\" content=\"https:\/\/www.argonandco.com\/de\/leistungen\/operational-performance\/lean-six-sigma-praxistraining-und-zertifizierung\/\" \/>\n<meta property=\"og:site_name\" content=\"Argon &amp; Co\" \/>\n<meta property=\"article:modified_time\" content=\"2025-11-17T12:35:55+00:00\" \/>\n<meta name=\"twitter:card\" content=\"summary_large_image\" \/>\n<meta name=\"twitter:label1\" content=\"Gesch\u00e4tzte Lesezeit\" \/>\n\t<meta name=\"twitter:data1\" content=\"2 Minuten\" \/>\n<script type=\"application\/ld+json\" class=\"yoast-schema-graph\">{\"@context\":\"https:\\\/\\\/schema.org\",\"@graph\":[{\"@type\":\"WebPage\",\"@id\":\"https:\\\/\\\/www.argonandco.com\\\/de\\\/leistungen\\\/operational-performance\\\/lean-six-sigma-praxistraining-und-zertifizierung\\\/\",\"url\":\"https:\\\/\\\/www.argonandco.com\\\/de\\\/leistungen\\\/operational-performance\\\/lean-six-sigma-praxistraining-und-zertifizierung\\\/\",\"name\":\"Lean Six Sigma-Praxistraining und Zertifizierung - Argon &amp; Co\",\"isPartOf\":{\"@id\":\"https:\\\/\\\/www.argonandco.com\\\/de\\\/#website\"},\"datePublished\":\"2021-09-21T09:35:32+00:00\",\"dateModified\":\"2025-11-17T12:35:55+00:00\",\"breadcrumb\":{\"@id\":\"https:\\\/\\\/www.argonandco.com\\\/de\\\/leistungen\\\/operational-performance\\\/lean-six-sigma-praxistraining-und-zertifizierung\\\/#breadcrumb\"},\"inLanguage\":\"de\",\"potentialAction\":[{\"@type\":\"ReadAction\",\"target\":[\"https:\\\/\\\/www.argonandco.com\\\/de\\\/leistungen\\\/operational-performance\\\/lean-six-sigma-praxistraining-und-zertifizierung\\\/\"]}]},{\"@type\":\"BreadcrumbList\",\"@id\":\"https:\\\/\\\/www.argonandco.com\\\/de\\\/leistungen\\\/operational-performance\\\/lean-six-sigma-praxistraining-und-zertifizierung\\\/#breadcrumb\",\"itemListElement\":[{\"@type\":\"ListItem\",\"position\":1,\"name\":\"Home\",\"item\":\"https:\\\/\\\/www.argonandco.com\\\/de\\\/\"},{\"@type\":\"ListItem\",\"position\":2,\"name\":\"Leistungen\",\"item\":\"https:\\\/\\\/www.argonandco.com\\\/de\\\/leistungen\\\/\"},{\"@type\":\"ListItem\",\"position\":3,\"name\":\"Operational Performance\",\"item\":\"https:\\\/\\\/www.argonandco.com\\\/de\\\/leistungen\\\/operational-performance\\\/\"},{\"@type\":\"ListItem\",\"position\":4,\"name\":\"Lean Six Sigma-Praxistraining und Zertifizierung\"}]},{\"@type\":\"WebSite\",\"@id\":\"https:\\\/\\\/www.argonandco.com\\\/de\\\/#website\",\"url\":\"https:\\\/\\\/www.argonandco.com\\\/de\\\/\",\"name\":\"Argon &amp; Co\",\"description\":\"We help clients achieve their strategic and operational objectives, working together to transform their businesses and generate real change.\",\"potentialAction\":[{\"@type\":\"SearchAction\",\"target\":{\"@type\":\"EntryPoint\",\"urlTemplate\":\"https:\\\/\\\/www.argonandco.com\\\/de\\\/?s={search_term_string}\"},\"query-input\":{\"@type\":\"PropertyValueSpecification\",\"valueRequired\":true,\"valueName\":\"search_term_string\"}}],\"inLanguage\":\"de\"}]}<\/script>\n<!-- \/ Yoast SEO plugin. -->","yoast_head_json":{"title":"Lean Six Sigma-Praxistraining und Zertifizierung - Argon &amp; Co","robots":{"index":"index","follow":"follow","max-snippet":"max-snippet:-1","max-image-preview":"max-image-preview:large","max-video-preview":"max-video-preview:-1"},"canonical":"https:\/\/www.argonandco.com\/de\/leistungen\/operational-performance\/lean-six-sigma-praxistraining-und-zertifizierung\/","og_locale":"de_DE","og_type":"article","og_title":"Lean Six Sigma-Praxistraining und Zertifizierung - Argon &amp; Co","og_description":"Einf\u00fchrung und Herausforderungen Um die gesch\u00e4ftlichen Herausforderungen von heute zu meistern, sei es in Bezug auf Service, Kosten, Vorlaufzeiten oder andere Indikatoren, ist ein strukturierter, unternehmensweiter Ansatz erforderlich, der so effektiv wie m\u00f6glich ist. Wenn Mitarbeiter und Projektleiter eine gemeinsame Sprache sprechen und gemeinsame Methoden anwenden, sind Verbesserungen auf allen Ebenen m\u00f6glich. Die meisten Unternehmen [&hellip;]","og_url":"https:\/\/www.argonandco.com\/de\/leistungen\/operational-performance\/lean-six-sigma-praxistraining-und-zertifizierung\/","og_site_name":"Argon &amp; Co","article_modified_time":"2025-11-17T12:35:55+00:00","twitter_card":"summary_large_image","twitter_misc":{"Gesch\u00e4tzte Lesezeit":"2 Minuten"},"schema":{"@context":"https:\/\/schema.org","@graph":[{"@type":"WebPage","@id":"https:\/\/www.argonandco.com\/de\/leistungen\/operational-performance\/lean-six-sigma-praxistraining-und-zertifizierung\/","url":"https:\/\/www.argonandco.com\/de\/leistungen\/operational-performance\/lean-six-sigma-praxistraining-und-zertifizierung\/","name":"Lean Six Sigma-Praxistraining und Zertifizierung - Argon &amp; Co","isPartOf":{"@id":"https:\/\/www.argonandco.com\/de\/#website"},"datePublished":"2021-09-21T09:35:32+00:00","dateModified":"2025-11-17T12:35:55+00:00","breadcrumb":{"@id":"https:\/\/www.argonandco.com\/de\/leistungen\/operational-performance\/lean-six-sigma-praxistraining-und-zertifizierung\/#breadcrumb"},"inLanguage":"de","potentialAction":[{"@type":"ReadAction","target":["https:\/\/www.argonandco.com\/de\/leistungen\/operational-performance\/lean-six-sigma-praxistraining-und-zertifizierung\/"]}]},{"@type":"BreadcrumbList","@id":"https:\/\/www.argonandco.com\/de\/leistungen\/operational-performance\/lean-six-sigma-praxistraining-und-zertifizierung\/#breadcrumb","itemListElement":[{"@type":"ListItem","position":1,"name":"Home","item":"https:\/\/www.argonandco.com\/de\/"},{"@type":"ListItem","position":2,"name":"Leistungen","item":"https:\/\/www.argonandco.com\/de\/leistungen\/"},{"@type":"ListItem","position":3,"name":"Operational Performance","item":"https:\/\/www.argonandco.com\/de\/leistungen\/operational-performance\/"},{"@type":"ListItem","position":4,"name":"Lean Six Sigma-Praxistraining und Zertifizierung"}]},{"@type":"WebSite","@id":"https:\/\/www.argonandco.com\/de\/#website","url":"https:\/\/www.argonandco.com\/de\/","name":"Argon &amp; Co","description":"We help clients achieve their strategic and operational objectives, working together to transform their businesses and generate real change.","potentialAction":[{"@type":"SearchAction","target":{"@type":"EntryPoint","urlTemplate":"https:\/\/www.argonandco.com\/de\/?s={search_term_string}"},"query-input":{"@type":"PropertyValueSpecification","valueRequired":true,"valueName":"search_term_string"}}],"inLanguage":"de"}]}},"_links":{"self":[{"href":"https:\/\/www.argonandco.com\/de\/wp-json\/wp\/v2\/pages\/30216","targetHints":{"allow":["GET"]}}],"collection":[{"href":"https:\/\/www.argonandco.com\/de\/wp-json\/wp\/v2\/pages"}],"about":[{"href":"https:\/\/www.argonandco.com\/de\/wp-json\/wp\/v2\/types\/page"}],"author":[{"embeddable":true,"href":"https:\/\/www.argonandco.com\/de\/wp-json\/wp\/v2\/users\/1"}],"replies":[{"embeddable":true,"href":"https:\/\/www.argonandco.com\/de\/wp-json\/wp\/v2\/comments?post=30216"}],"version-history":[{"count":0,"href":"https:\/\/www.argonandco.com\/de\/wp-json\/wp\/v2\/pages\/30216\/revisions"}],"up":[{"embeddable":true,"href":"https:\/\/www.argonandco.com\/de\/wp-json\/wp\/v2\/pages\/30224"}],"wp:attachment":[{"href":"https:\/\/www.argonandco.com\/de\/wp-json\/wp\/v2\/media?parent=30216"}],"curies":[{"name":"wp","href":"https:\/\/api.w.org\/{rel}","templated":true}]}}