{"id":30215,"date":"2021-09-21T10:35:52","date_gmt":"2021-09-21T09:35:52","guid":{"rendered":"https:\/\/www.argonandco.com\/total-productive-maintenance\/"},"modified":"2025-11-17T12:36:14","modified_gmt":"2025-11-17T12:36:14","slug":"gesamtproduktive-instandhaltung","status":"publish","type":"page","link":"https:\/\/www.argonandco.com\/de\/leistungen\/operational-performance\/gesamtproduktive-instandhaltung\/","title":{"rendered":"Gesamtproduktive Instandhaltung"},"content":{"rendered":"<h2><b>Einf\u00fchrung und Herausforderungen<\/b><\/h2>\n<p><span class=\"intro\">Fertigungsunternehmen sehen sich st\u00e4ndig steigenden Anforderungen ihrer Kunden gegen\u00fcber und m\u00fcssen sich kontinuierlich an ihr dynamisch wechselndes Umfeld anpassen. Flexibilit\u00e4t und Agilit\u00e4t in der Fertigung h\u00e4ngen von der Maximierung der Verf\u00fcgbarkeit der Produktionsanlagen und der anschlie\u00dfenden Optimierung der Produktionsplanung und -ausf\u00fchrung ab.<\/span><\/p>\n<p>TPM (Total Productive Maintenance) ist der Prozess der Nutzung von Maschinen, Anlagen, Mitarbeitern sowie unterst\u00fctzenden Prozessen und Technologien zur Aufrechterhaltung und Verbesserung der Leistung von Produktionsanlagen und Qualit\u00e4tssystemen.<\/p>\n<p>Es handelt sich um einen datengest\u00fctzten Ansatz, mit dem die optimale Betriebsleistung von Anlagen ermittelt und anschlie\u00dfend Ursachen identifiziert, analysiert und behoben werden, die sich negativ auf diesen Zustand auswirken. So kann ein Unternehmen von einem reaktiven zu einem proaktiven Ansatz f\u00fcr das Management der Anlagenleistung \u00fcbergehen. Der Ansatz basiert auf einem menschenzentrierten Konzept und nutzt bew\u00e4hrte japanische Fertigungstechniken wie Kaizen und 5S, um erhebliche Leistungsverbesserungen zu erzielen.<\/p>\n<h2><b>Wie wir helfen k\u00f6nnen<\/b><\/h2>\n<p>Wir kombinieren unseren bew\u00e4hrten Ansatz f\u00fcr TPM mit neuen Tools und Techniken aus dem Bereich Industrie 4.0 und Datenanalyse, um in den Produktionsst\u00e4tten unserer Kunden erhebliche Leistungssteigerungen zu erzielen. Einige unserer Berater wurden vom JIPM (Japan Institute of Plant Maintenance) und JMAC (Japan Management Association Consultants) in Toyota-Werken in Japan geschult.<\/p>\n<p>Argon &amp; Co kann Kunden bei der Einf\u00fchrung von TPM durch folgende Leistungen unterst\u00fctzen:<\/p>\n<ul>\n<li>Entwicklung eines ganzheitlichen End-to-End-Ansatzes f\u00fcr TPM, der sowohl technische als auch menschliche Aspekte abdeckt<\/li>\n<li>Bewertung eines bereits eingesetzten Ansatzes, um ihn zu revitalisieren, zus\u00e4tzliches Potenzial zu erschlie\u00dfen und quantifizierbare Vorteile zu beschleunigen<\/li>\n<li>Fokussierung auf eine oder mehrere S\u00e4ulen wie autonome Instandhaltung oder vorbeugende Instandhaltung<\/li>\n<li>St\u00e4rkung spezifischer Themen im Zusammenhang mit der Leistung, wie Kostenoptimierung und Produktivit\u00e4t, durch eine geeignete Instandhaltungsrichtlinie oder die Implementierung eines vorausschauenden Instandhaltungsprogramms<\/li>\n<li>Erleichterung praktischer Aktivit\u00e4ten in der Fertigung, wie z. B. 5S (Organisieren, Reinigen, Ordnen, Standardisieren und Erhalten von Anlagen)<\/li>\n<li>Nutzung der neuesten Datenanalysemethoden und Industrie 4.0-Tools und -Techniken<\/li>\n<\/ul>\n","protected":false},"excerpt":{"rendered":"<p>Einf\u00fchrung und Herausforderungen Fertigungsunternehmen sehen sich st\u00e4ndig steigenden Anforderungen ihrer Kunden gegen\u00fcber und m\u00fcssen sich kontinuierlich an ihr dynamisch wechselndes Umfeld anpassen. Flexibilit\u00e4t und Agilit\u00e4t in der Fertigung h\u00e4ngen von der Maximierung der Verf\u00fcgbarkeit der Produktionsanlagen und der anschlie\u00dfenden Optimierung der Produktionsplanung und -ausf\u00fchrung ab. TPM (Total Productive Maintenance) ist der Prozess der Nutzung von [&hellip;]<\/p>\n","protected":false},"author":1,"featured_media":0,"parent":30224,"menu_order":7,"comment_status":"closed","ping_status":"closed","template":"","meta":{"_acf_changed":false,"footnotes":""},"class_list":["post-30215","page","type-page","status-publish","hentry"],"acf":[],"yoast_head":"<!-- This site is optimized with the Yoast SEO plugin v27.4 - https:\/\/yoast.com\/product\/yoast-seo-wordpress\/ -->\n<title>Gesamtproduktive Instandhaltung - Argon &amp; Co<\/title>\n<meta name=\"robots\" content=\"index, follow, max-snippet:-1, max-image-preview:large, max-video-preview:-1\" \/>\n<link rel=\"canonical\" href=\"https:\/\/www.argonandco.com\/de\/leistungen\/operational-performance\/gesamtproduktive-instandhaltung\/\" \/>\n<meta property=\"og:locale\" content=\"de_DE\" \/>\n<meta property=\"og:type\" content=\"article\" \/>\n<meta property=\"og:title\" content=\"Gesamtproduktive Instandhaltung - Argon &amp; Co\" \/>\n<meta property=\"og:description\" content=\"Einf\u00fchrung und Herausforderungen Fertigungsunternehmen sehen sich st\u00e4ndig steigenden Anforderungen ihrer Kunden gegen\u00fcber und m\u00fcssen sich kontinuierlich an ihr dynamisch wechselndes Umfeld anpassen. Flexibilit\u00e4t und Agilit\u00e4t in der Fertigung h\u00e4ngen von der Maximierung der Verf\u00fcgbarkeit der Produktionsanlagen und der anschlie\u00dfenden Optimierung der Produktionsplanung und -ausf\u00fchrung ab. TPM (Total Productive Maintenance) ist der Prozess der Nutzung von [&hellip;]\" \/>\n<meta property=\"og:url\" content=\"https:\/\/www.argonandco.com\/de\/leistungen\/operational-performance\/gesamtproduktive-instandhaltung\/\" \/>\n<meta property=\"og:site_name\" content=\"Argon &amp; Co\" \/>\n<meta property=\"article:modified_time\" content=\"2025-11-17T12:36:14+00:00\" \/>\n<meta name=\"twitter:card\" content=\"summary_large_image\" \/>\n<meta name=\"twitter:label1\" content=\"Gesch\u00e4tzte Lesezeit\" \/>\n\t<meta name=\"twitter:data1\" content=\"2 Minuten\" \/>\n<script type=\"application\/ld+json\" class=\"yoast-schema-graph\">{\"@context\":\"https:\\\/\\\/schema.org\",\"@graph\":[{\"@type\":\"WebPage\",\"@id\":\"https:\\\/\\\/www.argonandco.com\\\/de\\\/leistungen\\\/operational-performance\\\/gesamtproduktive-instandhaltung\\\/\",\"url\":\"https:\\\/\\\/www.argonandco.com\\\/de\\\/leistungen\\\/operational-performance\\\/gesamtproduktive-instandhaltung\\\/\",\"name\":\"Gesamtproduktive Instandhaltung - Argon &amp; Co\",\"isPartOf\":{\"@id\":\"https:\\\/\\\/www.argonandco.com\\\/de\\\/#website\"},\"datePublished\":\"2021-09-21T09:35:52+00:00\",\"dateModified\":\"2025-11-17T12:36:14+00:00\",\"breadcrumb\":{\"@id\":\"https:\\\/\\\/www.argonandco.com\\\/de\\\/leistungen\\\/operational-performance\\\/gesamtproduktive-instandhaltung\\\/#breadcrumb\"},\"inLanguage\":\"de\",\"potentialAction\":[{\"@type\":\"ReadAction\",\"target\":[\"https:\\\/\\\/www.argonandco.com\\\/de\\\/leistungen\\\/operational-performance\\\/gesamtproduktive-instandhaltung\\\/\"]}]},{\"@type\":\"BreadcrumbList\",\"@id\":\"https:\\\/\\\/www.argonandco.com\\\/de\\\/leistungen\\\/operational-performance\\\/gesamtproduktive-instandhaltung\\\/#breadcrumb\",\"itemListElement\":[{\"@type\":\"ListItem\",\"position\":1,\"name\":\"Home\",\"item\":\"https:\\\/\\\/www.argonandco.com\\\/de\\\/\"},{\"@type\":\"ListItem\",\"position\":2,\"name\":\"Leistungen\",\"item\":\"https:\\\/\\\/www.argonandco.com\\\/de\\\/leistungen\\\/\"},{\"@type\":\"ListItem\",\"position\":3,\"name\":\"Operational Performance\",\"item\":\"https:\\\/\\\/www.argonandco.com\\\/de\\\/leistungen\\\/operational-performance\\\/\"},{\"@type\":\"ListItem\",\"position\":4,\"name\":\"Gesamtproduktive Instandhaltung\"}]},{\"@type\":\"WebSite\",\"@id\":\"https:\\\/\\\/www.argonandco.com\\\/de\\\/#website\",\"url\":\"https:\\\/\\\/www.argonandco.com\\\/de\\\/\",\"name\":\"Argon &amp; Co\",\"description\":\"We help clients achieve their strategic and operational objectives, working together to transform their businesses and generate real change.\",\"potentialAction\":[{\"@type\":\"SearchAction\",\"target\":{\"@type\":\"EntryPoint\",\"urlTemplate\":\"https:\\\/\\\/www.argonandco.com\\\/de\\\/?s={search_term_string}\"},\"query-input\":{\"@type\":\"PropertyValueSpecification\",\"valueRequired\":true,\"valueName\":\"search_term_string\"}}],\"inLanguage\":\"de\"}]}<\/script>\n<!-- \/ Yoast SEO plugin. -->","yoast_head_json":{"title":"Gesamtproduktive Instandhaltung - Argon &amp; Co","robots":{"index":"index","follow":"follow","max-snippet":"max-snippet:-1","max-image-preview":"max-image-preview:large","max-video-preview":"max-video-preview:-1"},"canonical":"https:\/\/www.argonandco.com\/de\/leistungen\/operational-performance\/gesamtproduktive-instandhaltung\/","og_locale":"de_DE","og_type":"article","og_title":"Gesamtproduktive Instandhaltung - Argon &amp; Co","og_description":"Einf\u00fchrung und Herausforderungen Fertigungsunternehmen sehen sich st\u00e4ndig steigenden Anforderungen ihrer Kunden gegen\u00fcber und m\u00fcssen sich kontinuierlich an ihr dynamisch wechselndes Umfeld anpassen. Flexibilit\u00e4t und Agilit\u00e4t in der Fertigung h\u00e4ngen von der Maximierung der Verf\u00fcgbarkeit der Produktionsanlagen und der anschlie\u00dfenden Optimierung der Produktionsplanung und -ausf\u00fchrung ab. TPM (Total Productive Maintenance) ist der Prozess der Nutzung von [&hellip;]","og_url":"https:\/\/www.argonandco.com\/de\/leistungen\/operational-performance\/gesamtproduktive-instandhaltung\/","og_site_name":"Argon &amp; Co","article_modified_time":"2025-11-17T12:36:14+00:00","twitter_card":"summary_large_image","twitter_misc":{"Gesch\u00e4tzte Lesezeit":"2 Minuten"},"schema":{"@context":"https:\/\/schema.org","@graph":[{"@type":"WebPage","@id":"https:\/\/www.argonandco.com\/de\/leistungen\/operational-performance\/gesamtproduktive-instandhaltung\/","url":"https:\/\/www.argonandco.com\/de\/leistungen\/operational-performance\/gesamtproduktive-instandhaltung\/","name":"Gesamtproduktive Instandhaltung - Argon &amp; Co","isPartOf":{"@id":"https:\/\/www.argonandco.com\/de\/#website"},"datePublished":"2021-09-21T09:35:52+00:00","dateModified":"2025-11-17T12:36:14+00:00","breadcrumb":{"@id":"https:\/\/www.argonandco.com\/de\/leistungen\/operational-performance\/gesamtproduktive-instandhaltung\/#breadcrumb"},"inLanguage":"de","potentialAction":[{"@type":"ReadAction","target":["https:\/\/www.argonandco.com\/de\/leistungen\/operational-performance\/gesamtproduktive-instandhaltung\/"]}]},{"@type":"BreadcrumbList","@id":"https:\/\/www.argonandco.com\/de\/leistungen\/operational-performance\/gesamtproduktive-instandhaltung\/#breadcrumb","itemListElement":[{"@type":"ListItem","position":1,"name":"Home","item":"https:\/\/www.argonandco.com\/de\/"},{"@type":"ListItem","position":2,"name":"Leistungen","item":"https:\/\/www.argonandco.com\/de\/leistungen\/"},{"@type":"ListItem","position":3,"name":"Operational Performance","item":"https:\/\/www.argonandco.com\/de\/leistungen\/operational-performance\/"},{"@type":"ListItem","position":4,"name":"Gesamtproduktive Instandhaltung"}]},{"@type":"WebSite","@id":"https:\/\/www.argonandco.com\/de\/#website","url":"https:\/\/www.argonandco.com\/de\/","name":"Argon &amp; Co","description":"We help clients achieve their strategic and operational objectives, working together to transform their businesses and generate real change.","potentialAction":[{"@type":"SearchAction","target":{"@type":"EntryPoint","urlTemplate":"https:\/\/www.argonandco.com\/de\/?s={search_term_string}"},"query-input":{"@type":"PropertyValueSpecification","valueRequired":true,"valueName":"search_term_string"}}],"inLanguage":"de"}]}},"_links":{"self":[{"href":"https:\/\/www.argonandco.com\/de\/wp-json\/wp\/v2\/pages\/30215","targetHints":{"allow":["GET"]}}],"collection":[{"href":"https:\/\/www.argonandco.com\/de\/wp-json\/wp\/v2\/pages"}],"about":[{"href":"https:\/\/www.argonandco.com\/de\/wp-json\/wp\/v2\/types\/page"}],"author":[{"embeddable":true,"href":"https:\/\/www.argonandco.com\/de\/wp-json\/wp\/v2\/users\/1"}],"replies":[{"embeddable":true,"href":"https:\/\/www.argonandco.com\/de\/wp-json\/wp\/v2\/comments?post=30215"}],"version-history":[{"count":0,"href":"https:\/\/www.argonandco.com\/de\/wp-json\/wp\/v2\/pages\/30215\/revisions"}],"up":[{"embeddable":true,"href":"https:\/\/www.argonandco.com\/de\/wp-json\/wp\/v2\/pages\/30224"}],"wp:attachment":[{"href":"https:\/\/www.argonandco.com\/de\/wp-json\/wp\/v2\/media?parent=30215"}],"curies":[{"name":"wp","href":"https:\/\/api.w.org\/{rel}","templated":true}]}}