{"id":30214,"date":"2021-09-24T11:17:26","date_gmt":"2021-09-24T10:17:26","guid":{"rendered":"https:\/\/www.argonandco.com\/optimising-output-with-minimal-capex-stable-ops\/"},"modified":"2025-11-17T12:32:17","modified_gmt":"2025-11-17T12:32:17","slug":"optimierung-der-produktion-bei-minimalen-investitionskosten-stable-ops","status":"publish","type":"page","link":"https:\/\/www.argonandco.com\/de\/leistungen\/operational-performance\/optimierung-der-produktion-bei-minimalen-investitionskosten-stable-ops\/","title":{"rendered":"Optimierung der Produktion bei minimalen Investitionskosten (Stable Ops\u2122)"},"content":{"rendered":"<h2><b>Einf\u00fchrung und Herausforderungen<\/b><\/h2>\n<p><span class=\"intro\">Die Notwendigkeit, die Auslastung der Anlagen zu maximieren und die Produktivit\u00e4t zu optimieren, ist f\u00fcr jedes produzierende Unternehmen eine Grundvoraussetzung f\u00fcr nachhaltige Rentabilit\u00e4t.<\/span><\/p>\n<p>Produktionsprozesse sind in der Regel sehr komplex und unterliegen erheblichen Schwankungen hinsichtlich der Inputs von Mitarbeitern, Anlagen, Materialien und Technologien. Die Wechselbeziehungen zwischen den Inputs werden selten vollst\u00e4ndig verstanden und nur selten in dem erforderlichen Umfang kontrolliert. Dementsprechend sind nur wenige Fertigungsunternehmen in der Lage, das maximale Produktionspotenzial ihrer bestehenden Produktionsanlagen auszusch\u00f6pfen.<\/p>\n<p>Die Produktionsplanung basiert daher oft auf der Annahme, dass die Leistung von vornherein suboptimal ist. Nachfolgende Bem\u00fchungen zur Steuerung und Verbesserung der Effizienz von Produktionsprozessen k\u00f6nnen daher unangemessen ausgerichtet sein und nur begrenzte Gesamteffekte erzielen. Die Forderung nach einer Steigerung der Produktion geht oft mit der Forderung nach entsprechenden Investitionen zur Schaffung zus\u00e4tzlicher Prozesskapazit\u00e4ten einher.<\/p>\n<p>Das Verst\u00e4ndnis und die Ber\u00fccksichtigung von Prozessinputvariablen, deren Wechselwirkungen und den tats\u00e4chlichen Ursachen von Produktivit\u00e4tsdefiziten k\u00f6nnen Fertigungsunternehmen dabei helfen, das volle Potenzial ihrer vorhandenen Anlagen auszusch\u00f6pfen und ihre Rentabilit\u00e4t durch die Optimierung von Kosten, Qualit\u00e4t, Quantit\u00e4t und Lieferleistung zu steigern.<\/p>\n<h2><b>Wie wir helfen k\u00f6nnen<\/b><\/h2>\n<p>Stable Ops\u2122 deckt ungenutztes Kapazit\u00e4tspotenzial in bestehenden Fertigungsprozessen auf und nutzt es. Durch eine detaillierte, datengest\u00fctzte Betrachtung der vorherrschenden Prozessschwankungen kann Stable Ops\u2122 die Prozessleistung bestehender Anlagen um \u00fcber 25 % steigern.<\/p>\n<p>Stable Ops\u2122 schreibt eine strenge Kontrolle aller Eingangsschwankungen vor. Eine geringere Variabilit\u00e4t f\u00fchrt zu einer verbesserten Zuverl\u00e4ssigkeit, einer h\u00f6heren Vorhersagbarkeit, einer h\u00f6heren Produktivit\u00e4t und einer Steigerung der verf\u00fcgbaren Kapazit\u00e4t. Die Prozessstabilit\u00e4t hat auch weitere positive Auswirkungen auf die Sicherheit, die Produktqualit\u00e4t, die Liefertreue, die Kosten und die Umweltleistung und verbessert in der Regel auch die Arbeitsmoral und das Engagement der Mitarbeiter.<\/p>\n<p>Wir haben intensiv mit einigen der weltweit gr\u00f6\u00dften Fertigungsunternehmen zusammengearbeitet und ihnen dabei geholfen, ihre Produktionsprozesse zu stabilisieren und erhebliche Leistungsverbesserungen zu erzielen:<br \/>\nAnf\u00e4ngliche Kapazit\u00e4tssteigerungen von 10\u201315 %, gefolgt von schrittweisen Steigerungen von 10 % durch die Beseitigung neu identifizierter Prozesgp\u00e4ssesen<br \/>\nErh\u00f6hte Prozessstabilit\u00e4t von urspr\u00fcnglich 60\u201370 % auf \u00fcber 95%<br \/>\nDeutlich gesteigerte Prozessqualit\u00e4t<br \/>\nVerk\u00fcrzte Fertigungsvorlaufzeiten, geringere Lagerbest\u00e4nde und verbesserte Liefertreue<br \/>\nPositive Ver\u00e4nderung des ROCE (Return on Capital Employed, Kapitalrendite)<\/p>\n<div id=\"gtx-trans\" style=\"position: absolute; left: 362px; top: 768.375px;\">\n<div class=\"gtx-trans-icon\"><\/div>\n<\/div>\n","protected":false},"excerpt":{"rendered":"<p>Einf\u00fchrung und Herausforderungen Die Notwendigkeit, die Auslastung der Anlagen zu maximieren und die Produktivit\u00e4t zu optimieren, ist f\u00fcr jedes produzierende Unternehmen eine Grundvoraussetzung f\u00fcr nachhaltige Rentabilit\u00e4t. Produktionsprozesse sind in der Regel sehr komplex und unterliegen erheblichen Schwankungen hinsichtlich der Inputs von Mitarbeitern, Anlagen, Materialien und Technologien. Die Wechselbeziehungen zwischen den Inputs werden selten vollst\u00e4ndig verstanden [&hellip;]<\/p>\n","protected":false},"author":1,"featured_media":0,"parent":30224,"menu_order":0,"comment_status":"closed","ping_status":"closed","template":"","meta":{"_acf_changed":false,"footnotes":""},"class_list":["post-30214","page","type-page","status-publish","hentry"],"acf":[],"yoast_head":"<!-- This site is optimized with the Yoast SEO plugin v27.4 - https:\/\/yoast.com\/product\/yoast-seo-wordpress\/ -->\n<title>Optimierung der Produktion bei minimalen Investitionskosten (Stable Ops\u2122) - Argon &amp; Co<\/title>\n<meta name=\"robots\" content=\"index, follow, max-snippet:-1, max-image-preview:large, max-video-preview:-1\" \/>\n<link rel=\"canonical\" href=\"https:\/\/www.argonandco.com\/de\/leistungen\/operational-performance\/optimierung-der-produktion-bei-minimalen-investitionskosten-stable-ops\/\" \/>\n<meta property=\"og:locale\" content=\"de_DE\" \/>\n<meta property=\"og:type\" content=\"article\" \/>\n<meta property=\"og:title\" content=\"Optimierung der Produktion bei minimalen Investitionskosten (Stable Ops\u2122) - Argon &amp; Co\" \/>\n<meta property=\"og:description\" content=\"Einf\u00fchrung und Herausforderungen Die Notwendigkeit, die Auslastung der Anlagen zu maximieren und die Produktivit\u00e4t zu optimieren, ist f\u00fcr jedes produzierende Unternehmen eine Grundvoraussetzung f\u00fcr nachhaltige Rentabilit\u00e4t. Produktionsprozesse sind in der Regel sehr komplex und unterliegen erheblichen Schwankungen hinsichtlich der Inputs von Mitarbeitern, Anlagen, Materialien und Technologien. Die Wechselbeziehungen zwischen den Inputs werden selten vollst\u00e4ndig verstanden [&hellip;]\" \/>\n<meta property=\"og:url\" content=\"https:\/\/www.argonandco.com\/de\/leistungen\/operational-performance\/optimierung-der-produktion-bei-minimalen-investitionskosten-stable-ops\/\" \/>\n<meta property=\"og:site_name\" content=\"Argon &amp; Co\" \/>\n<meta property=\"article:modified_time\" content=\"2025-11-17T12:32:17+00:00\" \/>\n<meta name=\"twitter:card\" content=\"summary_large_image\" \/>\n<meta name=\"twitter:label1\" content=\"Gesch\u00e4tzte Lesezeit\" \/>\n\t<meta name=\"twitter:data1\" content=\"2 Minuten\" \/>\n<script type=\"application\/ld+json\" class=\"yoast-schema-graph\">{\"@context\":\"https:\\\/\\\/schema.org\",\"@graph\":[{\"@type\":\"WebPage\",\"@id\":\"https:\\\/\\\/www.argonandco.com\\\/de\\\/leistungen\\\/operational-performance\\\/optimierung-der-produktion-bei-minimalen-investitionskosten-stable-ops\\\/\",\"url\":\"https:\\\/\\\/www.argonandco.com\\\/de\\\/leistungen\\\/operational-performance\\\/optimierung-der-produktion-bei-minimalen-investitionskosten-stable-ops\\\/\",\"name\":\"Optimierung der Produktion bei minimalen Investitionskosten (Stable Ops\u2122) - Argon &amp; Co\",\"isPartOf\":{\"@id\":\"https:\\\/\\\/www.argonandco.com\\\/de\\\/#website\"},\"datePublished\":\"2021-09-24T10:17:26+00:00\",\"dateModified\":\"2025-11-17T12:32:17+00:00\",\"breadcrumb\":{\"@id\":\"https:\\\/\\\/www.argonandco.com\\\/de\\\/leistungen\\\/operational-performance\\\/optimierung-der-produktion-bei-minimalen-investitionskosten-stable-ops\\\/#breadcrumb\"},\"inLanguage\":\"de\",\"potentialAction\":[{\"@type\":\"ReadAction\",\"target\":[\"https:\\\/\\\/www.argonandco.com\\\/de\\\/leistungen\\\/operational-performance\\\/optimierung-der-produktion-bei-minimalen-investitionskosten-stable-ops\\\/\"]}]},{\"@type\":\"BreadcrumbList\",\"@id\":\"https:\\\/\\\/www.argonandco.com\\\/de\\\/leistungen\\\/operational-performance\\\/optimierung-der-produktion-bei-minimalen-investitionskosten-stable-ops\\\/#breadcrumb\",\"itemListElement\":[{\"@type\":\"ListItem\",\"position\":1,\"name\":\"Home\",\"item\":\"https:\\\/\\\/www.argonandco.com\\\/de\\\/\"},{\"@type\":\"ListItem\",\"position\":2,\"name\":\"Leistungen\",\"item\":\"https:\\\/\\\/www.argonandco.com\\\/de\\\/leistungen\\\/\"},{\"@type\":\"ListItem\",\"position\":3,\"name\":\"Operational Performance\",\"item\":\"https:\\\/\\\/www.argonandco.com\\\/de\\\/leistungen\\\/operational-performance\\\/\"},{\"@type\":\"ListItem\",\"position\":4,\"name\":\"Optimierung der Produktion bei minimalen Investitionskosten (Stable Ops\u2122)\"}]},{\"@type\":\"WebSite\",\"@id\":\"https:\\\/\\\/www.argonandco.com\\\/de\\\/#website\",\"url\":\"https:\\\/\\\/www.argonandco.com\\\/de\\\/\",\"name\":\"Argon &amp; Co\",\"description\":\"We help clients achieve their strategic and operational objectives, working together to transform their businesses and generate real change.\",\"potentialAction\":[{\"@type\":\"SearchAction\",\"target\":{\"@type\":\"EntryPoint\",\"urlTemplate\":\"https:\\\/\\\/www.argonandco.com\\\/de\\\/?s={search_term_string}\"},\"query-input\":{\"@type\":\"PropertyValueSpecification\",\"valueRequired\":true,\"valueName\":\"search_term_string\"}}],\"inLanguage\":\"de\"}]}<\/script>\n<!-- \/ Yoast SEO plugin. -->","yoast_head_json":{"title":"Optimierung der Produktion bei minimalen Investitionskosten (Stable Ops\u2122) - Argon &amp; Co","robots":{"index":"index","follow":"follow","max-snippet":"max-snippet:-1","max-image-preview":"max-image-preview:large","max-video-preview":"max-video-preview:-1"},"canonical":"https:\/\/www.argonandco.com\/de\/leistungen\/operational-performance\/optimierung-der-produktion-bei-minimalen-investitionskosten-stable-ops\/","og_locale":"de_DE","og_type":"article","og_title":"Optimierung der Produktion bei minimalen Investitionskosten (Stable Ops\u2122) - Argon &amp; Co","og_description":"Einf\u00fchrung und Herausforderungen Die Notwendigkeit, die Auslastung der Anlagen zu maximieren und die Produktivit\u00e4t zu optimieren, ist f\u00fcr jedes produzierende Unternehmen eine Grundvoraussetzung f\u00fcr nachhaltige Rentabilit\u00e4t. Produktionsprozesse sind in der Regel sehr komplex und unterliegen erheblichen Schwankungen hinsichtlich der Inputs von Mitarbeitern, Anlagen, Materialien und Technologien. Die Wechselbeziehungen zwischen den Inputs werden selten vollst\u00e4ndig verstanden [&hellip;]","og_url":"https:\/\/www.argonandco.com\/de\/leistungen\/operational-performance\/optimierung-der-produktion-bei-minimalen-investitionskosten-stable-ops\/","og_site_name":"Argon &amp; Co","article_modified_time":"2025-11-17T12:32:17+00:00","twitter_card":"summary_large_image","twitter_misc":{"Gesch\u00e4tzte Lesezeit":"2 Minuten"},"schema":{"@context":"https:\/\/schema.org","@graph":[{"@type":"WebPage","@id":"https:\/\/www.argonandco.com\/de\/leistungen\/operational-performance\/optimierung-der-produktion-bei-minimalen-investitionskosten-stable-ops\/","url":"https:\/\/www.argonandco.com\/de\/leistungen\/operational-performance\/optimierung-der-produktion-bei-minimalen-investitionskosten-stable-ops\/","name":"Optimierung der Produktion bei minimalen Investitionskosten (Stable Ops\u2122) - Argon &amp; Co","isPartOf":{"@id":"https:\/\/www.argonandco.com\/de\/#website"},"datePublished":"2021-09-24T10:17:26+00:00","dateModified":"2025-11-17T12:32:17+00:00","breadcrumb":{"@id":"https:\/\/www.argonandco.com\/de\/leistungen\/operational-performance\/optimierung-der-produktion-bei-minimalen-investitionskosten-stable-ops\/#breadcrumb"},"inLanguage":"de","potentialAction":[{"@type":"ReadAction","target":["https:\/\/www.argonandco.com\/de\/leistungen\/operational-performance\/optimierung-der-produktion-bei-minimalen-investitionskosten-stable-ops\/"]}]},{"@type":"BreadcrumbList","@id":"https:\/\/www.argonandco.com\/de\/leistungen\/operational-performance\/optimierung-der-produktion-bei-minimalen-investitionskosten-stable-ops\/#breadcrumb","itemListElement":[{"@type":"ListItem","position":1,"name":"Home","item":"https:\/\/www.argonandco.com\/de\/"},{"@type":"ListItem","position":2,"name":"Leistungen","item":"https:\/\/www.argonandco.com\/de\/leistungen\/"},{"@type":"ListItem","position":3,"name":"Operational Performance","item":"https:\/\/www.argonandco.com\/de\/leistungen\/operational-performance\/"},{"@type":"ListItem","position":4,"name":"Optimierung der Produktion bei minimalen Investitionskosten (Stable Ops\u2122)"}]},{"@type":"WebSite","@id":"https:\/\/www.argonandco.com\/de\/#website","url":"https:\/\/www.argonandco.com\/de\/","name":"Argon &amp; Co","description":"We help clients achieve their strategic and operational objectives, working together to transform their businesses and generate real change.","potentialAction":[{"@type":"SearchAction","target":{"@type":"EntryPoint","urlTemplate":"https:\/\/www.argonandco.com\/de\/?s={search_term_string}"},"query-input":{"@type":"PropertyValueSpecification","valueRequired":true,"valueName":"search_term_string"}}],"inLanguage":"de"}]}},"_links":{"self":[{"href":"https:\/\/www.argonandco.com\/de\/wp-json\/wp\/v2\/pages\/30214","targetHints":{"allow":["GET"]}}],"collection":[{"href":"https:\/\/www.argonandco.com\/de\/wp-json\/wp\/v2\/pages"}],"about":[{"href":"https:\/\/www.argonandco.com\/de\/wp-json\/wp\/v2\/types\/page"}],"author":[{"embeddable":true,"href":"https:\/\/www.argonandco.com\/de\/wp-json\/wp\/v2\/users\/1"}],"replies":[{"embeddable":true,"href":"https:\/\/www.argonandco.com\/de\/wp-json\/wp\/v2\/comments?post=30214"}],"version-history":[{"count":0,"href":"https:\/\/www.argonandco.com\/de\/wp-json\/wp\/v2\/pages\/30214\/revisions"}],"up":[{"embeddable":true,"href":"https:\/\/www.argonandco.com\/de\/wp-json\/wp\/v2\/pages\/30224"}],"wp:attachment":[{"href":"https:\/\/www.argonandco.com\/de\/wp-json\/wp\/v2\/media?parent=30214"}],"curies":[{"name":"wp","href":"https:\/\/api.w.org\/{rel}","templated":true}]}}