{"id":30209,"date":"2023-06-09T15:27:11","date_gmt":"2023-06-09T14:27:11","guid":{"rendered":"https:\/\/www.argonandco.com\/warehouse-management-and-control-systems\/"},"modified":"2025-11-17T13:39:29","modified_gmt":"2025-11-17T13:39:29","slug":"lagerverwaltung-und-steuerungssysteme","status":"publish","type":"page","link":"https:\/\/www.argonandco.com\/de\/leistungen\/logistik\/lagerverwaltung-und-steuerungssysteme\/","title":{"rendered":"Lagerverwaltung und -steuerungssysteme"},"content":{"rendered":"<h2><b>Einf\u00fchrung und Herausforderungen<\/b><\/h2>\n<p>Die sich rasant entwickelnde Welt der Lagerhaltung und Distribution stellt immer h\u00f6here Anforderungen an veraltete und \u00fcberholte Informationssysteme und Infrastrukturen. Mit steigenden Arbeitskosten w\u00e4chst auch das Bewusstsein, dass Technologie die Arbeit effizienter machen muss. Nur durch die nahtlose Integration von Technologie, Systemen und Abl\u00e4ufen k\u00f6nnen Sie wirklich eine pr\u00e4zise, produktive und motivierte Belegschaft aufrechterhalten.<\/p>\n<p>Durch die Konzentration auf die Konzeption, Implementierung und Optimierung von IT-Systemen f\u00fcr das Lagermanagement helfen unsere Experten Unternehmen dabei, Technologien zu nutzen, um ihre Lagerabl\u00e4ufe zu rationalisieren, die Effizienz zu steigern und Kosten zu senken. Es ist unerl\u00e4sslich, dass Sie Informationssysteme sicher einsetzen k\u00f6nnen, die Ihre Lagerhaltung, Distribution und Auftragsabwicklung erm\u00f6glichen und gleichzeitig ein optimales Fulfillment-Erlebnis schaffen.<\/p>\n<h2><b>Wie wir helfen k\u00f6nnen<\/b><\/h2>\n<p>Unsere Experten sind der Entwicklung funktionierender Lagersysteme gewidmet. Unser Engagement f\u00fcr die Schaffung sinnvoller Arbeitspl\u00e4tze bedeutet, dass wir nicht nur darauf achten, dass Ihre Systeme die Anforderungen und Spezifikationen erf\u00fcllen, sondern auch, dass sie Best-Practice-Prozesse, optimierte Abl\u00e4ufe und die Flexibilit\u00e4t bieten, um Ihre zuk\u00fcnftigen Ziele zu erreichen.<\/p>\n<p>Unsere Dienstleistungen umfassen die Definition, Beschaffung und Lieferung der folgenden Lagersysteme:<\/p>\n<ul>\n<li>Mobilit\u00e4ts-, RF-, Sprach- und Augmented-Picking-L\u00f6sungen<\/li>\n<li>Lagersteuerungssysteme, Lagerausf\u00fchrungssysteme, einheitliche Steuerungssysteme<\/li>\n<li>Arbeits- und Ressourcenplanungssysteme<\/li>\n<li>Auftragsabwicklung und Auftragsmanagementsysteme<\/li>\n<li>Lagerverwaltungssysteme<\/li>\n<li>Transportmanagementsysteme<\/li>\n<li>Slotting-, Bestands- und Produktlebenszyklus-Managementsysteme<\/li>\n<\/ul>\n<p>Unser einzigartiger Ansatz in Bezug auf Gesch\u00e4fts- und Systemintegration bedeutet, dass wir als unabh\u00e4ngiger Partner mit bew\u00e4hrten Liefermethoden die Ergebnisse f\u00fcr unsere Kunden maximieren k\u00f6nnen.<\/p>\n","protected":false},"excerpt":{"rendered":"<p>Einf\u00fchrung und Herausforderungen Die sich rasant entwickelnde Welt der Lagerhaltung und Distribution stellt immer h\u00f6here Anforderungen an veraltete und \u00fcberholte Informationssysteme und Infrastrukturen. Mit steigenden Arbeitskosten w\u00e4chst auch das Bewusstsein, dass Technologie die Arbeit effizienter machen muss. Nur durch die nahtlose Integration von Technologie, Systemen und Abl\u00e4ufen k\u00f6nnen Sie wirklich eine pr\u00e4zise, produktive und motivierte [&hellip;]<\/p>\n","protected":false},"author":1,"featured_media":0,"parent":30394,"menu_order":19,"comment_status":"closed","ping_status":"closed","template":"","meta":{"_acf_changed":false,"footnotes":""},"class_list":["post-30209","page","type-page","status-publish","hentry"],"acf":[],"yoast_head":"<!-- This site is optimized with the Yoast SEO plugin v27.4 - https:\/\/yoast.com\/product\/yoast-seo-wordpress\/ -->\n<title>Lagerverwaltung und -steuerungssysteme - Argon &amp; Co<\/title>\n<meta name=\"robots\" content=\"index, follow, max-snippet:-1, max-image-preview:large, max-video-preview:-1\" \/>\n<link rel=\"canonical\" href=\"https:\/\/www.argonandco.com\/de\/leistungen\/logistik\/lagerverwaltung-und-steuerungssysteme\/\" \/>\n<meta property=\"og:locale\" content=\"de_DE\" \/>\n<meta property=\"og:type\" content=\"article\" \/>\n<meta property=\"og:title\" content=\"Lagerverwaltung und -steuerungssysteme - Argon &amp; Co\" \/>\n<meta property=\"og:description\" content=\"Einf\u00fchrung und Herausforderungen Die sich rasant entwickelnde Welt der Lagerhaltung und Distribution stellt immer h\u00f6here Anforderungen an veraltete und \u00fcberholte Informationssysteme und Infrastrukturen. Mit steigenden Arbeitskosten w\u00e4chst auch das Bewusstsein, dass Technologie die Arbeit effizienter machen muss. Nur durch die nahtlose Integration von Technologie, Systemen und Abl\u00e4ufen k\u00f6nnen Sie wirklich eine pr\u00e4zise, produktive und motivierte [&hellip;]\" \/>\n<meta property=\"og:url\" content=\"https:\/\/www.argonandco.com\/de\/leistungen\/logistik\/lagerverwaltung-und-steuerungssysteme\/\" \/>\n<meta property=\"og:site_name\" content=\"Argon &amp; Co\" \/>\n<meta property=\"article:modified_time\" content=\"2025-11-17T13:39:29+00:00\" \/>\n<meta name=\"twitter:card\" content=\"summary_large_image\" \/>\n<meta name=\"twitter:label1\" content=\"Gesch\u00e4tzte Lesezeit\" \/>\n\t<meta name=\"twitter:data1\" content=\"1 Minute\" \/>\n<script type=\"application\/ld+json\" class=\"yoast-schema-graph\">{\"@context\":\"https:\\\/\\\/schema.org\",\"@graph\":[{\"@type\":\"WebPage\",\"@id\":\"https:\\\/\\\/www.argonandco.com\\\/de\\\/leistungen\\\/logistik\\\/lagerverwaltung-und-steuerungssysteme\\\/\",\"url\":\"https:\\\/\\\/www.argonandco.com\\\/de\\\/leistungen\\\/logistik\\\/lagerverwaltung-und-steuerungssysteme\\\/\",\"name\":\"Lagerverwaltung und -steuerungssysteme - Argon &amp; Co\",\"isPartOf\":{\"@id\":\"https:\\\/\\\/www.argonandco.com\\\/de\\\/#website\"},\"datePublished\":\"2023-06-09T14:27:11+00:00\",\"dateModified\":\"2025-11-17T13:39:29+00:00\",\"breadcrumb\":{\"@id\":\"https:\\\/\\\/www.argonandco.com\\\/de\\\/leistungen\\\/logistik\\\/lagerverwaltung-und-steuerungssysteme\\\/#breadcrumb\"},\"inLanguage\":\"de\",\"potentialAction\":[{\"@type\":\"ReadAction\",\"target\":[\"https:\\\/\\\/www.argonandco.com\\\/de\\\/leistungen\\\/logistik\\\/lagerverwaltung-und-steuerungssysteme\\\/\"]}]},{\"@type\":\"BreadcrumbList\",\"@id\":\"https:\\\/\\\/www.argonandco.com\\\/de\\\/leistungen\\\/logistik\\\/lagerverwaltung-und-steuerungssysteme\\\/#breadcrumb\",\"itemListElement\":[{\"@type\":\"ListItem\",\"position\":1,\"name\":\"Home\",\"item\":\"https:\\\/\\\/www.argonandco.com\\\/de\\\/\"},{\"@type\":\"ListItem\",\"position\":2,\"name\":\"Leistungen\",\"item\":\"https:\\\/\\\/www.argonandco.com\\\/de\\\/leistungen\\\/\"},{\"@type\":\"ListItem\",\"position\":3,\"name\":\"Logistik\",\"item\":\"https:\\\/\\\/www.argonandco.com\\\/de\\\/leistungen\\\/logistik\\\/\"},{\"@type\":\"ListItem\",\"position\":4,\"name\":\"Lagerverwaltung und -steuerungssysteme\"}]},{\"@type\":\"WebSite\",\"@id\":\"https:\\\/\\\/www.argonandco.com\\\/de\\\/#website\",\"url\":\"https:\\\/\\\/www.argonandco.com\\\/de\\\/\",\"name\":\"Argon &amp; Co\",\"description\":\"We help clients achieve their strategic and operational objectives, working together to transform their businesses and generate real change.\",\"potentialAction\":[{\"@type\":\"SearchAction\",\"target\":{\"@type\":\"EntryPoint\",\"urlTemplate\":\"https:\\\/\\\/www.argonandco.com\\\/de\\\/?s={search_term_string}\"},\"query-input\":{\"@type\":\"PropertyValueSpecification\",\"valueRequired\":true,\"valueName\":\"search_term_string\"}}],\"inLanguage\":\"de\"}]}<\/script>\n<!-- \/ Yoast SEO plugin. -->","yoast_head_json":{"title":"Lagerverwaltung und -steuerungssysteme - Argon &amp; Co","robots":{"index":"index","follow":"follow","max-snippet":"max-snippet:-1","max-image-preview":"max-image-preview:large","max-video-preview":"max-video-preview:-1"},"canonical":"https:\/\/www.argonandco.com\/de\/leistungen\/logistik\/lagerverwaltung-und-steuerungssysteme\/","og_locale":"de_DE","og_type":"article","og_title":"Lagerverwaltung und -steuerungssysteme - Argon &amp; Co","og_description":"Einf\u00fchrung und Herausforderungen Die sich rasant entwickelnde Welt der Lagerhaltung und Distribution stellt immer h\u00f6here Anforderungen an veraltete und \u00fcberholte Informationssysteme und Infrastrukturen. Mit steigenden Arbeitskosten w\u00e4chst auch das Bewusstsein, dass Technologie die Arbeit effizienter machen muss. Nur durch die nahtlose Integration von Technologie, Systemen und Abl\u00e4ufen k\u00f6nnen Sie wirklich eine pr\u00e4zise, produktive und motivierte [&hellip;]","og_url":"https:\/\/www.argonandco.com\/de\/leistungen\/logistik\/lagerverwaltung-und-steuerungssysteme\/","og_site_name":"Argon &amp; Co","article_modified_time":"2025-11-17T13:39:29+00:00","twitter_card":"summary_large_image","twitter_misc":{"Gesch\u00e4tzte Lesezeit":"1 Minute"},"schema":{"@context":"https:\/\/schema.org","@graph":[{"@type":"WebPage","@id":"https:\/\/www.argonandco.com\/de\/leistungen\/logistik\/lagerverwaltung-und-steuerungssysteme\/","url":"https:\/\/www.argonandco.com\/de\/leistungen\/logistik\/lagerverwaltung-und-steuerungssysteme\/","name":"Lagerverwaltung und -steuerungssysteme - Argon &amp; Co","isPartOf":{"@id":"https:\/\/www.argonandco.com\/de\/#website"},"datePublished":"2023-06-09T14:27:11+00:00","dateModified":"2025-11-17T13:39:29+00:00","breadcrumb":{"@id":"https:\/\/www.argonandco.com\/de\/leistungen\/logistik\/lagerverwaltung-und-steuerungssysteme\/#breadcrumb"},"inLanguage":"de","potentialAction":[{"@type":"ReadAction","target":["https:\/\/www.argonandco.com\/de\/leistungen\/logistik\/lagerverwaltung-und-steuerungssysteme\/"]}]},{"@type":"BreadcrumbList","@id":"https:\/\/www.argonandco.com\/de\/leistungen\/logistik\/lagerverwaltung-und-steuerungssysteme\/#breadcrumb","itemListElement":[{"@type":"ListItem","position":1,"name":"Home","item":"https:\/\/www.argonandco.com\/de\/"},{"@type":"ListItem","position":2,"name":"Leistungen","item":"https:\/\/www.argonandco.com\/de\/leistungen\/"},{"@type":"ListItem","position":3,"name":"Logistik","item":"https:\/\/www.argonandco.com\/de\/leistungen\/logistik\/"},{"@type":"ListItem","position":4,"name":"Lagerverwaltung und -steuerungssysteme"}]},{"@type":"WebSite","@id":"https:\/\/www.argonandco.com\/de\/#website","url":"https:\/\/www.argonandco.com\/de\/","name":"Argon &amp; Co","description":"We help clients achieve their strategic and operational objectives, working together to transform their businesses and generate real change.","potentialAction":[{"@type":"SearchAction","target":{"@type":"EntryPoint","urlTemplate":"https:\/\/www.argonandco.com\/de\/?s={search_term_string}"},"query-input":{"@type":"PropertyValueSpecification","valueRequired":true,"valueName":"search_term_string"}}],"inLanguage":"de"}]}},"_links":{"self":[{"href":"https:\/\/www.argonandco.com\/de\/wp-json\/wp\/v2\/pages\/30209","targetHints":{"allow":["GET"]}}],"collection":[{"href":"https:\/\/www.argonandco.com\/de\/wp-json\/wp\/v2\/pages"}],"about":[{"href":"https:\/\/www.argonandco.com\/de\/wp-json\/wp\/v2\/types\/page"}],"author":[{"embeddable":true,"href":"https:\/\/www.argonandco.com\/de\/wp-json\/wp\/v2\/users\/1"}],"replies":[{"embeddable":true,"href":"https:\/\/www.argonandco.com\/de\/wp-json\/wp\/v2\/comments?post=30209"}],"version-history":[{"count":0,"href":"https:\/\/www.argonandco.com\/de\/wp-json\/wp\/v2\/pages\/30209\/revisions"}],"up":[{"embeddable":true,"href":"https:\/\/www.argonandco.com\/de\/wp-json\/wp\/v2\/pages\/30394"}],"wp:attachment":[{"href":"https:\/\/www.argonandco.com\/de\/wp-json\/wp\/v2\/media?parent=30209"}],"curies":[{"name":"wp","href":"https:\/\/api.w.org\/{rel}","templated":true}]}}