{"id":30203,"date":"2024-02-09T17:09:10","date_gmt":"2024-02-09T17:09:10","guid":{"rendered":"https:\/\/www.argonandco.com\/data-and-ai\/"},"modified":"2026-02-09T13:32:03","modified_gmt":"2026-02-09T13:32:03","slug":"daten-und-ki","status":"publish","type":"page","link":"https:\/\/www.argonandco.com\/de\/leistungen\/daten-und-ki\/","title":{"rendered":"Solutions und Analytics"},"content":{"rendered":"<p>Angetrieben durch technologische Fortschritte und den zunehmenden Zugang zu Daten w\u00e4chst in verschiedenen Branchen die Abh\u00e4ngigkeit von verbesserten Datenkapazit\u00e4ten und KI. Unternehmensleiter versuchen daher, die Einf\u00fchrung und Integration dieser Technologien in ihre Strategien und t\u00e4glichen Abl\u00e4ufe zu priorisieren.<br \/>\nF\u00fcr viele noch Neuland, haben zahlreiche Unternehmen das breite Spektrum an M\u00f6glichkeiten, das Daten und KI bieten, noch nicht vollst\u00e4ndig ausgesch\u00f6pft. Es gibt erkennbare L\u00fccken bei der Umsetzung eines ganzheitlichen Ansatzes, der Datenstrategie und KI-Einf\u00fchrung kombiniert, wobei oft die entscheidende Integration von Menschen, Prozessen und Systemen \u00fcbersehen wird.<\/p>\n<h2>Die Daten- und KI-Reise<\/h2>\n<p>Bevor Sie sich auf eine Transformation begeben, m\u00fcssen Sie sicherstellen, dass Sie \u00fcber robuste Datenkapazit\u00e4ten verf\u00fcgen, die die Gesamtstrategie Ihres Unternehmens unterst\u00fctzen. Dazu m\u00fcssen Sie die individuellen Anforderungen des Gesch\u00e4fts Ihrer Kunden verstehen und eine ma\u00dfgeschneiderte End-to-End-Daten- und KI-Strategie sowohl auf Unternehmens- als auch auf Funktionsebene entwickeln.<\/p>\n<p>Diese umfassende Strategie stellt sicher, dass die erforderlichen Datenkapazit\u00e4ten sowie die Prozesse und Governance-Strukturen identifiziert werden, um die Transformation zum Erfolg zu f\u00fchren. Ein weiterer wesentlicher Bestandteil dieser Reise ist die Identifizierung von Prozessen in verschiedenen Funktionen, in denen generative KI zur Erweiterung der F\u00e4higkeiten der Mitarbeiter eingesetzt werden kann.<\/p>\n<h2>Daten und KI Transformation<\/h2>\n<p>Sobald die Bausteine f\u00fcr eine erfolgreiche Daten- und KI-Transformation sorgf\u00e4ltig identifiziert sind, kann mit der Umsetzung der Vision begonnen werden. In dieser Phase ist es entscheidend zu erkennen, dass Erfolg nicht nur davon abh\u00e4ngt, dass die richtigen Tools und Systeme vorhanden sind.<\/p>\n<p>Ohne ein starkes Transformationsmanagement und eine effektive Kommunikation auf allen Ebenen des Unternehmens besteht ein hohes Risiko des Scheiterns. Indem sie diesen Aspekten neben den technologischen \u00dcberlegungen Priorit\u00e4t einr\u00e4umen, k\u00f6nnen Unternehmen den Weg f\u00fcr eine erfolgreiche Implementierung von Daten und generativer KI ebnen, Innovationen vorantreiben und nachhaltiges Wachstum erzielen.<\/p>\n<h2>Unterst\u00fctzung bei Daten- und KI-Herausforderungen<\/h2>\n<p>Unser Team aus Daten- und KI-Beratern geht komplexen Problemen auf den Grund und konzentriert sich darauf, greifbare Ergebnisse f\u00fcr unsere Kunden zu erzielen. In der Men\u00fcleiste auf dieser Seite finden Sie weitere Informationen zu einer Auswahl der Daten- und KI-Herausforderungen, mit denen wir uns regelm\u00e4\u00dfig besch\u00e4ftigen.<\/p>\n<p>Wir kombinieren technisches Fachwissen, operative Erfahrung, Gesch\u00e4ftskenntnisse und gesunden Menschenverstand, um unseren Kunden bei der L\u00f6sung von Daten- und KI-Problemen zu helfen und dauerhafte Ergebnisse zu erzielen. Unser positiver, flexibler und pers\u00f6nlicher Ansatz, der bei Bedarf auch Herausforderungen nicht scheut, sorgt f\u00fcr Akzeptanz auf allen Ebenen des Unternehmens unserer Kunden und f\u00fcr positive Ergebnisse. <a href=\"https:\/\/www.argonandco.com\/de\/ueber-uns\/\"><b>Erfahren Sie hier mehr \u00fcber uns<\/b><\/a><b>.<\/b><\/p>\n","protected":false},"excerpt":{"rendered":"<p>Angetrieben durch technologische Fortschritte und den zunehmenden Zugang zu Daten w\u00e4chst in verschiedenen Branchen die Abh\u00e4ngigkeit von verbesserten Datenkapazit\u00e4ten und KI. Unternehmensleiter versuchen daher, die Einf\u00fchrung und Integration dieser Technologien in ihre Strategien und t\u00e4glichen Abl\u00e4ufe zu priorisieren. F\u00fcr viele noch Neuland, haben zahlreiche Unternehmen das breite Spektrum an M\u00f6glichkeiten, das Daten und KI bieten, [&hellip;]<\/p>\n","protected":false},"author":1,"featured_media":0,"parent":30418,"menu_order":108,"comment_status":"closed","ping_status":"closed","template":"","meta":{"_acf_changed":false,"footnotes":""},"class_list":["post-30203","page","type-page","status-publish","hentry"],"acf":[],"yoast_head":"<!-- This site is optimized with the Yoast SEO plugin v27.4 - https:\/\/yoast.com\/product\/yoast-seo-wordpress\/ -->\n<title>Solutions und Analytics | Argon &amp; Co<\/title>\n<meta name=\"description\" content=\"Our expert Data and AI consulting services help transform firms&#039; data and AI strategy, policies, and processes. Find out more.\" \/>\n<meta name=\"robots\" content=\"index, follow, max-snippet:-1, max-image-preview:large, max-video-preview:-1\" \/>\n<link rel=\"canonical\" href=\"https:\/\/www.argonandco.com\/de\/leistungen\/daten-und-ki\/\" \/>\n<meta property=\"og:locale\" content=\"de_DE\" \/>\n<meta property=\"og:type\" content=\"article\" \/>\n<meta property=\"og:title\" content=\"Solutions und Analytics | Argon &amp; Co\" \/>\n<meta property=\"og:description\" content=\"Our expert Data and AI consulting services help transform firms&#039; data and AI strategy, policies, and processes. Find out more.\" \/>\n<meta property=\"og:url\" content=\"https:\/\/www.argonandco.com\/de\/leistungen\/daten-und-ki\/\" \/>\n<meta property=\"og:site_name\" content=\"Argon &amp; Co\" \/>\n<meta property=\"article:modified_time\" content=\"2026-02-09T13:32:03+00:00\" \/>\n<meta name=\"twitter:card\" content=\"summary_large_image\" \/>\n<meta name=\"twitter:label1\" content=\"Gesch\u00e4tzte Lesezeit\" \/>\n\t<meta name=\"twitter:data1\" content=\"2 Minuten\" \/>\n<script type=\"application\/ld+json\" class=\"yoast-schema-graph\">{\"@context\":\"https:\\\/\\\/schema.org\",\"@graph\":[{\"@type\":\"WebPage\",\"@id\":\"https:\\\/\\\/www.argonandco.com\\\/de\\\/leistungen\\\/daten-und-ki\\\/\",\"url\":\"https:\\\/\\\/www.argonandco.com\\\/de\\\/leistungen\\\/daten-und-ki\\\/\",\"name\":\"Solutions und Analytics | Argon &amp; Co\",\"isPartOf\":{\"@id\":\"https:\\\/\\\/www.argonandco.com\\\/de\\\/#website\"},\"datePublished\":\"2024-02-09T17:09:10+00:00\",\"dateModified\":\"2026-02-09T13:32:03+00:00\",\"description\":\"Our expert Data and AI consulting services help transform firms' data and AI strategy, policies, and processes. Find out more.\",\"breadcrumb\":{\"@id\":\"https:\\\/\\\/www.argonandco.com\\\/de\\\/leistungen\\\/daten-und-ki\\\/#breadcrumb\"},\"inLanguage\":\"de\",\"potentialAction\":[{\"@type\":\"ReadAction\",\"target\":[\"https:\\\/\\\/www.argonandco.com\\\/de\\\/leistungen\\\/daten-und-ki\\\/\"]}]},{\"@type\":\"BreadcrumbList\",\"@id\":\"https:\\\/\\\/www.argonandco.com\\\/de\\\/leistungen\\\/daten-und-ki\\\/#breadcrumb\",\"itemListElement\":[{\"@type\":\"ListItem\",\"position\":1,\"name\":\"Home\",\"item\":\"https:\\\/\\\/www.argonandco.com\\\/de\\\/\"},{\"@type\":\"ListItem\",\"position\":2,\"name\":\"Leistungen\",\"item\":\"https:\\\/\\\/www.argonandco.com\\\/de\\\/leistungen\\\/\"},{\"@type\":\"ListItem\",\"position\":3,\"name\":\"Solutions und Analytics\"}]},{\"@type\":\"WebSite\",\"@id\":\"https:\\\/\\\/www.argonandco.com\\\/de\\\/#website\",\"url\":\"https:\\\/\\\/www.argonandco.com\\\/de\\\/\",\"name\":\"Argon &amp; Co\",\"description\":\"We help clients achieve their strategic and operational objectives, working together to transform their businesses and generate real change.\",\"potentialAction\":[{\"@type\":\"SearchAction\",\"target\":{\"@type\":\"EntryPoint\",\"urlTemplate\":\"https:\\\/\\\/www.argonandco.com\\\/de\\\/?s={search_term_string}\"},\"query-input\":{\"@type\":\"PropertyValueSpecification\",\"valueRequired\":true,\"valueName\":\"search_term_string\"}}],\"inLanguage\":\"de\"}]}<\/script>\n<!-- \/ Yoast SEO plugin. -->","yoast_head_json":{"title":"Solutions und Analytics | Argon &amp; Co","description":"Our expert Data and AI consulting services help transform firms' data and AI strategy, policies, and processes. Find out more.","robots":{"index":"index","follow":"follow","max-snippet":"max-snippet:-1","max-image-preview":"max-image-preview:large","max-video-preview":"max-video-preview:-1"},"canonical":"https:\/\/www.argonandco.com\/de\/leistungen\/daten-und-ki\/","og_locale":"de_DE","og_type":"article","og_title":"Solutions und Analytics | Argon &amp; Co","og_description":"Our expert Data and AI consulting services help transform firms' data and AI strategy, policies, and processes. Find out more.","og_url":"https:\/\/www.argonandco.com\/de\/leistungen\/daten-und-ki\/","og_site_name":"Argon &amp; Co","article_modified_time":"2026-02-09T13:32:03+00:00","twitter_card":"summary_large_image","twitter_misc":{"Gesch\u00e4tzte Lesezeit":"2 Minuten"},"schema":{"@context":"https:\/\/schema.org","@graph":[{"@type":"WebPage","@id":"https:\/\/www.argonandco.com\/de\/leistungen\/daten-und-ki\/","url":"https:\/\/www.argonandco.com\/de\/leistungen\/daten-und-ki\/","name":"Solutions und Analytics | Argon &amp; Co","isPartOf":{"@id":"https:\/\/www.argonandco.com\/de\/#website"},"datePublished":"2024-02-09T17:09:10+00:00","dateModified":"2026-02-09T13:32:03+00:00","description":"Our expert Data and AI consulting services help transform firms' data and AI strategy, policies, and processes. Find out more.","breadcrumb":{"@id":"https:\/\/www.argonandco.com\/de\/leistungen\/daten-und-ki\/#breadcrumb"},"inLanguage":"de","potentialAction":[{"@type":"ReadAction","target":["https:\/\/www.argonandco.com\/de\/leistungen\/daten-und-ki\/"]}]},{"@type":"BreadcrumbList","@id":"https:\/\/www.argonandco.com\/de\/leistungen\/daten-und-ki\/#breadcrumb","itemListElement":[{"@type":"ListItem","position":1,"name":"Home","item":"https:\/\/www.argonandco.com\/de\/"},{"@type":"ListItem","position":2,"name":"Leistungen","item":"https:\/\/www.argonandco.com\/de\/leistungen\/"},{"@type":"ListItem","position":3,"name":"Solutions und Analytics"}]},{"@type":"WebSite","@id":"https:\/\/www.argonandco.com\/de\/#website","url":"https:\/\/www.argonandco.com\/de\/","name":"Argon &amp; Co","description":"We help clients achieve their strategic and operational objectives, working together to transform their businesses and generate real change.","potentialAction":[{"@type":"SearchAction","target":{"@type":"EntryPoint","urlTemplate":"https:\/\/www.argonandco.com\/de\/?s={search_term_string}"},"query-input":{"@type":"PropertyValueSpecification","valueRequired":true,"valueName":"search_term_string"}}],"inLanguage":"de"}]}},"_links":{"self":[{"href":"https:\/\/www.argonandco.com\/de\/wp-json\/wp\/v2\/pages\/30203","targetHints":{"allow":["GET"]}}],"collection":[{"href":"https:\/\/www.argonandco.com\/de\/wp-json\/wp\/v2\/pages"}],"about":[{"href":"https:\/\/www.argonandco.com\/de\/wp-json\/wp\/v2\/types\/page"}],"author":[{"embeddable":true,"href":"https:\/\/www.argonandco.com\/de\/wp-json\/wp\/v2\/users\/1"}],"replies":[{"embeddable":true,"href":"https:\/\/www.argonandco.com\/de\/wp-json\/wp\/v2\/comments?post=30203"}],"version-history":[{"count":0,"href":"https:\/\/www.argonandco.com\/de\/wp-json\/wp\/v2\/pages\/30203\/revisions"}],"up":[{"embeddable":true,"href":"https:\/\/www.argonandco.com\/de\/wp-json\/wp\/v2\/pages\/30418"}],"wp:attachment":[{"href":"https:\/\/www.argonandco.com\/de\/wp-json\/wp\/v2\/media?parent=30203"}],"curies":[{"name":"wp","href":"https:\/\/api.w.org\/{rel}","templated":true}]}}