{"id":30199,"date":"2024-03-06T13:40:09","date_gmt":"2024-03-06T13:40:09","guid":{"rendered":"https:\/\/www.argonandco.com\/generative-ai-transformation\/"},"modified":"2025-11-17T13:58:05","modified_gmt":"2025-11-17T13:58:05","slug":"generative-ki-transformation","status":"publish","type":"page","link":"https:\/\/www.argonandco.com\/de\/leistungen\/daten-und-ki\/generative-ki-transformation\/","title":{"rendered":"Generative KI-Transformation"},"content":{"rendered":"<h2>Einf\u00fchrung und Herausforderungen<\/h2>\n<p class=\"p1\"><span class=\"s1 intro\">In der sich st\u00e4ndig weiterentwickelnden Technologielandschaft stellt generative KI einen bahnbrechenden Fortschritt dar, der die Art und Weise, wie Unternehmen Kreativit\u00e4t, Probleml\u00f6sung und Entscheidungsfindung angehen, grundlegend ver\u00e4ndert.<\/span><\/p>\n<p class=\"p1\"><span class=\"s1\">Diese Spitzentechnologie bietet zwar ein enormes Potenzial, bringt aber auch erhebliche Herausforderungen mit sich. Die Implementierung generativer KI ist nicht nur eine Frage der Einf\u00fchrung eines neuen Tools, sondern erfordert einen grundlegenden Wandel der Unternehmenskultur und -strategie. Unternehmen stehen vor der Frage, wie sie diese Technologie nahtlos in bestehende Systeme integrieren, die ethische Nutzung von KI-generierten Inhalten sicherstellen und ihr volles Potenzial aussch\u00f6pfen k\u00f6nnen, ohne dabei den menschlichen Faktor zu vernachl\u00e4ssigen. Wir verstehen diese Herausforderungen und begleiten unsere Kunden auf diesem komplexen Weg der Transformation, um sicherzustellen, dass die Integration generativer KI perfekt auf ihre strategischen Ziele und Werte abgestimmt ist.<\/span><\/p>\n<h2>Wie wir helfen k\u00f6nnen<\/h2>\n<p>Wir haben es uns zur Aufgabe gemacht, Unternehmen dabei zu unterst\u00fctzen, das volle Potenzial generativer KI auszusch\u00f6pfen. Zu unseren Dienstleistungen geh\u00f6ren:<\/p>\n<ul>\n<li><b>Entwicklung einer Strategie f\u00fcr generative KI:<\/b> Formulierung von Strategien, die generative KI in die \u00fcbergeordneten Unternehmensziele integrieren und so f\u00fcr Ausrichtung und Wirksamkeit sorgen<\/li>\n<li><b>Festlegung und \u00dcberpr\u00fcfung der Roadmap:<\/b> Bewertung und Optimierung der Auswahl von generativen KI-Tools, die f\u00fcr die jeweiligen Anwendungsf\u00e4lle geeignet sind, um mit der technologischen Entwicklung und den gesch\u00e4ftlichen Anforderungen Schritt zu halten<\/li>\n<li><b>Ethische Implementierung von KI:<\/b> Sicherstellung der Einhaltung ethischer Standards, Wahrung der Markenintegrit\u00e4t und des \u00f6ffentlichen Vertrauens bei der Einf\u00fchrung generativer KI<\/li>\n<li><b>Ma\u00dfgeschneiderte KI-L\u00f6sungen:<\/b> Entwicklung ma\u00dfgeschneiderter generativer KI-Tools, die auf spezifische Gesch\u00e4ftsanforderungen zugeschnitten sind, die Kreativit\u00e4t und Produktivit\u00e4t steigern und sich nahtlos in die IT-Infrastruktur integrieren lassen<\/li>\n<li><b>Schulung und Support:<\/b> Schulung und Unterst\u00fctzung der Gesch\u00e4ftsteams, um die Bereitschaft zur effektiven Nutzung der generativen KI-F\u00e4higkeiten sicherzustellen<\/li>\n<li><b>Datenmanagement und Governance:<\/b> Unterst\u00fctzung bei der Verwaltung der f\u00fcr generative KI wesentlichen Daten, um deren Qualit\u00e4t, Sicherheit und Einhaltung gesetzlicher Vorschriften zu gew\u00e4hrleisten<\/li>\n<\/ul>\n<p>Unsere St\u00e4rke liegt in unserem tiefgreifenden Verst\u00e4ndnis der Technologie und ihrer Auswirkungen auf Gesch\u00e4ftsabl\u00e4ufe. Wir liefern nicht nur Tools, sondern bieten umfassende L\u00f6sungen, die Unternehmen durch Innovation, strategische Ausrichtung und ethische Praktiken transformieren. So stellen wir sicher, dass unsere Kunden Technologien nicht nur einf\u00fchren, sondern auch wirklich nutzen, um sich zu ver\u00e4ndern.<\/p>\n","protected":false},"excerpt":{"rendered":"<p>Einf\u00fchrung und Herausforderungen In der sich st\u00e4ndig weiterentwickelnden Technologielandschaft stellt generative KI einen bahnbrechenden Fortschritt dar, der die Art und Weise, wie Unternehmen Kreativit\u00e4t, Probleml\u00f6sung und Entscheidungsfindung angehen, grundlegend ver\u00e4ndert. Diese Spitzentechnologie bietet zwar ein enormes Potenzial, bringt aber auch erhebliche Herausforderungen mit sich. Die Implementierung generativer KI ist nicht nur eine Frage der Einf\u00fchrung [&hellip;]<\/p>\n","protected":false},"author":1,"featured_media":0,"parent":30203,"menu_order":114,"comment_status":"closed","ping_status":"closed","template":"","meta":{"_acf_changed":false,"footnotes":""},"class_list":["post-30199","page","type-page","status-publish","hentry"],"acf":[],"yoast_head":"<!-- This site is optimized with the Yoast SEO plugin v27.4 - https:\/\/yoast.com\/product\/yoast-seo-wordpress\/ -->\n<title>Generative KI-Transformation - Argon &amp; Co<\/title>\n<meta name=\"robots\" content=\"index, follow, max-snippet:-1, max-image-preview:large, max-video-preview:-1\" \/>\n<link rel=\"canonical\" href=\"https:\/\/www.argonandco.com\/de\/leistungen\/daten-und-ki\/generative-ki-transformation\/\" \/>\n<meta property=\"og:locale\" content=\"de_DE\" \/>\n<meta property=\"og:type\" content=\"article\" \/>\n<meta property=\"og:title\" content=\"Generative KI-Transformation - Argon &amp; Co\" \/>\n<meta property=\"og:description\" content=\"Einf\u00fchrung und Herausforderungen In der sich st\u00e4ndig weiterentwickelnden Technologielandschaft stellt generative KI einen bahnbrechenden Fortschritt dar, der die Art und Weise, wie Unternehmen Kreativit\u00e4t, Probleml\u00f6sung und Entscheidungsfindung angehen, grundlegend ver\u00e4ndert. Diese Spitzentechnologie bietet zwar ein enormes Potenzial, bringt aber auch erhebliche Herausforderungen mit sich. Die Implementierung generativer KI ist nicht nur eine Frage der Einf\u00fchrung [&hellip;]\" \/>\n<meta property=\"og:url\" content=\"https:\/\/www.argonandco.com\/de\/leistungen\/daten-und-ki\/generative-ki-transformation\/\" \/>\n<meta property=\"og:site_name\" content=\"Argon &amp; Co\" \/>\n<meta property=\"article:modified_time\" content=\"2025-11-17T13:58:05+00:00\" \/>\n<meta name=\"twitter:card\" content=\"summary_large_image\" \/>\n<meta name=\"twitter:label1\" content=\"Gesch\u00e4tzte Lesezeit\" \/>\n\t<meta name=\"twitter:data1\" content=\"2 Minuten\" \/>\n<script type=\"application\/ld+json\" class=\"yoast-schema-graph\">{\"@context\":\"https:\\\/\\\/schema.org\",\"@graph\":[{\"@type\":\"WebPage\",\"@id\":\"https:\\\/\\\/www.argonandco.com\\\/de\\\/leistungen\\\/daten-und-ki\\\/generative-ki-transformation\\\/\",\"url\":\"https:\\\/\\\/www.argonandco.com\\\/de\\\/leistungen\\\/daten-und-ki\\\/generative-ki-transformation\\\/\",\"name\":\"Generative KI-Transformation - Argon &amp; Co\",\"isPartOf\":{\"@id\":\"https:\\\/\\\/www.argonandco.com\\\/de\\\/#website\"},\"datePublished\":\"2024-03-06T13:40:09+00:00\",\"dateModified\":\"2025-11-17T13:58:05+00:00\",\"breadcrumb\":{\"@id\":\"https:\\\/\\\/www.argonandco.com\\\/de\\\/leistungen\\\/daten-und-ki\\\/generative-ki-transformation\\\/#breadcrumb\"},\"inLanguage\":\"de\",\"potentialAction\":[{\"@type\":\"ReadAction\",\"target\":[\"https:\\\/\\\/www.argonandco.com\\\/de\\\/leistungen\\\/daten-und-ki\\\/generative-ki-transformation\\\/\"]}]},{\"@type\":\"BreadcrumbList\",\"@id\":\"https:\\\/\\\/www.argonandco.com\\\/de\\\/leistungen\\\/daten-und-ki\\\/generative-ki-transformation\\\/#breadcrumb\",\"itemListElement\":[{\"@type\":\"ListItem\",\"position\":1,\"name\":\"Home\",\"item\":\"https:\\\/\\\/www.argonandco.com\\\/de\\\/\"},{\"@type\":\"ListItem\",\"position\":2,\"name\":\"Leistungen\",\"item\":\"https:\\\/\\\/www.argonandco.com\\\/de\\\/leistungen\\\/\"},{\"@type\":\"ListItem\",\"position\":3,\"name\":\"Solutions und Analytics\",\"item\":\"https:\\\/\\\/www.argonandco.com\\\/de\\\/leistungen\\\/daten-und-ki\\\/\"},{\"@type\":\"ListItem\",\"position\":4,\"name\":\"Generative KI-Transformation\"}]},{\"@type\":\"WebSite\",\"@id\":\"https:\\\/\\\/www.argonandco.com\\\/de\\\/#website\",\"url\":\"https:\\\/\\\/www.argonandco.com\\\/de\\\/\",\"name\":\"Argon &amp; Co\",\"description\":\"We help clients achieve their strategic and operational objectives, working together to transform their businesses and generate real change.\",\"potentialAction\":[{\"@type\":\"SearchAction\",\"target\":{\"@type\":\"EntryPoint\",\"urlTemplate\":\"https:\\\/\\\/www.argonandco.com\\\/de\\\/?s={search_term_string}\"},\"query-input\":{\"@type\":\"PropertyValueSpecification\",\"valueRequired\":true,\"valueName\":\"search_term_string\"}}],\"inLanguage\":\"de\"}]}<\/script>\n<!-- \/ Yoast SEO plugin. -->","yoast_head_json":{"title":"Generative KI-Transformation - Argon &amp; Co","robots":{"index":"index","follow":"follow","max-snippet":"max-snippet:-1","max-image-preview":"max-image-preview:large","max-video-preview":"max-video-preview:-1"},"canonical":"https:\/\/www.argonandco.com\/de\/leistungen\/daten-und-ki\/generative-ki-transformation\/","og_locale":"de_DE","og_type":"article","og_title":"Generative KI-Transformation - Argon &amp; Co","og_description":"Einf\u00fchrung und Herausforderungen In der sich st\u00e4ndig weiterentwickelnden Technologielandschaft stellt generative KI einen bahnbrechenden Fortschritt dar, der die Art und Weise, wie Unternehmen Kreativit\u00e4t, Probleml\u00f6sung und Entscheidungsfindung angehen, grundlegend ver\u00e4ndert. Diese Spitzentechnologie bietet zwar ein enormes Potenzial, bringt aber auch erhebliche Herausforderungen mit sich. Die Implementierung generativer KI ist nicht nur eine Frage der Einf\u00fchrung [&hellip;]","og_url":"https:\/\/www.argonandco.com\/de\/leistungen\/daten-und-ki\/generative-ki-transformation\/","og_site_name":"Argon &amp; Co","article_modified_time":"2025-11-17T13:58:05+00:00","twitter_card":"summary_large_image","twitter_misc":{"Gesch\u00e4tzte Lesezeit":"2 Minuten"},"schema":{"@context":"https:\/\/schema.org","@graph":[{"@type":"WebPage","@id":"https:\/\/www.argonandco.com\/de\/leistungen\/daten-und-ki\/generative-ki-transformation\/","url":"https:\/\/www.argonandco.com\/de\/leistungen\/daten-und-ki\/generative-ki-transformation\/","name":"Generative KI-Transformation - Argon &amp; Co","isPartOf":{"@id":"https:\/\/www.argonandco.com\/de\/#website"},"datePublished":"2024-03-06T13:40:09+00:00","dateModified":"2025-11-17T13:58:05+00:00","breadcrumb":{"@id":"https:\/\/www.argonandco.com\/de\/leistungen\/daten-und-ki\/generative-ki-transformation\/#breadcrumb"},"inLanguage":"de","potentialAction":[{"@type":"ReadAction","target":["https:\/\/www.argonandco.com\/de\/leistungen\/daten-und-ki\/generative-ki-transformation\/"]}]},{"@type":"BreadcrumbList","@id":"https:\/\/www.argonandco.com\/de\/leistungen\/daten-und-ki\/generative-ki-transformation\/#breadcrumb","itemListElement":[{"@type":"ListItem","position":1,"name":"Home","item":"https:\/\/www.argonandco.com\/de\/"},{"@type":"ListItem","position":2,"name":"Leistungen","item":"https:\/\/www.argonandco.com\/de\/leistungen\/"},{"@type":"ListItem","position":3,"name":"Solutions und Analytics","item":"https:\/\/www.argonandco.com\/de\/leistungen\/daten-und-ki\/"},{"@type":"ListItem","position":4,"name":"Generative KI-Transformation"}]},{"@type":"WebSite","@id":"https:\/\/www.argonandco.com\/de\/#website","url":"https:\/\/www.argonandco.com\/de\/","name":"Argon &amp; Co","description":"We help clients achieve their strategic and operational objectives, working together to transform their businesses and generate real change.","potentialAction":[{"@type":"SearchAction","target":{"@type":"EntryPoint","urlTemplate":"https:\/\/www.argonandco.com\/de\/?s={search_term_string}"},"query-input":{"@type":"PropertyValueSpecification","valueRequired":true,"valueName":"search_term_string"}}],"inLanguage":"de"}]}},"_links":{"self":[{"href":"https:\/\/www.argonandco.com\/de\/wp-json\/wp\/v2\/pages\/30199","targetHints":{"allow":["GET"]}}],"collection":[{"href":"https:\/\/www.argonandco.com\/de\/wp-json\/wp\/v2\/pages"}],"about":[{"href":"https:\/\/www.argonandco.com\/de\/wp-json\/wp\/v2\/types\/page"}],"author":[{"embeddable":true,"href":"https:\/\/www.argonandco.com\/de\/wp-json\/wp\/v2\/users\/1"}],"replies":[{"embeddable":true,"href":"https:\/\/www.argonandco.com\/de\/wp-json\/wp\/v2\/comments?post=30199"}],"version-history":[{"count":0,"href":"https:\/\/www.argonandco.com\/de\/wp-json\/wp\/v2\/pages\/30199\/revisions"}],"up":[{"embeddable":true,"href":"https:\/\/www.argonandco.com\/de\/wp-json\/wp\/v2\/pages\/30203"}],"wp:attachment":[{"href":"https:\/\/www.argonandco.com\/de\/wp-json\/wp\/v2\/media?parent=30199"}],"curies":[{"name":"wp","href":"https:\/\/api.w.org\/{rel}","templated":true}]}}