{"id":30198,"date":"2024-03-06T13:40:13","date_gmt":"2024-03-06T13:40:13","guid":{"rendered":"https:\/\/www.argonandco.com\/soft-process-automation\/"},"modified":"2025-11-17T13:58:16","modified_gmt":"2025-11-17T13:58:16","slug":"soft-prozess-automatisierung","status":"publish","type":"page","link":"https:\/\/www.argonandco.com\/de\/leistungen\/daten-und-ki\/soft-prozess-automatisierung\/","title":{"rendered":"Soft-Prozess Automatisierung"},"content":{"rendered":"<h2>Einf\u00fchrung und Herausforderungen<\/h2>\n<p class=\"p1\"><span class=\"intro\">Soft Processes umfassen eine Reihe von Aufgaben, die auf menschlicher Intuition beruhen und regelm\u00e4\u00dfige und sich wiederholende Handlungen beinhalten.<\/span><\/p>\n<p class=\"p1\">Diese Prozesse erfordern oft subjektive Entscheidungen, Anpassungsf\u00e4higkeit und Kontextverst\u00e4ndnis, wodurch sie sich von starren, regelbasierten Verfahren unterscheiden, die durch RPA\/RCA (Robotic Process\/Cognitive Automation) abgedeckt werden k\u00f6nnen. Beispiele f\u00fcr weiche Prozesse sind kreative Probleml\u00f6sungen, Kundeninteraktionen und strategische Entscheidungen, bei denen menschliches Fachwissen und Urteilsverm\u00f6gen eine entscheidende Rolle spielen, um die gew\u00fcnschten Ergebnisse zu erzielen.<br \/>\nOhne einen Ansatz, der Datenmanagement, Transformation, generative KI und RPA umfasst, ist es eine gro\u00dfe Herausforderung, das gew\u00fcnschte Automatisierungsniveau und die gew\u00fcnschten Ergebnisse zu erreichen.<\/p>\n<h2>Wie k\u00f6nnen wir helfen<\/h2>\n<p>Mit unserer markenrechtlich gesch\u00fctzten Soft-Process-Automation-L\u00f6sung (SPA) kombinieren wir vier wichtige S\u00e4ulen \u2013 Datenmanagement, Transformation, generative KI und RPA\/RCA \u2013, um unsere Kunden dabei zu unterst\u00fctzen, die n\u00e4chste Stufe der Automatisierung zu erreichen:<\/p>\n<ul>\n<li><b>Datenmanagement:<\/b> Wir helfen Ihnen, Daten effektiver zu nutzen und sie in ein leistungsstarkes Werkzeug f\u00fcr Erkenntnisse, Entscheidungsfindung und strategische Ausrichtung zu verwandeln.<\/li>\n<li><b>Transformation:<\/b> Wir bieten Ihnen die notwendige Unterst\u00fctzung, um komplexe funktionale Herausforderungen in Chancen f\u00fcr Wachstum und Innovation zu verwandeln.<\/li>\n<li><b>Generative KI:<\/b> Wir verbessern komplexe Gesch\u00e4ftsprozesse durch den Einsatz generativer KI (einschlie\u00dflich gro\u00dfer Sprachmodelle), um die Effizienz zu steigern.<\/li>\n<li><b>Robotic Process \/ Cognitive Automation:<\/b> Einsatz von Robotic Process Automation (RPA) und Robotic Cognitive Automation (RCA) f\u00fcr Routineaufgaben, um manuellen Aufwand zu reduzieren und Fehler zu minimieren.<\/li>\n<\/ul>\n<p>Durch die Kombination fortschrittlicher Technologien, effektiver Datenverwaltung und eines kollaborativen Ansatzes erm\u00f6glicht Soft-Process Automation eine flexiblere, anpassungsf\u00e4higere und effizientere Verwaltung von End-to-End-Prozessen. In einer Reihe von Discovery-Workshops arbeiten wir Hand in Hand mit den Teams unserer Kunden, um die einzigartige Automatisierungsl\u00f6sung zu entwickeln, die den tats\u00e4chlichen Anforderungen jedes Unternehmens entspricht.<\/p>\n","protected":false},"excerpt":{"rendered":"<p>Einf\u00fchrung und Herausforderungen Soft Processes umfassen eine Reihe von Aufgaben, die auf menschlicher Intuition beruhen und regelm\u00e4\u00dfige und sich wiederholende Handlungen beinhalten. Diese Prozesse erfordern oft subjektive Entscheidungen, Anpassungsf\u00e4higkeit und Kontextverst\u00e4ndnis, wodurch sie sich von starren, regelbasierten Verfahren unterscheiden, die durch RPA\/RCA (Robotic Process\/Cognitive Automation) abgedeckt werden k\u00f6nnen. Beispiele f\u00fcr weiche Prozesse sind kreative Probleml\u00f6sungen, [&hellip;]<\/p>\n","protected":false},"author":1,"featured_media":0,"parent":30203,"menu_order":115,"comment_status":"closed","ping_status":"closed","template":"","meta":{"_acf_changed":false,"footnotes":""},"class_list":["post-30198","page","type-page","status-publish","hentry"],"acf":[],"yoast_head":"<!-- This site is optimized with the Yoast SEO plugin v27.4 - https:\/\/yoast.com\/product\/yoast-seo-wordpress\/ -->\n<title>Soft-Prozess Automatisierung - Argon &amp; Co<\/title>\n<meta name=\"robots\" content=\"index, follow, max-snippet:-1, max-image-preview:large, max-video-preview:-1\" \/>\n<link rel=\"canonical\" href=\"https:\/\/www.argonandco.com\/de\/leistungen\/daten-und-ki\/soft-prozess-automatisierung\/\" \/>\n<meta property=\"og:locale\" content=\"de_DE\" \/>\n<meta property=\"og:type\" content=\"article\" \/>\n<meta property=\"og:title\" content=\"Soft-Prozess Automatisierung - Argon &amp; Co\" \/>\n<meta property=\"og:description\" content=\"Einf\u00fchrung und Herausforderungen Soft Processes umfassen eine Reihe von Aufgaben, die auf menschlicher Intuition beruhen und regelm\u00e4\u00dfige und sich wiederholende Handlungen beinhalten. Diese Prozesse erfordern oft subjektive Entscheidungen, Anpassungsf\u00e4higkeit und Kontextverst\u00e4ndnis, wodurch sie sich von starren, regelbasierten Verfahren unterscheiden, die durch RPA\/RCA (Robotic Process\/Cognitive Automation) abgedeckt werden k\u00f6nnen. Beispiele f\u00fcr weiche Prozesse sind kreative Probleml\u00f6sungen, [&hellip;]\" \/>\n<meta property=\"og:url\" content=\"https:\/\/www.argonandco.com\/de\/leistungen\/daten-und-ki\/soft-prozess-automatisierung\/\" \/>\n<meta property=\"og:site_name\" content=\"Argon &amp; Co\" \/>\n<meta property=\"article:modified_time\" content=\"2025-11-17T13:58:16+00:00\" \/>\n<meta name=\"twitter:card\" content=\"summary_large_image\" \/>\n<meta name=\"twitter:label1\" content=\"Gesch\u00e4tzte Lesezeit\" \/>\n\t<meta name=\"twitter:data1\" content=\"2 Minuten\" \/>\n<script type=\"application\/ld+json\" class=\"yoast-schema-graph\">{\"@context\":\"https:\\\/\\\/schema.org\",\"@graph\":[{\"@type\":\"WebPage\",\"@id\":\"https:\\\/\\\/www.argonandco.com\\\/de\\\/leistungen\\\/daten-und-ki\\\/soft-prozess-automatisierung\\\/\",\"url\":\"https:\\\/\\\/www.argonandco.com\\\/de\\\/leistungen\\\/daten-und-ki\\\/soft-prozess-automatisierung\\\/\",\"name\":\"Soft-Prozess Automatisierung - Argon &amp; Co\",\"isPartOf\":{\"@id\":\"https:\\\/\\\/www.argonandco.com\\\/de\\\/#website\"},\"datePublished\":\"2024-03-06T13:40:13+00:00\",\"dateModified\":\"2025-11-17T13:58:16+00:00\",\"breadcrumb\":{\"@id\":\"https:\\\/\\\/www.argonandco.com\\\/de\\\/leistungen\\\/daten-und-ki\\\/soft-prozess-automatisierung\\\/#breadcrumb\"},\"inLanguage\":\"de\",\"potentialAction\":[{\"@type\":\"ReadAction\",\"target\":[\"https:\\\/\\\/www.argonandco.com\\\/de\\\/leistungen\\\/daten-und-ki\\\/soft-prozess-automatisierung\\\/\"]}]},{\"@type\":\"BreadcrumbList\",\"@id\":\"https:\\\/\\\/www.argonandco.com\\\/de\\\/leistungen\\\/daten-und-ki\\\/soft-prozess-automatisierung\\\/#breadcrumb\",\"itemListElement\":[{\"@type\":\"ListItem\",\"position\":1,\"name\":\"Home\",\"item\":\"https:\\\/\\\/www.argonandco.com\\\/de\\\/\"},{\"@type\":\"ListItem\",\"position\":2,\"name\":\"Leistungen\",\"item\":\"https:\\\/\\\/www.argonandco.com\\\/de\\\/leistungen\\\/\"},{\"@type\":\"ListItem\",\"position\":3,\"name\":\"Solutions und Analytics\",\"item\":\"https:\\\/\\\/www.argonandco.com\\\/de\\\/leistungen\\\/daten-und-ki\\\/\"},{\"@type\":\"ListItem\",\"position\":4,\"name\":\"Soft-Prozess Automatisierung\"}]},{\"@type\":\"WebSite\",\"@id\":\"https:\\\/\\\/www.argonandco.com\\\/de\\\/#website\",\"url\":\"https:\\\/\\\/www.argonandco.com\\\/de\\\/\",\"name\":\"Argon &amp; Co\",\"description\":\"We help clients achieve their strategic and operational objectives, working together to transform their businesses and generate real change.\",\"potentialAction\":[{\"@type\":\"SearchAction\",\"target\":{\"@type\":\"EntryPoint\",\"urlTemplate\":\"https:\\\/\\\/www.argonandco.com\\\/de\\\/?s={search_term_string}\"},\"query-input\":{\"@type\":\"PropertyValueSpecification\",\"valueRequired\":true,\"valueName\":\"search_term_string\"}}],\"inLanguage\":\"de\"}]}<\/script>\n<!-- \/ Yoast SEO plugin. -->","yoast_head_json":{"title":"Soft-Prozess Automatisierung - Argon &amp; Co","robots":{"index":"index","follow":"follow","max-snippet":"max-snippet:-1","max-image-preview":"max-image-preview:large","max-video-preview":"max-video-preview:-1"},"canonical":"https:\/\/www.argonandco.com\/de\/leistungen\/daten-und-ki\/soft-prozess-automatisierung\/","og_locale":"de_DE","og_type":"article","og_title":"Soft-Prozess Automatisierung - Argon &amp; Co","og_description":"Einf\u00fchrung und Herausforderungen Soft Processes umfassen eine Reihe von Aufgaben, die auf menschlicher Intuition beruhen und regelm\u00e4\u00dfige und sich wiederholende Handlungen beinhalten. Diese Prozesse erfordern oft subjektive Entscheidungen, Anpassungsf\u00e4higkeit und Kontextverst\u00e4ndnis, wodurch sie sich von starren, regelbasierten Verfahren unterscheiden, die durch RPA\/RCA (Robotic Process\/Cognitive Automation) abgedeckt werden k\u00f6nnen. Beispiele f\u00fcr weiche Prozesse sind kreative Probleml\u00f6sungen, [&hellip;]","og_url":"https:\/\/www.argonandco.com\/de\/leistungen\/daten-und-ki\/soft-prozess-automatisierung\/","og_site_name":"Argon &amp; Co","article_modified_time":"2025-11-17T13:58:16+00:00","twitter_card":"summary_large_image","twitter_misc":{"Gesch\u00e4tzte Lesezeit":"2 Minuten"},"schema":{"@context":"https:\/\/schema.org","@graph":[{"@type":"WebPage","@id":"https:\/\/www.argonandco.com\/de\/leistungen\/daten-und-ki\/soft-prozess-automatisierung\/","url":"https:\/\/www.argonandco.com\/de\/leistungen\/daten-und-ki\/soft-prozess-automatisierung\/","name":"Soft-Prozess Automatisierung - Argon &amp; Co","isPartOf":{"@id":"https:\/\/www.argonandco.com\/de\/#website"},"datePublished":"2024-03-06T13:40:13+00:00","dateModified":"2025-11-17T13:58:16+00:00","breadcrumb":{"@id":"https:\/\/www.argonandco.com\/de\/leistungen\/daten-und-ki\/soft-prozess-automatisierung\/#breadcrumb"},"inLanguage":"de","potentialAction":[{"@type":"ReadAction","target":["https:\/\/www.argonandco.com\/de\/leistungen\/daten-und-ki\/soft-prozess-automatisierung\/"]}]},{"@type":"BreadcrumbList","@id":"https:\/\/www.argonandco.com\/de\/leistungen\/daten-und-ki\/soft-prozess-automatisierung\/#breadcrumb","itemListElement":[{"@type":"ListItem","position":1,"name":"Home","item":"https:\/\/www.argonandco.com\/de\/"},{"@type":"ListItem","position":2,"name":"Leistungen","item":"https:\/\/www.argonandco.com\/de\/leistungen\/"},{"@type":"ListItem","position":3,"name":"Solutions und Analytics","item":"https:\/\/www.argonandco.com\/de\/leistungen\/daten-und-ki\/"},{"@type":"ListItem","position":4,"name":"Soft-Prozess Automatisierung"}]},{"@type":"WebSite","@id":"https:\/\/www.argonandco.com\/de\/#website","url":"https:\/\/www.argonandco.com\/de\/","name":"Argon &amp; Co","description":"We help clients achieve their strategic and operational objectives, working together to transform their businesses and generate real change.","potentialAction":[{"@type":"SearchAction","target":{"@type":"EntryPoint","urlTemplate":"https:\/\/www.argonandco.com\/de\/?s={search_term_string}"},"query-input":{"@type":"PropertyValueSpecification","valueRequired":true,"valueName":"search_term_string"}}],"inLanguage":"de"}]}},"_links":{"self":[{"href":"https:\/\/www.argonandco.com\/de\/wp-json\/wp\/v2\/pages\/30198","targetHints":{"allow":["GET"]}}],"collection":[{"href":"https:\/\/www.argonandco.com\/de\/wp-json\/wp\/v2\/pages"}],"about":[{"href":"https:\/\/www.argonandco.com\/de\/wp-json\/wp\/v2\/types\/page"}],"author":[{"embeddable":true,"href":"https:\/\/www.argonandco.com\/de\/wp-json\/wp\/v2\/users\/1"}],"replies":[{"embeddable":true,"href":"https:\/\/www.argonandco.com\/de\/wp-json\/wp\/v2\/comments?post=30198"}],"version-history":[{"count":0,"href":"https:\/\/www.argonandco.com\/de\/wp-json\/wp\/v2\/pages\/30198\/revisions"}],"up":[{"embeddable":true,"href":"https:\/\/www.argonandco.com\/de\/wp-json\/wp\/v2\/pages\/30203"}],"wp:attachment":[{"href":"https:\/\/www.argonandco.com\/de\/wp-json\/wp\/v2\/media?parent=30198"}],"curies":[{"name":"wp","href":"https:\/\/api.w.org\/{rel}","templated":true}]}}